{"id":3251,"date":"2024-12-31T12:41:19","date_gmt":"2024-12-31T11:41:19","guid":{"rendered":"https:\/\/www.ngk-alloys.com\/?page_id=3251"},"modified":"2026-03-30T10:06:01","modified_gmt":"2026-03-30T08:06:01","slug":"unsere-geschichte","status":"publish","type":"page","link":"https:\/\/www.ngk-alloys.com\/de\/ueber-uns\/ngk-berylco\/unsere-geschichte\/","title":{"rendered":"Unsere Geschichte"},"content":{"rendered":"<nav class=\"nav-link-internal center mt90 mt40-sp\">\n    <ul>\n                <li><a href=\"#presentation\">\u00dcber uns <span class=\"icon icon-gaishi-down\"><\/span><\/a><\/li>\n                <li><a href=\"#histoire\">Unsere Geschichte <span class=\"icon icon-gaishi-down\"><\/span><\/a><\/li>\n            <\/ul>\n<\/nav>\n\n\n\n\n\n<div class=\"row\"><div class=\"col-12 paragraph\">\n<p><\/p>\n<\/div><\/div>\n\n<div class=\"row\"><div class=\"col-12 paragraph\">\n<p><\/p>\n<\/div><\/div>\n\n<div class=\"row\"><div class=\"col-12 heading\">\n<h2 class=\"wp-block-heading\" id=\"presentation\">Vorstellung von NGK Berylco<\/h2>\n<\/div><\/div>\n\n    <div id=\"block-hero-block_e780aebd436cdf84863cfa940978a1e5\" class=\"wrp-container block-hero\">\n        <div class=\"box-card-05\">\n            <div class=\"grid-row mb40 mb10-sp\">\n                <div class=\"grid-col--12\">\n                    <div class=\"box-card-05__inner\">\n                                                <div class=\"box-card-06__content left_content\">\n                            <p><!-- wp:paragraph --><\/p>\n<p>Seit 1971 positioniert sich NGK Berylco France als einer der weltweit f\u00fchrenden Anbieter in der Hochpr\u00e4zisionsverarbeitung von B\u00e4ndern, Dr\u00e4hten und Stangen aus Kupfer-Beryllium-Legierungen, die h\u00f6chsten Anforderungen entsprechen. NGK Berylco ist nicht nur Lieferant von Artikeln aus Kupfer-Beryllium-Legierungen, sondern auch Anbieter von Dienstleistungen, die auf spezifische Bed\u00fcrfnisse zugeschnitten sind. NGK Berylco France geh\u00f6rt zur NGK Corporation Gruppe mit Sitz in Nagoya, Japan.<\/p>\n<p>Unser Hauptsitz f\u00fcr Frankreich und Europa befindet sich in Cou\u00ebron, in der N\u00e4he von Nantes, wo wir auch \u00fcber eine Produktions- und Lagerst\u00e4tte verf\u00fcgen. Dadurch ist es uns m\u00f6glich, unsere Kunden in Europa und dar\u00fcber hinaus schnell und effizient zu beliefern. Die N\u00e4he zu gro\u00dfen Seeh\u00e4fen ist ein logistischer Vorteil f\u00fcr den Standort.<\/p>\n<p><!-- \/wp:paragraph --><\/p>\n                                                    <\/div>\n                        \n<span class=\"box-card-06__image is-visiblePc\"><img decoding=\"async\" src=\"https:\/\/www.ngk-alloys.com\/wp-content\/uploads\/1000006963-1-709x439.jpg\" alt=\"\" class=\"fluid-image\"><\/span>\n<span class=\"box-card-06__image  is-visibleTablet js-fullbg\" style=\"background: url(https:\/\/www.ngk-alloys.com\/wp-content\/uploads\/1000006963-1-709x439.jpg) center center \/ cover; display: inline;\"><img decoding=\"async\" src=\"https:\/\/www.ngk-alloys.com\/wp-content\/uploads\/1000006963-1-660x660.jpg\" alt=\"\" class=\"fluid-image\" style=\"display: none;\"><\/span>\n<span class=\"box-card-06__image  is-visibleSp\"><img decoding=\"async\" src=\"https:\/\/www.ngk-alloys.com\/wp-content\/uploads\/1000006963-1-709x439.jpg\" alt=\"\" class=\"fluid-image\"><\/span>\n\n                    <\/div>\n                <\/div>\n            <\/div>\n        <\/div>\n    <\/div>\n\n\n\n\n\n<div class=\"row\"><div class=\"col-12 paragraph\">\n<p><\/p>\n<\/div><\/div>\n\n<div class=\"row\"><div class=\"col-12 paragraph\">\n<p>Unsere Kunden erwarten nicht nur leistungsf\u00e4hige Produkte und Dienstleistungen zu geringen Kosten, sondern auch technische Unterst\u00fctzung, um sich an die Entwicklungen ihres Marktes anzupassen. Das Engagement unserer Teams, verbunden mit unserem \u00fcber viele Jahre erworbenen einzigartigen Know-how, erm\u00f6glicht es uns, die anspruchsvollsten Anforderungen unserer Kunden zu erf\u00fcllen und uns als langfristiger vertrauensvoller Partner zu positionieren.<\/p>\n<\/div><\/div>\n\n\n<div style=\"height:31px\" aria-hidden=\"true\" class=\"wp-block-spacer\"><\/div>\n\n\n<div class=\"row\"><div class=\"col-12 heading\">\n<h3 class=\"wp-block-heading\">Die von NGK BERYLCO angebotenen Legierungen<\/h3>\n<\/div><\/div>\n\n    <div id=\"block-hero-block_173002d35408e9e614f5e37d8c476084\" class=\"wrp-container block-hero\">\n        <div class=\"box-card-05\">\n            <div class=\"grid-row mb40 mb10-sp\">\n                <div class=\"grid-col--12\">\n                    <div class=\"box-card-05__inner\">\n                        \n<span class=\"box-card-06__image is-visiblePc\"><img decoding=\"async\" src=\"https:\/\/www.ngk-alloys.com\/wp-content\/uploads\/DSC_9155-1-709x439.jpeg\" alt=\"\" class=\"fluid-image\"><\/span>\n<span class=\"box-card-06__image  is-visibleTablet js-fullbg\" style=\"background: url(https:\/\/www.ngk-alloys.com\/wp-content\/uploads\/DSC_9155-1-709x439.jpeg) center center \/ cover; display: inline;\"><img decoding=\"async\" src=\"https:\/\/www.ngk-alloys.com\/wp-content\/uploads\/DSC_9155-1-660x660.jpeg\" alt=\"\" class=\"fluid-image\" style=\"display: none;\"><\/span>\n<span class=\"box-card-06__image  is-visibleSp\"><img decoding=\"async\" src=\"https:\/\/www.ngk-alloys.com\/wp-content\/uploads\/DSC_9155-1-709x439.jpeg\" alt=\"\" class=\"fluid-image\"><\/span>\n                        <div class=\"box-card-06__content right_content\">\n                            <p>Kupfer-Beryllium-Legierungen bieten ideale L\u00f6sungen f\u00fcr die hochspezifischen und oft extremen Anforderungen in Branchen wie Elektronik, Feinmechanik, Uhrenindustrie, Automobilindustrie, Telekommunikation, Luft- und Raumfahrt und vielen anderen. Die Gr\u00fcnde f\u00fcr den Erfolg von NGK Berylco sind unver\u00e4ndert: st\u00e4ndige Anpassung an die Marktbed\u00fcrfnisse, vertrauensvolle Partnerschaften mit innovativen Kunden, kontinuierliche Weiterentwicklung der Produktionsmittel zur Wahrung der Wettbewerbsf\u00e4higkeit und der F\u00e4higkeit, Marktentwicklungen vorauszusehen.<\/p>\n<p>Erg\u00e4nzend zu den Kupfer-Beryllium-Legierungen BERYLCO bietet NGK Berylco auch Kupfer-Nickel-Zinn-Legierungen der GMX-Reihe an, deren Performance f\u00fcr bestimmte Anwendungen vorteilhaft sein k\u00f6nnen.<\/p>\n                                                    <\/div>\n                        \n                    <\/div>\n                <\/div>\n            <\/div>\n        <\/div>\n    <\/div>\n\n\n\n\n\n<div class=\"row\"><div class=\"col-12 heading\">\n<h3 class=\"wp-block-heading\">Zertifizierungen als Garant f\u00fcr Qualit\u00e4t<\/h3>\n<\/div><\/div>\n\n    <div id=\"block-hero-block_342179e7a87e84933b8ad690fa186973\" class=\"wrp-container block-hero\">\n        <div class=\"box-card-05\">\n            <div class=\"grid-row mb40 mb10-sp\">\n                <div class=\"grid-col--12\">\n                    <div class=\"box-card-05__inner\">\n                                                <div class=\"box-card-06__content left_content\">\n                            <p>Dank der Zuverl\u00e4ssigkeit, Erfahrung und kontinuierlichen Verbesserung unserer Managementsysteme erf\u00fcllt NGK Berylco alle Kundenanforderungen und gen\u00fcgt den Normen ISO 9001, EN 9100, ISO 14001 und ISO 45001. Diese Zertifizierungen belegen unseren verantwortungsvollen und proaktiven Managementansatz, sowohl in Bezug auf Qualit\u00e4t als auch in Bezug auf Umweltschutz sowie Gesundheit und Sicherheit der Mitarbeiter.<\/p>\n<p>Sie best\u00e4tigen unser st\u00e4ndiges Bestreben, die Erwartungen unserer Kunden bestm\u00f6glich zu erf\u00fcllen, indem wir unsere T\u00e4tigkeit, unsere Lieferanten und die Instrumente zur Kundenbetreuung gezielt steuern.<\/p>\n                                                    <\/div>\n                        \n<span class=\"box-card-06__image is-visiblePc\"><img decoding=\"async\" src=\"https:\/\/www.ngk-alloys.com\/wp-content\/uploads\/DSC_8866-1-709x439.jpeg\" alt=\"\" class=\"fluid-image\"><\/span>\n<span class=\"box-card-06__image  is-visibleTablet js-fullbg\" style=\"background: url(https:\/\/www.ngk-alloys.com\/wp-content\/uploads\/DSC_8866-1-709x439.jpeg) center center \/ cover; display: inline;\"><img decoding=\"async\" src=\"https:\/\/www.ngk-alloys.com\/wp-content\/uploads\/DSC_8866-1-660x660.jpeg\" alt=\"\" class=\"fluid-image\" style=\"display: none;\"><\/span>\n<span class=\"box-card-06__image  is-visibleSp\"><img decoding=\"async\" src=\"https:\/\/www.ngk-alloys.com\/wp-content\/uploads\/DSC_8866-1-709x439.jpeg\" alt=\"\" class=\"fluid-image\"><\/span>\n\n                    <\/div>\n                <\/div>\n            <\/div>\n        <\/div>\n    <\/div>\n\n\n\n\n\n<div class=\"row\"><div class=\"col-12 paragraph\">\n<p><\/p>\n<\/div><\/div>\n\n<div class=\"row\"><div class=\"col-12 heading\">\n<h2 class=\"wp-block-heading\" id=\"histoire\">Unsere Geschichte<\/h2>\n<\/div><\/div>\n\n<div class=\"row\"><div class=\"col-12 heading\">\n<h3 class=\"wp-block-heading\">Die Anf\u00e4nge<\/h3>\n<\/div><\/div>\n\n\n<div id=\"block-hero-block_19467d72f2c955b24f85224ae4b1ef03\" class=\"float_img_txt_part block-hero\">\n    <img decoding=\"async\" src=\"https:\/\/www.ngk-alloys.com\/wp-content\/uploads\/1000002333-1024x766.jpg\" alt=\"\" class=\"w50per w100per-sp pull-right pl20 pb20 no-pull-sp pl0-sp\"><p>Das Unternehmen wurde im Oktober 1971 als Aktiengesellschaft gegr\u00fcndet, deren Kapital zu gleichen Teilen von der franz\u00f6sischen Firma Tr\u00e9fim\u00e9taux, einer P\u00e9chiney-Tochter, und der amerikanischen Kawecki Berylco Industries (KBI) gehalten wurde. Die Gesellschaft firmierte damals unter Tr\u00e9fim\u00e9taux Berylco SA (TMB), mit Sitz in Paris und einem Produktionsstandort in Cou\u00ebron bei Nantes.<\/p>\n<p>In den ersten Jahren war die gesamte Produktion ausgelagert. Nach und nach investierte TMB jedoch in den Standort Tr\u00e9fim\u00e9taux in Cou\u00ebron (44), um B\u00e4nder aus von den Muttergesellschaften gelieferten Vorprodukten herzustellen. Die Produktion von Stangen, Dr\u00e4hten und Barren blieb weiterhin ausgelagert.<\/p>\n<\/div>\n\n\n\n\n\n\n<div class=\"row\"><div class=\"col-12 paragraph\">\n<p><\/p>\n<\/div><\/div>\n\n<div class=\"row\"><div class=\"col-12 paragraph\">\n<p>1973 \u00fcbernahm TMB die Deutsche Berylco GmbH (DBG), die deutsche Tochtergesellschaft von KBI.<\/p>\n<\/div><\/div>\n\n<div class=\"row\"><div class=\"col-12 paragraph\">\n<p>1978 verkaufte KBI sein gesamtes Kapital an die Cabot Corporation.<\/p>\n<\/div><\/div>\n\n<div class=\"row\"><div class=\"col-12 paragraph\">\n<p>1979 verkaufte Tr\u00e9fim\u00e9taux seine Anteile an die Cabot Corporation, wodurch das Unternehmen \u00fcber die Cabot International Capital Corporation zu zu einer hundertprozentigen Tochtergesellschaft wurde. TMB \u00e4nderte seinen Namen in Berylco-Cabot M\u00e9taux Sp\u00e9ciaux (BCMS).<\/p>\n<\/div><\/div>\n\n<div class=\"row\"><div class=\"col-12 paragraph\">\n<p>1985 wurde der Hauptsitz von BCMS nach Boulogne-Billancourt, bei Paris, verlegt.<\/p>\n<\/div><\/div>\n\n<div class=\"row\"><div class=\"col-12 heading\">\n<h3 class=\"wp-block-heading\">Die St\u00e4rke der NGK-Gruppe<\/h3>\n<\/div><\/div>\n\n<div class=\"row\"><div class=\"col-12 paragraph\">\n<p>1986 erwarb die japanische Gruppe NGK Corporation, mit Sitz in Nagoya, BCMS von der Cabot Corporation, die beschlossen hatte, sich von s\u00e4mtlichen metallurgischen Aktivit\u00e4ten zu trennen. Die Gesellschaft \u00e4nderte erneut ihren Namen und wurde zu NGK Berylco France. Der Name \u201eBerylco\u201c \u2013 eine Kombination aus \u201eBeryllium\u201c und \u201eCopper\u201c \u2013 ist seitdem unter Experten der Kupfermetallurgie zu einem bekannten Begriff geworden.<\/p>\n<\/div><\/div>\n\n<div class=\"row\"><div class=\"col-12 paragraph\">\n<p>Im Dezember 1996 wurde der Hauptsitz aus der Pariser Region nach Cou\u00ebron verlegt, um die Effizienz des Unternehmens zu verbessern.<\/p>\n<\/div><\/div>\n\n\n<div style=\"height:30px\" aria-hidden=\"true\" class=\"wp-block-spacer\"><\/div>\n","protected":false},"excerpt":{"rendered":"<p>Vorstellung von NGK Berylco Unsere Kunden erwarten nicht nur leistungsf\u00e4hige Produkte und Dienstleistungen zu geringen Kosten, sondern auch technische Unterst\u00fctzung, um sich an die Entwicklungen ihres Marktes anzupassen. Das Engagement unserer Teams, verbunden mit unserem \u00fcber viele Jahre erworbenen einzigartigen Know-how, erm\u00f6glicht es uns, die anspruchsvollsten Anforderungen unserer Kunden zu erf\u00fcllen und uns als langfristiger [&hellip;]<\/p>\n","protected":false},"author":1,"featured_media":0,"parent":3292,"menu_order":0,"comment_status":"closed","ping_status":"closed","template":"","meta":{"_acf_changed":false,"advgb_blocks_editor_width":"","advgb_blocks_columns_visual_guide":"","footnotes":""},"class_list":["post-3251","page","type-page","status-publish","hentry"],"acf":[],"coauthors":[],"author_meta":{"author_link":"https:\/\/www.ngk-alloys.com\/de\/author\/admin_ngk\/","display_name":"NGK BERYLCO"},"relative_dates":{"created":"Posted 1\u00a0Jahr ago","modified":"Updated 3\u00a0Wochen ago"},"absolute_dates":{"created":"Posted on 31 Dezember 2024","modified":"Updated on 30 M\u00e4rz 2026"},"absolute_dates_time":{"created":"Posted on 31 Dezember 2024 12h41","modified":"Updated on 30 M\u00e4rz 2026 10h06"},"featured_img_caption":"","featured_img":false,"series_order":"","_links":{"self":[{"href":"https:\/\/www.ngk-alloys.com\/de\/wp-json\/wp\/v2\/pages\/3251","targetHints":{"allow":["GET"]}}],"collection":[{"href":"https:\/\/www.ngk-alloys.com\/de\/wp-json\/wp\/v2\/pages"}],"about":[{"href":"https:\/\/www.ngk-alloys.com\/de\/wp-json\/wp\/v2\/types\/page"}],"author":[{"embeddable":true,"href":"https:\/\/www.ngk-alloys.com\/de\/wp-json\/wp\/v2\/users\/1"}],"replies":[{"embeddable":true,"href":"https:\/\/www.ngk-alloys.com\/de\/wp-json\/wp\/v2\/comments?post=3251"}],"version-history":[{"count":5,"href":"https:\/\/www.ngk-alloys.com\/de\/wp-json\/wp\/v2\/pages\/3251\/revisions"}],"predecessor-version":[{"id":5667,"href":"https:\/\/www.ngk-alloys.com\/de\/wp-json\/wp\/v2\/pages\/3251\/revisions\/5667"}],"up":[{"embeddable":true,"href":"https:\/\/www.ngk-alloys.com\/de\/wp-json\/wp\/v2\/pages\/3292"}],"wp:attachment":[{"href":"https:\/\/www.ngk-alloys.com\/de\/wp-json\/wp\/v2\/media?parent=3251"}],"curies":[{"name":"wp","href":"https:\/\/api.w.org\/{rel}","templated":true}]}}