{"id":3253,"date":"2025-01-06T17:20:41","date_gmt":"2025-01-06T16:20:41","guid":{"rendered":"https:\/\/www.ngk-alloys.com\/?page_id=3253"},"modified":"2025-11-12T17:41:40","modified_gmt":"2025-11-12T16:41:40","slug":"taetigkeiten","status":"publish","type":"page","link":"https:\/\/www.ngk-alloys.com\/de\/ueber-uns\/ngk-berylco\/taetigkeiten\/","title":{"rendered":"T\u00e4tigkeiten"},"content":{"rendered":"<div class=\"row\"><div class=\"col-12 heading\">\n<h2 class=\"wp-block-heading\">Expertise in Kupfer-Beryllium-Legierungen<\/h2>\n<\/div><\/div>\n\n<div class=\"row\"><div class=\"col-12 paragraph\">\n<p>NGK Berylco France ist spezialisiert auf die Produktion und den Vertrieb von Kupfer-Beryllium-Legierungen in Form von B\u00e4ndern, Stangen, Dr\u00e4hten, Platten und Barren sowie von Kupfer-Nickel-Zinn-Legierungen in Form von B\u00e4ndern und Stangen.<\/p>\n<\/div><\/div>\n\n<div class=\"row\"><div class=\"col-12 paragraph\">\n<p>Seit seiner Gr\u00fcndung im Jahr 1971 verfolgt NGK Berylco France die Politik, die bestm\u00f6gliche Oberfl\u00e4chenqualit\u00e4t seiner Produkte zu gew\u00e4hrleisten und damit die hohen Anforderungen seiner Kunden zu erf\u00fcllen. Dieses Streben nach Qualit\u00e4t und Kundenzufriedenheit erm\u00f6glicht die Herstellung von B\u00e4ndern, Stangen und Dr\u00e4hten von h\u00f6chster Pr\u00e4zision, deren Dicken und Durchmesser von einigen Millimetern bis zu wenigen Mikrometern reichen.<\/p>\n<\/div><\/div>\n\n<div class=\"row\"><div class=\"col-12 heading\">\n<h3 class=\"wp-block-heading\">Produktion und Vertriebsnetz<\/h3>\n<\/div><\/div>\n\n<div class=\"row\"><div class=\"col-12 paragraph\">\n<p><\/p>\n<\/div><\/div>\n\n\n<div style=\"height:20px\" aria-hidden=\"true\" class=\"wp-block-spacer\"><\/div>\n\n\n    <div id=\"block-hero-block_37835244c13e7d1499dcd62736439730\" class=\"wrp-container block-hero\">\n        <div class=\"box-card-05\">\n            <div class=\"grid-row mb40 mb10-sp\">\n                <div class=\"grid-col--12\">\n                    <div class=\"box-card-05__inner\">\n                        \n<span class=\"box-card-06__image is-visiblePc\"><img decoding=\"async\" src=\"https:\/\/www.ngk-alloys.com\/wp-content\/uploads\/cisaillage-709x439.jpg\" alt=\"\" class=\"fluid-image\"><\/span>\n<span class=\"box-card-06__image  is-visibleTablet js-fullbg\" style=\"background: url(https:\/\/www.ngk-alloys.com\/wp-content\/uploads\/cisaillage-709x439.jpg) center center \/ cover; display: inline;\"><img decoding=\"async\" src=\"https:\/\/www.ngk-alloys.com\/wp-content\/uploads\/cisaillage-660x660.jpg\" alt=\"\" class=\"fluid-image\" style=\"display: none;\"><\/span>\n<span class=\"box-card-06__image  is-visibleSp\"><img decoding=\"async\" src=\"https:\/\/www.ngk-alloys.com\/wp-content\/uploads\/cisaillage-709x439.jpg\" alt=\"\" class=\"fluid-image\"><\/span>\n                        <div class=\"box-card-06__content right_content\">\n                            <p>Unsere Kupfer-Beryllium-Legierungen werden mit modernster Anlagentechnik verarbeitet. Unser Walzwerk erm\u00f6glicht die Herstellung von B\u00e4ndern nach den strengsten Standards.<\/p>\n<p>&nbsp;<\/p>\n<p>Haupts\u00e4chlich f\u00fchren wir folgende Prozesse kontinuierlich durch: Kaltwalzen, Zuschneiden (Spalten), Beizen, W\u00e4rmebehandlung in geschlossenen \u00d6fen sowie Logistik (Annahme, Lagerung, Versand von Halbfertigprodukten).<\/p>\n                                                    <\/div>\n                        \n                    <\/div>\n                <\/div>\n            <\/div>\n        <\/div>\n    <\/div>\n\n\n\n\n\n\n<div style=\"height:20px\" aria-hidden=\"true\" class=\"wp-block-spacer\"><\/div>\n\n\n    <div id=\"block-hero-block_fd705aa031ab27b186e157cd34d2cc8a\" class=\"wrp-container block-hero\">\n        <div class=\"box-card-05\">\n            <div class=\"grid-row mb40 mb10-sp\">\n                <div class=\"grid-col--12\">\n                    <div class=\"box-card-05__inner\">\n                                                <div class=\"box-card-06__content left_content\">\n                            <p>NGK Berylco France \u00fcbernimmt au\u00dferdem den Vertrieb seiner Fertigprodukte in Europa und weltweit. Hierf\u00fcr st\u00fctzen wir uns in Europa auf unsere Schwestergesellschaften in England (NGK Berylco U.K. Ltd) und in Deutschland (NGK Deutsche Berylco GmbH) sowie auf ein\u00a0Netzwerk von Vertretern und Distributoren in allen \u00fcbrigen europ\u00e4ischen L\u00e4ndern.<\/p>\n<p>&nbsp;<\/p>\n                                                        <span class=\"box-card-05__button\">\n                                <a href=\"https:\/\/www.ngk-alloys.com\/de\/ueber-uns\/ngk-berylco\/unsere-staerken\/\" class=\"btn btn--link btn--white btn--border\">\n                                    <span>Unsere Rubrik weltweite Pr\u00e4senz ansehen<\/span>\n                                <\/a>\n                            <\/span>\n                                                    <\/div>\n                        \n<span class=\"box-card-06__image is-visiblePc\"><img decoding=\"async\" src=\"https:\/\/www.ngk-alloys.com\/wp-content\/uploads\/equipe-commerciale-709x439.jpg\" alt=\"\" class=\"fluid-image\"><\/span>\n<span class=\"box-card-06__image  is-visibleTablet js-fullbg\" style=\"background: url(https:\/\/www.ngk-alloys.com\/wp-content\/uploads\/equipe-commerciale-709x439.jpg) center center \/ cover; display: inline;\"><img decoding=\"async\" src=\"https:\/\/www.ngk-alloys.com\/wp-content\/uploads\/equipe-commerciale-660x660.jpg\" alt=\"\" class=\"fluid-image\" style=\"display: none;\"><\/span>\n<span class=\"box-card-06__image  is-visibleSp\"><img decoding=\"async\" src=\"https:\/\/www.ngk-alloys.com\/wp-content\/uploads\/equipe-commerciale-709x439.jpg\" alt=\"\" class=\"fluid-image\"><\/span>\n\n                    <\/div>\n                <\/div>\n            <\/div>\n        <\/div>\n    <\/div>\n\n\n\n\n\n<div class=\"row\"><div class=\"col-12 paragraph\">\n<p><\/p>\n<\/div><\/div>\n\n\n<div style=\"height:20px\" aria-hidden=\"true\" class=\"wp-block-spacer\"><\/div>\n\n\n<div class=\"row\"><div class=\"col-12 heading\">\n<h2 class=\"wp-block-heading\">Kupfer-Beryllium &#8211; eine unersetzliche Legierung im t\u00e4glichen Einsatz<\/h2>\n<\/div><\/div>\n\n<div class=\"row\"><div class=\"col-12 paragraph\">\n<p>Kupfer-Beryllium wird seit 1935 industriell produziert und stellt heute die wichtigste Verwendung von Beryllium dar \u2013 als Legierungselement in Kupfer, in Konzentrationen von 0,2 % bis 2 % der Masse. Dieser Zusatz von Beryllium erm\u00f6glicht eine spektakul\u00e4re Steigerung der mechanischen Festigkeit des Kupfers, ohne dessen Leitf\u00e4higkeit zu beeintr\u00e4chtigen.<\/p>\n<\/div><\/div>\n\n<div class=\"row\"><div class=\"col-12 heading\">\n<h3 class=\"wp-block-heading\">Berylco-Legierungen im Dienst der High-Tech-Industrien<\/h3>\n<\/div><\/div>\n\n<div class=\"row\"><div class=\"col-12 paragraph\">\n<p>Die Berylco-Legierungen vereinen eine Reihe von einzigartigen Eigenschaften, die sie zu unverzichtbaren und idealen Werkstoffen f\u00fcr die Herstellung hochpr\u00e4ziser und komplex geformter Teile machen. Sie kommen in einer Vielzahl von Branchen und Sektoren zum Einsatz, darunter Luft- und Raumfahrt, Automobilindustrie, Schienenverkehr, IT, Elektronik, Telekommunikation, Medizin, Haushaltsger\u00e4te, Uhrenindustrie, Energie und Verteidigung.<\/p>\n<\/div><\/div>\n\n\n<div style=\"height:20px\" aria-hidden=\"true\" class=\"wp-block-spacer\"><\/div>\n\n\n\n<div class=\"wp-block-buttons is-layout-flex wp-block-buttons-is-layout-flex\">\n<div class=\"wp-block-button\"><a class=\"wp-block-button__link btn_long wp-element-button\" href=\"https:\/\/www.ngk-alloys.com\/de\/markte\/\">Unsere M\u00e4rkte ansehen<\/a><\/div>\n<\/div>\n\n\n<div class=\"row\"><div class=\"col-12 paragraph\">\n<p><\/p>\n<\/div><\/div>","protected":false},"excerpt":{"rendered":"<p>Expertise in Kupfer-Beryllium-Legierungen NGK Berylco France ist spezialisiert auf die Produktion und den Vertrieb von Kupfer-Beryllium-Legierungen in Form von B\u00e4ndern, Stangen, Dr\u00e4hten, Platten und Barren sowie von Kupfer-Nickel-Zinn-Legierungen in Form von B\u00e4ndern und Stangen. Seit seiner Gr\u00fcndung im Jahr 1971 verfolgt NGK Berylco France die Politik, die bestm\u00f6gliche Oberfl\u00e4chenqualit\u00e4t seiner Produkte zu gew\u00e4hrleisten und damit [&hellip;]<\/p>\n","protected":false},"author":1,"featured_media":0,"parent":3292,"menu_order":0,"comment_status":"closed","ping_status":"closed","template":"","meta":{"_acf_changed":false,"advgb_blocks_editor_width":"","advgb_blocks_columns_visual_guide":"","footnotes":""},"class_list":["post-3253","page","type-page","status-publish","hentry"],"acf":[],"coauthors":[],"author_meta":{"author_link":"https:\/\/www.ngk-alloys.com\/de\/author\/admin_ngk\/","display_name":"NGK BERYLCO"},"relative_dates":{"created":"Posted 1\u00a0Jahr ago","modified":"Updated 6\u00a0Monaten ago"},"absolute_dates":{"created":"Posted on 6 Januar 2025","modified":"Updated on 12 November 2025"},"absolute_dates_time":{"created":"Posted on 6 Januar 2025 17h20","modified":"Updated on 12 November 2025 17h41"},"featured_img_caption":"","featured_img":false,"series_order":"","_links":{"self":[{"href":"https:\/\/www.ngk-alloys.com\/de\/wp-json\/wp\/v2\/pages\/3253","targetHints":{"allow":["GET"]}}],"collection":[{"href":"https:\/\/www.ngk-alloys.com\/de\/wp-json\/wp\/v2\/pages"}],"about":[{"href":"https:\/\/www.ngk-alloys.com\/de\/wp-json\/wp\/v2\/types\/page"}],"author":[{"embeddable":true,"href":"https:\/\/www.ngk-alloys.com\/de\/wp-json\/wp\/v2\/users\/1"}],"replies":[{"embeddable":true,"href":"https:\/\/www.ngk-alloys.com\/de\/wp-json\/wp\/v2\/comments?post=3253"}],"version-history":[{"count":8,"href":"https:\/\/www.ngk-alloys.com\/de\/wp-json\/wp\/v2\/pages\/3253\/revisions"}],"predecessor-version":[{"id":4501,"href":"https:\/\/www.ngk-alloys.com\/de\/wp-json\/wp\/v2\/pages\/3253\/revisions\/4501"}],"up":[{"embeddable":true,"href":"https:\/\/www.ngk-alloys.com\/de\/wp-json\/wp\/v2\/pages\/3292"}],"wp:attachment":[{"href":"https:\/\/www.ngk-alloys.com\/de\/wp-json\/wp\/v2\/media?parent=3253"}],"curies":[{"name":"wp","href":"https:\/\/api.w.org\/{rel}","templated":true}]}}