{"id":3256,"date":"2025-01-06T17:27:34","date_gmt":"2025-01-06T16:27:34","guid":{"rendered":"https:\/\/www.ngk-alloys.com\/?page_id=3256"},"modified":"2025-11-12T17:44:55","modified_gmt":"2025-11-12T16:44:55","slug":"unsere-staerken","status":"publish","type":"page","link":"https:\/\/www.ngk-alloys.com\/de\/ueber-uns\/ngk-berylco\/unsere-staerken\/","title":{"rendered":"Unsere St\u00e4rken"},"content":{"rendered":"<div class=\"row\"><div class=\"col-12 heading\">\n<h2 class=\"wp-block-heading\">Weltweite Pr\u00e4senz<\/h2>\n<\/div><\/div>\n\n<div class=\"row\"><div class=\"col-12 paragraph\">\n<p>Die NGK-Gruppe verf\u00fcgt weltweit \u00fcber drei Hauptproduktionsstandorte f\u00fcr Sondermetalle: in Coueron, Frankreich, f\u00fcr den europ\u00e4ischen Markt, in Nagoya, Japan, f\u00fcr den asiatischen Markt und in Sweetwater, Tennessee, USA, f\u00fcr den amerikanischen Markt.<br>NGK Berylco Europe st\u00fctzt sich auf drei Standorte in Frankreich (in der N\u00e4he von Nantes), Deutschland (in der N\u00e4he von Frankfurt) und Gro\u00dfbritannien (in der N\u00e4he von Manchester). Ein Netzwerk langj\u00e4hriger Vertriebspartner st\u00e4rkt unsere Pr\u00e4senz in ganz Europa, unter anderem in Italien, Spanien, der T\u00fcrkei und Polen.<\/p>\n<\/div><\/div>\n\n\n<div style=\"height:30px\" aria-hidden=\"true\" class=\"wp-block-spacer\"><\/div>\n\n\n\n<div class=\"wp-block-buttons is-layout-flex wp-block-buttons-is-layout-flex\">\n<div class=\"wp-block-button\"><a class=\"wp-block-button__link btn_long wp-element-button\" href=\"https:\/\/www.ngk-alloys.com\/de\/ueber-uns\/ngk-berylco\/unsere-standorte\/\">Unsere Standorte ansehen<\/a><\/div>\n<\/div>\n\n\n<div class=\"row\"><div class=\"col-12 heading\">\n<h3 class=\"wp-block-heading\">Made in France, Made in Europe<\/h3>\n<\/div><\/div>\n\n<div class=\"row\"><div class=\"col-12 paragraph\">\n<p>NGK Berylco Europe ist an drei wichtigen Standorten in Europa t\u00e4tig: in Frankreich in der N\u00e4he von Nantes, in Deutschland in der N\u00e4he von Frankfurt und im Vereinigten K\u00f6nigreich in der N\u00e4he von Manchester. Erg\u00e4nzt wird diese Pr\u00e4senz durch ein langj\u00e4hriges Vertriebsnetz in Spanien, Italien, Polen und der T\u00fcrkei.<\/p>\n<\/div><\/div>\n\n\n<div style=\"height:20px\" aria-hidden=\"true\" class=\"wp-block-spacer\"><\/div>\n\n\n    <div id=\"block-hero-block_5cd4276d440581e0269433f079bbc858\" class=\"wrp-container block-hero\">\n        <div class=\"box-card-05\">\n            <div class=\"grid-row mb40 mb10-sp\">\n                <div class=\"grid-col--12\">\n                    <div class=\"box-card-05__inner\">\n                        \n<span class=\"box-card-06__image is-visiblePc\"><img decoding=\"async\" src=\"https:\/\/www.ngk-alloys.com\/wp-content\/uploads\/made-in-eu.jpg\" alt=\"\" class=\"fluid-image\"><\/span>\n<span class=\"box-card-06__image  is-visibleTablet js-fullbg\" style=\"background: url(https:\/\/www.ngk-alloys.com\/wp-content\/uploads\/made-in-eu.jpg) center center \/ cover; display: inline;\"><img decoding=\"async\" src=\"https:\/\/www.ngk-alloys.com\/wp-content\/uploads\/made-in-eu-660x439.jpg\" alt=\"\" class=\"fluid-image\" style=\"display: none;\"><\/span>\n<span class=\"box-card-06__image  is-visibleSp\"><img decoding=\"async\" src=\"https:\/\/www.ngk-alloys.com\/wp-content\/uploads\/made-in-eu.jpg\" alt=\"\" class=\"fluid-image\"><\/span>\n                        <div class=\"box-card-06__content right_content\">\n                            <p>F\u00fcr europ\u00e4ische Anwender von Kupfer-Beryllium bedeutet die Entscheidung f\u00fcr NGK Berylco France die Wahl eines langj\u00e4hrigen Experten f\u00fcr Kupfer-Beryllium-Legierungen, dessen Verarbeitung in Frankreich und ganz Europa erfolgt. Dies gew\u00e4hrleistet eine gr\u00f6\u00dfere Reaktionsf\u00e4higkeit und unterst\u00fctzt gleichzeitig die Schaffung qualifizierter Arbeitspl\u00e4tze in Frankreich und Europa, wodurch ein Beitrag zur wirtschaftlichen und technologischen Entwicklung der europ\u00e4ischen Industrie geleistet wird.<\/p>\n<p>Im heutigen globalen Kontext ist dies ein starkes Signal zugunsten der europ\u00e4ischen Souver\u00e4nit\u00e4t, das dazu beitr\u00e4gt, die Abh\u00e4ngigkeit von kritischen Rohstoffen aus wichtigen au\u00dfereurop\u00e4ischen M\u00e4chten zu verringern.<\/p>\n                                                    <\/div>\n                        \n                    <\/div>\n                <\/div>\n            <\/div>\n        <\/div>\n    <\/div>\n\n\n\n\n\n<div class=\"row\"><div class=\"col-12 heading\">\n<h2 class=\"wp-block-heading\">Lagerbest\u00e4nde f\u00fcr eine bessere Reaktionsf\u00e4higkeit<\/h2>\n<\/div><\/div>\n\n<div class=\"row\"><div class=\"col-12 paragraph\">\n<p>NGK Berylco France gew\u00e4hrleistet eine hervorragende Reaktionsf\u00e4higkeit dank seines permanenten Lagerbestands an B\u00e4ndern, Stangen und Dr\u00e4hten, in einer Vielzahl von Abmessungen, wodurch Produktionsanforderungen, Sonderw\u00fcnsche oder schnelle Musteranfertigungen z\u00fcgig erf\u00fcllt werden k\u00f6nnen.<\/p>\n<\/div><\/div>\n\n<div class=\"row\"><div class=\"col-12 paragraph\">\n<p>Unsere engagierten und erfahrenen Teams sowie unser Lager vor Ort in Cou\u00ebron, in der N\u00e4he von Nantes, Frankreich, erm\u00f6glichen es uns, eine hervorragende Reaktionsf\u00e4higkeit, k\u00fcrzeste Lieferzeiten und regionalen Service zu bieten.<\/p>\n<\/div><\/div>\n\n\n<div style=\"height:50px\" aria-hidden=\"true\" class=\"wp-block-spacer\"><\/div>\n\n\n\n<div class=\"wp-block-columns is-layout-flex wp-container-core-columns-is-layout-9d6595d7 wp-block-columns-is-layout-flex\">\n<div class=\"wp-block-column is-layout-flow wp-block-column-is-layout-flow\">\n<figure class=\"wp-block-image size-full\"><img loading=\"lazy\" decoding=\"async\" width=\"1000\" height=\"750\" src=\"https:\/\/www.ngk-alloys.com\/wp-content\/uploads\/stock-ngk-1.jpg\" alt=\"\" class=\"wp-image-1783\" srcset=\"https:\/\/www.ngk-alloys.com\/wp-content\/uploads\/stock-ngk-1.jpg 1000w, https:\/\/www.ngk-alloys.com\/wp-content\/uploads\/stock-ngk-1-300x225.jpg 300w, https:\/\/www.ngk-alloys.com\/wp-content\/uploads\/stock-ngk-1-768x576.jpg 768w, https:\/\/www.ngk-alloys.com\/wp-content\/uploads\/stock-ngk-1-990x743.jpg 990w, https:\/\/www.ngk-alloys.com\/wp-content\/uploads\/stock-ngk-1-660x495.jpg 660w, https:\/\/www.ngk-alloys.com\/wp-content\/uploads\/stock-ngk-1-450x338.jpg 450w, https:\/\/www.ngk-alloys.com\/wp-content\/uploads\/stock-ngk-1-330x248.jpg 330w, https:\/\/www.ngk-alloys.com\/wp-content\/uploads\/stock-ngk-1-180x135.jpg 180w\" sizes=\"auto, (max-width: 1000px) 100vw, 1000px\" \/><\/figure>\n<\/div>\n\n\n\n<div class=\"wp-block-column is-layout-flow wp-block-column-is-layout-flow\">\n<figure class=\"wp-block-image size-full\"><img loading=\"lazy\" decoding=\"async\" width=\"1000\" height=\"750\" src=\"https:\/\/www.ngk-alloys.com\/wp-content\/uploads\/stock-ngk.jpg\" alt=\"\" class=\"wp-image-1784\" srcset=\"https:\/\/www.ngk-alloys.com\/wp-content\/uploads\/stock-ngk.jpg 1000w, https:\/\/www.ngk-alloys.com\/wp-content\/uploads\/stock-ngk-300x225.jpg 300w, https:\/\/www.ngk-alloys.com\/wp-content\/uploads\/stock-ngk-768x576.jpg 768w, https:\/\/www.ngk-alloys.com\/wp-content\/uploads\/stock-ngk-990x743.jpg 990w, https:\/\/www.ngk-alloys.com\/wp-content\/uploads\/stock-ngk-660x495.jpg 660w, https:\/\/www.ngk-alloys.com\/wp-content\/uploads\/stock-ngk-450x338.jpg 450w, https:\/\/www.ngk-alloys.com\/wp-content\/uploads\/stock-ngk-330x248.jpg 330w, https:\/\/www.ngk-alloys.com\/wp-content\/uploads\/stock-ngk-180x135.jpg 180w\" sizes=\"auto, (max-width: 1000px) 100vw, 1000px\" \/><\/figure>\n<\/div>\n<\/div>\n\n\n\n<div style=\"height:50px\" aria-hidden=\"true\" class=\"wp-block-spacer\"><\/div>\n\n\n\n<div class=\"wp-block-buttons is-layout-flex wp-block-buttons-is-layout-flex\">\n<div class=\"wp-block-button\"><a class=\"wp-block-button__link btn_long wp-element-button\" href=\"https:\/\/www.ngk-alloys.com\/de\/produkte\/\">Unsere Produkte ansehen<\/a><\/div>\n<\/div>\n\n\n<div class=\"row\"><div class=\"col-12 heading\">\n<h2 class=\"wp-block-heading\">Technologischen Herausforderungen meistern<\/h2>\n<\/div><\/div>\n\n<div class=\"row\"><div class=\"col-12 paragraph\">\n<p>Die Berylco-Legierungen vereinen eine einzigartige Kombination von Eigenschaften, die sie zu unverzichtbaren und idealen Werkstoffen f\u00fcr die Herstellung hochpr\u00e4ziser und komplex geformter Teile in den verschiedensten Bereichen und Anwendungen machen:<\/p>\n<\/div><\/div>\n\n\n<ul class=\"wp-block-list\">\n<li>Verbindungen in der Elektro- und Elektronikindustrie (IT, Telekommunikation, Luft- und Raumfahrt, Automobil usw.)<\/li>\n\n\n\n<li>Kontaktfedern in der Haushaltsger\u00e4te-, Automobil- und elektromechanischen Industrie.<\/li>\n\n\n\n<li>Teile f\u00fcr die Messtechnik (Membranen, Kapseln usw.)<\/li>\n\n\n\n<li>Federn und elastische Bauteile<\/li>\n\n\n\n<li>Reibungs- und Verschlei\u00dfteile<\/li>\n\n\n\n<li>Spezielle funkenfreie und explosionsgesch\u00fctzte Werkzeuge<\/li>\n\n\n\n<li>Formen f\u00fcr den Kunststoffspritzguss usw.<\/li>\n<\/ul>\n\n\n\n<div style=\"height:13px\" aria-hidden=\"true\" class=\"wp-block-spacer\"><\/div>\n\n\n<div class=\"row\"><div class=\"col-12 paragraph\">\n<p>Die Bew\u00e4ltigung der technologischen Herausforderungen von morgen \u2013 verbunden mit den st\u00e4ndig steigenden Anforderungen an Kosteneffizienz, Qualit\u00e4t, Komfort, Miniaturisierung, Sicherheit, Umweltvertr\u00e4glichkeit, Einhaltung spezifischer Toleranzen, makellose Oberfl\u00e4chen, Formbarkeit und hohe Leistungsf\u00e4higkeit \u2013 erfordert den Einsatz geeigneter Werkstoffe wie Kupfer-Beryllium.<\/p>\n<\/div><\/div>\n\n<div class=\"row\"><div class=\"col-12 heading\">\n<h3 class=\"wp-block-heading\">Sicherheit, Zuverl\u00e4ssigkeit, Leistung<\/h3>\n<\/div><\/div>\n\n\n<figure class=\"wp-block-table\"><table><tbody><tr><td>Hohe Zugfestigkeit<br>Hohe H\u00e4rte<\/td><td>F\u00fcr mechanische Teile wie Keilwellen, Nocken, Zahnr\u00e4der, Kugeln und Lagerk\u00e4fige, die eine hohe Verschlei\u00dffestigkeit erfordern.<\/td><\/tr><tr><td>Hohe Elastizit\u00e4tsgrenze<\/td><td>F\u00fcr Clips, Unterlegscheiben, Federn, Membranen, B\u00e4lge, Kardangelenkaufh\u00e4ngungen, die eine hohe Erm\u00fcdungsfestigkeit ben\u00f6tigen.<\/td><\/tr><tr><td>Hohe Erm\u00fcdungsfestigkeit<\/td><td>F\u00fcr Schalter, Relais, Unterbrecher, alle Federn, die \u00fcber l\u00e4ngere Zeit Vibrationen ausgesetzt sind.<\/td><\/tr><tr><td>Verschlei\u00dffestigkeit<br>Abriebfestigkeit<\/td><td>F\u00fcr Schalen, Gussformen und Spritzgussteile, Lagerbuchsen, Ventile usw.<\/td><\/tr><tr><td>Relaxationsfestigkeit<\/td><td>F\u00fcr Anwendungen in der Automobil-, Luftfahrt-, Raumfahrt- und Kryotechnik.<\/td><\/tr><tr><td>Elektrische und thermische Leitf\u00e4higkeit<br>Amagnetismus<\/td><td>F\u00fcr Anwendungen in der Elektrotechnik, Elektronik, Uhrenindustrie, Mess- und Schwei\u00dftechnik.<\/td><\/tr><tr><td>Hervorragende Korrosionsbest\u00e4ndigkeit<br>Umformbarkeit<\/td><td>F\u00fcr industrielle Umgebungen (insbesondere Petrochemie), f\u00fcr den Schiffbau, die Ozeanografie usw.<\/td><\/tr><tr><td>Funkenfreiheit<\/td><td>F\u00fcr Sicherheitswerkzeuge und Anwendungen in explosionsgef\u00e4hrdeten Atmosph\u00e4ren.<\/td><\/tr><\/tbody><\/table><\/figure>\n\n\n<div class=\"row\"><div class=\"col-12 paragraph\">\n<p><\/p>\n<\/div><\/div>","protected":false},"excerpt":{"rendered":"<p>Weltweite Pr\u00e4senz Die NGK-Gruppe verf\u00fcgt weltweit \u00fcber drei Hauptproduktionsstandorte f\u00fcr Sondermetalle: in Coueron, Frankreich, f\u00fcr den europ\u00e4ischen Markt, in Nagoya, Japan, f\u00fcr den asiatischen Markt und in Sweetwater, Tennessee, USA, f\u00fcr den amerikanischen Markt.NGK Berylco Europe st\u00fctzt sich auf drei Standorte in Frankreich (in der N\u00e4he von Nantes), Deutschland (in der N\u00e4he von Frankfurt) und [&hellip;]<\/p>\n","protected":false},"author":1,"featured_media":0,"parent":3292,"menu_order":0,"comment_status":"closed","ping_status":"closed","template":"","meta":{"_acf_changed":false,"advgb_blocks_editor_width":"","advgb_blocks_columns_visual_guide":"","footnotes":""},"class_list":["post-3256","page","type-page","status-publish","hentry"],"acf":[],"coauthors":[],"author_meta":{"author_link":"https:\/\/www.ngk-alloys.com\/de\/author\/admin_ngk\/","display_name":"NGK BERYLCO"},"relative_dates":{"created":"Posted 1\u00a0Jahr ago","modified":"Updated 5\u00a0Monaten ago"},"absolute_dates":{"created":"Posted on 6 Januar 2025","modified":"Updated on 12 November 2025"},"absolute_dates_time":{"created":"Posted on 6 Januar 2025 17h27","modified":"Updated on 12 November 2025 17h44"},"featured_img_caption":"","featured_img":false,"series_order":"","_links":{"self":[{"href":"https:\/\/www.ngk-alloys.com\/de\/wp-json\/wp\/v2\/pages\/3256","targetHints":{"allow":["GET"]}}],"collection":[{"href":"https:\/\/www.ngk-alloys.com\/de\/wp-json\/wp\/v2\/pages"}],"about":[{"href":"https:\/\/www.ngk-alloys.com\/de\/wp-json\/wp\/v2\/types\/page"}],"author":[{"embeddable":true,"href":"https:\/\/www.ngk-alloys.com\/de\/wp-json\/wp\/v2\/users\/1"}],"replies":[{"embeddable":true,"href":"https:\/\/www.ngk-alloys.com\/de\/wp-json\/wp\/v2\/comments?post=3256"}],"version-history":[{"count":6,"href":"https:\/\/www.ngk-alloys.com\/de\/wp-json\/wp\/v2\/pages\/3256\/revisions"}],"predecessor-version":[{"id":4503,"href":"https:\/\/www.ngk-alloys.com\/de\/wp-json\/wp\/v2\/pages\/3256\/revisions\/4503"}],"up":[{"embeddable":true,"href":"https:\/\/www.ngk-alloys.com\/de\/wp-json\/wp\/v2\/pages\/3292"}],"wp:attachment":[{"href":"https:\/\/www.ngk-alloys.com\/de\/wp-json\/wp\/v2\/media?parent=3256"}],"curies":[{"name":"wp","href":"https:\/\/api.w.org\/{rel}","templated":true}]}}