{"id":3260,"date":"2025-01-07T10:04:05","date_gmt":"2025-01-07T09:04:05","guid":{"rendered":"https:\/\/www.ngk-alloys.com\/?page_id=3260"},"modified":"2026-03-30T15:27:58","modified_gmt":"2026-03-30T13:27:58","slug":"karriere","status":"publish","type":"page","link":"https:\/\/www.ngk-alloys.com\/de\/ueber-uns\/ngk-berylco\/karriere\/","title":{"rendered":"Karriere"},"content":{"rendered":"<div class=\"row\"><div class=\"col-12 paragraph\">\n<p><\/p>\n<\/div><\/div>\n\n    <div id=\"block-hero-block_5e23b648d01d4263e75258fe5509dc9b\" class=\"wrp-container block-hero\">\n        <div class=\"box-card-05\">\n            <div class=\"grid-row mb40 mb10-sp\">\n                <div class=\"grid-col--12\">\n                    <div class=\"box-card-05__inner\">\n                        \n<span class=\"box-card-06__image is-visiblePc\"><img decoding=\"async\" src=\"https:\/\/www.ngk-alloys.com\/wp-content\/uploads\/Coureurs-NGK-BERYLCO-FRANCE-Marathon-Nantes-709x439.jpg\" alt=\"\" class=\"fluid-image\"><\/span>\n<span class=\"box-card-06__image  is-visibleTablet js-fullbg\" style=\"background: url(https:\/\/www.ngk-alloys.com\/wp-content\/uploads\/Coureurs-NGK-BERYLCO-FRANCE-Marathon-Nantes-709x439.jpg) center center \/ cover; display: inline;\"><img decoding=\"async\" src=\"https:\/\/www.ngk-alloys.com\/wp-content\/uploads\/Coureurs-NGK-BERYLCO-FRANCE-Marathon-Nantes-660x660.jpg\" alt=\"\" class=\"fluid-image\" style=\"display: none;\"><\/span>\n<span class=\"box-card-06__image  is-visibleSp\"><img decoding=\"async\" src=\"https:\/\/www.ngk-alloys.com\/wp-content\/uploads\/Coureurs-NGK-BERYLCO-FRANCE-Marathon-Nantes-709x439.jpg\" alt=\"\" class=\"fluid-image\"><\/span>\n                        <div class=\"box-card-06__content right_content\">\n                            <p>Eine Karriere bei NGK Berylco bedeutet, Teil einer Industriegruppe zu sein, die eine f\u00fchrende Rolle auf der internationalen B\u00fchne spielt. NGK Berylco ist seit \u00fcber 50 Jahren der europ\u00e4ische Marktf\u00fchrer in der Verarbeitung und Behandlung von Kupfer-Beryllium-Legierungen.<\/p>\n<p>&nbsp;<\/p>\n<p>NGK Berylco ist Mitglied der internationalen Gruppe NGK Corporation, die aus drei Divisionen bzw. Gesch\u00e4ftsbereichen besteht: <strong>Digitale Gesellschaft<\/strong> (Elektronische Bauteile, Hochleistungsrechner HPC, Neue Metalle), <strong>Umwelt<\/strong> (Keramiken, Sensoren) sowie <strong>Energie und Industrie<\/strong> (Energiespeicherung, Isolatoren, industrielle Prozesse). NGK Berylco France geh\u00f6rt zur Division Digitale Gesellschaft, Neue Metalle.<\/p>\n                                                    <\/div>\n                        \n                    <\/div>\n                <\/div>\n            <\/div>\n        <\/div>\n    <\/div>\n\n\n\n\n\n\n<div style=\"height:30px\" aria-hidden=\"true\" class=\"wp-block-spacer\"><\/div>\n\n\n<div class=\"row\"><div class=\"col-12 paragraph\">\n<p>Unsere Gruppe besch\u00e4ftigt weltweit mehr als 20.000 Mitarbeiterinnen und Mitarbeiter.<\/p>\n<\/div><\/div>\n\n<div class=\"row\"><div class=\"col-12 paragraph\">\n<p>Mehr erfahren:<\/p>\n<\/div><\/div>\n\n\n<div style=\"height:20px\" aria-hidden=\"true\" class=\"wp-block-spacer\"><\/div>\n\n\n\n<div class=\"wp-block-buttons is-layout-flex wp-block-buttons-is-layout-flex\">\n<div class=\"wp-block-button\"><a class=\"wp-block-button__link is-target-blank wp-element-button\" href=\"https:\/\/www.ngk-global.com\/\" target=\"_blank\" rel=\"noreferrer noopener\">ngk-global.com<\/a><\/div>\n<\/div>\n\n\n\n<div style=\"height:20px\" aria-hidden=\"true\" class=\"wp-block-spacer\"><\/div>\n\n\n\n<div class=\"wp-block-buttons is-layout-flex wp-block-buttons-is-layout-flex\">\n<div class=\"wp-block-button\"><a class=\"wp-block-button__link btn_long is-target-blank wp-element-button\" href=\"https:\/\/www.ngk-insulators.com\/en\/\" target=\"_blank\" rel=\"noreferrer noopener\">ngk-insulators.com<\/a><\/div>\n<\/div>\n\n\n\n<div style=\"height:50px\" aria-hidden=\"true\" class=\"wp-block-spacer\"><\/div>\n\n\n<div class=\"row\"><div class=\"col-12 paragraph\">\n<p>Die Humanressourcen sind ein entscheidender Vorteil bei NGK, dem europ\u00e4ischen Marktf\u00fchrer in jedem unserer T\u00e4tigkeitsbereiche. F\u00fcr weitere Informationen wenden Sie sich bitte an uns.<\/p>\n<\/div><\/div>\n\n\n<div style=\"height:21px\" aria-hidden=\"true\" class=\"wp-block-spacer\"><\/div>\n\n\n\n<div class=\"wp-block-buttons is-layout-flex wp-block-buttons-is-layout-flex\">\n<div class=\"wp-block-button\"><a class=\"wp-block-button__link btn_long wp-element-button\" href=\"https:\/\/www.ngk-alloys.com\/de\/kontakt\/bewerbung\/\">Schlie\u00dfen Sie sich uns an!<\/a><\/div>\n<\/div>\n\n\n\n<div style=\"height:65px\" aria-hidden=\"true\" class=\"wp-block-spacer\"><\/div>\n\n\n<div class=\"row\"><div class=\"col-12 paragraph\">\n<p>Information zum Datenschutz in Bezug auf unsere Mitarbeiter:<\/p>\n<\/div><\/div>\n\n\n<div style=\"height:20px\" aria-hidden=\"true\" class=\"wp-block-spacer\"><\/div>\n\n\n\n<div class=\"wp-block-buttons is-layout-flex wp-block-buttons-is-layout-flex\">\n<div class=\"wp-block-button\"><a class=\"wp-block-button__link btn_long is-pdf is-target-blank wp-element-button\" href=\"https:\/\/www.ngk-alloys.com\/wp-content\/uploads\/Datenschutzhinweis-fur-Mitarbeiter_NGK-Deutsche-Berylco-GmbH_DE_08.2021.pdf\" target=\"_blank\" rel=\"noreferrer noopener\">Datenschutzrichtlinie f\u00fcr Mitarbeiter<\/a><\/div>\n<\/div>\n\n\n\n<div style=\"height:50px\" aria-hidden=\"true\" class=\"wp-block-spacer\"><\/div>\n\n\n\n<div style=\"height:50px\" aria-hidden=\"true\" class=\"wp-block-spacer\"><\/div>\n\n\n<div class=\"row\"><div class=\"col-12 paragraph\">\n<p><\/p>\n<\/div><\/div>","protected":false},"excerpt":{"rendered":"<p>Unsere Gruppe besch\u00e4ftigt weltweit mehr als 20.000 Mitarbeiterinnen und Mitarbeiter. Mehr erfahren: Die Humanressourcen sind ein entscheidender Vorteil bei NGK, dem europ\u00e4ischen Marktf\u00fchrer in jedem unserer T\u00e4tigkeitsbereiche. F\u00fcr weitere Informationen wenden Sie sich bitte an uns. Information zum Datenschutz in Bezug auf unsere Mitarbeiter:<\/p>\n","protected":false},"author":1,"featured_media":0,"parent":3292,"menu_order":0,"comment_status":"closed","ping_status":"closed","template":"","meta":{"_acf_changed":false,"advgb_blocks_editor_width":"","advgb_blocks_columns_visual_guide":"","footnotes":""},"class_list":["post-3260","page","type-page","status-publish","hentry"],"acf":[],"coauthors":[],"author_meta":{"author_link":"https:\/\/www.ngk-alloys.com\/de\/author\/admin_ngk\/","display_name":"NGK BERYLCO"},"relative_dates":{"created":"Posted 1\u00a0Jahr ago","modified":"Updated 1\u00a0Monat ago"},"absolute_dates":{"created":"Posted on 7 Januar 2025","modified":"Updated on 30 M\u00e4rz 2026"},"absolute_dates_time":{"created":"Posted on 7 Januar 2025 10h04","modified":"Updated on 30 M\u00e4rz 2026 15h27"},"featured_img_caption":"","featured_img":false,"series_order":"","_links":{"self":[{"href":"https:\/\/www.ngk-alloys.com\/de\/wp-json\/wp\/v2\/pages\/3260","targetHints":{"allow":["GET"]}}],"collection":[{"href":"https:\/\/www.ngk-alloys.com\/de\/wp-json\/wp\/v2\/pages"}],"about":[{"href":"https:\/\/www.ngk-alloys.com\/de\/wp-json\/wp\/v2\/types\/page"}],"author":[{"embeddable":true,"href":"https:\/\/www.ngk-alloys.com\/de\/wp-json\/wp\/v2\/users\/1"}],"replies":[{"embeddable":true,"href":"https:\/\/www.ngk-alloys.com\/de\/wp-json\/wp\/v2\/comments?post=3260"}],"version-history":[{"count":7,"href":"https:\/\/www.ngk-alloys.com\/de\/wp-json\/wp\/v2\/pages\/3260\/revisions"}],"predecessor-version":[{"id":5678,"href":"https:\/\/www.ngk-alloys.com\/de\/wp-json\/wp\/v2\/pages\/3260\/revisions\/5678"}],"up":[{"embeddable":true,"href":"https:\/\/www.ngk-alloys.com\/de\/wp-json\/wp\/v2\/pages\/3292"}],"wp:attachment":[{"href":"https:\/\/www.ngk-alloys.com\/de\/wp-json\/wp\/v2\/media?parent=3260"}],"curies":[{"name":"wp","href":"https:\/\/api.w.org\/{rel}","templated":true}]}}