{"id":3264,"date":"2025-01-07T10:51:14","date_gmt":"2025-01-07T09:51:14","guid":{"rendered":"https:\/\/www.ngk-alloys.com\/?page_id=3264"},"modified":"2026-03-06T09:58:40","modified_gmt":"2026-03-06T08:58:40","slug":"unser-oekosystem","status":"publish","type":"page","link":"https:\/\/www.ngk-alloys.com\/de\/ueber-uns\/ngk-berylco\/unser-oekosystem\/","title":{"rendered":"Unser \u00d6kosystem"},"content":{"rendered":"<div class=\"row\"><div class=\"col-12 paragraph\">\n<p>Nachfolgend finden Sie einige n\u00fctzliche Links zu Organisationen im Zusammenhang mit unserer T\u00e4tigkeit. Wir sind aktives Mitglied in mehreren europ\u00e4ischen und franz\u00f6sischen Verb\u00e4nden, die die Interessen unserer Produkte und unserer Branche vertreten.<\/p>\n<\/div><\/div>\n\n<div class=\"row\"><div class=\"col-12 paragraph\">\n<p><\/p>\n<\/div><\/div>\n\n\n<div style=\"height:20px\" aria-hidden=\"true\" class=\"wp-block-spacer\"><\/div>\n\n\n    <div id=\"block-hero-block_b26c6c0bf26dff5a43ea84a14a5bca0f\" class=\"wrp-container block-hero\">\n        <div class=\"box-card-05\">\n            <div class=\"grid-row mb40 mb10-sp\">\n                <div class=\"grid-col--12\">\n                    <div class=\"box-card-05__inner\">\n                        \n<span class=\"box-card-06__image is-visiblePc\"><img decoding=\"async\" src=\"https:\/\/www.ngk-alloys.com\/wp-content\/uploads\/ecosysteme-1-709x439.jpg\" alt=\"\" class=\"fluid-image\"><\/span>\n<span class=\"box-card-06__image  is-visibleTablet js-fullbg\" style=\"background: url(https:\/\/www.ngk-alloys.com\/wp-content\/uploads\/ecosysteme-1-709x439.jpg) center center \/ cover; display: inline;\"><img decoding=\"async\" src=\"https:\/\/www.ngk-alloys.com\/wp-content\/uploads\/ecosysteme-1-660x660.jpg\" alt=\"\" class=\"fluid-image\" style=\"display: none;\"><\/span>\n<span class=\"box-card-06__image  is-visibleSp\"><img decoding=\"async\" src=\"https:\/\/www.ngk-alloys.com\/wp-content\/uploads\/ecosysteme-1-709x439.jpg\" alt=\"\" class=\"fluid-image\"><\/span>\n                        <div class=\"box-card-06__content right_content\">\n                            <p>Auf europ\u00e4ischer Ebene sind wir Gr\u00fcndungs- und aktives Mitglied des Beryllium-Verbands BeST (Beryllium Science &amp; Technology).<\/p>\n<p>\u00dcber BeST sind wir auch Mitglied der Europ\u00e4ischen Allianz f\u00fcr kritische Rohstoffe CRM Alliance, der Cross Industry Initiative f\u00fcr Sicherheit und Gesundheitsschutz am Arbeitsplatz (CII) sowie der ASMOR-Allianz f\u00fcr das nachhaltige Management chemischer Risiken (The Alliance for Sustainable Management of Chemical Risk).<\/p>\n<p>&nbsp;<\/p>\n<p>Auf nationaler Ebene, in Frankreich, sind wir aktives Mitglied der franz\u00f6sischen Allianz der Nichteisenmetalle A3M (Alliance des Minerais, Min\u00e9raux et M\u00e9taux), der Union des Industries et M\u00e9tiers de la M\u00e9tallurgie (UIMM) sowie des Comit\u00e9 fran\u00e7ais des M\u00e9taux Strat\u00e9giques (COMES).<\/p>\n                                                    <\/div>\n                        \n                    <\/div>\n                <\/div>\n            <\/div>\n        <\/div>\n    <\/div>\n\n\n\n\n\n<div class=\"row\"><div class=\"col-12 paragraph\">\n<p><\/p>\n<\/div><\/div>\n\n<div class=\"row\"><div class=\"col-12 paragraph\">\n<p><\/p>\n<\/div><\/div>\n\n<div class=\"row\"><div class=\"col-12 paragraph\">\n<p><\/p>\n<\/div><\/div>\n\n<div class=\"row\"><div class=\"col-12 heading\">\n<h2 class=\"wp-block-heading\">Beryllium<\/h2>\n<\/div><\/div>\n\n<div class=\"row\"><div class=\"col-12 paragraph\">\n<p><strong>Beryllium-Verband BeST<\/strong> (Beryllium Science &amp; Technology)<\/p>\n<\/div><\/div>\n\n<div class=\"row\"><div class=\"col-12 paragraph\">\n<p><a href=\"http:\/\/www.beryllium.eu\" target=\"_blank\" rel=\"noopener\">www.beryllium.eu<\/a><\/p>\n<\/div><\/div>\n\n\n<div style=\"height:20px\" aria-hidden=\"true\" class=\"wp-block-spacer\"><\/div>\n\n\n<div class=\"row\"><div class=\"col-12 paragraph\">\n<p><strong>Programm f\u00fcr verantwortungsbewusstes Beryllium-Management<\/strong> &#8211; Beryllium Product Stewardship Program &#8211; Gute Praktiken am Arbeitsplatz<br><a href=\"http:\/\/www.berylliumsafety.eu\" target=\"_blank\" rel=\"noreferrer noopener\">www.berylliumsafety.eu<\/a><\/p>\n<\/div><\/div>\n\n\n<div style=\"height:50px\" aria-hidden=\"true\" class=\"wp-block-spacer\"><\/div>\n\n\n<div class=\"row\"><div class=\"col-12 heading\">\n<h2 class=\"wp-block-heading\">Kupfer<\/h2>\n<\/div><\/div>\n\n<div class=\"row\"><div class=\"col-12 paragraph\">\n<p><strong>Europ\u00e4isches Kupferinstitut <\/strong>&#8211; Copper Alliance<br><a href=\"http:\/\/www.copperalliance.org\" target=\"_blank\" rel=\"noreferrer noopener\">www.copperalliance.org<\/a><\/p>\n<\/div><\/div>\n\n\n<div style=\"height:20px\" aria-hidden=\"true\" class=\"wp-block-spacer\"><\/div>\n\n\n<div class=\"row\"><div class=\"col-12 paragraph\">\n<p><strong>Copper Development Association CDA Inc.<\/strong><br><a href=\"http:\/\/www.copper.org\" target=\"_blank\" rel=\"noreferrer noopener\">www.copper.org<\/a><\/p>\n<\/div><\/div>\n\n\n<div style=\"height:20px\" aria-hidden=\"true\" class=\"wp-block-spacer\"><\/div>\n\n\n<div class=\"row\"><div class=\"col-12 paragraph\">\n<p><strong>Copper Development Association UK<\/strong><br><a href=\"http:\/\/www.cda.org.uk\" target=\"_blank\" rel=\"noreferrer noopener\">www.cda.org.uk<\/a><\/p>\n<\/div><\/div>\n\n\n<div style=\"height:20px\" aria-hidden=\"true\" class=\"wp-block-spacer\"><\/div>\n\n\n<div class=\"row\"><div class=\"col-12 paragraph\">\n<p><strong>DKI<\/strong> (Deutsches Kupfer Institut)<br><a href=\"http:\/\/www.kupferinstitut.de\" target=\"_blank\" rel=\"noopener\">www.kupferinstitut.de<\/a><\/p>\n<\/div><\/div>\n\n\n<div style=\"height:20px\" aria-hidden=\"true\" class=\"wp-block-spacer\"><\/div>\n\n\n<div class=\"row\"><div class=\"col-12 paragraph\">\n<p><strong>International Copper Study Group ICSG<\/strong><br><a href=\"http:\/\/www.icsg.org\" target=\"_blank\" rel=\"noopener\">www.icsg.org<\/a><\/p>\n<\/div><\/div>\n\n\n<div style=\"height:20px\" aria-hidden=\"true\" class=\"wp-block-spacer\"><\/div>\n\n\n<div class=\"row\"><div class=\"col-12 paragraph\">\n<p><strong>International Wrought Copper Council IWCC<br><\/strong><a href=\"http:\/\/www.coppercouncil.org\" target=\"_blank\" rel=\"noreferrer noopener\">www.coppercouncil.org<\/a><\/p>\n<\/div><\/div>\n\n\n<div style=\"height:0px\" aria-hidden=\"true\" class=\"wp-block-spacer\"><\/div>\n\n\n\n<div style=\"height:50px\" aria-hidden=\"true\" class=\"wp-block-spacer\"><\/div>\n\n\n<div class=\"row\"><div class=\"col-12 heading\">\n<h2 class=\"wp-block-heading\">Nichteisenmetalle<\/h2>\n<\/div><\/div>\n\n<div class=\"row\"><div class=\"col-12 paragraph\">\n<p><strong>EUROPEAN METALS <\/strong>&#8211; Europ\u00e4ischer Verband der Nichteisenmetalle (fr\u00fcher EUROMETAUX)<br><a href=\"http:\/\/www.eurometaux.org\" target=\"_blank\" rel=\"noreferrer noopener\">www.european-metals.eu<\/a><\/p>\n<\/div><\/div>\n\n\n<div style=\"height:20px\" aria-hidden=\"true\" class=\"wp-block-spacer\"><\/div>\n\n\n<div class=\"row\"><div class=\"col-12 paragraph\">\n<p><strong>UIMM<\/strong> &#8211; Union des Industries et M\u00e9tiers de la M\u00e9tallurgie<br><a href=\"http:\/\/www.uimm.fr\" target=\"_blank\" rel=\"noreferrer noopener\">www.uimm.fr<\/a><\/p>\n<\/div><\/div>\n\n\n<div style=\"height:20px\" aria-hidden=\"true\" class=\"wp-block-spacer\"><\/div>\n\n\n<div class=\"row\"><div class=\"col-12 paragraph\">\n<p><strong>A3M<\/strong> &#8211; Alliance des Minerais, Min\u00e9raux et M\u00e9taux<br><a href=\"http:\/\/www.a3m-asso.fr\" target=\"_blank\" rel=\"noreferrer noopener\">www.a3m-asso.fr<\/a><\/p>\n<\/div><\/div>\n\n\n<div style=\"height:20px\" aria-hidden=\"true\" class=\"wp-block-spacer\"><\/div>\n\n\n<div class=\"row\"><div class=\"col-12 paragraph\">\n<p><strong>Wirtschaft Vereingung Metalle WVM<\/strong> &#8211; Deutscher Verband der Metalle<br><a href=\"http:\/\/www.wvmetalle.de\" target=\"_blank\" rel=\"noreferrer noopener\">www.wvmetalle.de<\/a><\/p>\n<\/div><\/div>\n\n\n<div style=\"height:20px\" aria-hidden=\"true\" class=\"wp-block-spacer\"><\/div>\n\n\n<div class=\"row\"><div class=\"col-12 paragraph\">\n<p><strong>CDI<\/strong> &#8211; Cobalt Development Institute<br><a href=\"http:\/\/www.cobaltinstitute.org\" target=\"_blank\" rel=\"noreferrer noopener\">www.cobaltinstitute.org<\/a><\/p>\n<\/div><\/div>\n\n\n<div style=\"height:20px\" aria-hidden=\"true\" class=\"wp-block-spacer\"><\/div>\n\n\n<div class=\"row\"><div class=\"col-12 paragraph\">\n<p><strong>Nickel Institute<\/strong><br><a href=\"http:\/\/www.nickelinstitute.org\" target=\"_blank\" rel=\"noreferrer noopener\">www.nickelinstitute.org<\/a><\/p>\n<\/div><\/div>\n\n\n<div style=\"height:20px\" aria-hidden=\"true\" class=\"wp-block-spacer\"><\/div>\n\n\n<div class=\"row\"><div class=\"col-12 paragraph\">\n<p><strong>International Lead Association ILA<\/strong> &#8211; Bleiverband<br><a href=\"http:\/\/www.ila-lead.org\" target=\"_blank\" rel=\"noreferrer noopener\">www.ila-lead.org<\/a><\/p>\n<\/div><\/div>\n\n\n<div style=\"height:20px\" aria-hidden=\"true\" class=\"wp-block-spacer\"><\/div>\n\n\n<div class=\"row\"><div class=\"col-12 paragraph\">\n<p><strong>International Tin Association<\/strong> &#8211; Zinnverband<br><a href=\"http:\/\/www.internationaltin.org\" target=\"_blank\" rel=\"noreferrer noopener\">www.internationaltin.org<\/a><\/p>\n<\/div><\/div>\n\n\n<div style=\"height:20px\" aria-hidden=\"true\" class=\"wp-block-spacer\"><\/div>\n\n\n<div class=\"row\"><div class=\"col-12 paragraph\">\n<p><strong>European Aluminium<\/strong><br><a href=\"http:\/\/www.european-aluminium.eu\" target=\"_blank\" rel=\"noreferrer noopener\">www.european-aluminium.eu<\/a><\/p>\n<\/div><\/div>\n\n\n<div style=\"height:20px\" aria-hidden=\"true\" class=\"wp-block-spacer\"><\/div>\n\n\n<div class=\"row\"><div class=\"col-12 paragraph\">\n<p><strong>The Aluminum Association<\/strong><br><a href=\"http:\/\/www.aluminum.org\" target=\"_blank\" rel=\"noopener\">www.aluminum.org<\/a><\/p>\n<\/div><\/div>\n\n\n<div style=\"height:50px\" aria-hidden=\"true\" class=\"wp-block-spacer\"><\/div>\n\n\n<div class=\"row\"><div class=\"col-12 heading\">\n<h2 class=\"wp-block-heading\">Standards<\/h2>\n<\/div><\/div>\n\n<div class=\"row\"><div class=\"col-12 paragraph\">\n<p><strong>ASTM<\/strong> (American Society for Testing and Materials)<br><a href=\"http:\/\/www.astm.org\" target=\"_blank\" rel=\"noreferrer noopener\">www.astm.org<\/a><\/p>\n<\/div><\/div>\n\n\n<div style=\"height:20px\" aria-hidden=\"true\" class=\"wp-block-spacer\"><\/div>\n\n\n<div class=\"row\"><div class=\"col-12 paragraph\">\n<p><strong>AFNOR<\/strong> (Association Fran\u00e7aise de Normalisation)<br><a href=\"http:\/\/www.afnor.org\" target=\"_blank\" rel=\"noreferrer noopener\">www.afnor.org<\/a><\/p>\n<\/div><\/div>\n\n\n<div style=\"height:20px\" aria-hidden=\"true\" class=\"wp-block-spacer\"><\/div>\n\n\n<div class=\"row\"><div class=\"col-12 paragraph\">\n<p><strong>ANSI<\/strong> (American National Standards Institute)<br><a href=\"http:\/\/www.ansi.org\" target=\"_blank\" rel=\"noreferrer noopener\">www.ansi.org<\/a><\/p>\n<\/div><\/div>\n\n\n<div style=\"height:20px\" aria-hidden=\"true\" class=\"wp-block-spacer\"><\/div>\n\n\n<div class=\"row\"><div class=\"col-12 paragraph\">\n<p><strong>NIST<\/strong> (National Institute of Standards and Technology)<br><a href=\"http:\/\/www.nist.gov\" target=\"_blank\" rel=\"noreferrer noopener\">www.nist.gov<\/a><\/p>\n<\/div><\/div>\n\n\n<div style=\"height:20px\" aria-hidden=\"true\" class=\"wp-block-spacer\"><\/div>\n\n\n<div class=\"row\"><div class=\"col-12 paragraph\">\n<p><strong>Tableau P\u00e9riodique des \u00e9l\u00e9ments<\/strong><br><a href=\"http:\/\/www.periodni.com\/fr\/\" target=\"_blank\" rel=\"noreferrer noopener\">www.periodni.com\/fr\/<\/a><\/p>\n<\/div><\/div>\n\n\n<div style=\"height:50px\" aria-hidden=\"true\" class=\"wp-block-spacer\"><\/div>\n\n\n<div class=\"row\"><div class=\"col-12 heading\">\n<h2 class=\"wp-block-heading\">Weitere Organisationen<\/h2>\n<\/div><\/div>\n\n<div class=\"row\"><div class=\"col-12 paragraph\">\n<p><strong>CRM Alliance <\/strong>&#8211; Critical Raw Materials &#8211; Kritische Rohstoffe<br><a href=\"http:\/\/www.criticalrawmaterials.org\" target=\"_blank\" rel=\"noreferrer noopener\">www.criticalrawmaterials.org<\/a><\/p>\n<\/div><\/div>\n\n\n<div style=\"height:20px\" aria-hidden=\"true\" class=\"wp-block-spacer\"><\/div>\n\n\n<div class=\"row\"><div class=\"col-12 paragraph\">\n<p><strong>Comit\u00e9 des M\u00e9taux Strat\u00e9giques COMES<\/strong><br><a href=\"http:\/\/www.mineralinfo.fr\" target=\"_blank\" rel=\"noreferrer noopener\">www.mineralinfo.fr<\/a><\/p>\n<\/div><\/div>\n\n\n<div style=\"height:20px\" aria-hidden=\"true\" class=\"wp-block-spacer\"><\/div>\n\n\n<div class=\"row\"><div class=\"col-12 paragraph\">\n<p><strong>Cross Industry Initiative CII<\/strong><br><a href=\"http:\/\/www.cii-reach-osh.eu\" target=\"_blank\" rel=\"noreferrer noopener\">www.cii-reach-osh.eu<\/a><\/p>\n<\/div><\/div>\n\n\n<div style=\"height:20px\" aria-hidden=\"true\" class=\"wp-block-spacer\"><\/div>\n\n\n<div class=\"row\"><div class=\"col-12 paragraph\">\n<p><strong>JBCE<\/strong> &#8211; Japanese Business Council in Europe<br><a href=\"http:\/\/www.jbce.org\" target=\"_blank\" rel=\"noreferrer noopener\">www.jbce.org<\/a><\/p>\n<\/div><\/div>\n\n\n<div style=\"height:20px\" aria-hidden=\"true\" class=\"wp-block-spacer\"><\/div>\n\n\n<div class=\"row\"><div class=\"col-12 paragraph\">\n<p><strong>London Metal Exchange<\/strong><br><a href=\"http:\/\/www.lme.com\" target=\"_blank\" rel=\"noreferrer noopener\">www.lme.com<\/a><\/p>\n<\/div><\/div>\n\n\n<div style=\"height:20px\" aria-hidden=\"true\" class=\"wp-block-spacer\"><\/div>\n\n\n<div class=\"row\"><div class=\"col-12 paragraph\">\n<p><strong>SAMPE<\/strong> (Society Advancement Material Process Engineering)<br><a href=\"http:\/\/www.sampe.org\" target=\"_blank\" rel=\"noreferrer noopener\">www.sampe.org<\/a><\/p>\n<\/div><\/div>\n\n\n<div style=\"height:20px\" aria-hidden=\"true\" class=\"wp-block-spacer\"><\/div>\n\n\n<div class=\"row\"><div class=\"col-12 paragraph\">\n<p><strong>Precision Metal Forming Association<\/strong><br><a href=\"http:\/\/www.pma.org\" target=\"_blank\" rel=\"noreferrer noopener\">www.pma.org<\/a><\/p>\n<\/div><\/div>\n\n\n<div style=\"height:20px\" aria-hidden=\"true\" class=\"wp-block-spacer\"><\/div>\n\n\n<div class=\"row\"><div class=\"col-12 paragraph\">\n<p><strong>TMS<\/strong> (The Minerals, Metals &amp; Materials Society)<br><a href=\"http:\/\/www.tms.org\" target=\"_blank\" rel=\"noreferrer noopener\">www.tms.org<\/a><\/p>\n<\/div><\/div>\n\n\n<div style=\"height:20px\" aria-hidden=\"true\" class=\"wp-block-spacer\"><\/div>\n\n\n<div class=\"row\"><div class=\"col-12 paragraph\">\n<p><strong>AWS<\/strong> &#8211; American Welding Association<br><a href=\"http:\/\/www.aws.org\" target=\"_blank\" rel=\"noreferrer noopener\">www.aws.org<\/a><\/p>\n<\/div><\/div>\n\n<div class=\"row\"><div class=\"col-12 paragraph\">\n<p><\/p>\n<\/div><\/div>","protected":false},"excerpt":{"rendered":"<p>Nachfolgend finden Sie einige n\u00fctzliche Links zu Organisationen im Zusammenhang mit unserer T\u00e4tigkeit. Wir sind aktives Mitglied in mehreren europ\u00e4ischen und franz\u00f6sischen Verb\u00e4nden, die die Interessen unserer Produkte und unserer Branche vertreten. Beryllium Beryllium-Verband BeST (Beryllium Science &amp; Technology) www.beryllium.eu Programm f\u00fcr verantwortungsbewusstes Beryllium-Management &#8211; Beryllium Product Stewardship Program &#8211; Gute Praktiken am Arbeitsplatzwww.berylliumsafety.eu Kupfer [&hellip;]<\/p>\n","protected":false},"author":1,"featured_media":0,"parent":3292,"menu_order":0,"comment_status":"closed","ping_status":"closed","template":"","meta":{"_acf_changed":false,"advgb_blocks_editor_width":"","advgb_blocks_columns_visual_guide":"","footnotes":""},"class_list":["post-3264","page","type-page","status-publish","hentry"],"acf":[],"coauthors":[],"author_meta":{"author_link":"https:\/\/www.ngk-alloys.com\/de\/author\/admin_ngk\/","display_name":"NGK BERYLCO"},"relative_dates":{"created":"Posted 1\u00a0Jahr ago","modified":"Updated 2\u00a0Monaten ago"},"absolute_dates":{"created":"Posted on 7 Januar 2025","modified":"Updated on 6 M\u00e4rz 2026"},"absolute_dates_time":{"created":"Posted on 7 Januar 2025 10h51","modified":"Updated on 6 M\u00e4rz 2026 9h58"},"featured_img_caption":"","featured_img":false,"series_order":"","_links":{"self":[{"href":"https:\/\/www.ngk-alloys.com\/de\/wp-json\/wp\/v2\/pages\/3264","targetHints":{"allow":["GET"]}}],"collection":[{"href":"https:\/\/www.ngk-alloys.com\/de\/wp-json\/wp\/v2\/pages"}],"about":[{"href":"https:\/\/www.ngk-alloys.com\/de\/wp-json\/wp\/v2\/types\/page"}],"author":[{"embeddable":true,"href":"https:\/\/www.ngk-alloys.com\/de\/wp-json\/wp\/v2\/users\/1"}],"replies":[{"embeddable":true,"href":"https:\/\/www.ngk-alloys.com\/de\/wp-json\/wp\/v2\/comments?post=3264"}],"version-history":[{"count":4,"href":"https:\/\/www.ngk-alloys.com\/de\/wp-json\/wp\/v2\/pages\/3264\/revisions"}],"predecessor-version":[{"id":5500,"href":"https:\/\/www.ngk-alloys.com\/de\/wp-json\/wp\/v2\/pages\/3264\/revisions\/5500"}],"up":[{"embeddable":true,"href":"https:\/\/www.ngk-alloys.com\/de\/wp-json\/wp\/v2\/pages\/3292"}],"wp:attachment":[{"href":"https:\/\/www.ngk-alloys.com\/de\/wp-json\/wp\/v2\/media?parent=3264"}],"curies":[{"name":"wp","href":"https:\/\/api.w.org\/{rel}","templated":true}]}}