{"id":3266,"date":"2025-01-07T11:08:49","date_gmt":"2025-01-07T10:08:49","guid":{"rendered":"https:\/\/www.ngk-alloys.com\/?page_id=3266"},"modified":"2026-03-30T15:52:25","modified_gmt":"2026-03-30T13:52:25","slug":"botschaft-des-praesidenten","status":"publish","type":"page","link":"https:\/\/www.ngk-alloys.com\/de\/ueber-uns\/die-ngk-gruppe\/botschaft-des-praesidenten\/","title":{"rendered":"Botschaft des Pr\u00e4sidenten"},"content":{"rendered":"\n<div id=\"block-hero-block_c906924b37fb663e6e348e8e93cdbf80\" class=\"float_img_txt_part block-hero\">\n    <img decoding=\"async\" src=\"https:\/\/www.ngk-alloys.com\/wp-content\/uploads\/Photo_president.jpg\" alt=\"\" class=\"w50per w100per-sp pull-right pl20 pb20 no-pull-sp pl0-sp\"><p>Seit ihrer Gr\u00fcndung im Jahr 1919 hat die NGK-Gruppe kontinuierlich Produkte entwickelt und bereitgestellt, die dazu beitragen, die Grundlagen unserer Gesellschaft zu st\u00fctzen und die Umwelt zu sch\u00fctzen. Mit der Keramik als zentraler Technologie nutzen wir ihr Potenzial, indem wir sie mit unseren eigenen Verfahren zum Formen, Brennen, Bearbeiten und Pr\u00fcfen kombinieren, um bahnbrechende Produkte zu schaffen.<\/p>\n<p>Die Welt verst\u00e4rkt derzeit ihre Bem\u00fchungen, eine klimaneutrale und digitale Gesellschaft zu erreichen, um eine Vielzahl gesellschaftlicher Herausforderungen zu l\u00f6sen. Wir verf\u00fcgen bereits \u00fcber zahlreiche Produkte und Technologien, die zu solchen L\u00f6sungen beitragen k\u00f6nnen. Zu unseren realisierten oder in Entwicklung befindlichen Innovationen geh\u00f6ren NAS-Batterien (Natrium-Schwefel), keramische Subnano-Membranen sowie Galliumnitrid-(GaN)-Wafer f\u00fcr Leistungshalbleiter, die zur Klimaneutralit\u00e4t beitragen. Dar\u00fcber hinaus unterst\u00fctzen unsere Komponenten f\u00fcr Halbleiterfertigungsanlagen und unsere wiederaufladbaren EnerCera-Lithium-Ionen-Batterien eine zunehmend digitalisierte Gesellschaft.<\/p>\n<p>Getreu unserer in der Philosophie der NGK-Gruppe verankerten Mission, \u201eDas menschliche Leben bereichern, indem wir der Gesellschaft neue Werte bringen\u201c, werden wir weiterhin in die Zukunft blicken und unsere fortschrittlichen Technologien einsetzen, um die Herausforderungen im Bereich Energie und Umwelt zu meistern \u2013 und zugleich die Erwartungen der Weltgemeinschaft zu erf\u00fcllen. Als global vertrauensw\u00fcrdiges Unternehmen f\u00fcr all unsere Stakeholder \u2013 Kunden, Aktion\u00e4re, Gesch\u00e4ftspartner und Mitarbeiter \u2013 sowie f\u00fcr die Gesellschaft als Ganzes arbeiten wir mit Best\u00e4ndigkeit und Entschlossenheit daran, unsere bestehenden Aktivit\u00e4ten zu st\u00e4rken und zugleich neue Produkte und Gesch\u00e4ftsfelder zu erschlie\u00dfen.<\/p>\n<p style=\"text-align: right;\">NGK Corporation<br \/>\nShigeru Kobayashi<br \/>\nPr\u00e4sident<br \/>\n<img loading=\"lazy\" decoding=\"async\" class=\"alignnone size-medium wp-image-738 alignright\" src=\"https:\/\/www.ngk-alloys.com\/wp-content\/uploads\/signature-president-ngk-300x51.png\" alt=\"\" width=\"300\" height=\"51\" srcset=\"https:\/\/www.ngk-alloys.com\/wp-content\/uploads\/signature-president-ngk-300x51.png 300w, https:\/\/www.ngk-alloys.com\/wp-content\/uploads\/signature-president-ngk-330x57.png 330w, https:\/\/www.ngk-alloys.com\/wp-content\/uploads\/signature-president-ngk-180x31.png 180w, https:\/\/www.ngk-alloys.com\/wp-content\/uploads\/signature-president-ngk.png 344w\" sizes=\"auto, (max-width: 300px) 100vw, 300px\" \/><\/p>\n<\/div>\n\n\n\n\n\n\n\n<div style=\"height:50px\" aria-hidden=\"true\" class=\"wp-block-spacer\"><\/div>\n","protected":false},"excerpt":{"rendered":"","protected":false},"author":1,"featured_media":0,"parent":3294,"menu_order":0,"comment_status":"closed","ping_status":"closed","template":"","meta":{"_acf_changed":false,"advgb_blocks_editor_width":"","advgb_blocks_columns_visual_guide":"","footnotes":""},"class_list":["post-3266","page","type-page","status-publish","hentry"],"acf":[],"coauthors":[],"author_meta":{"author_link":"https:\/\/www.ngk-alloys.com\/de\/author\/admin_ngk\/","display_name":"NGK BERYLCO"},"relative_dates":{"created":"Posted 1\u00a0Jahr ago","modified":"Updated 3\u00a0Wochen ago"},"absolute_dates":{"created":"Posted on 7 Januar 2025","modified":"Updated on 30 M\u00e4rz 2026"},"absolute_dates_time":{"created":"Posted on 7 Januar 2025 11h08","modified":"Updated on 30 M\u00e4rz 2026 15h52"},"featured_img_caption":"","featured_img":false,"series_order":"","_links":{"self":[{"href":"https:\/\/www.ngk-alloys.com\/de\/wp-json\/wp\/v2\/pages\/3266","targetHints":{"allow":["GET"]}}],"collection":[{"href":"https:\/\/www.ngk-alloys.com\/de\/wp-json\/wp\/v2\/pages"}],"about":[{"href":"https:\/\/www.ngk-alloys.com\/de\/wp-json\/wp\/v2\/types\/page"}],"author":[{"embeddable":true,"href":"https:\/\/www.ngk-alloys.com\/de\/wp-json\/wp\/v2\/users\/1"}],"replies":[{"embeddable":true,"href":"https:\/\/www.ngk-alloys.com\/de\/wp-json\/wp\/v2\/comments?post=3266"}],"version-history":[{"count":3,"href":"https:\/\/www.ngk-alloys.com\/de\/wp-json\/wp\/v2\/pages\/3266\/revisions"}],"predecessor-version":[{"id":5685,"href":"https:\/\/www.ngk-alloys.com\/de\/wp-json\/wp\/v2\/pages\/3266\/revisions\/5685"}],"up":[{"embeddable":true,"href":"https:\/\/www.ngk-alloys.com\/de\/wp-json\/wp\/v2\/pages\/3294"}],"wp:attachment":[{"href":"https:\/\/www.ngk-alloys.com\/de\/wp-json\/wp\/v2\/media?parent=3266"}],"curies":[{"name":"wp","href":"https:\/\/api.w.org\/{rel}","templated":true}]}}