{"id":3268,"date":"2025-01-07T11:20:59","date_gmt":"2025-01-07T10:20:59","guid":{"rendered":"https:\/\/www.ngk-alloys.com\/?page_id=3268"},"modified":"2026-03-30T16:37:11","modified_gmt":"2026-03-30T14:37:11","slug":"die-geschichte-der-gruppe","status":"publish","type":"page","link":"https:\/\/www.ngk-alloys.com\/de\/ueber-uns\/die-ngk-gruppe\/die-geschichte-der-gruppe\/","title":{"rendered":"Die Geschichte der Gruppe"},"content":{"rendered":"<div class=\"row\"><div class=\"col-12 heading\">\n<h2 class=\"wp-block-heading\">Die NGK-Gruppe<\/h2>\n<\/div><\/div>\n\n<div class=\"row\"><div class=\"col-12 paragraph\">\n<p>T\u00e4tig in den Bereichen Mobilit\u00e4t, Energie, IoT (Internet of Things) und Industrie, nutzt NGK Corporation (NGK) seine propriet\u00e4ren Keramiktechnologien, um die Welt der Klimaneutralit\u00e4t n\u00e4herzubringen und die digitale Gesellschaft voranzutreiben.<\/p>\n<\/div><\/div>\n\n<div class=\"row\"><div class=\"col-12 paragraph\">\n<p>Mit dem Anspruch, Produkte und Dienstleistungen auf Basis dieser einzigartigen keramischen Technologien bereitzustellen, nimmt NGK die Herausforderung an, neue Werte f\u00fcr die Entwicklung einer komfortableren Gesellschaft zu schaffen \u2013 durch Ma\u00dfnahmen wie die Entlastung der globalen Umwelt, die F\u00f6rderung einer intelligenten Gesellschaft und die Sicherstellung Sicherstellung einer stabilen Energieversorgung.<\/p>\n<\/div><\/div>\n\n<div class=\"row\"><div class=\"col-12 heading\">\n<h2 class=\"wp-block-heading\">Geschichte der Gruppe<\/h2>\n<\/div><\/div>\n\n\n<figure class=\"wp-block-table\"><table><tbody><tr><td>Gr\u00fcndungsdatum<\/td><td>5. Mai 1919<\/td><\/tr><tr><td>Kapital<\/td><td>\u00a5 70 Milliarden (per 31.03.2024), ca. 410 Millionen Euro<\/td><\/tr><tr><td>Umsatz<\/td><td>\u00a5 578,9 Milliarden (konsolidiert, per 31.03.2024), ca. 3,5 Milliarden Euro<\/td><\/tr><tr><td>Gesch\u00e4ftsf\u00fchrung<\/td><td>Pr\u00e4sident: Taku Oshima<br>Generaldirektor: Shigeru Kobayashi<\/td><\/tr><tr><td>Anzahl der Mitarbeiter<\/td><td>Vollzeit: 19.540 (konsolidiert, per 31.03.2024)<br>Teilzeit und Zeitarbeit: 2.791 (Durchschnitt 2023)<\/td><\/tr><tr><td>Gesellschaften der Gruppe<\/td><td>47 Tochtergesellschaften <br>(Asien: Japan, S\u00fcdkorea, China, Indonesien, Thailand \u2026 Amerika: USA, Mexiko \u2026 Europa: Deutschland, Frankreich, Belgien, Polen, Vereinigtes K\u00f6nigreich \u2026 Australien \u2026)<br>1 Beteiligungsgesellschaft<\/td><\/tr><tr><td>T\u00e4tigkeit<\/td><td>Herstellung und Vertrieb verschiedener keramischer Industrieprodukte, einschlie\u00dflich keramischer Katalysatortr\u00e4ger f\u00fcr Emissionskontrollsysteme, keramischer Produkte f\u00fcr elektronische Komponenten und Ger\u00e4te, Spezialmetallprodukte, Energiespeichersysteme, Isolatoren und Ausr\u00fcstungen im Bereich der elektrischen Energie.<\/td><\/tr><\/tbody><\/table><\/figure>\n","protected":false},"excerpt":{"rendered":"<p>Die NGK-Gruppe T\u00e4tig in den Bereichen Mobilit\u00e4t, Energie, IoT (Internet of Things) und Industrie, nutzt NGK Corporation (NGK) seine propriet\u00e4ren Keramiktechnologien, um die Welt der Klimaneutralit\u00e4t n\u00e4herzubringen und die digitale Gesellschaft voranzutreiben. Mit dem Anspruch, Produkte und Dienstleistungen auf Basis dieser einzigartigen keramischen Technologien bereitzustellen, nimmt NGK die Herausforderung an, neue Werte f\u00fcr die Entwicklung [&hellip;]<\/p>\n","protected":false},"author":1,"featured_media":0,"parent":3294,"menu_order":0,"comment_status":"closed","ping_status":"closed","template":"","meta":{"_acf_changed":false,"advgb_blocks_editor_width":"","advgb_blocks_columns_visual_guide":"","footnotes":""},"class_list":["post-3268","page","type-page","status-publish","hentry"],"acf":[],"coauthors":[],"author_meta":{"author_link":"https:\/\/www.ngk-alloys.com\/de\/author\/admin_ngk\/","display_name":"NGK BERYLCO"},"relative_dates":{"created":"Posted 1\u00a0Jahr ago","modified":"Updated 3\u00a0Wochen ago"},"absolute_dates":{"created":"Posted on 7 Januar 2025","modified":"Updated on 30 M\u00e4rz 2026"},"absolute_dates_time":{"created":"Posted on 7 Januar 2025 11h20","modified":"Updated on 30 M\u00e4rz 2026 16h37"},"featured_img_caption":"","featured_img":false,"series_order":"","_links":{"self":[{"href":"https:\/\/www.ngk-alloys.com\/de\/wp-json\/wp\/v2\/pages\/3268","targetHints":{"allow":["GET"]}}],"collection":[{"href":"https:\/\/www.ngk-alloys.com\/de\/wp-json\/wp\/v2\/pages"}],"about":[{"href":"https:\/\/www.ngk-alloys.com\/de\/wp-json\/wp\/v2\/types\/page"}],"author":[{"embeddable":true,"href":"https:\/\/www.ngk-alloys.com\/de\/wp-json\/wp\/v2\/users\/1"}],"replies":[{"embeddable":true,"href":"https:\/\/www.ngk-alloys.com\/de\/wp-json\/wp\/v2\/comments?post=3268"}],"version-history":[{"count":4,"href":"https:\/\/www.ngk-alloys.com\/de\/wp-json\/wp\/v2\/pages\/3268\/revisions"}],"predecessor-version":[{"id":5695,"href":"https:\/\/www.ngk-alloys.com\/de\/wp-json\/wp\/v2\/pages\/3268\/revisions\/5695"}],"up":[{"embeddable":true,"href":"https:\/\/www.ngk-alloys.com\/de\/wp-json\/wp\/v2\/pages\/3294"}],"wp:attachment":[{"href":"https:\/\/www.ngk-alloys.com\/de\/wp-json\/wp\/v2\/media?parent=3268"}],"curies":[{"name":"wp","href":"https:\/\/api.w.org\/{rel}","templated":true}]}}