{"id":3270,"date":"2025-01-07T11:17:26","date_gmt":"2025-01-07T10:17:26","guid":{"rendered":"https:\/\/www.ngk-alloys.com\/?page_id=3270"},"modified":"2026-03-30T16:08:53","modified_gmt":"2026-03-30T14:08:53","slug":"die-philosophie-der-gruppe","status":"publish","type":"page","link":"https:\/\/www.ngk-alloys.com\/de\/ueber-uns\/die-ngk-gruppe\/die-philosophie-der-gruppe\/","title":{"rendered":"Die Philosophie der Gruppe"},"content":{"rendered":"<div class=\"row\"><div class=\"col-12 heading\">\n<h2 class=\"wp-block-heading\">Die Philosophie der NGK-Gruppe<\/h2>\n<\/div><\/div>\n\n<div class=\"row\"><div class=\"col-12 paragraph\">\n<p>NGK BERYLCO ist eine Tochtergesellschaft von <a href=\"https:\/\/www.ngk-insulators.com\/en\/\" target=\"_blank\" rel=\"noopener\">NGK Corporation<\/a>. Wir sind bestrebt, das Vertrauen unserer Kunden und M\u00e4rkte zu gewinnen, indem wir im Einklang mit der von NGK Corporation festgelegten Unternehmensphilosophie der NGK-Gruppe Werte schaffen.<\/p>\n<\/div><\/div>\n\n<div class=\"row\"><div class=\"col-12 paragraph\">\n<p>F\u00fcr weitere Informationen besuchen Sie bitte die Seite <a href=\"https:\/\/www.ngk-insulators.com\/en\/info\/philosophy\/\" target=\"_blank\" rel=\"noopener\">NGK Group Philosophy<\/a>.<\/p>\n<\/div><\/div>\n\n<div class=\"row\"><div class=\"col-12 heading\">\n<h2 class=\"wp-block-heading\">Leit- und Richtlinien<\/h2>\n<\/div><\/div>\n\n<div class=\"row\"><div class=\"col-12 heading\">\n<h3 class=\"wp-block-heading\">Gesch\u00e4ftsgrunds\u00e4tze und Verhaltenskodex der NGK-Gruppe<\/h3>\n<\/div><\/div>\n\n<div class=\"row\"><div class=\"col-12 paragraph\">\n<p>Als Mitglied der NGK-Gruppe \u00fcbernimmt NGK BERYLCO seine gesellschaftliche Verantwortung und gewinnt das Vertrauen der Gesellschaft in \u00dcbereinstimmung mit den Gesch\u00e4ftsgrunds\u00e4tzen und dem Verhaltenskodex der NGK-Gruppe.<\/p>\n<\/div><\/div>\n\n<div class=\"row\"><div class=\"col-12 paragraph\">\n<p>F\u00fcr weitere Informationen besuchen Sie bitte die Seite <a href=\"https:\/\/www.ngk-insulators.com\/en\/info\/coc\/\" target=\"_blank\" rel=\"noopener\">NGK Group Corporate Business Principles and Code of Conduct<\/a>.<\/p>\n<\/div><\/div>\n\n<div class=\"row\"><div class=\"col-12 heading\">\n<h3 class=\"wp-block-heading\">Datenschutzrichtlinie<\/h3>\n<\/div><\/div>\n\n<div class=\"row\"><div class=\"col-12 paragraph\">\n<p>NGK BERYLCO sch\u00fctzt, verwaltet und verarbeitet alle personenbezogenen Daten streng gem\u00e4\u00df seiner Datenschutzrichtlinie.<\/p>\n<\/div><\/div>\n\n<div class=\"row\"><div class=\"col-12 paragraph\">\n<p>F\u00fcr weitere Informationen besuchen Sie bitte die Seite <a href=\"https:\/\/www.ngk-insulators.com\/en\/info\/policies\/\" target=\"_blank\" rel=\"noopener\">Policies and Guidelines<\/a>.<\/p>\n<\/div><\/div>\n\n<div class=\"row\"><div class=\"col-12 heading\">\n<h3 class=\"wp-block-heading\">Qualit\u00e4tspolitik<\/h3>\n<\/div><\/div>\n\n<div class=\"row\"><div class=\"col-12 paragraph\">\n<p>NGK hat sich der Qualit\u00e4t verschrieben und arbeitet kontinuierlich daran, wertvolle Produkte und Dienstleistungen anzubieten, die das Vertrauen der Kunden genie\u00dfen und von der Gesellschaft gesch\u00e4tzt werden.<\/p>\n<\/div><\/div>\n\n<div class=\"row\"><div class=\"col-12 paragraph\">\n<p>F\u00fcr weitere Informationen besuchen Sie bitte die Seite <a href=\"https:\/\/www.ngk-insulators.com\/en\/info\/policies\/\" target=\"_blank\" rel=\"noopener\">Policies and Guidelines<\/a>.<\/p>\n<\/div><\/div>\n\n<div class=\"row\"><div class=\"col-12 heading\">\n<h3 class=\"wp-block-heading\">Umweltpolitik<\/h3>\n<\/div><\/div>\n\n<div class=\"row\"><div class=\"col-12 paragraph\">\n<p>Wir sind bestrebt, umweltfreundliche Produkte zu entwickeln, zu konstruieren und herzustellen, die zum Umweltschutz beitragen und eine geringe \u00f6kologische Belastung verursachen.<\/p>\n<\/div><\/div>\n\n<div class=\"row\"><div class=\"col-12 paragraph\">\n<p>F\u00fcr weitere Informationen besuchen Sie bitte die Seite <a href=\"https:\/\/www.ngk-insulators.com\/en\/info\/policies\/\" target=\"_blank\" rel=\"noopener\">Policies and Guidelines<\/a>.<\/p>\n<\/div><\/div>","protected":false},"excerpt":{"rendered":"<p>Die Philosophie der NGK-Gruppe NGK BERYLCO ist eine Tochtergesellschaft von NGK Corporation. Wir sind bestrebt, das Vertrauen unserer Kunden und M\u00e4rkte zu gewinnen, indem wir im Einklang mit der von NGK Corporation festgelegten Unternehmensphilosophie der NGK-Gruppe Werte schaffen. F\u00fcr weitere Informationen besuchen Sie bitte die Seite NGK Group Philosophy. Leit- und Richtlinien Gesch\u00e4ftsgrunds\u00e4tze und Verhaltenskodex [&hellip;]<\/p>\n","protected":false},"author":1,"featured_media":0,"parent":3294,"menu_order":0,"comment_status":"closed","ping_status":"closed","template":"","meta":{"_acf_changed":false,"advgb_blocks_editor_width":"","advgb_blocks_columns_visual_guide":"","footnotes":""},"class_list":["post-3270","page","type-page","status-publish","hentry"],"acf":[],"coauthors":[],"author_meta":{"author_link":"https:\/\/www.ngk-alloys.com\/de\/author\/admin_ngk\/","display_name":"NGK BERYLCO"},"relative_dates":{"created":"Posted 1\u00a0Jahr ago","modified":"Updated 1\u00a0Monat ago"},"absolute_dates":{"created":"Posted on 7 Januar 2025","modified":"Updated on 30 M\u00e4rz 2026"},"absolute_dates_time":{"created":"Posted on 7 Januar 2025 11h17","modified":"Updated on 30 M\u00e4rz 2026 16h08"},"featured_img_caption":"","featured_img":false,"series_order":"","_links":{"self":[{"href":"https:\/\/www.ngk-alloys.com\/de\/wp-json\/wp\/v2\/pages\/3270","targetHints":{"allow":["GET"]}}],"collection":[{"href":"https:\/\/www.ngk-alloys.com\/de\/wp-json\/wp\/v2\/pages"}],"about":[{"href":"https:\/\/www.ngk-alloys.com\/de\/wp-json\/wp\/v2\/types\/page"}],"author":[{"embeddable":true,"href":"https:\/\/www.ngk-alloys.com\/de\/wp-json\/wp\/v2\/users\/1"}],"replies":[{"embeddable":true,"href":"https:\/\/www.ngk-alloys.com\/de\/wp-json\/wp\/v2\/comments?post=3270"}],"version-history":[{"count":4,"href":"https:\/\/www.ngk-alloys.com\/de\/wp-json\/wp\/v2\/pages\/3270\/revisions"}],"predecessor-version":[{"id":5690,"href":"https:\/\/www.ngk-alloys.com\/de\/wp-json\/wp\/v2\/pages\/3270\/revisions\/5690"}],"up":[{"embeddable":true,"href":"https:\/\/www.ngk-alloys.com\/de\/wp-json\/wp\/v2\/pages\/3294"}],"wp:attachment":[{"href":"https:\/\/www.ngk-alloys.com\/de\/wp-json\/wp\/v2\/media?parent=3270"}],"curies":[{"name":"wp","href":"https:\/\/api.w.org\/{rel}","templated":true}]}}