{"id":3274,"date":"2025-01-07T12:37:38","date_gmt":"2025-01-07T11:37:38","guid":{"rendered":"https:\/\/www.ngk-alloys.com\/?page_id=3274"},"modified":"2025-12-02T17:39:46","modified_gmt":"2025-12-02T16:39:46","slug":"qualitaetszertifikate","status":"publish","type":"page","link":"https:\/\/www.ngk-alloys.com\/de\/qse-konformitaet\/qualitaetszertifikate\/","title":{"rendered":"Qualit\u00e4tszertifikate"},"content":{"rendered":"<div class=\"row\"><div class=\"col-12 heading\">\n<h2 class=\"wp-block-heading\">Zertifizierung: kontinuierliche Verbesserung f\u00fcr unsere Kunden<\/h2>\n<\/div><\/div>\n\n<div class=\"row\"><div class=\"col-12 paragraph\">\n<p>Um den Anforderungen unserer Kunden gerecht zu werden, entwickelt NGK Berylco sein Qualit\u00e4tsprogramm stets weiter. Unser Unternehmen verf\u00fcgt \u00fcber folgende Zertifizierungen (unten als Download verf\u00fcgbar):<\/p>\n<\/div><\/div>\n\n\n<div style=\"height:20px\" aria-hidden=\"true\" class=\"wp-block-spacer\"><\/div>\n\n\n\n<ul class=\"wp-block-list\">\n<li><strong>ISO 9001:2015<\/strong> f\u00fcr Qualit\u00e4tsmanagementsysteme<\/li>\n\n\n\n<li><strong>EN 9100:2018 <\/strong>f\u00fcr die M\u00e4rkte Luftfahrt, Raumfahrt und Verteidigung<\/li>\n\n\n\n<li><strong>AS 9120 REV B<\/strong> f\u00fcr die M\u00e4rkte Luftfahrt, Raumfahrt und Verteidigung, spezifisch f\u00fcr unsere Tochtergesellschaft im Vereinigten K\u00f6nigreich<\/li>\n\n\n\n<li><strong>ISO 14001:2015<\/strong> f\u00fcr Umweltmanagement<\/li>\n\n\n\n<li><strong>ISO 45001:2018<\/strong> f\u00fcr Arbeits- und Gesundheitsschutzmanagement<\/li>\n<\/ul>\n\n\n\n<div style=\"height:20px\" aria-hidden=\"true\" class=\"wp-block-spacer\"><\/div>\n\n\n<div class=\"row\"><div class=\"col-12 paragraph\">\n<p>Z\u00f6gern Sie nicht, uns bei Fragen zu kontaktieren.<\/p>\n<\/div><\/div>\n\n\n<div style=\"height:20px\" aria-hidden=\"true\" class=\"wp-block-spacer\"><\/div>\n\n\n\n<div class=\"wp-block-columns is-layout-flex wp-container-core-columns-is-layout-9d6595d7 wp-block-columns-is-layout-flex\">\n<div class=\"wp-block-column is-layout-flow wp-block-column-is-layout-flow\"><div class=\"row\"><div class=\"col-12 paragraph\">\n<p class=\"has-text-align-center\"><strong>ISO 9001<\/strong><\/p>\n<\/div><\/div>\n\n\n<div style=\"height:20px\" aria-hidden=\"true\" class=\"wp-block-spacer\"><\/div>\n\n\n<div class=\"wp-block-image\">\n<figure class=\"aligncenter size-large is-resized\"><a href=\"https:\/\/www.ngk-alloys.com\/wp-content\/uploads\/ISO-9001_NGK-BERYLCO-FRANCE_19.02.2028_FR.pdf\" target=\"_blank\" rel=\" noreferrer noopener\"><img loading=\"lazy\" decoding=\"async\" width=\"724\" height=\"1024\" src=\"https:\/\/www.ngk-alloys.com\/wp-content\/uploads\/ISO-9001_NGK-BERYLCO-FRANCE_19.02.2028_FR-724x1024.jpg\" alt=\"\" class=\"wp-image-1739\" style=\"width:200px\" srcset=\"https:\/\/www.ngk-alloys.com\/wp-content\/uploads\/ISO-9001_NGK-BERYLCO-FRANCE_19.02.2028_FR-724x1024.jpg 724w, https:\/\/www.ngk-alloys.com\/wp-content\/uploads\/ISO-9001_NGK-BERYLCO-FRANCE_19.02.2028_FR-212x300.jpg 212w, https:\/\/www.ngk-alloys.com\/wp-content\/uploads\/ISO-9001_NGK-BERYLCO-FRANCE_19.02.2028_FR-768x1086.jpg 768w, https:\/\/www.ngk-alloys.com\/wp-content\/uploads\/ISO-9001_NGK-BERYLCO-FRANCE_19.02.2028_FR-1086x1536.jpg 1086w, https:\/\/www.ngk-alloys.com\/wp-content\/uploads\/ISO-9001_NGK-BERYLCO-FRANCE_19.02.2028_FR-934x1320.jpg 934w, https:\/\/www.ngk-alloys.com\/wp-content\/uploads\/ISO-9001_NGK-BERYLCO-FRANCE_19.02.2028_FR-700x990.jpg 700w, https:\/\/www.ngk-alloys.com\/wp-content\/uploads\/ISO-9001_NGK-BERYLCO-FRANCE_19.02.2028_FR-467x660.jpg 467w, https:\/\/www.ngk-alloys.com\/wp-content\/uploads\/ISO-9001_NGK-BERYLCO-FRANCE_19.02.2028_FR-318x450.jpg 318w, https:\/\/www.ngk-alloys.com\/wp-content\/uploads\/ISO-9001_NGK-BERYLCO-FRANCE_19.02.2028_FR-233x330.jpg 233w, https:\/\/www.ngk-alloys.com\/wp-content\/uploads\/ISO-9001_NGK-BERYLCO-FRANCE_19.02.2028_FR-127x180.jpg 127w, https:\/\/www.ngk-alloys.com\/wp-content\/uploads\/ISO-9001_NGK-BERYLCO-FRANCE_19.02.2028_FR.jpg 1242w\" sizes=\"auto, (max-width: 724px) 100vw, 724px\" \/><\/a><\/figure>\n<\/div>\n\n\n<div style=\"height:20px\" aria-hidden=\"true\" class=\"wp-block-spacer\"><\/div>\n\n\n<div class=\"row\"><div class=\"col-12 paragraph\">\n<p><strong>Produzent: <\/strong>NGK Berylco France<\/p>\n<\/div><\/div>\n\n<div class=\"row\"><div class=\"col-12 paragraph\">\n<p><strong>Werk: <\/strong>Cou\u00ebron, Frankreich<\/p>\n<\/div><\/div>\n\n<div class=\"row\"><div class=\"col-12 paragraph\">\n<p><strong>Nummer:<\/strong> FR093835-1<\/p>\n<\/div><\/div>\n\n<div class=\"row\"><div class=\"col-12 paragraph\">\n<p><strong>G\u00fcltig bis:<\/strong> 19\/02\/2028<\/p>\n<\/div><\/div>\n\n\n<div style=\"height:20px\" aria-hidden=\"true\" class=\"wp-block-spacer\"><\/div>\n\n\n\n<div class=\"wp-block-buttons is-content-justification-center is-layout-flex wp-container-core-buttons-is-layout-16018d1d wp-block-buttons-is-layout-flex\">\n<div class=\"wp-block-button\"><a class=\"wp-block-button__link btn_long is-pdf is-target-blank wp-element-button\" href=\"https:\/\/www.ngk-alloys.com\/wp-content\/uploads\/ISO-9001_NGK-BERYLCO-FRANCE_19.02.2028_DE.pdf\" target=\"_blank\" rel=\"noreferrer noopener\">Zertifikat ansehen<\/a><\/div>\n<\/div>\n<\/div>\n\n\n\n<div class=\"wp-block-column is-layout-flow wp-block-column-is-layout-flow\"><div class=\"row\"><div class=\"col-12 paragraph\">\n<p class=\"has-text-align-center\"><strong>EN 9100<\/strong><\/p>\n<\/div><\/div>\n\n\n<div style=\"height:20px\" aria-hidden=\"true\" class=\"wp-block-spacer\"><\/div>\n\n\n<div class=\"wp-block-image\">\n<figure class=\"aligncenter size-large is-resized\"><a href=\"https:\/\/www.ngk-alloys.com\/wp-content\/uploads\/EN-9100_NGK-BERYLCO-FRANCE_19.02.2028_FR.pdf\" target=\"_blank\" rel=\" noreferrer noopener\"><img loading=\"lazy\" decoding=\"async\" width=\"724\" height=\"1024\" src=\"https:\/\/www.ngk-alloys.com\/wp-content\/uploads\/EN-9100_NGK-BERYLCO-FRANCE_19.02.2028_FR-724x1024.jpg\" alt=\"\" class=\"wp-image-1740\" style=\"width:200px\" srcset=\"https:\/\/www.ngk-alloys.com\/wp-content\/uploads\/EN-9100_NGK-BERYLCO-FRANCE_19.02.2028_FR-724x1024.jpg 724w, https:\/\/www.ngk-alloys.com\/wp-content\/uploads\/EN-9100_NGK-BERYLCO-FRANCE_19.02.2028_FR-212x300.jpg 212w, https:\/\/www.ngk-alloys.com\/wp-content\/uploads\/EN-9100_NGK-BERYLCO-FRANCE_19.02.2028_FR-768x1086.jpg 768w, https:\/\/www.ngk-alloys.com\/wp-content\/uploads\/EN-9100_NGK-BERYLCO-FRANCE_19.02.2028_FR-1086x1536.jpg 1086w, https:\/\/www.ngk-alloys.com\/wp-content\/uploads\/EN-9100_NGK-BERYLCO-FRANCE_19.02.2028_FR-934x1320.jpg 934w, https:\/\/www.ngk-alloys.com\/wp-content\/uploads\/EN-9100_NGK-BERYLCO-FRANCE_19.02.2028_FR-700x990.jpg 700w, https:\/\/www.ngk-alloys.com\/wp-content\/uploads\/EN-9100_NGK-BERYLCO-FRANCE_19.02.2028_FR-467x660.jpg 467w, https:\/\/www.ngk-alloys.com\/wp-content\/uploads\/EN-9100_NGK-BERYLCO-FRANCE_19.02.2028_FR-318x450.jpg 318w, https:\/\/www.ngk-alloys.com\/wp-content\/uploads\/EN-9100_NGK-BERYLCO-FRANCE_19.02.2028_FR-233x330.jpg 233w, https:\/\/www.ngk-alloys.com\/wp-content\/uploads\/EN-9100_NGK-BERYLCO-FRANCE_19.02.2028_FR-127x180.jpg 127w, https:\/\/www.ngk-alloys.com\/wp-content\/uploads\/EN-9100_NGK-BERYLCO-FRANCE_19.02.2028_FR.jpg 1242w\" sizes=\"auto, (max-width: 724px) 100vw, 724px\" \/><\/a><\/figure>\n<\/div>\n\n\n<div style=\"height:20px\" aria-hidden=\"true\" class=\"wp-block-spacer\"><\/div>\n\n\n<div class=\"row\"><div class=\"col-12 paragraph\">\n<p><strong><strong>Produzent<\/strong>: <\/strong>NGK Berylco France<\/p>\n<\/div><\/div>\n\n<div class=\"row\"><div class=\"col-12 paragraph\">\n<p><strong>Werk: <\/strong>Cou\u00ebron, Frankreich<\/p>\n<\/div><\/div>\n\n<div class=\"row\"><div class=\"col-12 paragraph\">\n<p><strong><strong>Nummer:<\/strong><\/strong> FR093836-1<\/p>\n<\/div><\/div>\n\n<div class=\"row\"><div class=\"col-12 paragraph\">\n<p><strong>G\u00fcltig bis:<\/strong> 19\/02\/2028<\/p>\n<\/div><\/div>\n\n\n<div style=\"height:20px\" aria-hidden=\"true\" class=\"wp-block-spacer\"><\/div>\n\n\n\n<div class=\"wp-block-buttons is-content-justification-center is-layout-flex wp-container-core-buttons-is-layout-16018d1d wp-block-buttons-is-layout-flex\">\n<div class=\"wp-block-button\"><a class=\"wp-block-button__link btn_long has-text-align-center wp-element-button\" href=\"https:\/\/www.ngk-alloys.com\/wp-content\/uploads\/EN-9100_NGK-BERYLCO-FRANCE_19.02.2028_DE.pdf\" target=\"_blank\" rel=\"noreferrer noopener\">Zertifikat ansehen<\/a><\/div>\n<\/div>\n<\/div>\n\n\n\n<div class=\"wp-block-column is-layout-flow wp-block-column-is-layout-flow\"><div class=\"row\"><div class=\"col-12 paragraph\">\n<p class=\"has-text-align-center\"><strong>AS 9120 et ISO 9001<\/strong><\/p>\n<\/div><\/div>\n\n\n<div style=\"height:20px\" aria-hidden=\"true\" class=\"wp-block-spacer\"><\/div>\n\n\n<div class=\"wp-block-image\">\n<figure class=\"aligncenter size-large is-resized\"><a href=\"https:\/\/www.ngk-alloys.com\/wp-content\/uploads\/BSI-CERTIFICATE_NGK-BERYLCO-UK_RS_33181_February-2028.pdf\" target=\"_blank\" rel=\" noreferrer noopener\"><img loading=\"lazy\" decoding=\"async\" width=\"725\" height=\"1024\" src=\"https:\/\/www.ngk-alloys.com\/wp-content\/uploads\/BSI-CERTIFICATE_NGK-BERYLCO-UK_RS_33181_February-2028-725x1024.jpg\" alt=\"\" class=\"wp-image-1741\" style=\"width:200px\" srcset=\"https:\/\/www.ngk-alloys.com\/wp-content\/uploads\/BSI-CERTIFICATE_NGK-BERYLCO-UK_RS_33181_February-2028-725x1024.jpg 725w, https:\/\/www.ngk-alloys.com\/wp-content\/uploads\/BSI-CERTIFICATE_NGK-BERYLCO-UK_RS_33181_February-2028-212x300.jpg 212w, https:\/\/www.ngk-alloys.com\/wp-content\/uploads\/BSI-CERTIFICATE_NGK-BERYLCO-UK_RS_33181_February-2028-768x1085.jpg 768w, https:\/\/www.ngk-alloys.com\/wp-content\/uploads\/BSI-CERTIFICATE_NGK-BERYLCO-UK_RS_33181_February-2028-1087x1536.jpg 1087w, https:\/\/www.ngk-alloys.com\/wp-content\/uploads\/BSI-CERTIFICATE_NGK-BERYLCO-UK_RS_33181_February-2028-934x1320.jpg 934w, https:\/\/www.ngk-alloys.com\/wp-content\/uploads\/BSI-CERTIFICATE_NGK-BERYLCO-UK_RS_33181_February-2028-700x990.jpg 700w, https:\/\/www.ngk-alloys.com\/wp-content\/uploads\/BSI-CERTIFICATE_NGK-BERYLCO-UK_RS_33181_February-2028-467x660.jpg 467w, https:\/\/www.ngk-alloys.com\/wp-content\/uploads\/BSI-CERTIFICATE_NGK-BERYLCO-UK_RS_33181_February-2028-318x450.jpg 318w, https:\/\/www.ngk-alloys.com\/wp-content\/uploads\/BSI-CERTIFICATE_NGK-BERYLCO-UK_RS_33181_February-2028-233x330.jpg 233w, https:\/\/www.ngk-alloys.com\/wp-content\/uploads\/BSI-CERTIFICATE_NGK-BERYLCO-UK_RS_33181_February-2028-127x180.jpg 127w, https:\/\/www.ngk-alloys.com\/wp-content\/uploads\/BSI-CERTIFICATE_NGK-BERYLCO-UK_RS_33181_February-2028.jpg 1241w\" sizes=\"auto, (max-width: 725px) 100vw, 725px\" \/><\/a><\/figure>\n<\/div>\n\n\n<div style=\"height:20px\" aria-hidden=\"true\" class=\"wp-block-spacer\"><\/div>\n\n\n<div class=\"row\"><div class=\"col-12 paragraph\">\n<p><strong><strong>Produzent:<\/strong><\/strong> NGK Berylco UK Ltd<\/p>\n<\/div><\/div>\n\n<div class=\"row\"><div class=\"col-12 paragraph\">\n<p><strong>Werk: <\/strong>Manchester, Royaume-Uni<\/p>\n<\/div><\/div>\n\n<div class=\"row\"><div class=\"col-12 paragraph\">\n<p><strong><strong>Nummer:<\/strong><\/strong> RS 33181<\/p>\n<\/div><\/div>\n\n<div class=\"row\"><div class=\"col-12 paragraph\">\n<p><strong>G\u00fcltig bis:<\/strong> 04\/02\/2028<\/p>\n<\/div><\/div>\n\n\n<div style=\"height:20px\" aria-hidden=\"true\" class=\"wp-block-spacer\"><\/div>\n\n\n\n<div class=\"wp-block-buttons is-content-justification-center is-layout-flex wp-container-core-buttons-is-layout-16018d1d wp-block-buttons-is-layout-flex\">\n<div class=\"wp-block-button\"><a class=\"wp-block-button__link btn_long is-pdf is-target-blank wp-element-button\" href=\"https:\/\/www.ngk-alloys.com\/wp-content\/uploads\/BSI-CERTIFICATE_NGK-BERYLCO-UK_RS_33181_February-2028.pdf\" target=\"_blank\" rel=\"noreferrer noopener\">Zertifikat ansehen<\/a><\/div>\n<\/div>\n<\/div>\n<\/div>\n\n\n\n<div class=\"wp-block-columns is-layout-flex wp-container-core-columns-is-layout-9d6595d7 wp-block-columns-is-layout-flex\">\n<div class=\"wp-block-column is-layout-flow wp-block-column-is-layout-flow\"><div class=\"row\"><div class=\"col-12 paragraph\">\n<p class=\"has-text-align-center\"><strong>ISO 14001<\/strong><\/p>\n<\/div><\/div>\n\n\n<div style=\"height:20px\" aria-hidden=\"true\" class=\"wp-block-spacer\"><\/div>\n\n\n<div class=\"wp-block-image\">\n<figure class=\"aligncenter size-large is-resized\"><a href=\"https:\/\/www.ngk-alloys.com\/wp-content\/uploads\/ISO-14001_NGK-BERYLCO-FRANCE_28.02.2027-1.pdf\" target=\"_blank\" rel=\" noreferrer noopener\"><img loading=\"lazy\" decoding=\"async\" width=\"724\" height=\"1024\" src=\"https:\/\/www.ngk-alloys.com\/wp-content\/uploads\/ISO-14001_NGK-BERYLCO-FRANCE_28.02.2027-724x1024.jpg\" alt=\"\" class=\"wp-image-1738\" style=\"width:200px\" srcset=\"https:\/\/www.ngk-alloys.com\/wp-content\/uploads\/ISO-14001_NGK-BERYLCO-FRANCE_28.02.2027-724x1024.jpg 724w, https:\/\/www.ngk-alloys.com\/wp-content\/uploads\/ISO-14001_NGK-BERYLCO-FRANCE_28.02.2027-212x300.jpg 212w, https:\/\/www.ngk-alloys.com\/wp-content\/uploads\/ISO-14001_NGK-BERYLCO-FRANCE_28.02.2027-768x1086.jpg 768w, https:\/\/www.ngk-alloys.com\/wp-content\/uploads\/ISO-14001_NGK-BERYLCO-FRANCE_28.02.2027-1086x1536.jpg 1086w, https:\/\/www.ngk-alloys.com\/wp-content\/uploads\/ISO-14001_NGK-BERYLCO-FRANCE_28.02.2027-933x1320.jpg 933w, https:\/\/www.ngk-alloys.com\/wp-content\/uploads\/ISO-14001_NGK-BERYLCO-FRANCE_28.02.2027-700x990.jpg 700w, https:\/\/www.ngk-alloys.com\/wp-content\/uploads\/ISO-14001_NGK-BERYLCO-FRANCE_28.02.2027-467x660.jpg 467w, https:\/\/www.ngk-alloys.com\/wp-content\/uploads\/ISO-14001_NGK-BERYLCO-FRANCE_28.02.2027-318x450.jpg 318w, https:\/\/www.ngk-alloys.com\/wp-content\/uploads\/ISO-14001_NGK-BERYLCO-FRANCE_28.02.2027-233x330.jpg 233w, https:\/\/www.ngk-alloys.com\/wp-content\/uploads\/ISO-14001_NGK-BERYLCO-FRANCE_28.02.2027-127x180.jpg 127w, https:\/\/www.ngk-alloys.com\/wp-content\/uploads\/ISO-14001_NGK-BERYLCO-FRANCE_28.02.2027.jpg 1241w\" sizes=\"auto, (max-width: 724px) 100vw, 724px\" \/><\/a><\/figure>\n<\/div>\n\n\n<div style=\"height:20px\" aria-hidden=\"true\" class=\"wp-block-spacer\"><\/div>\n\n\n<div class=\"row\"><div class=\"col-12 paragraph\">\n<p><strong><strong>Produzent:<\/strong> <\/strong>NGK Berylco France<\/p>\n<\/div><\/div>\n\n<div class=\"row\"><div class=\"col-12 paragraph\">\n<p><strong>Werk: <\/strong>Cou\u00ebron, Frankreich<\/p>\n<\/div><\/div>\n\n<div class=\"row\"><div class=\"col-12 paragraph\">\n<p><strong><strong>Nummer:<\/strong><\/strong> FR086468-1<\/p>\n<\/div><\/div>\n\n<div class=\"row\"><div class=\"col-12 paragraph\">\n<p><strong>G\u00fcltig bis:<\/strong> 28\/02\/2027<\/p>\n<\/div><\/div>\n\n\n<div style=\"height:20px\" aria-hidden=\"true\" class=\"wp-block-spacer\"><\/div>\n\n\n\n<div class=\"wp-block-buttons is-content-justification-center is-layout-flex wp-container-core-buttons-is-layout-16018d1d wp-block-buttons-is-layout-flex\">\n<div class=\"wp-block-button\"><a class=\"wp-block-button__link btn_long is-pdf is-target-blank wp-element-button\" href=\"https:\/\/www.ngk-alloys.com\/wp-content\/uploads\/ISO-14001_NGK-BERYLCO-FRANCE_28.02.2027-1.pdf\" target=\"_blank\" rel=\"noreferrer noopener\">Zertifikat ansehen<\/a><\/div>\n<\/div>\n<\/div>\n\n\n\n<div class=\"wp-block-column is-layout-flow wp-block-column-is-layout-flow\"><div class=\"row\"><div class=\"col-12 paragraph\">\n<p class=\"has-text-align-center\"><strong>EN 45001<\/strong><\/p>\n<\/div><\/div>\n\n\n<div style=\"height:20px\" aria-hidden=\"true\" class=\"wp-block-spacer\"><\/div>\n\n\n<div class=\"wp-block-image\">\n<figure class=\"aligncenter size-large is-resized\"><a href=\"https:\/\/www.ngk-alloys.com\/wp-content\/uploads\/ISO-45001_NGK-BERYLCO-FRANCE_28.02.2027-1.pdf\" target=\"_blank\" rel=\" noreferrer noopener\"><img loading=\"lazy\" decoding=\"async\" width=\"724\" height=\"1024\" src=\"https:\/\/www.ngk-alloys.com\/wp-content\/uploads\/ISO-45001_NGK-BERYLCO-FRANCE_28.02.2027-724x1024.jpg\" alt=\"\" class=\"wp-image-1737\" style=\"width:200px\" srcset=\"https:\/\/www.ngk-alloys.com\/wp-content\/uploads\/ISO-45001_NGK-BERYLCO-FRANCE_28.02.2027-724x1024.jpg 724w, https:\/\/www.ngk-alloys.com\/wp-content\/uploads\/ISO-45001_NGK-BERYLCO-FRANCE_28.02.2027-212x300.jpg 212w, https:\/\/www.ngk-alloys.com\/wp-content\/uploads\/ISO-45001_NGK-BERYLCO-FRANCE_28.02.2027-768x1086.jpg 768w, https:\/\/www.ngk-alloys.com\/wp-content\/uploads\/ISO-45001_NGK-BERYLCO-FRANCE_28.02.2027-1086x1536.jpg 1086w, https:\/\/www.ngk-alloys.com\/wp-content\/uploads\/ISO-45001_NGK-BERYLCO-FRANCE_28.02.2027-933x1320.jpg 933w, https:\/\/www.ngk-alloys.com\/wp-content\/uploads\/ISO-45001_NGK-BERYLCO-FRANCE_28.02.2027-700x990.jpg 700w, https:\/\/www.ngk-alloys.com\/wp-content\/uploads\/ISO-45001_NGK-BERYLCO-FRANCE_28.02.2027-467x660.jpg 467w, https:\/\/www.ngk-alloys.com\/wp-content\/uploads\/ISO-45001_NGK-BERYLCO-FRANCE_28.02.2027-318x450.jpg 318w, https:\/\/www.ngk-alloys.com\/wp-content\/uploads\/ISO-45001_NGK-BERYLCO-FRANCE_28.02.2027-233x330.jpg 233w, https:\/\/www.ngk-alloys.com\/wp-content\/uploads\/ISO-45001_NGK-BERYLCO-FRANCE_28.02.2027-127x180.jpg 127w, https:\/\/www.ngk-alloys.com\/wp-content\/uploads\/ISO-45001_NGK-BERYLCO-FRANCE_28.02.2027.jpg 1241w\" sizes=\"auto, (max-width: 724px) 100vw, 724px\" \/><\/a><\/figure>\n<\/div>\n\n\n<div style=\"height:20px\" aria-hidden=\"true\" class=\"wp-block-spacer\"><\/div>\n\n\n<div class=\"row\"><div class=\"col-12 paragraph\">\n<p><strong><strong>Produzent:<\/strong> <\/strong>NGK Berylco France<\/p>\n<\/div><\/div>\n\n<div class=\"row\"><div class=\"col-12 paragraph\">\n<p><strong>Werk: <\/strong>Cou\u00ebron, Frankreich<\/p>\n<\/div><\/div>\n\n<div class=\"row\"><div class=\"col-12 paragraph\">\n<p><strong>Nummer:<\/strong> FR086469-1<\/p>\n<\/div><\/div>\n\n<div class=\"row\"><div class=\"col-12 paragraph\">\n<p><strong>G\u00fcltig bis:<\/strong> 28\/02\/2027<\/p>\n<\/div><\/div>\n\n\n<div style=\"height:20px\" aria-hidden=\"true\" class=\"wp-block-spacer\"><\/div>\n\n\n\n<div class=\"wp-block-buttons is-content-justification-center is-layout-flex wp-container-core-buttons-is-layout-16018d1d wp-block-buttons-is-layout-flex\">\n<div class=\"wp-block-button\"><a class=\"wp-block-button__link btn_long has-text-align-center wp-element-button\" href=\"https:\/\/www.ngk-alloys.com\/wp-content\/uploads\/ISO-45001_NGK-BERYLCO-FRANCE_28.02.2027-1.pdf\" target=\"_blank\" rel=\"noreferrer noopener\">Zertifikat ansehen<\/a><\/div>\n<\/div>\n<\/div>\n\n\n\n<div class=\"wp-block-column is-layout-flow wp-block-column-is-layout-flow\">\n<div style=\"height:20px\" aria-hidden=\"true\" class=\"wp-block-spacer\"><\/div>\n\n\n<div class=\"row\"><div class=\"col-12 paragraph\">\n<p class=\"has-text-align-center\"><\/p>\n<\/div><\/div>\n\n<div class=\"row\"><div class=\"col-12 paragraph\">\n<p><\/p>\n<\/div><\/div>\n\n\n<div style=\"height:20px\" aria-hidden=\"true\" class=\"wp-block-spacer\"><\/div>\n<\/div>\n<\/div>\n\n\n\n<div style=\"height:20px\" aria-hidden=\"true\" class=\"wp-block-spacer\"><\/div>\n\n\n<div class=\"wp-block-image\">\n<figure class=\"aligncenter size-full\"><img loading=\"lazy\" decoding=\"async\" width=\"189\" height=\"88\" src=\"https:\/\/www.ngk-alloys.com\/wp-content\/uploads\/bureau-veritas.png\" alt=\"\" class=\"wp-image-1754\" srcset=\"https:\/\/www.ngk-alloys.com\/wp-content\/uploads\/bureau-veritas.png 189w, https:\/\/www.ngk-alloys.com\/wp-content\/uploads\/bureau-veritas-180x84.png 180w\" sizes=\"auto, (max-width: 189px) 100vw, 189px\" \/><\/figure>\n<\/div>","protected":false},"excerpt":{"rendered":"<p>Zertifizierung: kontinuierliche Verbesserung f\u00fcr unsere Kunden Um den Anforderungen unserer Kunden gerecht zu werden, entwickelt NGK Berylco sein Qualit\u00e4tsprogramm stets weiter. Unser Unternehmen verf\u00fcgt \u00fcber folgende Zertifizierungen (unten als Download verf\u00fcgbar): Z\u00f6gern Sie nicht, uns bei Fragen zu kontaktieren. ISO 9001 Produzent: NGK Berylco France Werk: Cou\u00ebron, Frankreich Nummer: FR093835-1 G\u00fcltig bis: 19\/02\/2028 EN 9100 [&hellip;]<\/p>\n","protected":false},"author":1,"featured_media":958,"parent":3348,"menu_order":0,"comment_status":"closed","ping_status":"closed","template":"","meta":{"_acf_changed":false,"advgb_blocks_editor_width":"","advgb_blocks_columns_visual_guide":"","footnotes":""},"class_list":["post-3274","page","type-page","status-publish","has-post-thumbnail","hentry"],"acf":[],"coauthors":[],"author_meta":{"author_link":"https:\/\/www.ngk-alloys.com\/de\/author\/admin_ngk\/","display_name":"NGK BERYLCO"},"relative_dates":{"created":"Posted 1\u00a0Jahr ago","modified":"Updated 5\u00a0Monaten ago"},"absolute_dates":{"created":"Posted on 7 Januar 2025","modified":"Updated on 2 Dezember 2025"},"absolute_dates_time":{"created":"Posted on 7 Januar 2025 12h37","modified":"Updated on 2 Dezember 2025 17h39"},"featured_img_caption":"","featured_img":"https:\/\/www.ngk-alloys.com\/wp-content\/uploads\/certificat.jpg","series_order":"","_links":{"self":[{"href":"https:\/\/www.ngk-alloys.com\/de\/wp-json\/wp\/v2\/pages\/3274","targetHints":{"allow":["GET"]}}],"collection":[{"href":"https:\/\/www.ngk-alloys.com\/de\/wp-json\/wp\/v2\/pages"}],"about":[{"href":"https:\/\/www.ngk-alloys.com\/de\/wp-json\/wp\/v2\/types\/page"}],"author":[{"embeddable":true,"href":"https:\/\/www.ngk-alloys.com\/de\/wp-json\/wp\/v2\/users\/1"}],"replies":[{"embeddable":true,"href":"https:\/\/www.ngk-alloys.com\/de\/wp-json\/wp\/v2\/comments?post=3274"}],"version-history":[{"count":5,"href":"https:\/\/www.ngk-alloys.com\/de\/wp-json\/wp\/v2\/pages\/3274\/revisions"}],"predecessor-version":[{"id":4779,"href":"https:\/\/www.ngk-alloys.com\/de\/wp-json\/wp\/v2\/pages\/3274\/revisions\/4779"}],"up":[{"embeddable":true,"href":"https:\/\/www.ngk-alloys.com\/de\/wp-json\/wp\/v2\/pages\/3348"}],"wp:featuredmedia":[{"embeddable":true,"href":"https:\/\/www.ngk-alloys.com\/de\/wp-json\/wp\/v2\/media\/958"}],"wp:attachment":[{"href":"https:\/\/www.ngk-alloys.com\/de\/wp-json\/wp\/v2\/media?parent=3274"}],"curies":[{"name":"wp","href":"https:\/\/api.w.org\/{rel}","templated":true}]}}