{"id":3276,"date":"2025-01-07T12:24:10","date_gmt":"2025-01-07T11:24:10","guid":{"rendered":"https:\/\/www.ngk-alloys.com\/?page_id=3276"},"modified":"2026-03-30T17:17:48","modified_gmt":"2026-03-30T15:17:48","slug":"produktkonformitaet","status":"publish","type":"page","link":"https:\/\/www.ngk-alloys.com\/de\/qse-konformitaet\/produktkonformitaet\/","title":{"rendered":"Produktkonformit\u00e4t"},"content":{"rendered":"<nav class=\"nav-link-internal center mt90 mt40-sp\">\n    <ul>\n                <li><a href=\"#information\">Informationsschreiben <span class=\"icon icon-gaishi-down\"><\/span><\/a><\/li>\n                <li><a href=\"#reach\">REACH-Verordnung <span class=\"icon icon-gaishi-down\"><\/span><\/a><\/li>\n                <li><a href=\"#rohs\">Europ\u00e4ische RoHS-Richtlinie <span class=\"icon icon-gaishi-down\"><\/span><\/a><\/li>\n                <li><a href=\"#elv\">Europ\u00e4ische ELV-Richtlinie <span class=\"icon icon-gaishi-down\"><\/span><\/a><\/li>\n                <li><a href=\"#cmrd\">Europ\u00e4ische CMRD-Richtlinie <span class=\"icon icon-gaishi-down\"><\/span><\/a><\/li>\n                <li><a href=\"#conflict\">Konfliktmineralien <span class=\"icon icon-gaishi-down\"><\/span><\/a><\/li>\n            <\/ul>\n<\/nav>\n\n\n\n\n\n\n<div style=\"height:50px\" aria-hidden=\"true\" class=\"wp-block-spacer\"><\/div>\n\n\n<div class=\"row\"><div class=\"col-12 paragraph\">\n<p>Unsere Unternehmensgruppe NGK Corporation geh\u00f6rt zu den weltweit f\u00fchrenden Herstellern von Kupfer-Beryllium- und Kupfer-Nickel-Zinn-Legierungen. Wir beteiligen uns aktiv an Umweltstudien zu allen in unseren Produkten verwendeten Stoffen, insbesondere zu Beryllium, dem Schl\u00fcsselelement unserer Berylco-Legierungen.<\/p>\n<\/div><\/div>\n\n<div class=\"row\"><div class=\"col-12 paragraph\">\n<p>Nach mehreren Bewertungen durch die europ\u00e4ischen Beh\u00f6rden in den letzten Jahren sei daran erinnert, <strong>dass Beryllium keinen Beschr\u00e4nkungen unterliegt und dies auch in Zukunft nicht der Fall sein wird<\/strong>. Seine Verwendung erfordert jedoch Risikomanagement-Ma\u00dfnahmen am Arbeitsplatz, die durch die europ\u00e4ische CMRD-Richtlinie geregelt sind (Details siehe unten).<\/p>\n<\/div><\/div>\n\n<div class=\"row\"><div class=\"col-12 paragraph\">\n<p>Beryllium ist seit der ersten Liste von 2011 in die Liste der kritischen Rohstoffe f\u00fcr die Europ\u00e4ische Union aufgenommen (34 Rohstoffe gem\u00e4\u00df der letzten Liste von 2023). Wie viele andere Metalle, die f\u00fcr die Energie- und Digitalisierungstransformation unverzichtbar sind, ist Beryllium somit von den europ\u00e4ischen Beh\u00f6rden offiziell f\u00fcr seine wirtschaftliche und strategische Bedeutung anerkannt.<\/p>\n<\/div><\/div>\n\n<div class=\"row\"><div class=\"col-12 paragraph\">\n<p>Unsere oberste Priorit\u00e4t ist die Einhaltung der geltenden gesetzlichen Vorschriften, um die Nachhaltigkeit unserer Produkte f\u00fcr unsere Kunden zu gew\u00e4hrleisten. Nachfolgend finden Sie eine detaillierte \u00dcbersicht \u00fcber die wichtigsten europ\u00e4ischen Vorschriften und Richtlinien, die f\u00fcr unsere Produkte relevant sind: REACH, RoHS, ELV, CMRD und Konfliktmineralien.<\/p>\n<\/div><\/div>\n\n<div class=\"row\"><div class=\"col-12 paragraph\">\n<p>F\u00fcr weitere Informationen k\u00f6nnen Sie unsere Expertin f\u00fcr Regulierungsfragen und bew\u00e4hrte Anwendungspraktiken unserer Produkte kontaktieren: Ang\u00e9lique Renier.<\/p>\n<\/div><\/div>\n\n<div class=\"row\"><div class=\"col-12 heading\">\n<h2 class=\"wp-block-heading\" id=\"information\">Informationsschreiben<\/h2>\n<\/div><\/div>\n\n<div class=\"row\"><div class=\"col-12 paragraph\">\n<p>Wir bieten ein Informationsschreiben zum Download an, das die Konformit\u00e4t unserer Produkte mit den wichtigsten europ\u00e4ischen Vorschriften best\u00e4tigt (REACH-Verordnung, RoHS-, ELV- und CMRD-Richtlinien, Konfliktmineralien).<br>Letzte Aktualisierung: 4. Februar 2026 (nach der neuesten Ver\u00f6ffentlichung der REACH-Kandidatenliste durch die Europ\u00e4ische Chemikalienagentur ECHA).<\/p>\n<\/div><\/div>\n\n\n<div style=\"height:30px\" aria-hidden=\"true\" class=\"wp-block-spacer\"><\/div>\n\n\n\n<div class=\"wp-block-buttons is-layout-flex wp-block-buttons-is-layout-flex\">\n<div class=\"wp-block-button\"><a class=\"wp-block-button__link btn_long is-pdf is-target-blank wp-element-button\" href=\"https:\/\/www.ngk-alloys.com\/wp-content\/uploads\/NGK-ENV-36-EN.pdf\" target=\"_blank\" rel=\"noreferrer noopener\">Information Letter<\/a><\/div>\n<\/div>\n\n\n<div class=\"row\"><div class=\"col-12 heading\">\n<h2 class=\"wp-block-heading\" id=\"reach\">REACH-Verordnung<\/h2>\n<\/div><\/div>\n\n\n<figure class=\"wp-block-image size-full is-resized\"><img loading=\"lazy\" decoding=\"async\" width=\"430\" height=\"634\" src=\"https:\/\/www.ngk-alloys.com\/wp-content\/uploads\/reach-logo.jpg\" alt=\"\" class=\"wp-image-2139\" style=\"width:115px;height:auto\" srcset=\"https:\/\/www.ngk-alloys.com\/wp-content\/uploads\/reach-logo.jpg 430w, https:\/\/www.ngk-alloys.com\/wp-content\/uploads\/reach-logo-203x300.jpg 203w, https:\/\/www.ngk-alloys.com\/wp-content\/uploads\/reach-logo-305x450.jpg 305w, https:\/\/www.ngk-alloys.com\/wp-content\/uploads\/reach-logo-224x330.jpg 224w, https:\/\/www.ngk-alloys.com\/wp-content\/uploads\/reach-logo-122x180.jpg 122w\" sizes=\"auto, (max-width: 430px) 100vw, 430px\" \/><\/figure>\n\n\n\n<div style=\"height:30px\" aria-hidden=\"true\" class=\"wp-block-spacer\"><\/div>\n\n\n<div class=\"row\"><div class=\"col-12 paragraph\">\n<p>REACH ist die Abk\u00fcrzung f\u00fcr Registration, Evaluation, Authorisation and Restriction of Chemicals. Es handelt sich um die europ\u00e4ische Chemikalienverordnung (1907\/2006) \u00fcber die Registrierung, Bewertung, Zulassung und Beschr\u00e4nkung chemischer Stoffe, die am 1. Juni 2007 in Kraft trat.<\/p>\n<\/div><\/div>\n\n<div class=\"row\"><div class=\"col-12 heading\">\n<h3 class=\"wp-block-heading\">Registrierung von Beryllium<\/h3>\n<\/div><\/div>\n\n<div class=\"row\"><div class=\"col-12 paragraph\">\n<p>Obwohl unsere Kupfer-Beryllium-Produkte im Rahmen von REACH als \u201eErzeugnisse\u201c und nicht als Stoffe oder Gemische gelten, haben wir als wichtiger Akteur der Berylliumindustrie dennoch Beryllium im November 2010 registriert (Nr. 01-2119487146-32-0003). NGK Berylco France, NGK Deutsche Berylco GmbH und NGK Berylco UK sind Mitglieder des Beryllium-REACH-Konsortiums.<\/p>\n<\/div><\/div>\n\n<div class=\"row\"><div class=\"col-12 heading\">\n<h3 class=\"wp-block-heading\">Kandidatenliste besonders besorgniserregender Stoffe (SVHC)<\/h3>\n<\/div><\/div>\n\n<div class=\"row\"><div class=\"col-12 paragraph\">\n<p>Die ECHA ver\u00f6ffentlicht alle sechs Monate Aktualisierungen dieser Liste, die Stoffe enth\u00e4lt, die einer Zulassungspflicht unterliegen k\u00f6nnten. F\u00fcr Erzeugnisse mit diesen Stoffen muss der Hersteller den Nutzer informieren. <strong>Alle unsere Berylco-Produkte sind REACH-konform und enthalten keine SVHC.<\/strong><\/p>\n<\/div><\/div>\n\n\n<div style=\"height:30px\" aria-hidden=\"true\" class=\"wp-block-spacer\"><\/div>\n\n\n\n<div class=\"wp-block-buttons is-layout-flex wp-block-buttons-is-layout-flex\">\n<div class=\"wp-block-button\"><a class=\"wp-block-button__link btn_long is-target-blank wp-element-button\" href=\"https:\/\/echa.europa.eu\/de\/candidate-list-table\" target=\"_blank\" rel=\"noreferrer noopener\">Kandidatenliste ECHA<\/a><\/div>\n<\/div>\n\n\n<div class=\"row\"><div class=\"col-12 heading\">\n<h3 class=\"wp-block-heading\">Besonderer Fall Berylco 33\/25 Stangen<\/h3>\n<\/div><\/div>\n\n<div class=\"row\"><div class=\"col-12 paragraph\">\n<p>Unsere Automatenlegierung Berylco 33\/25 (CuBe2Pb \u2013 UNS C17300) enth\u00e4lt Blei, das am 27. Juni 2018 in die SVHC-Kandidatenliste aufgenommen wurde.<\/p>\n<\/div><\/div>\n\n<div class=\"row\"><div class=\"col-12 paragraph\">\n<p>Gem\u00e4\u00df Artikel 33 der REACH-Verordnung 1907\/2006 informieren wir unsere Kunden \u00fcber den m\u00f6glichen Gehalt von mehr als 0,1 % Blei in diesen Stangen (bis 0,6 %). Der Bleianteil ist notwendig, um die sehr gute Zerspanbarkeit der Legierung zu gew\u00e4hrleisten. Ein gleichwertiger Ersatz existiert derzeit nicht.<\/p>\n<\/div><\/div>\n\n<div class=\"row\"><div class=\"col-12 paragraph\">\n<p>Unsere Stangen wurden in die SCIP-Datenbank der ECHA eingetragen. <strong>UUID: 33e4d665-ee50-412a-8340-3d955ee7fee4.<\/strong><\/p>\n<\/div><\/div>\n\n<div class=\"row\"><div class=\"col-12 heading\">\n<h3 class=\"wp-block-heading\">Bewertung von Beryllium im Rahmen von REACH<\/h3>\n<\/div><\/div>\n\n<div class=\"row\"><div class=\"col-12 paragraph\">\n<p><strong>Beryllium ist nicht \u2013 und wird nicht \u2013 in die SVHC-Liste aufgenommen<\/strong>.<\/p>\n<\/div><\/div>\n\n<div class=\"row\"><div class=\"col-12 paragraph\">\n<p>Eine 2016 in Deutschland durchgef\u00fchrte Analyse der geeigneten Regulierungsoptionen (RMOA) kam zu dem Schluss, dass Beryllium nicht in die Kandidatenliste aufgenommen werden soll.<\/p>\n<\/div><\/div>\n\n\n<div style=\"height:30px\" aria-hidden=\"true\" class=\"wp-block-spacer\"><\/div>\n\n\n\n<div class=\"wp-block-buttons is-layout-flex wp-block-buttons-is-layout-flex\">\n<div class=\"wp-block-button\"><a class=\"wp-block-button__link btn_long is-pdf is-target-blank wp-element-button\" href=\"https:\/\/www.ngk-alloys.com\/wp-content\/uploads\/rmoa_conclusion_beryllium_8179_en.pdf\" target=\"_blank\" rel=\"noreferrer noopener\">ECHA Beryllium RMOA<\/a><\/div>\n<\/div>\n\n\n<div class=\"row\"><div class=\"col-12 heading\">\n<h2 class=\"wp-block-heading\" id=\"rohs\">Europ\u00e4ische RoHS-Richtlinie<\/h2>\n<\/div><\/div>\n\n\n<figure class=\"wp-block-image size-full is-resized\"><img loading=\"lazy\" decoding=\"async\" width=\"242\" height=\"152\" src=\"https:\/\/www.ngk-alloys.com\/wp-content\/uploads\/La-Societe_Environnement_RoHS_Ready.png\" alt=\"\" class=\"wp-image-952\" style=\"width:172px;height:auto\" srcset=\"https:\/\/www.ngk-alloys.com\/wp-content\/uploads\/La-Societe_Environnement_RoHS_Ready.png 242w, https:\/\/www.ngk-alloys.com\/wp-content\/uploads\/La-Societe_Environnement_RoHS_Ready-180x113.png 180w\" sizes=\"auto, (max-width: 242px) 100vw, 242px\" \/><\/figure>\n\n\n\n<div style=\"height:30px\" aria-hidden=\"true\" class=\"wp-block-spacer\"><\/div>\n\n\n<div class=\"row\"><div class=\"col-12 paragraph\">\n<p>RoHS bedeutet \u201eRestriction of the Use of Certain Hazardous Substances in Electrical and Electronic Equipment\u201c, also die Beschr\u00e4nkung der Verwendung bestimmter gef\u00e4hrlicher Stoffe in elektrischen und elektronischen Ger\u00e4ten (EEE). Die RoHS-Richtlinie (2002\/95\/EG) hat zum Ziel, die Verwendung bestimmter gef\u00e4hrlicher Stoffe zu begrenzen.<\/p>\n<\/div><\/div>\n\n<div class=\"row\"><div class=\"col-12 paragraph\">\n<p>Seit dem 1. Juli 2006 muss jedes neue Produkt, das auf dem Markt der Europ\u00e4ischen Union in Verkehr gebracht wird \u2013 ob importiert oder in der EU hergestellt \u2013, dieser Richtlinie entsprechen. Seit ihrer Verabschiedung wurde die RoHS-Richtlinie 2011 (2011\/65\/EU, RoHS 2) und 2015 (2015\/863\/EU, RoHS 3; Inkrafttreten am 22. Juli 2019) \u00fcberarbeitet.<\/p>\n<\/div><\/div>\n\n<div class=\"row\"><div class=\"col-12 heading\">\n<h3 class=\"wp-block-heading\">Konformit\u00e4t der Berylco-Produkte<\/h3>\n<\/div><\/div>\n\n<div class=\"row\"><div class=\"col-12 paragraph\">\n<p>Alle Berylco-Legierungen entsprechen der RoHS-Richtlinie 2015\/863\/EU (sogenannte RoHS 3).<\/p>\n<\/div><\/div>\n\n<div class=\"row\"><div class=\"col-12 heading\">\n<h3 class=\"wp-block-heading\">RoHS-Bewertung von Beryllium<\/h3>\n<\/div><\/div>\n\n<div class=\"row\"><div class=\"col-12 paragraph\">\n<p>Die letzte Bewertung (<a href=\"https:\/\/op.europa.eu\/de\/publication-detail\/-\/publication\/ce50dc9c-6c19-11eb-aeb5-01aa75ed71a1\" target=\"_blank\" rel=\"noreferrer noopener\">ROHS Pack 15 Report Nov. 2020<\/a>) empfiehlt keine Beschr\u00e4nkung von Beryllium. Es gibt daher keine Einschr\u00e4nkung f\u00fcr die Verwendung von Kupfer-Beryllium.<\/p>\n<\/div><\/div>\n\n<div class=\"row\"><div class=\"col-12 heading\">\n<h3 class=\"wp-block-heading\">Besonderer Fall der Stangen Berylco 33\/25<\/h3>\n<\/div><\/div>\n\n<div class=\"row\"><div class=\"col-12 paragraph\">\n<p>Es ist zu beachten, dass nur unsere Legierung Berylco 33\/25 (CuBe2Pb \u2013 UNS C17300) eine geringe Menge Blei (&lt; 1 %) enth\u00e4lt, die f\u00fcr eine ausgezeichnete Zerspanbarkeit unerl\u00e4sslich ist, und dass Blei zu den 10 eingeschr\u00e4nkten Stoffen geh\u00f6rt. Die Legierung Berylco 33\/25 ist jedoch konform mit der RoHS-Richtlinie aufgrund der Ausnahme 6-c (Kupferlegierungen mit einem Bleianteil bis zu 4 %). Die Verl\u00e4ngerung dieser Ausnahme wurde 2022 von der Europ\u00e4ischen Kommission empfohlen (<a href=\"https:\/\/op.europa.eu\/de\/publication-detail\/-\/publication\/c774eb67-7cc6-11ec-8c40-01aa75ed71a1\" target=\"_blank\" rel=\"noreferrer noopener\">RoHS Pack 22 Report February 2022<\/a>).<\/p>\n<\/div><\/div>\n\n<div class=\"row\"><div class=\"col-12 heading\">\n<h2 class=\"wp-block-heading\" id=\"elv\">Europ\u00e4ische ELV-Richtlinie<\/h2>\n<\/div><\/div>\n\n<div class=\"row\"><div class=\"col-12 paragraph\">\n<p>ELV bedeutet \u201eEnd-of-Life Vehicles\u201c, d. h. Altfahrzeuge. Die ELV-Richtlinie (2000\/53\/EG) zielt darauf ab, den Einsatz gef\u00e4hrlicher Stoffe in den Verwertungs-, Recycling- und Verarbeitungsprozessen von Altfahrzeugen zu reduzieren. Vier Stoffe unterliegen Beschr\u00e4nkungen (Schwermetalle): Blei, Quecksilber, Cadmium, Chrom(VI).<\/p>\n<\/div><\/div>\n\n<div class=\"row\"><div class=\"col-12 paragraph\">\n<p>Wie bereits bei der RoHS-Richtlinie erw\u00e4hnt, enth\u00e4lt unsere Legierung Berylco 33\/25 Blei, jedoch mit einem Gehalt von weniger als 4 % und ist somit konform aufgrund der Ausnahme 3 f\u00fcr Kupferlegierungen mit Blei. Siehe Richtlinie 2013\/28\/EU zur \u00c4nderung des Anhangs II der Richtlinie 2000\/53\/EG.<\/p>\n<\/div><\/div>\n\n<div class=\"row\"><div class=\"col-12 paragraph\">\n<p>Alle unsere Berylco-Produkte entsprechen der Richtlinie 2000\/53\/EG (ELV).<\/p>\n<\/div><\/div>\n\n<div class=\"row\"><div class=\"col-12 heading\">\n<h2 class=\"wp-block-heading\" id=\"cmrd\">Europ\u00e4ische CMRD-Richtlinie<\/h2>\n<\/div><\/div>\n\n<div class=\"row\"><div class=\"col-12 paragraph\">\n<p>CMRD bedeutet \u201eCarcinogen, Mutagen and Reprotoxic Directive\u201c, also die Richtlinie \u00fcber krebserregende, erbgutver\u00e4ndernde und reproduktionstoxische Stoffe. Die CMRD-Richtlinie 2004\/37\/EG betrifft den Schutz der Arbeitnehmer vor den Risiken, die mit der Exposition gegen\u00fcber krebserregenden, erbgutver\u00e4ndernden und reproduktionstoxischen Stoffen am Arbeitsplatz verbunden sind.<\/p>\n<\/div><\/div>\n\n<div class=\"row\"><div class=\"col-12 heading\">\n<h3 class=\"wp-block-heading\">Aufnahme von Beryllium<\/h3>\n<\/div><\/div>\n\n<div class=\"row\"><div class=\"col-12 paragraph\">\n<p>Beryllium kann am Arbeitsplatz ein Risiko darstellen, wenn feine Partikel von sensibilisierten Personen eingeatmet werden (chronische Atemwegserkrankung, sogenannte CBD (Chronic Beryllium Disease) oder Berylliose), und wurde aus diesem Grund in die CMRD-Richtlinie aufgenommen (Inkrafttreten am 11. Juli 2019 durch die <a href=\"https:\/\/eur-lex.europa.eu\/legal-content\/DE\/TXT\/?uri=uriserv%3AOJ.L_.2019.164.01.0023.01.ENG&amp;toc=OJ%3AL%3A2019%3A164%3ATOC\" target=\"_blank\" rel=\"noreferrer noopener\">Richtlinie 2019\/183<\/a> zur \u00c4nderung des Anhangs III der Richtlinie 2004\/37\/EG).<\/p>\n<\/div><\/div>\n\n<div class=\"row\"><div class=\"col-12 paragraph\">\n<p>Diese Richtlinie legt einen Arbeitsplatzgrenzwert (OEL) f\u00fcr Beryllium von 0,6 \u00b5g\/m\u00b3 (Mikrogramm pro Kubikmeter Luft \u2013 inhalierbarer Anteil \u2013 8 Stunden) fest, gefolgt von 0,2 ab dem 12. Juli 2026. Die Mitgliedstaaten hatten 2 Jahre Zeit, diese auf nationaler Ebene umzusetzen. Diese Richtlinie garantiert die Einhaltung eines harmonisierten Grenzwerts in der gesamten Europ\u00e4ischen Union.<\/p>\n<\/div><\/div>\n\n<div class=\"row\"><div class=\"col-12 paragraph\">\n<p>Frankreich hat die Richtlinie 2019\/183 im Jahr 2021 umgesetzt, Inkrafttreten am 1. M\u00e4rz 2022: <a href=\"https:\/\/www.legifrance.gouv.fr\/jorf\/id\/JORFTEXT000044591520\" target=\"_blank\" rel=\"noreferrer noopener\">Dekret 2021-1849<\/a>.<\/p>\n<\/div><\/div>\n\n<div class=\"row\"><div class=\"col-12 heading\">\n<h3 class=\"wp-block-heading\">Programm guter Praktiken \u201eBe Responsible\u201c<\/h3>\n<\/div><\/div>\n\n<div class=\"row\"><div class=\"col-12 paragraph\">\n<p>Die Berylliumindustrie hat ein Programm f\u00fcr verantwortungsvolles Produktmanagement f\u00fcr Materialien mit Beryllium entwickelt, das \u201eBe Responsible\u201c genannt wird (Be als Anspielung auf das chemische Symbol f\u00fcr Beryllium). Dieses Programm basiert auf bew\u00e4hrten Praktiken am Arbeitsplatz sowie auf dem europ\u00e4ischen Arbeitsplatzgrenzwert. Das Programm ist online kostenlos verf\u00fcgbar unter <a href=\"https:\/\/www.berylliumsafety.eu\/\" target=\"_blank\" rel=\"noreferrer noopener\">www.berylliumsafety.eu<\/a> (detailliertes Programm auf Englisch) und <a href=\"https:\/\/www.berylliumsicherheit.de\/\" target=\"_blank\" rel=\"noreferrer noopener\">www.berylliumsicherheit.de<\/a> (Zusammenfassung auf Deutsch). Vereinfachte und spezifische Leitf\u00e4den f\u00fcr jeden Operationstyp sind in den wichtigsten europ\u00e4ischen Sprachen, einschlie\u00dflich Deutsch, verf\u00fcgbar.<\/p>\n<\/div><\/div>\n\n\n<div style=\"height:30px\" aria-hidden=\"true\" class=\"wp-block-spacer\"><\/div>\n\n\n\n<figure class=\"wp-block-image size-full is-resized\"><a href=\"https:\/\/www.berylliumsafety.eu\/\" target=\"_blank\" rel=\"noopener\"><img loading=\"lazy\" decoding=\"async\" width=\"938\" height=\"280\" src=\"https:\/\/www.ngk-alloys.com\/wp-content\/uploads\/BeResponsible-Logo-NEW-with-white.png\" alt=\"\" class=\"wp-image-2289\" style=\"width:276px;height:auto\" srcset=\"https:\/\/www.ngk-alloys.com\/wp-content\/uploads\/BeResponsible-Logo-NEW-with-white.png 938w, https:\/\/www.ngk-alloys.com\/wp-content\/uploads\/BeResponsible-Logo-NEW-with-white-300x90.png 300w, https:\/\/www.ngk-alloys.com\/wp-content\/uploads\/BeResponsible-Logo-NEW-with-white-768x229.png 768w, https:\/\/www.ngk-alloys.com\/wp-content\/uploads\/BeResponsible-Logo-NEW-with-white-660x197.png 660w, https:\/\/www.ngk-alloys.com\/wp-content\/uploads\/BeResponsible-Logo-NEW-with-white-450x134.png 450w, https:\/\/www.ngk-alloys.com\/wp-content\/uploads\/BeResponsible-Logo-NEW-with-white-330x99.png 330w, https:\/\/www.ngk-alloys.com\/wp-content\/uploads\/BeResponsible-Logo-NEW-with-white-180x54.png 180w\" sizes=\"auto, (max-width: 938px) 100vw, 938px\" \/><\/a><\/figure>\n\n\n<div class=\"row\"><div class=\"col-12 heading\">\n<h3 class=\"wp-block-heading\">Fortschritt der Studien zu metallischem Beryllium<\/h3>\n<\/div><\/div>\n\n<div class=\"row\"><div class=\"col-12 paragraph\">\n<p>In der europ\u00e4ischen CLP-Verordnung (1272\/2008) zur Einstufung, Kennzeichnung und Verpackung von Stoffen und Gemischen ist Berylliummetall wie seine l\u00f6slichen Verbindungen als Karzinogen der Kategorie 1B eingestuft. Neuere epidemiologische Studien zeigen jedoch, dass Beryllium in seiner unl\u00f6slichen <strong>metallischen Form<\/strong> <strong>nicht<\/strong> krebserregend ist. Die Berylliumindustrie arbeitet derzeit mit den europ\u00e4ischen Beh\u00f6rden an einer Aktualisierung der Einstufung von Berylliummetall. Wie bei vielen anderen Metallen stellen berylliumhaltige Legierungen bei sachgem\u00e4\u00dfer Verwendung kein Risiko dar.<\/p>\n<\/div><\/div>\n\n<div class=\"row\"><div class=\"col-12 heading\">\n<h2 class=\"wp-block-heading\" id=\"conflict\">Konfliktmineralien<\/h2>\n<\/div><\/div>\n\n\n<figure class=\"wp-block-image size-full is-resized\"><img loading=\"lazy\" decoding=\"async\" width=\"300\" height=\"299\" src=\"https:\/\/www.ngk-alloys.com\/wp-content\/uploads\/Responsible_Minerals_Initiative1.webp\" alt=\"\" class=\"wp-image-2147\" style=\"width:122px;height:auto\" srcset=\"https:\/\/www.ngk-alloys.com\/wp-content\/uploads\/Responsible_Minerals_Initiative1.webp 300w, https:\/\/www.ngk-alloys.com\/wp-content\/uploads\/Responsible_Minerals_Initiative1-150x150.webp 150w, https:\/\/www.ngk-alloys.com\/wp-content\/uploads\/Responsible_Minerals_Initiative1-180x180.webp 180w\" sizes=\"auto, (max-width: 300px) 100vw, 300px\" \/><\/figure>\n\n\n\n<div style=\"height:30px\" aria-hidden=\"true\" class=\"wp-block-spacer\"><\/div>\n\n\n<div class=\"row\"><div class=\"col-12 paragraph\">\n<p>Die europ\u00e4ische Verordnung (EU) 2017\/821, angenommen am 17. Mai 2017, legt eine Sorgfaltspflicht f\u00fcr Importeure in der Union fest, die Zinn, Tantal, Wolfram und Gold aus Konflikt- oder Hochrisikogebieten einf\u00fchren. Die Umsetzung begann am 1. Januar 2021.<\/p>\n<\/div><\/div>\n\n<div class=\"row\"><div class=\"col-12 paragraph\">\n<p>Diese Verordnung basiert auf den OECD-Regeln und der US-Gesetzgebung (Artikel 1502 des \u201eDodd-Frank Wall Street Reform and Consumer Act\u201c von 2010). Ziel dieser Regelungen ist es, eine verantwortungsvolle Beschaffung in der Union von sogenannten \u201eKonfliktmineralien\u201c oder \u201e3TG\u201c (Tantal, Zinn, Wolfram, Gold) insbesondere aus der Demokratischen Republik Kongo und Nachbarl\u00e4ndern zu gew\u00e4hrleisten, ohne bewaffnete Konflikte oder Menschenrechtsverletzungen zu unterst\u00fctzen.<\/p>\n<\/div><\/div>\n\n<div class=\"row\"><div class=\"col-12 paragraph\">\n<p>Die Kupfer-Beryllium-Legierungen von Berylco enthalten keine Konfliktmetalle (kein Zinn, Tantal, Wolfram, Gold).<\/p>\n<\/div><\/div>\n\n<div class=\"row\"><div class=\"col-12 paragraph\">\n<p>Es ist zu beachten, dass unsere Kupfer-Nickel-Zinn-Legierungen GMX Zinn enthalten, ein Konfliktmetall.<\/p>\n<\/div><\/div>\n\n<div class=\"row\"><div class=\"col-12 paragraph\">\n<p>Wir stellen Ihnen unsere Erkl\u00e4rungen zur Verf\u00fcgung, die das Vorhandensein und die Herkunft der in unseren Legierungen enthaltenen Metalle best\u00e4tigen: CMRT (Conflict Minerals Reporting Template) und EMRT (Extended Mineral Reporting Template) einschlie\u00dflich Kupfer, Kobalt und Nickel. Bitte kontaktieren Sie uns bei Bedarf.<\/p>\n<\/div><\/div>\n\n<div class=\"row\"><div class=\"col-12 paragraph\">\n<p><\/p>\n<\/div><\/div>\n\n\n<div style=\"height:30px\" aria-hidden=\"true\" class=\"wp-block-spacer\"><\/div>\n\n\n\n<div style=\"height:50px\" aria-hidden=\"true\" class=\"wp-block-spacer\"><\/div>\n\n\n<div class=\"row\"><div class=\"col-12 paragraph\">\n<p><\/p>\n<\/div><\/div>","protected":false},"excerpt":{"rendered":"<p>Unsere Unternehmensgruppe NGK Corporation geh\u00f6rt zu den weltweit f\u00fchrenden Herstellern von Kupfer-Beryllium- und Kupfer-Nickel-Zinn-Legierungen. Wir beteiligen uns aktiv an Umweltstudien zu allen in unseren Produkten verwendeten Stoffen, insbesondere zu Beryllium, dem Schl\u00fcsselelement unserer Berylco-Legierungen. Nach mehreren Bewertungen durch die europ\u00e4ischen Beh\u00f6rden in den letzten Jahren sei daran erinnert, dass Beryllium keinen Beschr\u00e4nkungen unterliegt und dies [&hellip;]<\/p>\n","protected":false},"author":1,"featured_media":956,"parent":3348,"menu_order":0,"comment_status":"closed","ping_status":"closed","template":"","meta":{"_acf_changed":false,"advgb_blocks_editor_width":"","advgb_blocks_columns_visual_guide":"","footnotes":""},"class_list":["post-3276","page","type-page","status-publish","has-post-thumbnail","hentry"],"acf":[],"coauthors":[],"author_meta":{"author_link":"https:\/\/www.ngk-alloys.com\/de\/author\/admin_ngk\/","display_name":"NGK BERYLCO"},"relative_dates":{"created":"Posted 1\u00a0Jahr ago","modified":"Updated 1\u00a0Monat ago"},"absolute_dates":{"created":"Posted on 7 Januar 2025","modified":"Updated on 30 M\u00e4rz 2026"},"absolute_dates_time":{"created":"Posted on 7 Januar 2025 12h24","modified":"Updated on 30 M\u00e4rz 2026 17h17"},"featured_img_caption":"","featured_img":"https:\/\/www.ngk-alloys.com\/wp-content\/uploads\/conformite.jpg","series_order":"","_links":{"self":[{"href":"https:\/\/www.ngk-alloys.com\/de\/wp-json\/wp\/v2\/pages\/3276","targetHints":{"allow":["GET"]}}],"collection":[{"href":"https:\/\/www.ngk-alloys.com\/de\/wp-json\/wp\/v2\/pages"}],"about":[{"href":"https:\/\/www.ngk-alloys.com\/de\/wp-json\/wp\/v2\/types\/page"}],"author":[{"embeddable":true,"href":"https:\/\/www.ngk-alloys.com\/de\/wp-json\/wp\/v2\/users\/1"}],"replies":[{"embeddable":true,"href":"https:\/\/www.ngk-alloys.com\/de\/wp-json\/wp\/v2\/comments?post=3276"}],"version-history":[{"count":18,"href":"https:\/\/www.ngk-alloys.com\/de\/wp-json\/wp\/v2\/pages\/3276\/revisions"}],"predecessor-version":[{"id":5700,"href":"https:\/\/www.ngk-alloys.com\/de\/wp-json\/wp\/v2\/pages\/3276\/revisions\/5700"}],"up":[{"embeddable":true,"href":"https:\/\/www.ngk-alloys.com\/de\/wp-json\/wp\/v2\/pages\/3348"}],"wp:featuredmedia":[{"embeddable":true,"href":"https:\/\/www.ngk-alloys.com\/de\/wp-json\/wp\/v2\/media\/956"}],"wp:attachment":[{"href":"https:\/\/www.ngk-alloys.com\/de\/wp-json\/wp\/v2\/media?parent=3276"}],"curies":[{"name":"wp","href":"https:\/\/api.w.org\/{rel}","templated":true}]}}