{"id":3278,"date":"2025-01-07T12:44:02","date_gmt":"2025-01-07T11:44:02","guid":{"rendered":"https:\/\/www.ngk-alloys.com\/?page_id=3278"},"modified":"2026-01-27T10:09:28","modified_gmt":"2026-01-27T09:09:28","slug":"kundenzufriedenheit","status":"publish","type":"page","link":"https:\/\/www.ngk-alloys.com\/de\/qse-konformitaet\/kundenzufriedenheit\/","title":{"rendered":"Kundenzufriedenheit"},"content":{"rendered":"<div class=\"row\"><div class=\"col-12 paragraph\">\n<p>Im Rahmen der kontinuierlichen Verbesserung unserer Dienstleistungen und um Ihre Meinung zu unserem Unternehmen zu erfahren, w\u00e4ren wir Ihnen f\u00fcr das Ausf\u00fcllen des folgenden Fragebogens dankbar.<\/p>\n<\/div><\/div>\n\n<div class=\"row\"><div class=\"col-12 paragraph\">\n<p>Vielen Dank im Voraus f\u00fcr Ihre Unterst\u00fctzung!<\/p>\n<\/div><\/div>\n\n\n<div style=\"height:20px\" aria-hidden=\"true\" class=\"wp-block-spacer\"><\/div>\n\n\n\n<div class=\"wp-block-buttons is-layout-flex wp-block-buttons-is-layout-flex\">\n<div class=\"wp-block-button\"><a class=\"wp-block-button__link btn_long wp-element-button\" href=\"https:\/\/www.ngk-alloys.com\/de\/kontakt\/zufriedenheitsfragebogen\/\">Fragebogen zur Kundenzufriedenheit <strong>DE<\/strong><\/a><\/div>\n<\/div>\n\n\n\n<div style=\"height:20px\" aria-hidden=\"true\" class=\"wp-block-spacer\"><\/div>\n\n\n<div class=\"row\"><div class=\"col-12 paragraph\">\n<p><\/p>\n<\/div><\/div>","protected":false},"excerpt":{"rendered":"<p>Im Rahmen der kontinuierlichen Verbesserung unserer Dienstleistungen und um Ihre Meinung zu unserem Unternehmen zu erfahren, w\u00e4ren wir Ihnen f\u00fcr das Ausf\u00fcllen des folgenden Fragebogens dankbar. Vielen Dank im Voraus f\u00fcr Ihre Unterst\u00fctzung!<\/p>\n","protected":false},"author":1,"featured_media":963,"parent":3348,"menu_order":0,"comment_status":"closed","ping_status":"closed","template":"","meta":{"_acf_changed":false,"advgb_blocks_editor_width":"","advgb_blocks_columns_visual_guide":"","footnotes":""},"class_list":["post-3278","page","type-page","status-publish","has-post-thumbnail","hentry"],"acf":[],"coauthors":[],"author_meta":{"author_link":"https:\/\/www.ngk-alloys.com\/de\/author\/admin_ngk\/","display_name":"NGK BERYLCO"},"relative_dates":{"created":"Posted 1\u00a0Jahr ago","modified":"Updated 3\u00a0Monaten ago"},"absolute_dates":{"created":"Posted on 7 Januar 2025","modified":"Updated on 27 Januar 2026"},"absolute_dates_time":{"created":"Posted on 7 Januar 2025 12h44","modified":"Updated on 27 Januar 2026 10h09"},"featured_img_caption":"","featured_img":"https:\/\/www.ngk-alloys.com\/wp-content\/uploads\/satisfaction.jpg","series_order":"","_links":{"self":[{"href":"https:\/\/www.ngk-alloys.com\/de\/wp-json\/wp\/v2\/pages\/3278","targetHints":{"allow":["GET"]}}],"collection":[{"href":"https:\/\/www.ngk-alloys.com\/de\/wp-json\/wp\/v2\/pages"}],"about":[{"href":"https:\/\/www.ngk-alloys.com\/de\/wp-json\/wp\/v2\/types\/page"}],"author":[{"embeddable":true,"href":"https:\/\/www.ngk-alloys.com\/de\/wp-json\/wp\/v2\/users\/1"}],"replies":[{"embeddable":true,"href":"https:\/\/www.ngk-alloys.com\/de\/wp-json\/wp\/v2\/comments?post=3278"}],"version-history":[{"count":10,"href":"https:\/\/www.ngk-alloys.com\/de\/wp-json\/wp\/v2\/pages\/3278\/revisions"}],"predecessor-version":[{"id":5200,"href":"https:\/\/www.ngk-alloys.com\/de\/wp-json\/wp\/v2\/pages\/3278\/revisions\/5200"}],"up":[{"embeddable":true,"href":"https:\/\/www.ngk-alloys.com\/de\/wp-json\/wp\/v2\/pages\/3348"}],"wp:featuredmedia":[{"embeddable":true,"href":"https:\/\/www.ngk-alloys.com\/de\/wp-json\/wp\/v2\/media\/963"}],"wp:attachment":[{"href":"https:\/\/www.ngk-alloys.com\/de\/wp-json\/wp\/v2\/media?parent=3278"}],"curies":[{"name":"wp","href":"https:\/\/api.w.org\/{rel}","templated":true}]}}