{"id":3280,"date":"2025-01-07T11:58:59","date_gmt":"2025-01-07T10:58:59","guid":{"rendered":"https:\/\/www.ngk-alloys.com\/?page_id=3280"},"modified":"2025-12-02T17:41:21","modified_gmt":"2025-12-02T16:41:21","slug":"esg","status":"publish","type":"page","link":"https:\/\/www.ngk-alloys.com\/de\/qse-konformitaet\/esg\/","title":{"rendered":"Umwelt, Soziales und Unternehmensf\u00fchrung"},"content":{"rendered":"<div class=\"row\"><div class=\"col-12 heading\">\n<h2 class=\"wp-block-heading\">Die NGK Insulators Gruppe<\/h2>\n<\/div><\/div>\n\n    <div id=\"block-hero-block_9a815d77d88b03d42b90363a7bb751f7\" class=\"wrp-container block-hero\">\n        <div class=\"box-card-05\">\n            <div class=\"grid-row mb40 mb10-sp\">\n                <div class=\"grid-col--12\">\n                    <div class=\"box-card-05__inner\">\n                        \n<span class=\"box-card-06__image is-visiblePc\"><img decoding=\"async\" src=\"https:\/\/www.ngk-alloys.com\/wp-content\/uploads\/philosophie-ngk-709x439.jpg\" alt=\"\" class=\"fluid-image\"><\/span>\n<span class=\"box-card-06__image  is-visibleTablet js-fullbg\" style=\"background: url(https:\/\/www.ngk-alloys.com\/wp-content\/uploads\/philosophie-ngk-709x439.jpg) center center \/ cover; display: inline;\"><img decoding=\"async\" src=\"https:\/\/www.ngk-alloys.com\/wp-content\/uploads\/philosophie-ngk-660x464.jpg\" alt=\"\" class=\"fluid-image\" style=\"display: none;\"><\/span>\n<span class=\"box-card-06__image  is-visibleSp\"><img decoding=\"async\" src=\"https:\/\/www.ngk-alloys.com\/wp-content\/uploads\/philosophie-ngk-709x439.jpg\" alt=\"\" class=\"fluid-image\"><\/span>\n                        <div class=\"box-card-06__content right_content\">\n                            <p>Der Bereich &#8222;<a href=\"https:\/\/www.ngk-insulators.com\/en\/sustainability\/\" target=\"_blank\" rel=\"noopener\">Sustainability<\/a>&#8220; (Nachhaltigkeit) auf der Website von NGK Insulators erl\u00e4utert im Detail die ESG-Verpflichtungen (Umwelt, Soziales und Unternehmensf\u00fchrung) unserer Gruppe.<\/p>\n<p>Dort k\u00f6nnen Sie insbesondere den Gesch\u00e4ftsbericht der Gruppe (auf Englisch) sowie den Verhaltenskodex f\u00fcr die Mitarbeiter der Gruppe einsehen.<\/p>\n                                                    <\/div>\n                        \n                    <\/div>\n                <\/div>\n            <\/div>\n        <\/div>\n    <\/div>\n\n\n\n\n\n<div class=\"row\"><div class=\"col-12 heading\">\n<h3 class=\"wp-block-heading\">Philosophie der NGK-Gruppe<\/h3>\n<\/div><\/div>\n\n<div class=\"row\"><div class=\"col-12 paragraph\">\n<p>Unsere Mission: Werte f\u00fcr die Gesellschaft schaffen und ihr Wohlbefinden f\u00f6rdern.<\/p>\n<\/div><\/div>\n\n<div class=\"row\"><div class=\"col-12 paragraph\">\n<p>Unsere Werte:<\/p>\n<\/div><\/div>\n\n\n<ul class=\"wp-block-list\">\n<li><strong>Talente<\/strong>: Herausforderungen meistern und sich gegenseitig unterst\u00fctzen, um optimale Leistungen zu erbringen.<\/li>\n\n\n\n<li><strong>Produkte<\/strong>: \u00dcber die Erwartungen hinausgehen.<\/li>\n\n\n\n<li><strong>Unternehmensf\u00fchrung<\/strong>: Vertrauen ist unsere Grundlage.<\/li>\n<\/ul>\n\n\n\n<div style=\"height:50px\" aria-hidden=\"true\" class=\"wp-block-spacer\"><\/div>\n\n\n\n<div class=\"wp-block-buttons is-layout-flex wp-block-buttons-is-layout-flex\">\n<div class=\"wp-block-button\"><a class=\"wp-block-button__link btn_long is-pdf is-target-blank wp-element-button\" href=\"https:\/\/www.ngk-alloys.com\/wp-content\/uploads\/NGK-Insulators_Integrated-Report_2024_EN.pdf\" target=\"_blank\" rel=\"noreferrer noopener\">Gesch\u00e4ftsbericht der NGK-Gruppe 2024<\/a><\/div>\n<\/div>\n\n\n<div class=\"row\"><div class=\"col-12 heading\">\n<h3 class=\"wp-block-heading\">Verhaltenskodex der NGK-Gruppe<\/h3>\n<\/div><\/div>\n\n<div class=\"row\"><div class=\"col-12 paragraph\">\n<p>Alle Mitarbeiter der Tochtergesellschaften der Gruppe sind verpflichtet, den NGK-Verhaltenskodex einzuhalten, der auf acht wesentlichen Prinzipien basiert:<\/p>\n<\/div><\/div>\n\n\n<div style=\"height:30px\" aria-hidden=\"true\" class=\"wp-block-spacer\"><\/div>\n\n\n<div class=\"row\"><div class=\"col-12 paragraph\">\n<p class=\"has-text-color has-link-color wp-elements-bbccf95424e16be4f566f54ec92b6aaf\" style=\"color:#0a6fb3\"><strong>1. Schaffung einer nachhaltigen Gesellschaft<\/strong><\/p>\n<\/div><\/div>\n\n\n<figure class=\"wp-block-image size-full\"><img loading=\"lazy\" decoding=\"async\" width=\"76\" height=\"76\" src=\"https:\/\/www.ngk-alloys.com\/wp-content\/uploads\/societe-durable.png\" alt=\"\" class=\"wp-image-2164\"\/><\/figure>\n\n\n<div class=\"row\"><div class=\"col-12 paragraph\">\n<p class=\"has-text-color has-link-color wp-elements-2fc7501895b270873d42e2d6803537ba\" style=\"color:#0a6fb3\">Wir werden neue Werte schaffen, indem wir Produkte und Dienstleistungen bereitstellen, die der Gemeinschaft zugutekommen und so eine nachhaltige Gesellschaft erm\u00f6glichen.<\/p>\n<\/div><\/div>\n\n\n<div style=\"height:30px\" aria-hidden=\"true\" class=\"wp-block-spacer\"><\/div>\n\n\n<div class=\"row\"><div class=\"col-12 paragraph\">\n<p class=\"has-text-color has-link-color wp-elements-ffb15370b615c75ccf0ff7dde8d27c85\" style=\"color:#ea5532\"><strong>2. Achtung der Menschenrechte<\/strong><\/p>\n<\/div><\/div>\n\n\n<figure class=\"wp-block-image size-full\"><img loading=\"lazy\" decoding=\"async\" width=\"76\" height=\"60\" src=\"https:\/\/www.ngk-alloys.com\/wp-content\/uploads\/respect-droits-de-lhomme.png\" alt=\"\" class=\"wp-image-2165\"\/><\/figure>\n\n\n<div class=\"row\"><div class=\"col-12 paragraph\">\n<p class=\"has-text-color has-link-color wp-elements-55dfbe748402026745c39a9af86ac8d0\" style=\"color:#ea5532\">Wir werden internationale Normen zu den Menschenrechten gewissenhaft einhalten und die Vielfalt respektieren.<\/p>\n<\/div><\/div>\n\n\n<div style=\"height:30px\" aria-hidden=\"true\" class=\"wp-block-spacer\"><\/div>\n\n\n<div class=\"row\"><div class=\"col-12 paragraph\">\n<p class=\"has-text-color has-link-color wp-elements-212eac64d7076410c85cddb6d33e6343\" style=\"color:#c77e00\"><strong>3. Bereitstellung eines sicheren und angenehmen Arbeitsumfelds<\/strong><\/p>\n<\/div><\/div>\n\n\n<figure class=\"wp-block-image size-full\"><img loading=\"lazy\" decoding=\"async\" width=\"76\" height=\"64\" src=\"https:\/\/www.ngk-alloys.com\/wp-content\/uploads\/environnement-travail-sur.png\" alt=\"\" class=\"wp-image-2166\"\/><\/figure>\n\n\n<div class=\"row\"><div class=\"col-12 paragraph\">\n<p class=\"has-text-color has-link-color wp-elements-24e0a6574c988d99cc394fbb835d3b13\" style=\"color:#c77e00\">Wir werden daf\u00fcr sorgen, dass jedem Mitarbeiter ein sicheres und angenehmes Arbeitsumfeld geboten wird.<\/p>\n<\/div><\/div>\n\n\n<div style=\"height:30px\" aria-hidden=\"true\" class=\"wp-block-spacer\"><\/div>\n\n\n<div class=\"row\"><div class=\"col-12 paragraph\">\n<p class=\"has-text-color has-link-color wp-elements-f6df2f5a525e89db63c3fda419aab8ee\" style=\"color:#7c3e1f\"><strong>4. Ehrliche Gesch\u00e4ftst\u00e4tigkeit<\/strong><\/p>\n<\/div><\/div>\n\n\n<figure class=\"wp-block-image size-full\"><img loading=\"lazy\" decoding=\"async\" width=\"76\" height=\"74\" src=\"https:\/\/www.ngk-alloys.com\/wp-content\/uploads\/activites-commerciales.png\" alt=\"\" class=\"wp-image-2167\"\/><\/figure>\n\n\n<div class=\"row\"><div class=\"col-12 paragraph\">\n<p class=\"has-text-color has-link-color wp-elements-350abd167df763ebf66c76eb132282da\" style=\"color:#7c3e1f\">Wir verpflichten uns, faire und transparente Gesch\u00e4ftst\u00e4tigkeiten mit Integrit\u00e4t durchzuf\u00fchren und internationale Standards sowie die Gesetze und Vorschriften jedes Landes und jeder Region einzuhalten.<\/p>\n<\/div><\/div>\n\n\n<div style=\"height:30px\" aria-hidden=\"true\" class=\"wp-block-spacer\"><\/div>\n\n\n<div class=\"row\"><div class=\"col-12 paragraph\">\n<p class=\"has-text-color has-link-color wp-elements-bfa0a0e0d3c4ccab9f3985e824f86196\" style=\"color:#36377a\"><strong>5. Schutz der Unternehmensinformationen und Verantwortung<\/strong><\/p>\n<\/div><\/div>\n\n\n<figure class=\"wp-block-image size-full\"><img loading=\"lazy\" decoding=\"async\" width=\"76\" height=\"70\" src=\"https:\/\/www.ngk-alloys.com\/wp-content\/uploads\/protection-informations.png\" alt=\"\" class=\"wp-image-2168\"\/><\/figure>\n\n\n<div class=\"row\"><div class=\"col-12 paragraph\">\n<p class=\"has-text-color has-link-color wp-elements-c0690e9f3d93074584185ae3e9eeb40a\" style=\"color:#36377a\">Wir f\u00f6rdern ein gesundes und transparentes Management durch aktive Kommunikation von Informationen und Dialog mit unseren Partnern.<\/p>\n<\/div><\/div>\n\n\n<div style=\"height:30px\" aria-hidden=\"true\" class=\"wp-block-spacer\"><\/div>\n\n\n<div class=\"row\"><div class=\"col-12 paragraph\">\n<p class=\"has-text-color has-link-color wp-elements-b0a41797fc486c46d433d23f1085d11a\" style=\"color:#0da0e2\"><strong>6. Integration gesellschaftlicher Verantwortung in unsere Lieferkette<\/strong><\/p>\n<\/div><\/div>\n\n\n<figure class=\"wp-block-image size-full\"><img loading=\"lazy\" decoding=\"async\" width=\"76\" height=\"84\" src=\"https:\/\/www.ngk-alloys.com\/wp-content\/uploads\/responsabilite-societale.png\" alt=\"\" class=\"wp-image-2169\"\/><\/figure>\n\n\n<div class=\"row\"><div class=\"col-12 paragraph\">\n<p class=\"has-text-color has-link-color wp-elements-92eb4899ef795d5bf5177f1d4e2044e8\" style=\"color:#0da0e2\">Wir entwickeln eine Struktur, die die gesellschaftliche Verantwortung gegen\u00fcber unseren Gesch\u00e4ftspartnern und der globalen Lieferkette \u00fcbernimmt.<\/p>\n<\/div><\/div>\n\n\n<div style=\"height:30px\" aria-hidden=\"true\" class=\"wp-block-spacer\"><\/div>\n\n\n<div class=\"row\"><div class=\"col-12 paragraph\">\n<p class=\"has-text-color has-link-color wp-elements-4ea53c6a1f2c690c85cf30e7d5473a03\" style=\"color:#00a73c\"><strong>7. Schutz der Umwelt<\/strong><\/p>\n<\/div><\/div>\n\n\n<figure class=\"wp-block-image size-full\"><img loading=\"lazy\" decoding=\"async\" width=\"76\" height=\"58\" src=\"https:\/\/www.ngk-alloys.com\/wp-content\/uploads\/preservation-environnement.png\" alt=\"\" class=\"wp-image-2170\"\/><\/figure>\n\n\n<div class=\"row\"><div class=\"col-12 paragraph\">\n<p class=\"has-text-color has-link-color wp-elements-136571af9288a72955983bbfeaf5e7f4\" style=\"color:#00a73c\">Wir arbeiten daran, die globalen Probleme des Umweltschutzes zu bew\u00e4ltigen und zu l\u00f6sen.<\/p>\n<\/div><\/div>\n\n\n<div style=\"height:30px\" aria-hidden=\"true\" class=\"wp-block-spacer\"><\/div>\n\n\n<div class=\"row\"><div class=\"col-12 paragraph\">\n<p class=\"has-text-color has-link-color wp-elements-02d54db81fa6fe60660074884a7ea856\" style=\"color:#c4662c\"><strong>8. Zusammenarbeit mit Region und Gesellschaft<\/strong><\/p>\n<\/div><\/div>\n\n\n<figure class=\"wp-block-image size-full\"><img loading=\"lazy\" decoding=\"async\" width=\"76\" height=\"70\" src=\"https:\/\/www.ngk-alloys.com\/wp-content\/uploads\/cooperation-region.png\" alt=\"\" class=\"wp-image-2171\"\/><\/figure>\n\n\n<div class=\"row\"><div class=\"col-12 paragraph\">\n<p class=\"has-text-color has-link-color wp-elements-c597e874240743972ae64a6e95dcd0f9\" style=\"color:#c4662c\">Als verantwortungsbewusstes Unternehmen werden wir zum Fortschritt der Region und der Gesellschaft beitragen.<\/p>\n<\/div><\/div>\n\n<div class=\"row\"><div class=\"col-12 heading\">\n<h2 class=\"wp-block-heading\">NGK Berylco France<\/h2>\n<\/div><\/div>\n\n<div class=\"row\"><div class=\"col-12 heading\">\n<h3 class=\"wp-block-heading\">Umwelt \u2013 F\u00fcr die Zukunft<\/h3>\n<\/div><\/div>\n\n<div class=\"row\"><div class=\"col-12 paragraph\">\n<p>Unser Unternehmen achtet seit vielen Jahren auf die Einhaltung der Umweltvorschriften und die Sicherstellung der Produktkonformit\u00e4t f\u00fcr unsere Kunden. Wir haben Ma\u00dfnahmen umgesetzt, um den wachsenden Umweltanforderungen gerecht zu werden.<\/p>\n<\/div><\/div>\n\n<div class=\"row\"><div class=\"col-12 paragraph\">\n<p>NGK Berylco France ist nach ISO 14001 zertifiziert. Wir haben uns einer Politik der kontinuierlichen Verbesserung verschrieben, an der alle Mitarbeiter aktiv teilnehmen. Wir bem\u00fchen uns, unsere Umweltauswirkungen zu kontrollieren, verantwortungsbewusst zu handeln und aktiv zum Schutz der heutigen und zuk\u00fcnftigen Umwelt beizutragen. Daher haben wir ein systematisches, pr\u00e4zises und strenges Recycling s\u00e4mtlicher Produktionsabf\u00e4lle wie Metalle, Betriebs\u00f6le, S\u00e4uren, K\u00fchlwasser usw. eingef\u00fchrt.<\/p>\n<\/div><\/div>\n\n\n<div style=\"height:30px\" aria-hidden=\"true\" class=\"wp-block-spacer\"><\/div>\n\n\n<div class=\"row\"><div class=\"col-12 paragraph\">\n<p><\/p>\n<\/div><\/div>\n\n    <div id=\"block-hero-block_c0aa9f590b77361edf1c4ffc0f2b9748\" class=\"wrp-container block-hero\">\n        <div class=\"box-card-05\">\n            <div class=\"grid-row mb40 mb10-sp\">\n                <div class=\"grid-col--12\">\n                    <div class=\"box-card-05__inner\">\n                        \n<span class=\"box-card-06__image is-visiblePc\"><img decoding=\"async\" src=\"https:\/\/www.ngk-alloys.com\/wp-content\/uploads\/DSC_9071-1-709x439.jpg\" alt=\"\" class=\"fluid-image\"><\/span>\n<span class=\"box-card-06__image  is-visibleTablet js-fullbg\" style=\"background: url(https:\/\/www.ngk-alloys.com\/wp-content\/uploads\/DSC_9071-1-709x439.jpg) center center \/ cover; display: inline;\"><img decoding=\"async\" src=\"https:\/\/www.ngk-alloys.com\/wp-content\/uploads\/DSC_9071-1-660x660.jpg\" alt=\"\" class=\"fluid-image\" style=\"display: none;\"><\/span>\n<span class=\"box-card-06__image  is-visibleSp\"><img decoding=\"async\" src=\"https:\/\/www.ngk-alloys.com\/wp-content\/uploads\/DSC_9071-1-709x439.jpg\" alt=\"\" class=\"fluid-image\"><\/span>\n                        <div class=\"box-card-06__content right_content\">\n                            <p>&nbsp;<\/p>\n<p>Unsere Produktionsprozesse erfordern insbesondere gro\u00dfe Mengen an elektrischer Energie.<\/p>\n<p>NGK Berylco France hat sich daf\u00fcr entschieden, f\u00fcr seine Produktionsprozesse <strong>100\u202f% erneuerbare gr\u00fcne Energie<\/strong> zu nutzen.<\/p>\n<p>&nbsp;<\/p>\n<p><!-- \/wp:paragraph --> <!-- wp:paragraph --><\/p>\n<p>\u00dcber unsere eigenen Prozesse hinaus tragen wir, da unsere Produkte in der Energie- und Digitalwende eingesetzt werden, in Partnerschaft mit unseren Kunden dazu bei, L\u00f6sungen f\u00fcr einige der kritischen Herausforderungen der kommenden Generationen zu entwickeln.<\/p>\n                                                    <\/div>\n                        \n                    <\/div>\n                <\/div>\n            <\/div>\n        <\/div>\n    <\/div>\n\n\n\n\n\n<div class=\"row\"><div class=\"col-12 heading\">\n<h2 class=\"wp-block-heading\">Umwelt, Gesundheit und Sicherheit<\/h2>\n<\/div><\/div>\n\n<div class=\"row\"><div class=\"col-12 paragraph\">\n<p>Unsere NGK Insulators Gruppe ist einer der weltweit f\u00fchrenden Hersteller von Kupfer-Beryllium-Legierungen. Wir beteiligen uns aktiv an Umweltstudien zu den in unseren Produkten enthaltenen Stoffen, insbesondere zum Beryllium, dem Schl\u00fcsselelement unserer Legierungen.<\/p>\n<\/div><\/div>\n\n<div class=\"row\"><div class=\"col-12 paragraph\">\n<p>NGK Berylco France ist Gr\u00fcndungsmitglied und aktives Mitglied der 2011 in Br\u00fcssel (Belgien) gegr\u00fcndeten Beryllium-Vereinigung BeST (Beryllium Science &amp; Technology). In diesem Rahmen haben wir an der Entwicklung eines freiwilligen Programms f\u00fcr bew\u00e4hrte Praktiken im Umgang mit Produkten, die Beryllium enthalten, mitgewirkt (Beryllium Product Stewardship Program), das unter dem Namen \u201eBe Responsible\u201c bekannt ist und f\u00fcr alle kostenlos online verf\u00fcgbar ist (auf Englisch) unter <a href=\"https:\/\/www.berylliumsafety.eu\/\" target=\"_blank\" rel=\"noopener\">www.berylliumsafety.eu<\/a>.<\/p>\n<\/div><\/div>\n\n\n<div style=\"height:30px\" aria-hidden=\"true\" class=\"wp-block-spacer\"><\/div>\n\n\n    <div id=\"block-hero-block_d0e5412fd4647f44f7bcdeb4f2b01adf\" class=\"wrp-container block-hero\">\n        <div class=\"box-card-05\">\n            <div class=\"grid-row mb40 mb10-sp\">\n                <div class=\"grid-col--12\">\n                    <div class=\"box-card-05__inner\">\n                                                <div class=\"box-card-06__content left_content\">\n                            <p>Unsere oberste Priorit\u00e4t ist die Einhaltung der geltenden gesetzlichen Vorschriften, um die langfristige Best\u00e4ndigkeit unserer Produkte f\u00fcr unsere Kunden zu gew\u00e4hrleisten.<\/p>\n<p>Der positive Ansatz der NGK-Gruppe in Bezug auf Umwelt, Gesundheit und Arbeitssicherheit beginnt mit einer einfachen Philosophie unseres Unternehmens: NGK-Produkte und -Technologien m\u00fcssen Werte schaffen und zur Lebensqualit\u00e4t beitragen.<\/p>\n<p>Wir konzentrieren uns auf den Schutz unserer nat\u00fcrlichen Umwelt und die kontinuierliche Verbesserung unserer Arbeitsbedingungen. NGK Berylco France ist sowohl nach ISO 14001 als auch nach ISO 45001 zertifiziert. Wir werden regelm\u00e4\u00dfig von unserer Zertifizierungsstelle, unserer Unternehmensgruppe sowie von unseren Kunden, Partnern und lokalen Beh\u00f6rden auditiert.<\/p>\n<p>&nbsp;<\/p>\n<p>&nbsp;<\/p>\n                                                    <\/div>\n                        \n<span class=\"box-card-06__image is-visiblePc\"><img decoding=\"async\" src=\"https:\/\/www.ngk-alloys.com\/wp-content\/uploads\/IMG_8999-1-709x439.jpg\" alt=\"\" class=\"fluid-image\"><\/span>\n<span class=\"box-card-06__image  is-visibleTablet js-fullbg\" style=\"background: url(https:\/\/www.ngk-alloys.com\/wp-content\/uploads\/IMG_8999-1-709x439.jpg) center center \/ cover; display: inline;\"><img decoding=\"async\" src=\"https:\/\/www.ngk-alloys.com\/wp-content\/uploads\/IMG_8999-1-660x660.jpg\" alt=\"\" class=\"fluid-image\" style=\"display: none;\"><\/span>\n<span class=\"box-card-06__image  is-visibleSp\"><img decoding=\"async\" src=\"https:\/\/www.ngk-alloys.com\/wp-content\/uploads\/IMG_8999-1-709x439.jpg\" alt=\"\" class=\"fluid-image\"><\/span>\n\n                    <\/div>\n                <\/div>\n            <\/div>\n        <\/div>\n    <\/div>\n\n\n\n\n\n<div class=\"row\"><div class=\"col-12 paragraph\">\n<p><\/p>\n<\/div><\/div>\n\n<div class=\"row\"><div class=\"col-12 paragraph\">\n<p><\/p>\n<\/div><\/div>\n\n\n<div style=\"height:50px\" aria-hidden=\"true\" class=\"wp-block-spacer\"><\/div>\n\n\n\n<div class=\"wp-block-buttons is-layout-flex wp-block-buttons-is-layout-flex\">\n<div class=\"wp-block-button\"><a class=\"wp-block-button__link btn_long is-pdf is-target-blank wp-element-button\" href=\"https:\/\/www.ngk-alloys.com\/wp-content\/uploads\/ISO-14001_NGK-BERYLCO-FRANCE_28.02.2027.pdf\" target=\"_blank\" rel=\"noreferrer noopener\">Zertifikat ISO 14001<\/a><\/div>\n\n\n\n<div class=\"wp-block-button\"><a class=\"wp-block-button__link btn_long is-pdf is-target-blank wp-element-button\" href=\"https:\/\/www.ngk-alloys.com\/wp-content\/uploads\/ISO-45001_NGK-BERYLCO-FRANCE_28.02.2027-1.pdf\" target=\"_blank\" rel=\"noreferrer noopener\">Zertifikat ISO 45001<\/a><\/div>\n<\/div>\n\n\n\n<div style=\"height:50px\" aria-hidden=\"true\" class=\"wp-block-spacer\"><\/div>\n\n\n<div class=\"row\"><div class=\"col-12 paragraph\">\n<p><\/p>\n<\/div><\/div>","protected":false},"excerpt":{"rendered":"<p>Die NGK Insulators Gruppe Philosophie der NGK-Gruppe Unsere Mission: Werte f\u00fcr die Gesellschaft schaffen und ihr Wohlbefinden f\u00f6rdern. Unsere Werte: Verhaltenskodex der NGK-Gruppe Alle Mitarbeiter der Tochtergesellschaften der Gruppe sind verpflichtet, den NGK-Verhaltenskodex einzuhalten, der auf acht wesentlichen Prinzipien basiert: 1. Schaffung einer nachhaltigen Gesellschaft Wir werden neue Werte schaffen, indem wir Produkte und Dienstleistungen [&hellip;]<\/p>\n","protected":false},"author":1,"featured_media":960,"parent":3348,"menu_order":0,"comment_status":"closed","ping_status":"closed","template":"","meta":{"_acf_changed":false,"advgb_blocks_editor_width":"","advgb_blocks_columns_visual_guide":"","footnotes":""},"class_list":["post-3280","page","type-page","status-publish","has-post-thumbnail","hentry"],"acf":[],"coauthors":[],"author_meta":{"author_link":"https:\/\/www.ngk-alloys.com\/de\/author\/admin_ngk\/","display_name":"NGK BERYLCO"},"relative_dates":{"created":"Posted 1\u00a0Jahr ago","modified":"Updated 5\u00a0Monaten ago"},"absolute_dates":{"created":"Posted on 7 Januar 2025","modified":"Updated on 2 Dezember 2025"},"absolute_dates_time":{"created":"Posted on 7 Januar 2025 11h58","modified":"Updated on 2 Dezember 2025 17h41"},"featured_img_caption":"","featured_img":"https:\/\/www.ngk-alloys.com\/wp-content\/uploads\/esg.jpg","series_order":"","_links":{"self":[{"href":"https:\/\/www.ngk-alloys.com\/de\/wp-json\/wp\/v2\/pages\/3280","targetHints":{"allow":["GET"]}}],"collection":[{"href":"https:\/\/www.ngk-alloys.com\/de\/wp-json\/wp\/v2\/pages"}],"about":[{"href":"https:\/\/www.ngk-alloys.com\/de\/wp-json\/wp\/v2\/types\/page"}],"author":[{"embeddable":true,"href":"https:\/\/www.ngk-alloys.com\/de\/wp-json\/wp\/v2\/users\/1"}],"replies":[{"embeddable":true,"href":"https:\/\/www.ngk-alloys.com\/de\/wp-json\/wp\/v2\/comments?post=3280"}],"version-history":[{"count":14,"href":"https:\/\/www.ngk-alloys.com\/de\/wp-json\/wp\/v2\/pages\/3280\/revisions"}],"predecessor-version":[{"id":4781,"href":"https:\/\/www.ngk-alloys.com\/de\/wp-json\/wp\/v2\/pages\/3280\/revisions\/4781"}],"up":[{"embeddable":true,"href":"https:\/\/www.ngk-alloys.com\/de\/wp-json\/wp\/v2\/pages\/3348"}],"wp:featuredmedia":[{"embeddable":true,"href":"https:\/\/www.ngk-alloys.com\/de\/wp-json\/wp\/v2\/media\/960"}],"wp:attachment":[{"href":"https:\/\/www.ngk-alloys.com\/de\/wp-json\/wp\/v2\/media?parent=3280"}],"curies":[{"name":"wp","href":"https:\/\/api.w.org\/{rel}","templated":true}]}}