{"id":3282,"date":"2025-01-07T12:30:46","date_gmt":"2025-01-07T11:30:46","guid":{"rendered":"https:\/\/www.ngk-alloys.com\/?page_id=3282"},"modified":"2026-01-27T10:10:05","modified_gmt":"2026-01-27T09:10:05","slug":"qualitaetspolitik","status":"publish","type":"page","link":"https:\/\/www.ngk-alloys.com\/de\/qse-konformitaet\/qualitaetspolitik\/","title":{"rendered":"Qualit\u00e4tspolitik"},"content":{"rendered":"<div class=\"row\"><div class=\"col-12 heading\">\n<h2 class=\"wp-block-heading\">Produkte und Dienstleistungen von h\u00f6chster Qualit\u00e4t<\/h2>\n<\/div><\/div>\n\n<div class=\"row\"><div class=\"col-12 paragraph\">\n<p>Unser Unternehmen, seit 1992 zertifiziert, gew\u00e4hrleistet die Qualit\u00e4tskontrolle von der Anlieferung der Vorprodukte bis hin zur Endkontrolle \u2013 gem\u00e4\u00df den Lastenheften oder den spezifischen Anforderungen unserer Kunden.<\/p>\n<\/div><\/div>\n\n<div class=\"row\"><div class=\"col-12 paragraph\">\n<p>Eines unserer Hauptziele ist Ihre Zufriedenheit. Wir laden unsere Kunden ein, unseren Online-Fragebogen zur Kundenzufriedenheit auf unserer Website auszuf\u00fcllen.<\/p>\n<\/div><\/div>\n\n\n<div style=\"height:30px\" aria-hidden=\"true\" class=\"wp-block-spacer\"><\/div>\n\n\n\n<div class=\"wp-block-buttons is-layout-flex wp-block-buttons-is-layout-flex\">\n<div class=\"wp-block-button\"><a class=\"wp-block-button__link btn_long wp-element-button\" href=\"https:\/\/www.ngk-alloys.com\/de\/kontakt\/zufriedenheitsfragebogen\/\">Fragebogen zur Kundenzufriedenheit <strong>DE<\/strong><\/a><\/div>\n<\/div>\n\n\n\n<div style=\"height:30px\" aria-hidden=\"true\" class=\"wp-block-spacer\"><\/div>\n\n\n<div class=\"row\"><div class=\"col-12 paragraph\">\n<p>Die hervorragende Qualit\u00e4t unserer Halbfertigprodukte gew\u00e4hrleistet eine hohe Produktivit\u00e4t bei der Fertigung von Bauteilen f\u00fcr unsere Kunden. Die hohe Qualit\u00e4t unserer Produkte wird durch das Know-how und das Engagement unserer Mitarbeiter sowie durch unseren t\u00e4glichen und kontinuierlichen Verbesserungswillen erreicht.<\/p>\n<\/div><\/div>\n\n<div class=\"row\"><div class=\"col-12 paragraph\">\n<p>Das Qualit\u00e4tsmanagementsystem von NGK Berylco France basiert auf vier Zertifizierungen: EN 9100, ISO 9001, ISO 14001 und ISO 45001. Der Besitz dieser vier Zulassungen zeigt, wie stark NGK Berylco sich f\u00fcr die Erf\u00fcllung der Kundenanforderungen bei Hightech-Anwendungen engagiert.<\/p>\n<\/div><\/div>\n\n<div class=\"row\"><div class=\"col-12 heading\">\n<h2 class=\"wp-block-heading\">Unsere Qualit\u00e4tspolitik<\/h2>\n<\/div><\/div>\n\n<div class=\"row\"><div class=\"col-12 heading\">\n<h3 class=\"wp-block-heading\">Kundenzufriedenheit<\/h3>\n<\/div><\/div>\n\n<div class=\"row\"><div class=\"col-12 paragraph\">\n<p>Die Zufriedenheit unserer Kunden ist der Schl\u00fcssel zu unserem Erfolg im globalen Wettbewerb. Unsere Gesch\u00e4ftst\u00e4tigkeit basiert auf einer engen Zusammenarbeit mit unseren Kunden, die auf Partnerschaft und Vertrauen ausgerichtet ist.<\/p>\n<\/div><\/div>\n\n<div class=\"row\"><div class=\"col-12 heading\">\n<h3 class=\"wp-block-heading\">Servicequalit\u00e4t<\/h3>\n<\/div><\/div>\n\n<div class=\"row\"><div class=\"col-12 paragraph\">\n<p>Das Erreichen und die Lieferung optimaler Qualit\u00e4t sind f\u00fcr unsere T\u00e4tigkeit von gr\u00f6\u00dfter Bedeutung. Alle unsere Mitarbeiter verpflichten sich, schnell und flexibel auf die Anforderungen unserer Kunden zu reagieren \u2013 sei es in Bezug auf Qualit\u00e4t, Service, Lieferzeiten oder Leistung.<\/p>\n<\/div><\/div>\n\n<div class=\"row\"><div class=\"col-12 heading\">\n<h3 class=\"wp-block-heading\">Kontinuierliche Verbesserung<\/h3>\n<\/div><\/div>\n\n<div class=\"row\"><div class=\"col-12 paragraph\">\n<p>Die kontinuierliche Verbesserung all unserer Prozesse und Produkte sowie die Effizienz des Qualit\u00e4tssystems bilden die Grundlage f\u00fcr unsere Wettbewerbsf\u00e4higkeit und unseren nachhaltigen Erfolg.<\/p>\n<\/div><\/div>\n\n<div class=\"row\"><div class=\"col-12 heading\">\n<h3 class=\"wp-block-heading\">Anforderungen an Qualit\u00e4t, Sicherheit und Umwelt f\u00fcr Lieferanten<\/h3>\n<\/div><\/div>\n\n<div class=\"row\"><div class=\"col-12 paragraph\">\n<p>Das nachfolgende Dokument (Download) definiert die Anforderungen von NGK Berylco France an seine Lieferanten in Bezug auf Qualit\u00e4ts- und Umweltmanagement sowie Arbeitsschutz. In Franz\u00f6sisch und Englisch.<\/p>\n<\/div><\/div>\n\n\n<div style=\"height:20px\" aria-hidden=\"true\" class=\"wp-block-spacer\"><\/div>\n\n\n\n<div class=\"wp-block-buttons is-layout-flex wp-block-buttons-is-layout-flex\">\n<div class=\"wp-block-button\"><a class=\"wp-block-button__link btn_long is-pdf is-target-blank wp-element-button\" href=\"https:\/\/www.ngk-alloys.com\/wp-content\/uploads\/Exigences-QSHE-Fournisseurs-NGK-Berylco-France_FR-EN_04.2024.pdf\" target=\"_blank\" rel=\"noreferrer noopener\">QSE-Anforderungen f\u00fcr Lieferanten<\/a><\/div>\n<\/div>\n\n\n<div class=\"js-fade fadeInUp box-specialcontents pt80 pt20-sp mb75-sp animated\" data-wow-delay=\".2s\">\n\n                <div class=\"box-slider bg-white\">\n            <div class=\"grid-row js-slider-col3 lst-slider lst-specialcontents pl20 pr20 pl0-sp pr0-sp\">\n\n                        \n\n                                        <div class=\"grid-col--4 \" style=\"width: 100%; display: inline-block;\">\n                                            <div class=\"box-slider__inner\" tabindex=\"-1\">\n                                                <span class=\"box-slider__image\">\n                                                    <img decoding=\"async\" src=\"https:\/\/www.ngk-alloys.com\/wp-content\/uploads\/IMG_8919-450x300.jpg\" alt=\"\" class=\"fluid-image\">\n                                                <\/span>\n                                                <span class=\"box-slider__content js-mh-item\">\n                                                  <span class=\"box-slider__text\"><\/span>\n                                                <\/span>\n                                            <\/div>\n                                        <\/div>\n\n\n\n\n                                \n\n                                        <div class=\"grid-col--4 \" style=\"width: 100%; display: inline-block;\">\n                                            <div class=\"box-slider__inner\" tabindex=\"-1\">\n                                                <span class=\"box-slider__image\">\n                                                    <img decoding=\"async\" src=\"https:\/\/www.ngk-alloys.com\/wp-content\/uploads\/DSC_9138-450x300.jpg\" alt=\"\" class=\"fluid-image\">\n                                                <\/span>\n                                                <span class=\"box-slider__content js-mh-item\">\n                                                  <span class=\"box-slider__text\"><\/span>\n                                                <\/span>\n                                            <\/div>\n                                        <\/div>\n\n\n\n\n                                \n\n                                        <div class=\"grid-col--4 \" style=\"width: 100%; display: inline-block;\">\n                                            <div class=\"box-slider__inner\" tabindex=\"-1\">\n                                                <span class=\"box-slider__image\">\n                                                    <img decoding=\"async\" src=\"https:\/\/www.ngk-alloys.com\/wp-content\/uploads\/DSC_9169-450x300.jpg\" alt=\"\" class=\"fluid-image\">\n                                                <\/span>\n                                                <span class=\"box-slider__content js-mh-item\">\n                                                  <span class=\"box-slider__text\"><\/span>\n                                                <\/span>\n                                            <\/div>\n                                        <\/div>\n\n\n\n\n                                            <\/div>\n        <\/div>\n\n<\/div>\n\n<div class=\"row\"><div class=\"col-12 paragraph\">\n<p><\/p>\n<\/div><\/div>","protected":false},"excerpt":{"rendered":"<p>Produkte und Dienstleistungen von h\u00f6chster Qualit\u00e4t Unser Unternehmen, seit 1992 zertifiziert, gew\u00e4hrleistet die Qualit\u00e4tskontrolle von der Anlieferung der Vorprodukte bis hin zur Endkontrolle \u2013 gem\u00e4\u00df den Lastenheften oder den spezifischen Anforderungen unserer Kunden. Eines unserer Hauptziele ist Ihre Zufriedenheit. Wir laden unsere Kunden ein, unseren Online-Fragebogen zur Kundenzufriedenheit auf unserer Website auszuf\u00fcllen. Die hervorragende Qualit\u00e4t [&hellip;]<\/p>\n","protected":false},"author":1,"featured_media":957,"parent":3348,"menu_order":0,"comment_status":"closed","ping_status":"closed","template":"","meta":{"_acf_changed":false,"advgb_blocks_editor_width":"","advgb_blocks_columns_visual_guide":"","footnotes":""},"class_list":["post-3282","page","type-page","status-publish","has-post-thumbnail","hentry"],"acf":[],"coauthors":[],"author_meta":{"author_link":"https:\/\/www.ngk-alloys.com\/de\/author\/admin_ngk\/","display_name":"NGK BERYLCO"},"relative_dates":{"created":"Posted 1\u00a0Jahr ago","modified":"Updated 3\u00a0Monaten ago"},"absolute_dates":{"created":"Posted on 7 Januar 2025","modified":"Updated on 27 Januar 2026"},"absolute_dates_time":{"created":"Posted on 7 Januar 2025 12h30","modified":"Updated on 27 Januar 2026 10h10"},"featured_img_caption":"","featured_img":"https:\/\/www.ngk-alloys.com\/wp-content\/uploads\/politique-qse.jpg","series_order":"","_links":{"self":[{"href":"https:\/\/www.ngk-alloys.com\/de\/wp-json\/wp\/v2\/pages\/3282","targetHints":{"allow":["GET"]}}],"collection":[{"href":"https:\/\/www.ngk-alloys.com\/de\/wp-json\/wp\/v2\/pages"}],"about":[{"href":"https:\/\/www.ngk-alloys.com\/de\/wp-json\/wp\/v2\/types\/page"}],"author":[{"embeddable":true,"href":"https:\/\/www.ngk-alloys.com\/de\/wp-json\/wp\/v2\/users\/1"}],"replies":[{"embeddable":true,"href":"https:\/\/www.ngk-alloys.com\/de\/wp-json\/wp\/v2\/comments?post=3282"}],"version-history":[{"count":12,"href":"https:\/\/www.ngk-alloys.com\/de\/wp-json\/wp\/v2\/pages\/3282\/revisions"}],"predecessor-version":[{"id":5201,"href":"https:\/\/www.ngk-alloys.com\/de\/wp-json\/wp\/v2\/pages\/3282\/revisions\/5201"}],"up":[{"embeddable":true,"href":"https:\/\/www.ngk-alloys.com\/de\/wp-json\/wp\/v2\/pages\/3348"}],"wp:featuredmedia":[{"embeddable":true,"href":"https:\/\/www.ngk-alloys.com\/de\/wp-json\/wp\/v2\/media\/957"}],"wp:attachment":[{"href":"https:\/\/www.ngk-alloys.com\/de\/wp-json\/wp\/v2\/media?parent=3282"}],"curies":[{"name":"wp","href":"https:\/\/api.w.org\/{rel}","templated":true}]}}