{"id":3284,"date":"2025-02-27T16:46:18","date_gmt":"2025-02-27T15:46:18","guid":{"rendered":"https:\/\/www.ngk-alloys.com\/?page_id=3284"},"modified":"2025-11-12T16:36:25","modified_gmt":"2025-11-12T15:36:25","slug":"fe","status":"publish","type":"page","link":"https:\/\/www.ngk-alloys.com\/de\/qse-konformitaet\/fe\/","title":{"rendered":"Forschung &amp; Entwicklung"},"content":{"rendered":"<div class=\"row\"><div class=\"col-12 heading\">\n<h2 class=\"wp-block-heading\">Beratung und Expertise von NGK Berylco<\/h2>\n<\/div><\/div>\n\n<div class=\"row\"><div class=\"col-12 paragraph\">\n<p>Unsere Kundenbeziehung beschr\u00e4nkt sich nicht auf die reine Lieferung von Berylco-Kupfer-Beryllium- und GMX-Kupfer-Nickel-Zinn-Legierungen. Beratung und Begleitung geh\u00f6ren zum Alltag unserer Ingenieure und Vertriebsmitarbeiter. Unsere Berylco- und GMX-Legierungen k\u00f6nnen in einer Vielzahl von Anwendungen eingesetzt werden. \u201eDen Kunden besser kennen, um ihn besser zufriedenzustellen\u201c \u2013 so k\u00f6nnte das Motto unseres Entwicklungs- und technischen Supportteams lauten, das in Frankreich, in Cou\u00ebron, ans\u00e4ssig ist.<\/p>\n<\/div><\/div>\n\n<div class=\"row\"><div class=\"col-12 paragraph\">\n<p>Wir st\u00fctzen uns au\u00dferdem auf unser F&amp;E-Team in Japan, das potenzielle Innovationen an unseren Produkten und Produktionsprozessen erprobt. Wir arbeiten daran, neue Produkte zu entwickeln und auf die Industrialisierung und Vermarktung vorzubereiten, und st\u00e4rken gleichzeitig unsere Proaktivit\u00e4t auf unseren M\u00e4rkten.<\/p>\n<\/div><\/div>\n\n\n<div style=\"height:30px\" aria-hidden=\"true\" class=\"wp-block-spacer\"><\/div>\n\n\n    <div id=\"block-hero-block_b43af1c74dbc16e6dcd269d8a8f75b8e\" class=\"wrp-container block-hero\">\n        <div class=\"box-card-05\">\n            <div class=\"grid-row mb40 mb10-sp\">\n                <div class=\"grid-col--12\">\n                    <div class=\"box-card-05__inner\">\n                        \n<span class=\"box-card-06__image is-visiblePc\"><img decoding=\"async\" src=\"https:\/\/www.ngk-alloys.com\/wp-content\/uploads\/DSC_8905-709x439.jpg\" alt=\"\" class=\"fluid-image\"><\/span>\n<span class=\"box-card-06__image  is-visibleTablet js-fullbg\" style=\"background: url(https:\/\/www.ngk-alloys.com\/wp-content\/uploads\/DSC_8905-709x439.jpg) center center \/ cover; display: inline;\"><img decoding=\"async\" src=\"https:\/\/www.ngk-alloys.com\/wp-content\/uploads\/DSC_8905-660x660.jpg\" alt=\"\" class=\"fluid-image\" style=\"display: none;\"><\/span>\n<span class=\"box-card-06__image  is-visibleSp\"><img decoding=\"async\" src=\"https:\/\/www.ngk-alloys.com\/wp-content\/uploads\/DSC_8905-709x439.jpg\" alt=\"\" class=\"fluid-image\"><\/span>\n                        <div class=\"box-card-06__content right_content\">\n                            <p>Angesichts des zunehmenden Wettbewerbs und der technologischen Herausforderungen steht Forschung und Entwicklung im Mittelpunkt unserer Unternehmensstrategie.<\/p>\n<p>&nbsp;<\/p>\n<p>Unser Entwicklungsservice ber\u00e4t Sie in enger Zusammenarbeit mit unseren Qualit\u00e4ts-, Vertriebs- und Produktionsabteilungen, um Ihnen \u2013 unabh\u00e4ngig von Ihrer Branche \u2013 die bestm\u00f6gliche L\u00f6sung f\u00fcr Ihre aktuellen Anforderungen zu bieten. Dar\u00fcber hinaus unterst\u00fctzen wir Sie bei der Entwicklung Ihrer neuen Produkte und Anwendungen von morgen.<\/p>\n<p><!-- \/wp:paragraph --> <!-- wp:paragraph --><\/p>\n                                                    <\/div>\n                        \n                    <\/div>\n                <\/div>\n            <\/div>\n        <\/div>\n    <\/div>\n\n\n\n","protected":false},"excerpt":{"rendered":"<p>Beratung und Expertise von NGK Berylco Unsere Kundenbeziehung beschr\u00e4nkt sich nicht auf die reine Lieferung von Berylco-Kupfer-Beryllium- und GMX-Kupfer-Nickel-Zinn-Legierungen. Beratung und Begleitung geh\u00f6ren zum Alltag unserer Ingenieure und Vertriebsmitarbeiter. Unsere Berylco- und GMX-Legierungen k\u00f6nnen in einer Vielzahl von Anwendungen eingesetzt werden. \u201eDen Kunden besser kennen, um ihn besser zufriedenzustellen\u201c \u2013 so k\u00f6nnte das Motto unseres [&hellip;]<\/p>\n","protected":false},"author":1,"featured_media":2198,"parent":3348,"menu_order":0,"comment_status":"closed","ping_status":"closed","template":"","meta":{"_acf_changed":false,"advgb_blocks_editor_width":"","advgb_blocks_columns_visual_guide":"","footnotes":""},"class_list":["post-3284","page","type-page","status-publish","has-post-thumbnail","hentry"],"acf":[],"coauthors":[],"author_meta":{"author_link":"https:\/\/www.ngk-alloys.com\/de\/author\/admin_ngk\/","display_name":"NGK BERYLCO"},"relative_dates":{"created":"Posted 1\u00a0Jahr ago","modified":"Updated 5\u00a0Monaten ago"},"absolute_dates":{"created":"Posted on 27 Februar 2025","modified":"Updated on 12 November 2025"},"absolute_dates_time":{"created":"Posted on 27 Februar 2025 16h46","modified":"Updated on 12 November 2025 16h36"},"featured_img_caption":"","featured_img":"https:\/\/www.ngk-alloys.com\/wp-content\/uploads\/retd.jpg","series_order":"","_links":{"self":[{"href":"https:\/\/www.ngk-alloys.com\/de\/wp-json\/wp\/v2\/pages\/3284","targetHints":{"allow":["GET"]}}],"collection":[{"href":"https:\/\/www.ngk-alloys.com\/de\/wp-json\/wp\/v2\/pages"}],"about":[{"href":"https:\/\/www.ngk-alloys.com\/de\/wp-json\/wp\/v2\/types\/page"}],"author":[{"embeddable":true,"href":"https:\/\/www.ngk-alloys.com\/de\/wp-json\/wp\/v2\/users\/1"}],"replies":[{"embeddable":true,"href":"https:\/\/www.ngk-alloys.com\/de\/wp-json\/wp\/v2\/comments?post=3284"}],"version-history":[{"count":4,"href":"https:\/\/www.ngk-alloys.com\/de\/wp-json\/wp\/v2\/pages\/3284\/revisions"}],"predecessor-version":[{"id":4454,"href":"https:\/\/www.ngk-alloys.com\/de\/wp-json\/wp\/v2\/pages\/3284\/revisions\/4454"}],"up":[{"embeddable":true,"href":"https:\/\/www.ngk-alloys.com\/de\/wp-json\/wp\/v2\/pages\/3348"}],"wp:featuredmedia":[{"embeddable":true,"href":"https:\/\/www.ngk-alloys.com\/de\/wp-json\/wp\/v2\/media\/2198"}],"wp:attachment":[{"href":"https:\/\/www.ngk-alloys.com\/de\/wp-json\/wp\/v2\/media?parent=3284"}],"curies":[{"name":"wp","href":"https:\/\/api.w.org\/{rel}","templated":true}]}}