{"id":3286,"date":"2025-01-07T12:39:44","date_gmt":"2025-01-07T11:39:44","guid":{"rendered":"https:\/\/www.ngk-alloys.com\/?page_id=3286"},"modified":"2025-12-10T10:28:22","modified_gmt":"2025-12-10T09:28:22","slug":"gesundheit-und-sicherheit","status":"publish","type":"page","link":"https:\/\/www.ngk-alloys.com\/de\/qse-konformitaet\/gesundheit-und-sicherheit\/","title":{"rendered":"Gesundheit und Arbeitssicherheit"},"content":{"rendered":"<div class=\"row\"><div class=\"col-12 heading\">\n<h2 class=\"wp-block-heading\">Gesundheit &amp; Arbeitssicherheit<\/h2>\n<\/div><\/div>\n\n<div class=\"row\"><div class=\"col-12 heading\">\n<h3 class=\"wp-block-heading\">Sicherheits- und Pr\u00e4ventionskultur NGK<\/h3>\n<\/div><\/div>\n\n<div class=\"row\"><div class=\"col-12 paragraph\">\n<p>Wir haben Managementsysteme eingef\u00fchrt, die auch die Zertifizierung ISO 45001 umfassen, die wir im M\u00e4rz 2021 erhalten haben.<\/p>\n<\/div><\/div>\n\n<div class=\"row\"><div class=\"col-12 paragraph\">\n<p>Seit mehr als einem Jahrhundert, seit der Gr\u00fcndung unserer Gruppe NGK im Jahr 1919 in Japan, haben wir eine starke Sicherheits- und Pr\u00e4ventionskultur entwickelt. Wir profitieren von den vom Konzern bereitgestellten Instrumenten und Finanzierungen sowie von internen Schulungen und Audits, die zu unserer kontinuierlichen Verbesserung beitragen.<\/p>\n<\/div><\/div>\n\n<div class=\"row\"><div class=\"col-12 paragraph\">\n<p>Dar\u00fcber hinaus ist NGK Berylco France auf lokaler Ebene einem Zusammenschluss mehrerer Unternehmen im Westen Frankreichs beigetreten, der sich auf &#8222;Sicherheit und Umwelt&#8220; konzentriert. Gegenseitige Audits mit unseren lokalen Partnern tragen dazu bei, unsere Unternehmenspolitik im Bereich Arbeitssicherheit und Umwelt zu verbessern.<\/p>\n<\/div><\/div>\n\n<div class=\"row\"><div class=\"col-12 heading\">\n<h3 class=\"wp-block-heading\">Besonderer Fall Beryllium<\/h3>\n<\/div><\/div>\n\n<div class=\"row\"><div class=\"col-12 paragraph\">\n<p>Beryllium, ein Schl\u00fcsselelement unserer Legierungen, das bis zu 2% in der Masse vorkommt, erfordert besondere Vorsichtsma\u00dfnahmen am Arbeitsplatz.<\/p>\n<\/div><\/div>\n\n<div class=\"row\"><div class=\"col-12 paragraph\">\n<p>Beryllium kann ein Risiko f\u00fcr die Haut darstellen (Hautsensibilisierung) und erfordert das Tragen von Schutzhandschuhen, wie bei vielen anderen Metallen.<\/p>\n<\/div><\/div>\n\n<div class=\"row\"><div class=\"col-12 paragraph\">\n<p>Dar\u00fcber hinaus birgt Beryllium ein Risiko durch das Einatmen von feinen luftgetragenen Partikeln (weniger als 10 Mikrometer). Bei Personen, die f\u00fcr Beryllium sensibilisiert (allergisch) sind und exponiert werden, kann sich eine chronische Lungenerkrankung entwickeln: die chronische Berylliose der Lunge. Sie ist die Folge einer Reaktion des Immunsystems in den Lungenbl\u00e4schen (Bildung von Granulomen). Sie kann behandelt, aber nicht geheilt werden. Entsprechende Arbeitsschutzma\u00dfnahmen sind vorzusehen.<\/p>\n<\/div><\/div>\n\n<div class=\"row\"><div class=\"col-12 heading\">\n<h3 class=\"wp-block-heading\">Praxiserfahrung im Zusammenhang mit Beryllium bei NGK Berylco France<\/h3>\n<\/div><\/div>\n\n<div class=\"row\"><div class=\"col-12 paragraph\">\n<p>An unserem Produktionsstandort in Cou\u00ebron in Frankreich f\u00fchren wir kontinuierlich mehrere Prozesse an Kupfer-Beryllium-Legierungsb\u00e4ndern (Coils) durch: Kaltwalzen, Scheren, Beizen, W\u00e4rmebehandlung, Logistik (Annahme, Lagerung, Versand von Halbzeugen).<\/p>\n<\/div><\/div>\n\n\n<div style=\"height:30px\" aria-hidden=\"true\" class=\"wp-block-spacer\"><\/div>\n\n\n    <div id=\"block-hero-block_ac542be92fc9260e19cd610db8c7353a\" class=\"wrp-container block-hero\">\n        <div class=\"box-card-05\">\n            <div class=\"grid-row mb40 mb10-sp\">\n                <div class=\"grid-col--12\">\n                    <div class=\"box-card-05__inner\">\n                        \n<span class=\"box-card-06__image is-visiblePc\"><img decoding=\"async\" src=\"https:\/\/www.ngk-alloys.com\/wp-content\/uploads\/1000004881-709x439.jpg\" alt=\"\" class=\"fluid-image\"><\/span>\n<span class=\"box-card-06__image  is-visibleTablet js-fullbg\" style=\"background: url(https:\/\/www.ngk-alloys.com\/wp-content\/uploads\/1000004881-709x439.jpg) center center \/ cover; display: inline;\"><img decoding=\"async\" src=\"https:\/\/www.ngk-alloys.com\/wp-content\/uploads\/1000004881-660x660.jpg\" alt=\"\" class=\"fluid-image\" style=\"display: none;\"><\/span>\n<span class=\"box-card-06__image  is-visibleSp\"><img decoding=\"async\" src=\"https:\/\/www.ngk-alloys.com\/wp-content\/uploads\/1000004881-709x439.jpg\" alt=\"\" class=\"fluid-image\"><\/span>\n                        <div class=\"box-card-06__content right_content\">\n                            <p>Seit mehr als 50 Jahren setzen wir bew\u00e4hrte Praktiken um, die wir kontinuierlich verbessern:<\/p>\n<p>&nbsp;<\/p>\n<ul>\n<li><strong>Zugangskontrolle zum Produktionsbereich<\/strong> (separates Geb\u00e4ude, Zugang nur f\u00fcr autorisierte Mitarbeiter und Besucher).<\/li>\n<li><strong>Bel\u00fcftungssysteme<\/strong>: bel\u00fcftete R\u00e4ume, Absaugung bei Bedarf.<\/li>\n<li><strong>Hygienema\u00dfnahmen f\u00fcr exponierte Arbeitnehmer<\/strong>: <strong>spezielle Arbeitskleidung<\/strong>, die regelm\u00e4\u00dfig gereinigt wird, <strong>Umkleider\u00e4ume<\/strong>, <strong>Waschbecken<\/strong> und <strong>Duschen<\/strong> (H\u00e4ndewaschen nach jeder Schicht verpflichtend), <strong>verantwortungsbewusstes Verhalten auf dem Produktionsgel\u00e4nde<\/strong> (Essen, Trinken und Rauchen verboten).<\/li>\n<\/ul>\n                                                    <\/div>\n                        \n                    <\/div>\n                <\/div>\n            <\/div>\n        <\/div>\n    <\/div>\n\n\n\n\n\n\n<ul class=\"wp-block-list\">\n<li><strong>Gr\u00fcndliche Reinigung der Arbeitsbereiche und Oberfl\u00e4chen<\/strong>: B\u00f6den und Arbeitspl\u00e4tze werden regelm\u00e4\u00dfig gereinigt.<\/li>\n\n\n\n<li><strong>Regelm\u00e4\u00dfige Bewertung der Expositionswerte<\/strong>: Messungen der Konzentration von Kupfer und Beryllium in der Luft und auf Arbeitsfl\u00e4chen durch einen akkreditierten Dienstleister. So stellen wir sicher, dass wir die in Frankreich geltenden Arbeitsplatzgrenzwerte f\u00fcr diese beiden Metalle einhalten.<\/li>\n\n\n\n<li><strong>Kommunikation mit den beteiligten Parteien<\/strong>: regelm\u00e4\u00dfige Sensibilisierung der Mitarbeiter, Kommunikation mit den lokalen Arbeitsschutzbeh\u00f6rden.<\/li>\n<\/ul>\n\n\n<div class=\"row\"><div class=\"col-12 heading\">\n<h3 class=\"wp-block-heading\">Programm &#8222;Be Responsible&#8220;<\/h3>\n<\/div><\/div>\n\n\n<div style=\"height:16px\" aria-hidden=\"true\" class=\"wp-block-spacer\"><\/div>\n\n\n\n<figure class=\"wp-block-image size-full is-resized\"><img loading=\"lazy\" decoding=\"async\" width=\"938\" height=\"280\" src=\"https:\/\/www.ngk-alloys.com\/wp-content\/uploads\/BeResponsible-Logo-NEW-with-white.png\" alt=\"\" class=\"wp-image-2289\" style=\"width:250px\" srcset=\"https:\/\/www.ngk-alloys.com\/wp-content\/uploads\/BeResponsible-Logo-NEW-with-white.png 938w, https:\/\/www.ngk-alloys.com\/wp-content\/uploads\/BeResponsible-Logo-NEW-with-white-300x90.png 300w, https:\/\/www.ngk-alloys.com\/wp-content\/uploads\/BeResponsible-Logo-NEW-with-white-768x229.png 768w, https:\/\/www.ngk-alloys.com\/wp-content\/uploads\/BeResponsible-Logo-NEW-with-white-660x197.png 660w, https:\/\/www.ngk-alloys.com\/wp-content\/uploads\/BeResponsible-Logo-NEW-with-white-450x134.png 450w, https:\/\/www.ngk-alloys.com\/wp-content\/uploads\/BeResponsible-Logo-NEW-with-white-330x99.png 330w, https:\/\/www.ngk-alloys.com\/wp-content\/uploads\/BeResponsible-Logo-NEW-with-white-180x54.png 180w\" sizes=\"auto, (max-width: 938px) 100vw, 938px\" \/><\/figure>\n\n\n\n<div style=\"height:16px\" aria-hidden=\"true\" class=\"wp-block-spacer\"><\/div>\n\n\n<div class=\"row\"><div class=\"col-12 paragraph\">\n<p>NGK Berylco France ist Gr\u00fcndungs- und aktives Mitglied des Verbandes BeST (Beryllium Science &amp; Technology), der 2011 in Br\u00fcssel gegr\u00fcndet wurde. In diesem Rahmen haben wir an der Entwicklung eines freiwilligen Programms f\u00fcr bew\u00e4hrte Praktiken f\u00fcr Produkte, die Beryllium enthalten, mitgewirkt. Dieses Programm tr\u00e4gt den Namen &#8222;Be Responsible&#8220; (Be in Anlehnung an das chemische Symbol f\u00fcr Beryllium) und ist f\u00fcr alle kostenlos online zug\u00e4nglich (auf Englisch) unter <a href=\"http:\/\/www.berylliumsafety.eu\" target=\"_blank\" rel=\"noreferrer noopener\"><strong>www.berylliumsafety.eu<\/strong><\/a>.<\/p>\n<\/div><\/div>\n\n<div class=\"row\"><div class=\"col-12 paragraph\">\n<p>Das Programm Be Responsible ist auch in zusammengefasster Form in allen europ\u00e4ischen Sprachen, einschlie\u00dflich Deutsch, verf\u00fcgbar: <a href=\"http:\/\/www.berylliumsecurite.fr\/\" target=\"_blank\" rel=\"noopener\"><strong>www.berylliumsecurite.fr<\/strong><\/a>.<\/p>\n<\/div><\/div>\n\n\n<div style=\"height:29px\" aria-hidden=\"true\" class=\"wp-block-spacer\"><\/div>\n\n\n<div class=\"row\"><div class=\"col-12 paragraph\">\n<p>Das Schutzmodell f\u00fcr Arbeitnehmer im Programm Be Responsible beruht auf acht einfachen Grunds\u00e4tzen, die darauf abzielen, die Emission und Verbreitung von feinen St\u00e4uben, die Beryllium enthalten k\u00f6nnen, zu begrenzen:<\/p>\n<\/div><\/div>\n\n\n<div style=\"height:28px\" aria-hidden=\"true\" class=\"wp-block-spacer\"><\/div>\n\n\n<div class=\"row\"><div class=\"col-12 paragraph\">\n<p><\/p>\n<\/div><\/div>\n\n    <div id=\"block-hero-block_7410a15ae9a9abdfd3df10d6adc066c0\" class=\"wrp-container block-hero\">\n        <div class=\"box-card-05\">\n            <div class=\"grid-row mb40 mb10-sp\">\n                <div class=\"grid-col--12\">\n                    <div class=\"box-card-05__inner\">\n                                                <div class=\"box-card-06__content left_content\">\n                            <p>1. Die Lunge sch\u00fctzen (Tragen einer Atemschutzmaske im Falle einer \u00dcberschreitung des Arbeitsplatzgrenzwertes).<\/p>\n<p>2. Die Haut sch\u00fctzen (Tragen von Handschuhen).<\/p>\n<p>3. Sauberkeit der Arbeitskleidung sicherstellen.<\/p>\n<p>4. Partikel an der Quelle eind\u00e4mmen (Bearbeitung unter Fl\u00fcssigkeit, lokale Absaugung).<\/p>\n<p>5. Partikel im Arbeitsbereich eind\u00e4mmen (Vermeidung der Ausbreitung von Staub \u00fcber den Arbeitsbereich hinaus durch Personen, Produkte, Ausr\u00fcstungen oder Werkzeuge).<\/p>\n<p>6. Partikel auf dem Industriegel\u00e4nde eind\u00e4mmen.<\/p>\n<p>7. Sauberkeit der Arbeitszonen (regelm\u00e4\u00dfige Nassreinigung oder Absaugung der Oberfl\u00e4chen).<\/p>\n<p>8. Regelm\u00e4\u00dfige Sensibilisierung der Besch\u00e4ftigten.<\/p>\n                                                    <\/div>\n                        \n<span class=\"box-card-06__image is-visiblePc\"><img decoding=\"async\" src=\"https:\/\/www.ngk-alloys.com\/wp-content\/uploads\/be-responsible-1.png\" alt=\"\" class=\"fluid-image\"><\/span>\n<span class=\"box-card-06__image  is-visibleTablet js-fullbg\" style=\"background: url(https:\/\/www.ngk-alloys.com\/wp-content\/uploads\/be-responsible-1.png) center center \/ cover; display: inline;\"><img decoding=\"async\" src=\"https:\/\/www.ngk-alloys.com\/wp-content\/uploads\/be-responsible-1.png\" alt=\"\" class=\"fluid-image\" style=\"display: none;\"><\/span>\n<span class=\"box-card-06__image  is-visibleSp\"><img decoding=\"async\" src=\"https:\/\/www.ngk-alloys.com\/wp-content\/uploads\/be-responsible-1.png\" alt=\"\" class=\"fluid-image\"><\/span>\n\n                    <\/div>\n                <\/div>\n            <\/div>\n        <\/div>\n    <\/div>\n\n\n\n\n\n\n<div style=\"height:0px\" aria-hidden=\"true\" class=\"wp-block-spacer\"><\/div>\n\n\n<div class=\"row\"><div class=\"col-12 paragraph\">\n<p>\u00dcber berylliumhaltige Materialien hinaus sind diese Grunds\u00e4tze auf alle Stoffe anwendbar, die ein Risiko durch das Einatmen feiner Partikel darstellen (Metalle, Mineralien, Holz, Mehl, L\u00f6sungsmittel usw.).<\/p>\n<\/div><\/div>\n\n\n<div style=\"height:23px\" aria-hidden=\"true\" class=\"wp-block-spacer\"><\/div>\n\n\n<div class=\"row\"><div class=\"col-12 paragraph\">\n<p>Das Programm Be Responsible bietet ein Set von 12 Leitf\u00e4den, die in den f\u00fcnf wichtigsten europ\u00e4ischen Sprachen \u2013 Englisch, Franz\u00f6sisch, Deutsch, Spanisch und Italienisch \u2013 heruntergeladen werden k\u00f6nnen:<\/p>\n<\/div><\/div>\n\n\n<ul class=\"wp-block-list\">\n<li><strong>3 allgemeine Leitf\u00e4den<\/strong>: Gesundheit und Sicherheit \/ Hygiene &amp; Pers\u00f6nliche Schutzausr\u00fcstung \/ Bewertung der Expositionen<\/li>\n\n\n\n<li><strong>9 spezifische Leitf\u00e4den<\/strong> zu den am h\u00e4ufigsten vorkommenden industriellen T\u00e4tigkeiten. Die T\u00e4tigkeiten sind in zwei Kategorien eingeteilt: <strong>mit geringem Inhalationsrisiko<\/strong> (CNC-Bearbeitung \/ S\u00e4gen \/ Pressenschneiden) und <strong>mit wahrscheinlichem Inhalationsrisiko <\/strong>(Funkenerosion EDM \/ Sandstrahlen, Schleifen, L\u00e4ppen, Polieren \/ Schmelzen \/ Gie\u00dferei \/ W\u00e4rmebehandlung \/ Schmieden \/ Schwei\u00dfen).<\/li>\n<\/ul>\n\n\n\n<div style=\"height:30px\" aria-hidden=\"true\" class=\"wp-block-spacer\"><\/div>\n\n\n<div class=\"row\"><div class=\"col-12 paragraph\">\n<p>F\u00fcr Fragen zu Risiken und Vorsichtsma\u00dfnahmen k\u00f6nnen Sie unsere Expertin f\u00fcr regulatorische Angelegenheiten und bew\u00e4hrte Praktiken im Umgang mit unseren Produkten kontaktieren: Ang\u00e9lique Renier.<\/p>\n<\/div><\/div>\n\n\n<div style=\"height:30px\" aria-hidden=\"true\" class=\"wp-block-spacer\"><\/div>\n\n\n\n<div class=\"wp-block-buttons is-layout-flex wp-block-buttons-is-layout-flex\">\n<div class=\"wp-block-button\"><a class=\"wp-block-button__link btn_long is-pdf is-target-blank wp-element-button\" href=\"https:\/\/www.ngk-alloys.com\/wp-content\/uploads\/Beryllium_Gesundheits-Sicherheits-Richtlinie_DE.pdf\" target=\"_blank\" rel=\"noreferrer noopener\">Beryllium Gesundheits und Sicherheits Richtlinie DE<\/a><\/div>\n<\/div>\n\n\n<div class=\"row\"><div class=\"col-12 heading\">\n<h3 class=\"wp-block-heading\">Sicherheits-Informationsblatt Berylco-Legierungen<\/h3>\n<\/div><\/div>\n\n<div class=\"row\"><div class=\"col-12 paragraph\">\n<p>Wir produzieren Artikel im Sinne der REACH-Verordnung, das hei\u00dft &#8222;Objekte, denen im Herstellungsprozess eine besondere Form, Oberfl\u00e4che oder Gestaltung verliehen wird, die ihre Funktion st\u00e4rker bestimmt als ihre chemische Zusammensetzung&#8220;.<\/p>\n<\/div><\/div>\n\n<div class=\"row\"><div class=\"col-12 paragraph\">\n<p>Daher stellen wir unseren Kunden ein Sicherheits-Informationsblatt zu unseren Berylco-Legierungsartikeln zur Verf\u00fcgung. Dieses Blatt liefert alle notwendigen Informationen f\u00fcr den sicheren Umgang mit unseren Produkten.<\/p>\n<\/div><\/div>\n\n<div class=\"row\"><div class=\"col-12 paragraph\">\n<p>Es ist zu beachten, dass Sicherheitsdatenbl\u00e4tter nur f\u00fcr Stoffe und Gemische vorgeschrieben sind, nicht f\u00fcr Artikel. F\u00fcr weitere Fragen kontaktieren Sie uns bitte.<\/p>\n<\/div><\/div>\n\n\n<div style=\"height:30px\" aria-hidden=\"true\" class=\"wp-block-spacer\"><\/div>\n\n\n\n<div class=\"wp-block-buttons is-layout-flex wp-block-buttons-is-layout-flex\">\n<div class=\"wp-block-button\"><a class=\"wp-block-button__link btn_long is-target-blank wp-element-button\" href=\"https:\/\/www.ngk-alloys.com\/de\/sicherheitsinformationsblatt\/\" target=\"_blank\" rel=\"noreferrer noopener\">Berylco Legierung Sicherheits Information Blatt DE<\/a><\/div>\n<\/div>\n","protected":false},"excerpt":{"rendered":"<p>Gesundheit &amp; Arbeitssicherheit Sicherheits- und Pr\u00e4ventionskultur NGK Wir haben Managementsysteme eingef\u00fchrt, die auch die Zertifizierung ISO 45001 umfassen, die wir im M\u00e4rz 2021 erhalten haben. Seit mehr als einem Jahrhundert, seit der Gr\u00fcndung unserer Gruppe NGK im Jahr 1919 in Japan, haben wir eine starke Sicherheits- und Pr\u00e4ventionskultur entwickelt. Wir profitieren von den vom Konzern [&hellip;]<\/p>\n","protected":false},"author":1,"featured_media":961,"parent":3348,"menu_order":0,"comment_status":"closed","ping_status":"closed","template":"","meta":{"_acf_changed":false,"advgb_blocks_editor_width":"","advgb_blocks_columns_visual_guide":"","footnotes":""},"class_list":["post-3286","page","type-page","status-publish","has-post-thumbnail","hentry"],"acf":[],"coauthors":[],"author_meta":{"author_link":"https:\/\/www.ngk-alloys.com\/de\/author\/admin_ngk\/","display_name":"NGK BERYLCO"},"relative_dates":{"created":"Posted 1\u00a0Jahr ago","modified":"Updated 4\u00a0Monaten ago"},"absolute_dates":{"created":"Posted on 7 Januar 2025","modified":"Updated on 10 Dezember 2025"},"absolute_dates_time":{"created":"Posted on 7 Januar 2025 12h39","modified":"Updated on 10 Dezember 2025 10h28"},"featured_img_caption":"","featured_img":"https:\/\/www.ngk-alloys.com\/wp-content\/uploads\/securite.jpg","series_order":"","_links":{"self":[{"href":"https:\/\/www.ngk-alloys.com\/de\/wp-json\/wp\/v2\/pages\/3286","targetHints":{"allow":["GET"]}}],"collection":[{"href":"https:\/\/www.ngk-alloys.com\/de\/wp-json\/wp\/v2\/pages"}],"about":[{"href":"https:\/\/www.ngk-alloys.com\/de\/wp-json\/wp\/v2\/types\/page"}],"author":[{"embeddable":true,"href":"https:\/\/www.ngk-alloys.com\/de\/wp-json\/wp\/v2\/users\/1"}],"replies":[{"embeddable":true,"href":"https:\/\/www.ngk-alloys.com\/de\/wp-json\/wp\/v2\/comments?post=3286"}],"version-history":[{"count":13,"href":"https:\/\/www.ngk-alloys.com\/de\/wp-json\/wp\/v2\/pages\/3286\/revisions"}],"predecessor-version":[{"id":4852,"href":"https:\/\/www.ngk-alloys.com\/de\/wp-json\/wp\/v2\/pages\/3286\/revisions\/4852"}],"up":[{"embeddable":true,"href":"https:\/\/www.ngk-alloys.com\/de\/wp-json\/wp\/v2\/pages\/3348"}],"wp:featuredmedia":[{"embeddable":true,"href":"https:\/\/www.ngk-alloys.com\/de\/wp-json\/wp\/v2\/media\/961"}],"wp:attachment":[{"href":"https:\/\/www.ngk-alloys.com\/de\/wp-json\/wp\/v2\/media?parent=3286"}],"curies":[{"name":"wp","href":"https:\/\/api.w.org\/{rel}","templated":true}]}}