{"id":3288,"date":"2025-01-07T12:26:12","date_gmt":"2025-01-07T11:26:12","guid":{"rendered":"https:\/\/www.ngk-alloys.com\/?page_id=3288"},"modified":"2025-11-12T16:36:43","modified_gmt":"2025-11-12T15:36:43","slug":"recycling","status":"publish","type":"page","link":"https:\/\/www.ngk-alloys.com\/de\/qse-konformitaet\/recycling\/","title":{"rendered":"Recycling"},"content":{"rendered":"<div class=\"row\"><div class=\"col-12 heading\">\n<h2 class=\"wp-block-heading\">Unsere Recycling-Politik<\/h2>\n<\/div><\/div>\n\n<div class=\"row\"><div class=\"col-12 paragraph\">\n<p>Unser Unternehmen ist darauf bedacht, die Umweltvorschriften einzuhalten und die Konformit\u00e4t unserer Produkte f\u00fcr unsere Kunden zu gew\u00e4hrleisten. Daher haben wir bereits seit vielen Jahren Ma\u00dfnahmen umgesetzt, um den wachsenden Anforderungen im Bereich Umwelt gerecht zu werden.<\/p>\n<\/div><\/div>\n\n\n<div style=\"height:30px\" aria-hidden=\"true\" class=\"wp-block-spacer\"><\/div>\n\n\n    <div id=\"block-hero-block_e107440167b674b8cf223171c8590109\" class=\"wrp-container block-hero\">\n        <div class=\"box-card-05\">\n            <div class=\"grid-row mb40 mb10-sp\">\n                <div class=\"grid-col--12\">\n                    <div class=\"box-card-05__inner\">\n                        \n<span class=\"box-card-06__image is-visiblePc\"><img decoding=\"async\" src=\"https:\/\/www.ngk-alloys.com\/wp-content\/uploads\/IMG_9004-709x439.jpeg\" alt=\"\" class=\"fluid-image\"><\/span>\n<span class=\"box-card-06__image  is-visibleTablet js-fullbg\" style=\"background: url(https:\/\/www.ngk-alloys.com\/wp-content\/uploads\/IMG_9004-709x439.jpeg) center center \/ cover; display: inline;\"><img decoding=\"async\" src=\"https:\/\/www.ngk-alloys.com\/wp-content\/uploads\/IMG_9004-660x660.jpeg\" alt=\"\" class=\"fluid-image\" style=\"display: none;\"><\/span>\n<span class=\"box-card-06__image  is-visibleSp\"><img decoding=\"async\" src=\"https:\/\/www.ngk-alloys.com\/wp-content\/uploads\/IMG_9004-709x439.jpeg\" alt=\"\" class=\"fluid-image\"><\/span>\n                        <div class=\"box-card-06__content right_content\">\n                            <p>NGK Berylco France ist nach ISO 14001 zertifiziert. Wir verfolgen einen kontinuierlichen Verbesserungsprozess, an dem alle Mitarbeiter beteiligt sind und teilnehmen.<\/p>\n<p>Unser Ziel ist es, unsere Umweltauswirkungen zu kontrollieren, verantwortungsbewusst zu handeln und aktiv zum Schutz der heutigen und zuk\u00fcnftigen Umwelt beizutragen.<\/p>\n<p>&nbsp;<\/p>\n<p>So wurde ein systematisches, pr\u00e4zises und strenges Recycling aller Produktionsabf\u00e4lle wie Betriebs\u00f6le, S\u00e4uren, K\u00fchlwasser usw. sowie von Produktionsresten (Metallen) eingef\u00fchrt.<\/p>\n                                                    <\/div>\n                        \n                    <\/div>\n                <\/div>\n            <\/div>\n        <\/div>\n    <\/div>\n\n\n\n\n\n<div class=\"row\"><div class=\"col-12 heading\">\n<h2 class=\"wp-block-heading\">Materialrecycling<\/h2>\n<\/div><\/div>\n\n<div class=\"row\"><div class=\"col-12 paragraph\">\n<p>Kupfer-Beryllium ist ein nachhaltiges Material. Es kann zu 100 % und unbegrenzt recycelt werden, ohne dass seine einzigartigen Eigenschaften beeintr\u00e4chtigt werden.<\/p>\n<\/div><\/div>\n\n<div class=\"row\"><div class=\"col-12 paragraph\">\n<p>Das Recycling von Kupfer-Beryllium spart nat\u00fcrliche Ressourcen (Erze), reduziert die Bergbauaktivit\u00e4ten und sch\u00fctzt damit Landschaften und Biodiversit\u00e4t. Au\u00dferdem spart es die Energie, die f\u00fcr die Herstellung von Prim\u00e4rmetall erforderlich ist (gesch\u00e4tzte Energieeinsparung 75 %), verringert den CO\u2082-Aussto\u00df und reduziert die Kosten und Umweltauswirkungen im Zusammenhang mit der Lagerung und Beseitigung von Abf\u00e4llen aus der Erzverarbeitung.<\/p>\n<\/div><\/div>\n\n\n<div style=\"height:30px\" aria-hidden=\"true\" class=\"wp-block-spacer\"><\/div>\n\n\n    <div id=\"block-hero-block_252fff9291280984053a447c7932c888\" class=\"wrp-container block-hero\">\n        <div class=\"box-card-05\">\n            <div class=\"grid-row mb40 mb10-sp\">\n                <div class=\"grid-col--12\">\n                    <div class=\"box-card-05__inner\">\n                                                <div class=\"box-card-06__content left_content\">\n                            <p><!-- wp:paragraph --><\/p>\n<p>Die Produktionsreste aus Artikeln aus Kupfer-Beryllium-Legierungen k\u00f6nnen direkt recycelt werden, um eine neue Legierung herzustellen \u2013 \u00f6kologisch und wirtschaftlich sinnvoll. Wir recyceln unsere eigenen Produktionsreste und \u00fcbernehmen auch die unserer Kunden.<\/p>\n<p>Wir sch\u00e4tzen, dass <strong>30 bis 40 %<\/strong> unserer Legierungsproduktion in neue Legierungen recycelt werden.<\/p>\n<p>&nbsp;<\/p>\n<p><!-- \/wp:paragraph --> <!-- wp:paragraph --><\/p>\n<p>Beryllium ist ein Werkstoff mit sehr hohem Mehrwert und wirtschaftlicher Bedeutung. Auch metallische Komponenten aus reinem Beryllium, die in High-Tech-Anwendungen eingesetzt werden, k\u00f6nnen problemlos recycelt werden.<\/p>\n                                                    <\/div>\n                        \n<span class=\"box-card-06__image is-visiblePc\"><img decoding=\"async\" src=\"https:\/\/www.ngk-alloys.com\/wp-content\/uploads\/IMG_9111-709x439.jpg\" alt=\"\" class=\"fluid-image\"><\/span>\n<span class=\"box-card-06__image  is-visibleTablet js-fullbg\" style=\"background: url(https:\/\/www.ngk-alloys.com\/wp-content\/uploads\/IMG_9111-709x439.jpg) center center \/ cover; display: inline;\"><img decoding=\"async\" src=\"https:\/\/www.ngk-alloys.com\/wp-content\/uploads\/IMG_9111-660x660.jpg\" alt=\"\" class=\"fluid-image\" style=\"display: none;\"><\/span>\n<span class=\"box-card-06__image  is-visibleSp\"><img decoding=\"async\" src=\"https:\/\/www.ngk-alloys.com\/wp-content\/uploads\/IMG_9111-709x439.jpg\" alt=\"\" class=\"fluid-image\"><\/span>\n\n                    <\/div>\n                <\/div>\n            <\/div>\n        <\/div>\n    <\/div>\n\n\n\n\n\n<div class=\"row\"><div class=\"col-12 heading\">\n<h2 class=\"wp-block-heading\">NGK Berylco \u00fcbernimmt Ihre Produktionsreste und nicht verwendeten Rohstoffbest\u00e4nde<\/h2>\n<\/div><\/div>\n\n\n<div style=\"height:30px\" aria-hidden=\"true\" class=\"wp-block-spacer\"><\/div>\n\n\n    <div id=\"block-hero-block_1d36c72a7b66fa7bbbc797419454afb4\" class=\"wrp-container block-hero\">\n        <div class=\"box-card-05\">\n            <div class=\"grid-row mb40 mb10-sp\">\n                <div class=\"grid-col--12\">\n                    <div class=\"box-card-05__inner\">\n                        \n<span class=\"box-card-06__image is-visiblePc\"><img decoding=\"async\" src=\"https:\/\/www.ngk-alloys.com\/wp-content\/uploads\/IMG_9052-709x439.jpeg\" alt=\"\" class=\"fluid-image\"><\/span>\n<span class=\"box-card-06__image  is-visibleTablet js-fullbg\" style=\"background: url(https:\/\/www.ngk-alloys.com\/wp-content\/uploads\/IMG_9052-709x439.jpeg) center center \/ cover; display: inline;\"><img decoding=\"async\" src=\"https:\/\/www.ngk-alloys.com\/wp-content\/uploads\/IMG_9052-660x660.jpeg\" alt=\"\" class=\"fluid-image\" style=\"display: none;\"><\/span>\n<span class=\"box-card-06__image  is-visibleSp\"><img decoding=\"async\" src=\"https:\/\/www.ngk-alloys.com\/wp-content\/uploads\/IMG_9052-709x439.jpeg\" alt=\"\" class=\"fluid-image\"><\/span>\n                        <div class=\"box-card-06__content right_content\">\n                            <p>Wir nehmen Ihre Produktionsreste aus unseren Berylco-Legierungen zur\u00fcck, sofern sie unseren Anforderungen entsprechen: die Metallreste m\u00fcssen nach Legierungstyp sortiert und sauber sein.<\/p>\n<p>&nbsp;<\/p>\n<p>Unsere Produkte sind unbegrenzt recycelbar und erm\u00f6glichen die Entwicklung einer Kreislaufwirtschaft, die der Umwelt zugutekommt.<\/p>\n<p>&nbsp;<\/p>\n<p>Bitte kontaktieren Sie uns f\u00fcr ein R\u00fcckkaufangebot Ihrer Produktionsreste und nicht verwendeten Materialbest\u00e4nde.<\/p>\n                                                    <\/div>\n                        \n                    <\/div>\n                <\/div>\n            <\/div>\n        <\/div>\n    <\/div>\n\n\n\n","protected":false},"excerpt":{"rendered":"<p>Unsere Recycling-Politik Unser Unternehmen ist darauf bedacht, die Umweltvorschriften einzuhalten und die Konformit\u00e4t unserer Produkte f\u00fcr unsere Kunden zu gew\u00e4hrleisten. Daher haben wir bereits seit vielen Jahren Ma\u00dfnahmen umgesetzt, um den wachsenden Anforderungen im Bereich Umwelt gerecht zu werden. Materialrecycling Kupfer-Beryllium ist ein nachhaltiges Material. Es kann zu 100 % und unbegrenzt recycelt werden, ohne [&hellip;]<\/p>\n","protected":false},"author":1,"featured_media":953,"parent":3348,"menu_order":0,"comment_status":"closed","ping_status":"closed","template":"","meta":{"_acf_changed":false,"advgb_blocks_editor_width":"","advgb_blocks_columns_visual_guide":"","footnotes":""},"class_list":["post-3288","page","type-page","status-publish","has-post-thumbnail","hentry"],"acf":[],"coauthors":[],"author_meta":{"author_link":"https:\/\/www.ngk-alloys.com\/de\/author\/admin_ngk\/","display_name":"NGK BERYLCO"},"relative_dates":{"created":"Posted 1\u00a0Jahr ago","modified":"Updated 5\u00a0Monaten ago"},"absolute_dates":{"created":"Posted on 7 Januar 2025","modified":"Updated on 12 November 2025"},"absolute_dates_time":{"created":"Posted on 7 Januar 2025 12h26","modified":"Updated on 12 November 2025 16h36"},"featured_img_caption":"","featured_img":"https:\/\/www.ngk-alloys.com\/wp-content\/uploads\/recyclage.jpg","series_order":"","_links":{"self":[{"href":"https:\/\/www.ngk-alloys.com\/de\/wp-json\/wp\/v2\/pages\/3288","targetHints":{"allow":["GET"]}}],"collection":[{"href":"https:\/\/www.ngk-alloys.com\/de\/wp-json\/wp\/v2\/pages"}],"about":[{"href":"https:\/\/www.ngk-alloys.com\/de\/wp-json\/wp\/v2\/types\/page"}],"author":[{"embeddable":true,"href":"https:\/\/www.ngk-alloys.com\/de\/wp-json\/wp\/v2\/users\/1"}],"replies":[{"embeddable":true,"href":"https:\/\/www.ngk-alloys.com\/de\/wp-json\/wp\/v2\/comments?post=3288"}],"version-history":[{"count":3,"href":"https:\/\/www.ngk-alloys.com\/de\/wp-json\/wp\/v2\/pages\/3288\/revisions"}],"predecessor-version":[{"id":4455,"href":"https:\/\/www.ngk-alloys.com\/de\/wp-json\/wp\/v2\/pages\/3288\/revisions\/4455"}],"up":[{"embeddable":true,"href":"https:\/\/www.ngk-alloys.com\/de\/wp-json\/wp\/v2\/pages\/3348"}],"wp:featuredmedia":[{"embeddable":true,"href":"https:\/\/www.ngk-alloys.com\/de\/wp-json\/wp\/v2\/media\/953"}],"wp:attachment":[{"href":"https:\/\/www.ngk-alloys.com\/de\/wp-json\/wp\/v2\/media?parent=3288"}],"curies":[{"name":"wp","href":"https:\/\/api.w.org\/{rel}","templated":true}]}}