{"id":3290,"date":"2025-01-07T12:40:48","date_gmt":"2025-01-07T11:40:48","guid":{"rendered":"https:\/\/www.ngk-alloys.com\/?page_id=3290"},"modified":"2025-12-03T11:25:46","modified_gmt":"2025-12-03T10:25:46","slug":"pruef-und-kontrolllabor","status":"publish","type":"page","link":"https:\/\/www.ngk-alloys.com\/de\/qse-konformitaet\/pruef-und-kontrolllabor\/","title":{"rendered":"Pr\u00fcf- und Kontrolllabor"},"content":{"rendered":"<div class=\"row\"><div class=\"col-12 heading\">\n<h2 class=\"wp-block-heading\">Pr\u00fcflabor<\/h2>\n<\/div><\/div>\n\n<div class=\"row\"><div class=\"col-12 paragraph\">\n<p>NGK BERYLCO France bietet schnelle und effiziente technische Unterst\u00fctzung bei allen Problemen oder Entwicklungen. Wir verf\u00fcgen \u00fcber ein Kontroll- und Pr\u00fcflabor und sind in der Lage, Analysen und Expertisen durchzuf\u00fchren, um Ihnen Produkte anzubieten, die Ihren Anforderungen entsprechen.<\/p>\n<\/div><\/div>\n\n<div class=\"row\"><div class=\"col-12 heading\">\n<h3 class=\"wp-block-heading\">Unser Know-how zu Ihrem Service<\/h3>\n<\/div><\/div>\n\n\n<blockquote class=\"wp-block-quote is-layout-flow wp-block-quote-is-layout-flow\"><div class=\"row\"><div class=\"col-12 paragraph\">\n<p><\/p>\n<\/div><\/div><\/blockquote>\n\n\n    <div id=\"block-hero-block_55c1b72e7433f8532128618fc5338b2d\" class=\"wrp-container block-hero\">\n        <div class=\"box-card-05\">\n            <div class=\"grid-row mb40 mb10-sp\">\n                <div class=\"grid-col--12\">\n                    <div class=\"box-card-05__inner\">\n                        \n<span class=\"box-card-06__image is-visiblePc\"><img decoding=\"async\" src=\"https:\/\/www.ngk-alloys.com\/wp-content\/uploads\/DSC_8866-709x439.jpg\" alt=\"\" class=\"fluid-image\"><\/span>\n<span class=\"box-card-06__image  is-visibleTablet js-fullbg\" style=\"background: url(https:\/\/www.ngk-alloys.com\/wp-content\/uploads\/DSC_8866-709x439.jpg) center center \/ cover; display: inline;\"><img decoding=\"async\" src=\"https:\/\/www.ngk-alloys.com\/wp-content\/uploads\/DSC_8866-660x660.jpg\" alt=\"\" class=\"fluid-image\" style=\"display: none;\"><\/span>\n<span class=\"box-card-06__image  is-visibleSp\"><img decoding=\"async\" src=\"https:\/\/www.ngk-alloys.com\/wp-content\/uploads\/DSC_8866-709x439.jpg\" alt=\"\" class=\"fluid-image\"><\/span>\n                        <div class=\"box-card-06__content right_content\">\n                            <ul class=\"wp-block-list\">\n<li>Chemische Analysen<\/li>\n<li>Zugversuche<\/li>\n<li>H\u00e4rtepr\u00fcfungen<\/li>\n<li>Metallographische Analysen<\/li>\n<li>Mikroskopie<\/li>\n<li>Biegeversuche<\/li>\n<\/ul>\n                                                    <\/div>\n                        \n                    <\/div>\n                <\/div>\n            <\/div>\n        <\/div>\n    <\/div>\n\n\n\n\n\n<div class=\"js-fade fadeInUp box-specialcontents pt80 pt20-sp mb75-sp animated\" data-wow-delay=\".2s\">\n\n                <div class=\"box-slider bg-white\">\n            <div class=\"grid-row js-slider-col3 lst-slider lst-specialcontents pl20 pr20 pl0-sp pr0-sp\">\n\n                        \n\n                                        <div class=\"grid-col--4 \" style=\"width: 100%; display: inline-block;\">\n                                            <div class=\"box-slider__inner\" tabindex=\"-1\">\n                                                <span class=\"box-slider__image\">\n                                                    <img decoding=\"async\" src=\"https:\/\/www.ngk-alloys.com\/wp-content\/uploads\/DSC_8890-450x300.jpg\" alt=\"\" class=\"fluid-image\">\n                                                <\/span>\n                                                <span class=\"box-slider__content js-mh-item\">\n                                                  <span class=\"box-slider__text\"><\/span>\n                                                <\/span>\n                                            <\/div>\n                                        <\/div>\n\n\n\n\n                                \n\n                                        <div class=\"grid-col--4 \" style=\"width: 100%; display: inline-block;\">\n                                            <div class=\"box-slider__inner\" tabindex=\"-1\">\n                                                <span class=\"box-slider__image\">\n                                                    <img decoding=\"async\" src=\"https:\/\/www.ngk-alloys.com\/wp-content\/uploads\/DSC_8852-450x300.jpg\" alt=\"\" class=\"fluid-image\">\n                                                <\/span>\n                                                <span class=\"box-slider__content js-mh-item\">\n                                                  <span class=\"box-slider__text\"><\/span>\n                                                <\/span>\n                                            <\/div>\n                                        <\/div>\n\n\n\n\n                                \n\n                                        <div class=\"grid-col--4 \" style=\"width: 100%; display: inline-block;\">\n                                            <div class=\"box-slider__inner\" tabindex=\"-1\">\n                                                <span class=\"box-slider__image\">\n                                                    <img decoding=\"async\" src=\"https:\/\/www.ngk-alloys.com\/wp-content\/uploads\/DSC_8937-450x300.jpg\" alt=\"\" class=\"fluid-image\">\n                                                <\/span>\n                                                <span class=\"box-slider__content js-mh-item\">\n                                                  <span class=\"box-slider__text\"><\/span>\n                                                <\/span>\n                                            <\/div>\n                                        <\/div>\n\n\n\n\n                                \n\n                                        <div class=\"grid-col--4 \" style=\"width: 100%; display: inline-block;\">\n                                            <div class=\"box-slider__inner\" tabindex=\"-1\">\n                                                <span class=\"box-slider__image\">\n                                                    <img decoding=\"async\" src=\"https:\/\/www.ngk-alloys.com\/wp-content\/uploads\/IMG_8903-450x300.jpg\" alt=\"\" class=\"fluid-image\">\n                                                <\/span>\n                                                <span class=\"box-slider__content js-mh-item\">\n                                                  <span class=\"box-slider__text\"><\/span>\n                                                <\/span>\n                                            <\/div>\n                                        <\/div>\n\n\n\n\n                                            <\/div>\n        <\/div>\n\n<\/div>","protected":false},"excerpt":{"rendered":"<p>Pr\u00fcflabor NGK BERYLCO France bietet schnelle und effiziente technische Unterst\u00fctzung bei allen Problemen oder Entwicklungen. Wir verf\u00fcgen \u00fcber ein Kontroll- und Pr\u00fcflabor und sind in der Lage, Analysen und Expertisen durchzuf\u00fchren, um Ihnen Produkte anzubieten, die Ihren Anforderungen entsprechen. Unser Know-how zu Ihrem Service<\/p>\n","protected":false},"author":1,"featured_media":962,"parent":3348,"menu_order":0,"comment_status":"closed","ping_status":"closed","template":"","meta":{"_acf_changed":false,"advgb_blocks_editor_width":"","advgb_blocks_columns_visual_guide":"","footnotes":""},"class_list":["post-3290","page","type-page","status-publish","has-post-thumbnail","hentry"],"acf":[],"coauthors":[],"author_meta":{"author_link":"https:\/\/www.ngk-alloys.com\/de\/author\/admin_ngk\/","display_name":"NGK BERYLCO"},"relative_dates":{"created":"Posted 1\u00a0Jahr ago","modified":"Updated 5\u00a0Monaten ago"},"absolute_dates":{"created":"Posted on 7 Januar 2025","modified":"Updated on 3 Dezember 2025"},"absolute_dates_time":{"created":"Posted on 7 Januar 2025 12h40","modified":"Updated on 3 Dezember 2025 11h25"},"featured_img_caption":"","featured_img":"https:\/\/www.ngk-alloys.com\/wp-content\/uploads\/metrologie.jpg","series_order":"","_links":{"self":[{"href":"https:\/\/www.ngk-alloys.com\/de\/wp-json\/wp\/v2\/pages\/3290","targetHints":{"allow":["GET"]}}],"collection":[{"href":"https:\/\/www.ngk-alloys.com\/de\/wp-json\/wp\/v2\/pages"}],"about":[{"href":"https:\/\/www.ngk-alloys.com\/de\/wp-json\/wp\/v2\/types\/page"}],"author":[{"embeddable":true,"href":"https:\/\/www.ngk-alloys.com\/de\/wp-json\/wp\/v2\/users\/1"}],"replies":[{"embeddable":true,"href":"https:\/\/www.ngk-alloys.com\/de\/wp-json\/wp\/v2\/comments?post=3290"}],"version-history":[{"count":5,"href":"https:\/\/www.ngk-alloys.com\/de\/wp-json\/wp\/v2\/pages\/3290\/revisions"}],"predecessor-version":[{"id":4823,"href":"https:\/\/www.ngk-alloys.com\/de\/wp-json\/wp\/v2\/pages\/3290\/revisions\/4823"}],"up":[{"embeddable":true,"href":"https:\/\/www.ngk-alloys.com\/de\/wp-json\/wp\/v2\/pages\/3348"}],"wp:featuredmedia":[{"embeddable":true,"href":"https:\/\/www.ngk-alloys.com\/de\/wp-json\/wp\/v2\/media\/962"}],"wp:attachment":[{"href":"https:\/\/www.ngk-alloys.com\/de\/wp-json\/wp\/v2\/media?parent=3290"}],"curies":[{"name":"wp","href":"https:\/\/api.w.org\/{rel}","templated":true}]}}