{"id":3294,"date":"2025-01-07T11:04:26","date_gmt":"2025-01-07T10:04:26","guid":{"rendered":"https:\/\/www.ngk-alloys.com\/?page_id=3294"},"modified":"2026-03-30T15:41:14","modified_gmt":"2026-03-30T13:41:14","slug":"die-ngk-gruppe","status":"publish","type":"page","link":"https:\/\/www.ngk-alloys.com\/de\/ueber-uns\/die-ngk-gruppe\/","title":{"rendered":"Die NGK-Gruppe"},"content":{"rendered":"<div class=\"row\"><div class=\"col-12 paragraph\">\n<p>Die NGK Corporation-Gruppe mit Sitz in Nagoya, Japan, wurde 1919 gegr\u00fcndet und vereint weltweit mehr als 20.000 Mitarbeiter, die in drei gro\u00dfen Gesch\u00e4ftsbereichen t\u00e4tig sind:<\/p>\n<\/div><\/div>\n\n\n<ul class=\"wp-block-list\">\n<li>Umwelt (Spezialkeramiken, Katalysatoren usw.)<\/li>\n\n\n\n<li>Digitale Gesellschaft (elektronische Bauteile, Sondermetalle usw.)<\/li>\n\n\n\n<li>Energie und Industrie (Natrium-Schwefel-Batterien, Isolatoren u. a.)<\/li>\n<\/ul>\n\n\n<div class=\"row\"><div class=\"col-12 heading\">\n<h2 class=\"wp-block-heading\">Unsere Mission innerhalb der NGK-Gruppe<\/h2>\n<\/div><\/div>\n\n\n<ul class=\"wp-block-list\">\n<li>Das menschliche Leben bereichern, indem wir der Gesellschaft neue Werte bringen.<\/li>\n\n\n\n<li>Beitrag zur Klimaneutralit\u00e4t und zur digitalen Gesellschaft.<\/li>\n\n\n\n<li>Qualit\u00e4t der Menschen, Qualit\u00e4t der Produkte, Qualit\u00e4t des Managements.<\/li>\n<\/ul>\n\n\n<div class=\"row\"><div class=\"col-12 heading\">\n<h2 class=\"wp-block-heading\">Kuruko, unser Maskottchen<\/h2>\n<\/div><\/div>\n\n    <div id=\"block-hero-block_d42f163ce2c9c50ef747e57eccf01f35\" class=\"wrp-container block-hero\">\n        <div class=\"box-card-05\">\n            <div class=\"grid-row mb40 mb10-sp\">\n                <div class=\"grid-col--12\">\n                    <div class=\"box-card-05__inner\">\n                                                <div class=\"box-card-06__content left_content\">\n                            <p>Kuruko, eine Figur des japanischen Kabuki-Theaters, ist das Maskottchen der NGK-Gruppe. Er agiert diskret im Hintergrund und leistet wertvolle Hilfe beim Wechseln der B\u00fchnenbilder und Kost\u00fcme der Schauspieler.<br \/>\n\u00c4hnlich wie Kuruko sind unsere Produkte f\u00fcr die breite \u00d6ffentlichkeit kaum sichtbar, jedoch von entscheidender Bedeutung f\u00fcr die Energie- und digitale Transformation.<\/p>\n                                                    <\/div>\n                        \n<span class=\"box-card-06__image is-visiblePc\"><img decoding=\"async\" src=\"https:\/\/www.ngk-alloys.com\/wp-content\/uploads\/image-kuruko-709x439.jpg\" alt=\"\" class=\"fluid-image\"><\/span>\n<span class=\"box-card-06__image  is-visibleTablet js-fullbg\" style=\"background: url(https:\/\/www.ngk-alloys.com\/wp-content\/uploads\/image-kuruko-709x439.jpg) center center \/ cover; display: inline;\"><img decoding=\"async\" src=\"https:\/\/www.ngk-alloys.com\/wp-content\/uploads\/image-kuruko-660x500.jpg\" alt=\"\" class=\"fluid-image\" style=\"display: none;\"><\/span>\n<span class=\"box-card-06__image  is-visibleSp\"><img decoding=\"async\" src=\"https:\/\/www.ngk-alloys.com\/wp-content\/uploads\/image-kuruko-709x439.jpg\" alt=\"\" class=\"fluid-image\"><\/span>\n\n                    <\/div>\n                <\/div>\n            <\/div>\n        <\/div>\n    <\/div>\n\n\n\n\n\n\n<div style=\"height:40px\" aria-hidden=\"true\" class=\"wp-block-spacer\"><\/div>\n\n\n\n<div style=\"height:100px\" aria-hidden=\"true\" class=\"wp-block-spacer\"><\/div>\n\n\n<div id=\"block-hero-block_8f5c5333cd102c613e7b241b5efd80df\" class=\"box-card-03 block-hero\">\n        \n                <a target=\"\" href=\"https:\/\/www.ngk-alloys.com\/de\/ueber-uns\/die-ngk-gruppe\/botschaft-des-praesidenten\/\" class=\"box-card-03__item  mb50\">\n                    <p class=\"box-card-03__image\"><img decoding=\"async\" src=\"https:\/\/www.ngk-alloys.com\/wp-content\/uploads\/Photo_president-450x300.jpg\" alt=\"\" class=\"fluid-image\"><\/p>\n                    <h2 class=\"box-card-03__button\">\n                        <span class=\"btn btn--link btn--border btn--white\" data-mh=\"box-card-03\">\n                            <span>Botschaft des Pr\u00e4sidenten<\/span>\n                        <\/span>\n                    <\/h2>\n                <\/a>\n\n\n        \n                <a target=\"\" href=\"https:\/\/www.ngk-alloys.com\/de\/ueber-uns\/die-ngk-gruppe\/die-philosophie-der-gruppe\/\" class=\"box-card-03__item  mb50\">\n                    <p class=\"box-card-03__image\"><img decoding=\"async\" src=\"https:\/\/www.ngk-alloys.com\/wp-content\/uploads\/index-info-card-01.jpg\" alt=\"\" class=\"fluid-image\"><\/p>\n                    <h2 class=\"box-card-03__button\">\n                        <span class=\"btn btn--link btn--border btn--white\" data-mh=\"box-card-03\">\n                            <span>Die Philosophie der Gruppe<\/span>\n                        <\/span>\n                    <\/h2>\n                <\/a>\n\n\n        \n                <a target=\"\" href=\"https:\/\/www.ngk-alloys.com\/de\/ueber-uns\/die-ngk-gruppe\/die-geschichte-der-gruppe\/\" class=\"box-card-03__item  mb50\">\n                    <p class=\"box-card-03__image\"><img decoding=\"async\" src=\"https:\/\/www.ngk-alloys.com\/wp-content\/uploads\/ngk-japan-450x300.jpg\" alt=\"\" class=\"fluid-image\"><\/p>\n                    <h2 class=\"box-card-03__button\">\n                        <span class=\"btn btn--link btn--border btn--white\" data-mh=\"box-card-03\">\n                            <span>Die Geschichte der Gruppe<\/span>\n                        <\/span>\n                    <\/h2>\n                <\/a>\n\n\n        <\/div>\n\n","protected":false},"excerpt":{"rendered":"<p>Die NGK Corporation-Gruppe mit Sitz in Nagoya, Japan, wurde 1919 gegr\u00fcndet und vereint weltweit mehr als 20.000 Mitarbeiter, die in drei gro\u00dfen Gesch\u00e4ftsbereichen t\u00e4tig sind: Unsere Mission innerhalb der NGK-Gruppe Kuruko, unser Maskottchen<\/p>\n","protected":false},"author":1,"featured_media":0,"parent":3298,"menu_order":0,"comment_status":"closed","ping_status":"closed","template":"","meta":{"_acf_changed":false,"advgb_blocks_editor_width":"","advgb_blocks_columns_visual_guide":"","footnotes":""},"class_list":["post-3294","page","type-page","status-publish","hentry"],"acf":[],"coauthors":[],"author_meta":{"author_link":"https:\/\/www.ngk-alloys.com\/de\/author\/admin_ngk\/","display_name":"NGK BERYLCO"},"relative_dates":{"created":"Posted 1\u00a0Jahr ago","modified":"Updated 3\u00a0Wochen ago"},"absolute_dates":{"created":"Posted on 7 Januar 2025","modified":"Updated on 30 M\u00e4rz 2026"},"absolute_dates_time":{"created":"Posted on 7 Januar 2025 11h04","modified":"Updated on 30 M\u00e4rz 2026 15h41"},"featured_img_caption":"","featured_img":false,"series_order":"","_links":{"self":[{"href":"https:\/\/www.ngk-alloys.com\/de\/wp-json\/wp\/v2\/pages\/3294","targetHints":{"allow":["GET"]}}],"collection":[{"href":"https:\/\/www.ngk-alloys.com\/de\/wp-json\/wp\/v2\/pages"}],"about":[{"href":"https:\/\/www.ngk-alloys.com\/de\/wp-json\/wp\/v2\/types\/page"}],"author":[{"embeddable":true,"href":"https:\/\/www.ngk-alloys.com\/de\/wp-json\/wp\/v2\/users\/1"}],"replies":[{"embeddable":true,"href":"https:\/\/www.ngk-alloys.com\/de\/wp-json\/wp\/v2\/comments?post=3294"}],"version-history":[{"count":10,"href":"https:\/\/www.ngk-alloys.com\/de\/wp-json\/wp\/v2\/pages\/3294\/revisions"}],"predecessor-version":[{"id":5683,"href":"https:\/\/www.ngk-alloys.com\/de\/wp-json\/wp\/v2\/pages\/3294\/revisions\/5683"}],"up":[{"embeddable":true,"href":"https:\/\/www.ngk-alloys.com\/de\/wp-json\/wp\/v2\/pages\/3298"}],"wp:attachment":[{"href":"https:\/\/www.ngk-alloys.com\/de\/wp-json\/wp\/v2\/media?parent=3294"}],"curies":[{"name":"wp","href":"https:\/\/api.w.org\/{rel}","templated":true}]}}