{"id":3405,"date":"2024-12-18T11:46:50","date_gmt":"2024-12-18T10:46:50","guid":{"rendered":"https:\/\/www.ngk-alloys.com\/?page_id=3405"},"modified":"2026-02-10T18:09:59","modified_gmt":"2026-02-10T17:09:59","slug":"broschueren","status":"publish","type":"page","link":"https:\/\/www.ngk-alloys.com\/de\/broschueren\/","title":{"rendered":"Brosch\u00fcren"},"content":{"rendered":"<nav class=\"nav-link-internal center mt90 mt40-sp\">\n    <ul>\n                <li><a href=\"#cuivreberyllium\">Kupfer-Beryllium <span class=\"icon icon-gaishi-down\"><\/span><\/a><\/li>\n                <li><a href=\"#beryllium\">Beryllium <span class=\"icon icon-gaishi-down\"><\/span><\/a><\/li>\n                <li><a href=\"#infotechniques\">Technische Informationen <span class=\"icon icon-gaishi-down\"><\/span><\/a><\/li>\n            <\/ul>\n<\/nav>\n\n\n\n\n\n\n<div style=\"height:30px\" aria-hidden=\"true\" class=\"wp-block-spacer\"><\/div>\n\n\n<div class=\"row\"><div class=\"col-12 paragraph\">\n<p><strong>Nachstehend finden Sie unsere Brosch\u00fcren im PDF-Format zum Download, geordnet nach Produkttyp. F\u00fcr weitere Informationen stehen wir Ihnen gerne zur Verf\u00fcgung.<\/strong><\/p>\n<\/div><\/div>\n\n<div class=\"row\"><div class=\"col-12 heading\">\n<h2 class=\"wp-block-heading\" id=\"cuivreberyllium\">Kupfer-Beryllium<\/h2>\n<\/div><\/div>\n\n<div class=\"row\"><div class=\"col-12 heading\">\n<h3 class=\"wp-block-heading\">Katalog Kupfer-Beryllium-Legierungen Berylco (B\u00e4nder, Stangen, Dr\u00e4hte)<\/h3>\n<\/div><\/div>\n\n<div id=\"block-hero-block_889269e825bde74705743823732bdced\" class=\"box-card-03 block-hero\">\n        \n                <a target=\"_blank\" href=\"https:\/\/www.ngk-alloys.com\/wp-content\/uploads\/NGK-Berylco-Catalogue_DE_2024.08.pdf\" class=\"box-card-03__item  mb50\">\n                    <p class=\"box-card-03__image\"><img decoding=\"async\" src=\"https:\/\/www.ngk-alloys.com\/wp-content\/uploads\/couv-cube-de-1.jpg\" alt=\"\" class=\"fluid-image\"><\/p>\n                    <h2 class=\"box-card-03__button\">\n                        <span class=\"btn btn--link btn--border btn--white\" data-mh=\"box-card-03\">\n                            <span>Kupfer-Beryllium-Legierungen<\/span>\n                        <\/span>\n                    <\/h2>\n                <\/a>\n\n\n        <\/div>\n\n\n\n<div class=\"row\"><div class=\"col-12 heading\">\n<h3 class=\"wp-block-heading\">Brosch\u00fcre W\u00e4rmebehandlung Kupfer-Beryllium-Legierungen Berylco<\/h3>\n<\/div><\/div>\n\n<div id=\"block-hero-block_d158764d2eb0f7663cac20fa9f92bd96\" class=\"box-card-03 block-hero\">\n        \n                <a target=\"_blank\" href=\"https:\/\/www.ngk-alloys.com\/de\/formular-broschueren\/\" class=\"box-card-03__item  mb50\">\n                    <p class=\"box-card-03__image\"><img decoding=\"async\" src=\"https:\/\/www.ngk-alloys.com\/wp-content\/uploads\/couv-heat-treatment-en-1.jpg\" alt=\"\" class=\"fluid-image\"><\/p>\n                    <h2 class=\"box-card-03__button\">\n                        <span class=\"btn btn--link btn--border btn--white\" data-mh=\"box-card-03\">\n                            <span>W\u00e4rmebehandlung Kupfer-Beryllium EN<\/span>\n                        <\/span>\n                    <\/h2>\n                <\/a>\n\n\n        <\/div>\n\n\n\n<div class=\"row\"><div class=\"col-12 heading\">\n<h3 class=\"wp-block-heading\">Technischer Leitfaden Kupfer-Beryllium-Legierungen Berylco<\/h3>\n<\/div><\/div>\n\n<div id=\"block-hero-block_5b13b5c23e3c07bd0e58ad2845f36056\" class=\"box-card-03 block-hero\">\n        \n                <a target=\"_blank\" href=\"https:\/\/www.ngk-alloys.com\/de\/formular-broschueren\/\" class=\"box-card-03__item  mb50\">\n                    <p class=\"box-card-03__image\"><img decoding=\"async\" src=\"https:\/\/www.ngk-alloys.com\/wp-content\/uploads\/couv-design-guide-en-1.jpg\" alt=\"\" class=\"fluid-image\"><\/p>\n                    <h2 class=\"box-card-03__button\">\n                        <span class=\"btn btn--link btn--border btn--white\" data-mh=\"box-card-03\">\n                            <span>Technischer Leitfaden Kupfer-Beryllium EN<\/span>\n                        <\/span>\n                    <\/h2>\n                <\/a>\n\n\n        <\/div>\n\n\n\n<div class=\"row\"><div class=\"col-12 heading\">\n<h3 class=\"wp-block-heading\">Brosch\u00fcre Stangen und Platten Kupfer-Beryllium Berylco f\u00fcr die Kunststofftechnik<\/h3>\n<\/div><\/div>\n\n<div id=\"block-hero-block_69668b610b9a22bd1944085784b92131\" class=\"box-card-03 block-hero\">\n        \n                <a target=\"_blank\" href=\"https:\/\/www.ngk-alloys.com\/de\/formular-broschueren\/\" class=\"box-card-03__item  mb50\">\n                    <p class=\"box-card-03__image\"><img decoding=\"async\" src=\"https:\/\/www.ngk-alloys.com\/wp-content\/uploads\/couv-plates-en-1.jpg\" alt=\"\" class=\"fluid-image\"><\/p>\n                    <h2 class=\"box-card-03__button\">\n                        <span class=\"btn btn--link btn--border btn--white\" data-mh=\"box-card-03\">\n                            <span>Stangen und Platten EN<\/span>\n                        <\/span>\n                    <\/h2>\n                <\/a>\n\n\n        <\/div>\n\n\n\n<div class=\"row\"><div class=\"col-12 heading\">\n<h3 class=\"wp-block-heading\">Brosch\u00fcre Chill-Vents Kupfer-Beryllium Berylco<\/h3>\n<\/div><\/div>\n\n<div id=\"block-hero-block_219ce3883c227c3c21bf8a24a56b5b77\" class=\"box-card-03 block-hero\">\n        \n                <a target=\"_blank\" href=\"https:\/\/www.ngk-alloys.com\/de\/formular-broschueren\/\" class=\"box-card-03__item  mb50\">\n                    <p class=\"box-card-03__image\"><img decoding=\"async\" src=\"https:\/\/www.ngk-alloys.com\/wp-content\/uploads\/couv-chill-vent-en-1.jpg\" alt=\"\" class=\"fluid-image\"><\/p>\n                    <h2 class=\"box-card-03__button\">\n                        <span class=\"btn btn--link btn--border btn--white\" data-mh=\"box-card-03\">\n                            <span>NGK Chill-Vent EN<\/span>\n                        <\/span>\n                    <\/h2>\n                <\/a>\n\n\n        <\/div>\n\n\n\n<div class=\"row\"><div class=\"col-12 heading\">\n<h3 class=\"wp-block-heading\">Brosch\u00fcren Weitere Spezialprodukte NGK Berylco<\/h3>\n<\/div><\/div>\n\n<div id=\"block-hero-block_99e543392a26b71c8414d8e055aa84b2\" class=\"box-card-03 block-hero\">\n        \n                <a target=\"_blank\" href=\"https:\/\/www.ngk-alloys.com\/de\/formular-broschueren\/\" class=\"box-card-03__item  mb50\">\n                    <p class=\"box-card-03__image\"><img decoding=\"async\" src=\"https:\/\/www.ngk-alloys.com\/wp-content\/uploads\/couv-hot-stamping.jpg\" alt=\"\" class=\"fluid-image\"><\/p>\n                    <h2 class=\"box-card-03__button\">\n                        <span class=\"btn btn--link btn--border btn--white\" data-mh=\"box-card-03\">\n                            <span>NGK Hot Stamping EN<\/span>\n                        <\/span>\n                    <\/h2>\n                <\/a>\n\n\n        \n                <a target=\"_blank\" href=\"https:\/\/www.ngk-alloys.com\/de\/formular-broschueren\/\" class=\"box-card-03__item  mb50\">\n                    <p class=\"box-card-03__image\"><img decoding=\"async\" src=\"https:\/\/www.ngk-alloys.com\/wp-content\/uploads\/couv-plunger-tips.jpg\" alt=\"\" class=\"fluid-image\"><\/p>\n                    <h2 class=\"box-card-03__button\">\n                        <span class=\"btn btn--link btn--border btn--white\" data-mh=\"box-card-03\">\n                            <span>NGK Plunger Tips EN<\/span>\n                        <\/span>\n                    <\/h2>\n                <\/a>\n\n\n        <\/div>\n\n\n\n<div class=\"row\"><div class=\"col-12 heading\">\n<h2 class=\"wp-block-heading\" id=\"beryllium\">Beryllium<\/h2>\n<\/div><\/div>\n\n<div class=\"row\"><div class=\"col-12 heading\">\n<h3 class=\"wp-block-heading\">Spiegel aus reinem Beryllium<\/h3>\n<\/div><\/div>\n\n<div id=\"block-hero-block_295043d1325dd6ca503e62dd5427a5e2\" class=\"box-card-03 block-hero\">\n        \n                <a target=\"_blank\" href=\"https:\/\/www.ngk-alloys.com\/de\/formular-broschueren\/\" class=\"box-card-03__item  mb50\">\n                    <p class=\"box-card-03__image\"><img decoding=\"async\" src=\"https:\/\/www.ngk-alloys.com\/wp-content\/uploads\/couv-mirrors.jpg\" alt=\"\" class=\"fluid-image\"><\/p>\n                    <h2 class=\"box-card-03__button\">\n                        <span class=\"btn btn--link btn--border btn--white\" data-mh=\"box-card-03\">\n                            <span>Spiegel EN<\/span>\n                        <\/span>\n                    <\/h2>\n                <\/a>\n\n\n        <\/div>\n\n\n\n<div class=\"row\"><div class=\"col-12 heading\">\n<h3 class=\"wp-block-heading\">Fenster aus reinem Beryllium<\/h3>\n<\/div><\/div>\n\n<div id=\"block-hero-block_2b12e58515e6faa49a004d9ca574a934\" class=\"box-card-03 block-hero\">\n        \n                <a target=\"_blank\" href=\"https:\/\/www.ngk-alloys.com\/de\/formular-broschueren\/\" class=\"box-card-03__item  mb50\">\n                    <p class=\"box-card-03__image\"><img decoding=\"async\" src=\"https:\/\/www.ngk-alloys.com\/wp-content\/uploads\/couv-windows.jpg\" alt=\"\" class=\"fluid-image\"><\/p>\n                    <h2 class=\"box-card-03__button\">\n                        <span class=\"btn btn--link btn--border btn--white\" data-mh=\"box-card-03\">\n                            <span>Fenster EN<\/span>\n                        <\/span>\n                    <\/h2>\n                <\/a>\n\n\n        <\/div>\n\n\n\n<div class=\"row\"><div class=\"col-12 heading\">\n<h2 class=\"wp-block-heading\" id=\"infotechniques\">Technische Informationen<\/h2>\n<\/div><\/div>\n\n<div id=\"block-hero-block_ea409992a3e96f817e57cbf63948e9cb\" class=\"box-card-03 block-hero\">\n        \n                <a target=\"_blank\" href=\"https:\/\/www.ngk-alloys.com\/wp-content\/uploads\/NGK_Tableau_Periodique_fr-1.pdf\" class=\"box-card-03__item  mb50\">\n                    <p class=\"box-card-03__image\"><img decoding=\"async\" src=\"https:\/\/www.ngk-alloys.com\/wp-content\/uploads\/couv-tableau-periodique-2.jpg\" alt=\"\" class=\"fluid-image\"><\/p>\n                    <h2 class=\"box-card-03__button\">\n                        <span class=\"btn btn--link btn--border btn--white\" data-mh=\"box-card-03\">\n                            <span>Periodensystem der Elemente<\/span>\n                        <\/span>\n                    <\/h2>\n                <\/a>\n\n\n        \n                <a target=\"_blank\" href=\"https:\/\/www.ngk-alloys.com\/wp-content\/uploads\/conversion-durete.pdf\" class=\"box-card-03__item  mb50\">\n                    <p class=\"box-card-03__image\"><img decoding=\"async\" src=\"https:\/\/www.ngk-alloys.com\/wp-content\/uploads\/couv-durete.jpg\" alt=\"\" class=\"fluid-image\"><\/p>\n                    <h2 class=\"box-card-03__button\">\n                        <span class=\"btn btn--link btn--border btn--white\" data-mh=\"box-card-03\">\n                            <span>Umrechnungstabelle H\u00e4rte<\/span>\n                        <\/span>\n                    <\/h2>\n                <\/a>\n\n\n        <\/div>\n\n\n\n<div class=\"row\"><div class=\"col-12 paragraph\">\n<p><\/p>\n<\/div><\/div>","protected":false},"excerpt":{"rendered":"<p>Nachstehend finden Sie unsere Brosch\u00fcren im PDF-Format zum Download, geordnet nach Produkttyp. F\u00fcr weitere Informationen stehen wir Ihnen gerne zur Verf\u00fcgung. Kupfer-Beryllium Katalog Kupfer-Beryllium-Legierungen Berylco (B\u00e4nder, Stangen, Dr\u00e4hte) Brosch\u00fcre W\u00e4rmebehandlung Kupfer-Beryllium-Legierungen Berylco Technischer Leitfaden Kupfer-Beryllium-Legierungen Berylco Brosch\u00fcre Stangen und Platten Kupfer-Beryllium Berylco f\u00fcr die Kunststofftechnik Brosch\u00fcre Chill-Vents Kupfer-Beryllium Berylco Brosch\u00fcren Weitere Spezialprodukte NGK Berylco Beryllium [&hellip;]<\/p>\n","protected":false},"author":1,"featured_media":0,"parent":0,"menu_order":0,"comment_status":"closed","ping_status":"closed","template":"","meta":{"_acf_changed":false,"advgb_blocks_editor_width":"","advgb_blocks_columns_visual_guide":"","footnotes":""},"class_list":["post-3405","page","type-page","status-publish","hentry"],"acf":[],"coauthors":[],"author_meta":{"author_link":"https:\/\/www.ngk-alloys.com\/de\/author\/admin_ngk\/","display_name":"NGK BERYLCO"},"relative_dates":{"created":"Posted 1\u00a0Jahr ago","modified":"Updated 2\u00a0Monaten ago"},"absolute_dates":{"created":"Posted on 18 Dezember 2024","modified":"Updated on 10 Februar 2026"},"absolute_dates_time":{"created":"Posted on 18 Dezember 2024 11h46","modified":"Updated on 10 Februar 2026 18h09"},"featured_img_caption":"","featured_img":false,"series_order":"","_links":{"self":[{"href":"https:\/\/www.ngk-alloys.com\/de\/wp-json\/wp\/v2\/pages\/3405","targetHints":{"allow":["GET"]}}],"collection":[{"href":"https:\/\/www.ngk-alloys.com\/de\/wp-json\/wp\/v2\/pages"}],"about":[{"href":"https:\/\/www.ngk-alloys.com\/de\/wp-json\/wp\/v2\/types\/page"}],"author":[{"embeddable":true,"href":"https:\/\/www.ngk-alloys.com\/de\/wp-json\/wp\/v2\/users\/1"}],"replies":[{"embeddable":true,"href":"https:\/\/www.ngk-alloys.com\/de\/wp-json\/wp\/v2\/comments?post=3405"}],"version-history":[{"count":8,"href":"https:\/\/www.ngk-alloys.com\/de\/wp-json\/wp\/v2\/pages\/3405\/revisions"}],"predecessor-version":[{"id":5292,"href":"https:\/\/www.ngk-alloys.com\/de\/wp-json\/wp\/v2\/pages\/3405\/revisions\/5292"}],"wp:attachment":[{"href":"https:\/\/www.ngk-alloys.com\/de\/wp-json\/wp\/v2\/media?parent=3405"}],"curies":[{"name":"wp","href":"https:\/\/api.w.org\/{rel}","templated":true}]}}