{"id":4715,"date":"2025-11-28T15:32:01","date_gmt":"2025-11-28T14:32:01","guid":{"rendered":"https:\/\/www.ngk-alloys.com\/?page_id=4715"},"modified":"2025-11-28T15:43:22","modified_gmt":"2025-11-28T14:43:22","slug":"cookie-richtlinie","status":"publish","type":"page","link":"https:\/\/www.ngk-alloys.com\/de\/cookie-richtlinie\/","title":{"rendered":"Cookie-Richtlinie"},"content":{"rendered":"<div class=\"row\"><div class=\"col-12 heading\">\n<h2 class=\"wp-block-heading\">Hypertext-Links und Cookies<\/h2>\n<\/div><\/div>\n\n<div class=\"row\"><div class=\"col-12 paragraph\">\n<p>Die Website des Unternehmens NGK BERYLCO enth\u00e4lt eine Reihe von Hypertext-Links zu anderen Websites, die mit der Genehmigung des Unternehmens NGK BERYLCO eingerichtet wurden.<br>Das Unternehmen NGK BERYLCO hat jedoch keine M\u00f6glichkeit, den Inhalt der so besuchten Websites zu \u00fcberpr\u00fcfen und \u00fcbernimmt daher keinerlei Verantwortung f\u00fcr diese Inhalte.<\/p>\n<\/div><\/div>\n\n<div class=\"row\"><div class=\"col-12 paragraph\">\n<p>Bei der Nutzung der Website https:\/\/www.ngk-alloys.com (im Folgenden \u201edie Website\u201c genannt) k\u00f6nnen bestimmte Informationen \u00fcber Ihr Surfverhalten in \u201eCookie\u201c-Dateien gespeichert werden, die auf Ihrem Endger\u00e4t abgelegt werden (Computer, Tablet, Mobiltelefon oder jedes andere f\u00fcr das Internet optimierte Ger\u00e4t).<\/p>\n<\/div><\/div>\n\n<div class=\"row\"><div class=\"col-12 paragraph\">\n<p>Diese Cookies werden vom Unternehmen NGK BERYLCO gesetzt, um Ihre Navigation auf dieser Website zu erleichtern und zu Zwecken der Reichweitenmessung.<\/p>\n<\/div><\/div>\n\n<div class=\"row\"><div class=\"col-12 paragraph\">\n<p>Dieser Artikel soll Ihnen helfen zu verstehen, was ein Cookie ist, welche Funktion es erf\u00fcllt und wie Sie seine Nutzung einstellen k\u00f6nnen.<\/p>\n<\/div><\/div>\n\n<div class=\"row\"><div class=\"col-12 heading\">\n<h3 class=\"wp-block-heading\">Was ist ein Cookie?<\/h3>\n<\/div><\/div>\n\n<div class=\"row\"><div class=\"col-12 paragraph\">\n<p>Ein Cookie ist eine Textdatei, die mit Hilfe Ihres Browsers in einem daf\u00fcr vorgesehenen Bereich der Festplatte Ihres Endger\u00e4ts gespeichert wird, wenn Sie eine Website besuchen oder eine Werbung ansehen. Sie enth\u00e4lt verschiedene Daten wie den Namen des Servers, der sie abgelegt hat (Server der Website, die Sie besuchen), eine eindeutige Kennung in Form einer Nummer und gegebenenfalls ein Ablaufdatum des betreffenden Cookies.<\/p>\n<\/div><\/div>\n\n<div class=\"row\"><div class=\"col-12 paragraph\">\n<p>Cookies erm\u00f6glichen es dem Herausgeber, das Endger\u00e4t des Nutzers, auf dem sie gespeichert sind, zu erkennen und Informationen \u00fcber dessen Navigation auf den Websites zu sammeln.<\/p>\n<\/div><\/div>\n\n<div class=\"row\"><div class=\"col-12 heading\">\n<h3 class=\"wp-block-heading\">Die auf dieser Website verwendeten Cookies<\/h3>\n<\/div><\/div>\n\n<div class=\"row\"><div class=\"col-12 paragraph\">\n<p>\u201eUnverzichtbare Cookies\u201c f\u00fcr das Funktionieren der Website: Sie erm\u00f6glichen das Speichern eingegebener Informationen in Formularen, die Verwaltung und Sicherung des Zugangs zu gesch\u00fctzten Bereichen (Registrierung oder Zugang zu Ihrem Konto, angeforderter Dienst, Inhalt eines Warenkorbs usw.).<\/p>\n<\/div><\/div>\n\n<div class=\"row\"><div class=\"col-12 paragraph\">\n<p>\u201eFunktionale Cookies\u201c: Sie passen die Darstellung der Website an die Anzeigepr\u00e4ferenzen Ihres Endger\u00e4ts an (verwendete Sprache, Aufl\u00f6sung usw.) und personalisieren damit Ihren Zugang zur Website.<\/p>\n<\/div><\/div>\n\n<div class=\"row\"><div class=\"col-12 paragraph\">\n<p>\u201eAnalytische Cookies\u201c (oder \u201eCookies zur Reichweitenmessung\u201c): Sie sammeln anonym Verkehrsdaten, um Statistiken und Besuchsvolumina zu erstellen (Anzahl der Besuche, aufgerufene Seiten usw.) und die Nutzung der Bestandteile dieser Website zu analysieren (besuchte Rubriken und Seiten usw.). Dies erm\u00f6glicht es dem Unternehmen NGK BERYLCO, die Qualit\u00e4t seiner Dienstleistungen zu \u00fcberwachen und zu verbessern.<\/p>\n<\/div><\/div>\n\n<div class=\"row\"><div class=\"col-12 paragraph\">\n<p>\u201eSoziale Cookies\u201c: Sie erm\u00f6glichen Ihnen die Interaktion mit sozialen Modulen auf der Website (Facebook, Twitter usw.).<\/p>\n<\/div><\/div>\n\n<div class=\"row\"><div class=\"col-12 paragraph\">\n<p>\u201eTargeting- oder Retargeting-Cookies\u201c: Sie passen die Navigation an Ihre Auswahl und Pr\u00e4ferenzen an, indem sie Ihnen gegebenenfalls Produkte und Dienstleistungen anbieten, die f\u00fcr Sie von Interesse sein k\u00f6nnten. Bestimmte Drittanbieter-Cookies k\u00f6nnen \u00fcber unsere vertrauensw\u00fcrdigen Gesch\u00e4ftspartner auf der Website installiert werden, um Ihnen Angebote im Zusammenhang mit anderen Internetseiten zu unterbreiten.<\/p>\n<\/div><\/div>\n\n<div class=\"row\"><div class=\"col-12 heading\">\n<h3 class=\"wp-block-heading\">Verwaltung Ihrer Cookies<\/h3>\n<\/div><\/div>\n\n<div class=\"row\"><div class=\"col-12 paragraph\">\n<p>Sie k\u00f6nnen die Installation dieser Cookies auf Ihrem Endger\u00e4t kontrollieren und verwalten, indem Sie Ihren Browser entsprechend konfigurieren.<\/p>\n<\/div><\/div>\n\n<div class=\"row\"><div class=\"col-12 paragraph\">\n<p>So k\u00f6nnen Sie Ihren Browser so einstellen, dass er alle Cookies akzeptiert oder ablehnt \u2013 entweder grunds\u00e4tzlich oder abh\u00e4ngig vom Herausgeber. Sie k\u00f6nnen ebenfalls w\u00e4hlen, automatisch benachrichtigt zu werden, wenn ein Cookie auf Ihrem Endger\u00e4t gespeichert wird.<\/p>\n<\/div><\/div>\n\n<div class=\"row\"><div class=\"col-12 paragraph\">\n<p>Um eine noch pr\u00e4zisere Kontrolle \u00fcber die Cookie-Verwaltung zu erhalten, k\u00f6nnen Sie Ihren Browser so konfigurieren, dass die Annahme oder Ablehnung von Cookies Ihnen jeweils einzeln vorgeschlagen wird, bevor ein Cookie vom Server der von Ihnen besuchten Website m\u00f6glicherweise auf Ihrer Festplatte gespeichert wird.<\/p>\n<\/div><\/div>\n\n<div class=\"row\"><div class=\"col-12 paragraph\">\n<p>Es wird daher empfohlen, Ihre Browsereinstellungen nach Ihren W\u00fcnschen vorzunehmen.<\/p>\n<\/div><\/div>\n\n<div class=\"row\"><div class=\"col-12 paragraph\">\n<p>Um die Cookie-Verwaltung bestm\u00f6glich an Ihre Erwartungen anzupassen, empfehlen wir Ihnen, Ihren Browser entsprechend dem Zweck der Cookies zu konfigurieren. Nachfolgend finden Sie detailliertere Informationen zur Vorgehensweise f\u00fcr die g\u00e4ngigsten Browser:<\/p>\n<\/div><\/div>\n\n\n<ul class=\"wp-block-list\">\n<li><a href=\"https:\/\/support.microsoft.com\/de-de\/windows\/anzeigen-und-l%C3%B6schen-des-browserverlaufs-in-internet-explorer-098ffe52-5ac9-a449-c296-c735c32c8678\" target=\"_blank\" rel=\"noreferrer noopener\">Internet Explorer<\/a><\/li>\n\n\n\n<li><a href=\"https:\/\/support.google.com\/chrome\/answer\/95647?hl=de&amp;sjid=2785137526870535771-EU\" target=\"_blank\" rel=\"noreferrer noopener\">Chrome<\/a><\/li>\n\n\n\n<li><a href=\"https:\/\/support.mozilla.org\/de\/kb\/verbesserter-schutz-aktivitatenverfolgung-desktop?redirectslug=activer-desactiver-cookies-preferences&amp;redirectlocale=fr\" target=\"_blank\" rel=\"noreferrer noopener\">Firefox<\/a><\/li>\n\n\n\n<li><a href=\"https:\/\/support.apple.com\/de-de\/guide\/safari\/sfri11471\/mac\" target=\"_blank\" rel=\"noreferrer noopener\">Safari<\/a><\/li>\n\n\n\n<li><a href=\"https:\/\/www.opera.com\/fr\/use-cases\/clean-browser-and-remove-trackers\" target=\"_blank\" rel=\"noreferrer noopener\">Opera<\/a><\/li>\n<\/ul>\n\n\n<div class=\"row\"><div class=\"col-12 paragraph\">\n<p>Sie k\u00f6nnen auch das Men\u00fc \u201eHilfe\u201c Ihres Browsers aufrufen, um zu erfahren, wie Sie Ihre Cookie-Einstellungen \u00e4ndern k\u00f6nnen.<\/p>\n<\/div><\/div>\n\n<div class=\"row\"><div class=\"col-12 paragraph\">\n<p>Jede Einstellung, die Sie in diesem Zusammenhang an Ihrem Endger\u00e4t vornehmen, kann eine \u00c4nderung oder Verschlechterung Ihrer Navigation im Internet nach sich ziehen, insbesondere hinsichtlich der Zugangsbedingungen zu bestimmten Diensten der Website, die die Verwendung von Cookies erfordern. Bei Schwierigkeiten k\u00f6nnen Sie Ihre Cookie-Einstellungen jederzeit \u00e4ndern und Ihre Wahl r\u00fcckg\u00e4ngig machen.<\/p>\n<\/div><\/div>","protected":false},"excerpt":{"rendered":"<p>Hypertext-Links und Cookies Die Website des Unternehmens enth\u00e4lt eine Reihe von Hypertext-Links zu anderen Websites, die mit der Genehmigung des Unternehmens eingerichtet wurden.Das Unternehmen hat jedoch keine M\u00f6glichkeit, den Inhalt der so besuchten Websites zu \u00fcberpr\u00fcfen und \u00fcbernimmt daher keinerlei Verantwortung f\u00fcr diese Inhalte. Bei der Nutzung der Website (im Folgenden \u201edie Website\u201c genannt) k\u00f6nnen [&hellip;]<\/p>\n","protected":false},"author":1,"featured_media":0,"parent":0,"menu_order":0,"comment_status":"closed","ping_status":"closed","template":"","meta":{"_acf_changed":false,"advgb_blocks_editor_width":"","advgb_blocks_columns_visual_guide":"","footnotes":""},"class_list":["post-4715","page","type-page","status-publish","hentry"],"acf":[],"coauthors":[],"author_meta":{"author_link":"https:\/\/www.ngk-alloys.com\/de\/author\/admin_ngk\/","display_name":"NGK BERYLCO"},"relative_dates":{"created":"Posted 5\u00a0Monaten ago","modified":"Updated 5\u00a0Monaten ago"},"absolute_dates":{"created":"Posted on 28 November 2025","modified":"Updated on 28 November 2025"},"absolute_dates_time":{"created":"Posted on 28 November 2025 15h32","modified":"Updated on 28 November 2025 15h43"},"featured_img_caption":"","featured_img":false,"series_order":"","_links":{"self":[{"href":"https:\/\/www.ngk-alloys.com\/de\/wp-json\/wp\/v2\/pages\/4715","targetHints":{"allow":["GET"]}}],"collection":[{"href":"https:\/\/www.ngk-alloys.com\/de\/wp-json\/wp\/v2\/pages"}],"about":[{"href":"https:\/\/www.ngk-alloys.com\/de\/wp-json\/wp\/v2\/types\/page"}],"author":[{"embeddable":true,"href":"https:\/\/www.ngk-alloys.com\/de\/wp-json\/wp\/v2\/users\/1"}],"replies":[{"embeddable":true,"href":"https:\/\/www.ngk-alloys.com\/de\/wp-json\/wp\/v2\/comments?post=4715"}],"version-history":[{"count":1,"href":"https:\/\/www.ngk-alloys.com\/de\/wp-json\/wp\/v2\/pages\/4715\/revisions"}],"predecessor-version":[{"id":4717,"href":"https:\/\/www.ngk-alloys.com\/de\/wp-json\/wp\/v2\/pages\/4715\/revisions\/4717"}],"wp:attachment":[{"href":"https:\/\/www.ngk-alloys.com\/de\/wp-json\/wp\/v2\/media?parent=4715"}],"curies":[{"name":"wp","href":"https:\/\/api.w.org\/{rel}","templated":true}]}}