{"id":4734,"date":"2021-10-29T09:55:02","date_gmt":"2021-10-29T07:55:02","guid":{"rendered":"https:\/\/www.ngk-alloys.com\/?page_id=4734"},"modified":"2026-02-17T17:18:41","modified_gmt":"2026-02-17T16:18:41","slug":"rechtliche-hinweise","status":"publish","type":"page","link":"https:\/\/www.ngk-alloys.com\/de\/rechtliche-hinweise\/","title":{"rendered":"Rechtliche Hinweise"},"content":{"rendered":"<div class=\"row\"><div class=\"col-12 heading\">\n<h2 class=\"wp-block-heading\" id=\"block-0aff458e-633b-47d0-b1aa-6bcd5cbf3235\">1. Darstellung der Website<\/h2>\n<\/div><\/div>\n\n<div class=\"row\"><div class=\"col-12 paragraph\">\n<p id=\"block-f630f10d-9fd8-4af7-a080-00c114a60dfb\">Gem\u00e4\u00df Artikel 6 des Gesetzes Nr. 2004-575 vom 21. Juni 2004 \u00fcber das Vertrauen in die digitale Wirtschaft werden die Nutzer der Website von NGK BERYLCO \u00fcber die Identit\u00e4t der verschiedenen an ihrer Erstellung und \u00dcberwachung beteiligten Parteien informiert:<\/p>\n<\/div><\/div>\n\n<div class=\"row\"><div class=\"col-12 heading\">\n<h3 class=\"wp-block-heading\" id=\"block-65c83d3a-c917-495b-874c-53e2f8719ab5\">Inhaber<\/h3>\n<\/div><\/div>\n\n<div class=\"row\"><div class=\"col-12 paragraph\">\n<p id=\"block-4779c1d0-48a4-4d91-aa87-94ff05746354\"><strong>NGK BERYLCO<\/strong><br>103 Quai Jean-Pierre Fougerat &#8211; CS 20017<br>44 220 COUERON \u2013 FRANCE<\/p>\n<\/div><\/div>\n\n<div class=\"row\"><div class=\"col-12 paragraph\">\n<p id=\"block-4779c1d0-48a4-4d91-aa87-94ff05746354\">T\u00e9l : +33 (0)2 40 38 67 50<\/p>\n<\/div><\/div>\n\n\n<ul class=\"wp-block-list\">\n<li>Rechtsform: SAS<\/li>\n\n\n\n<li>Stammkapital: 1 771 000 euros<\/li>\n\n\n\n<li>SIRET-Nr.: 71205341200037<\/li>\n\n\n\n<li>NAF- bzw. APE-Code: 2444Z<\/li>\n\n\n\n<li>Verantwortlich f\u00fcr die Ver\u00f6ffentlichung: Ang\u00e9lique RENIER<\/li>\n<\/ul>\n\n\n<div class=\"row\"><div class=\"col-12 heading\">\n<h3 class=\"wp-block-heading\" id=\"block-49a24935-cd9a-4358-9456-314acda13823\">Erstellung der Website<\/h3>\n<\/div><\/div>\n\n<div class=\"row\"><div class=\"col-12 paragraph\">\n<p id=\"block-0dc83111-7c5f-4180-95fe-35ee82691828\"><strong>Agence de communication B17<\/strong><br>19, rue du lieutenant Aug\u00e9<br>44230 Saint-S\u00e9bastien\/Loire<br><strong>T\u00e9l.<\/strong>&nbsp;02 40 89 78 74<\/p>\n<\/div><\/div>\n\n<div class=\"row\"><div class=\"col-12 heading\">\n<h3 class=\"wp-block-heading\" id=\"block-7dd9d9d0-fc94-40b1-b2c8-f588a031c8b8\">Hosting<\/h3>\n<\/div><\/div>\n\n<div class=\"row\"><div class=\"col-12 paragraph\">\n<p id=\"block-411cb10b-01d9-40bb-8953-d2dce6ec1e42\"><strong>GANDI<\/strong><br>63-65 boulevard Mass\u00e9na<br>75013 Paris<br><strong>T\u00e9l.<\/strong>&nbsp;+33.170377661<\/p>\n<\/div><\/div>\n\n<div class=\"row\"><div class=\"col-12 heading\">\n<h3 class=\"wp-block-heading\" id=\"block-9962bde1-cd52-4fdd-aeba-9e10d65dd4bc\">Bildnachweise<\/h3>\n<\/div><\/div>\n\n<div class=\"row\"><div class=\"col-12 paragraph\">\n<p id=\"block-8aeb0658-a7a8-4f27-a0a0-180ee33918f2\"><strong>Adobe Stock<\/strong> &#8211; <strong>Shutterstock \u2013 NGK BERYLCO<\/strong><\/p>\n<\/div><\/div>\n\n<div class=\"row\"><div class=\"col-12 heading\">\n<h2 class=\"wp-block-heading\" id=\"block-782c095b-b1a9-4dd5-93b1-19cc737ac4cf\">2. Allgemeine Nutzungsbedingungen der Website und der angebotenen Dienste<\/h2>\n<\/div><\/div>\n\n<div class=\"row\"><div class=\"col-12 paragraph\">\n<p id=\"block-34d13704-916f-41f9-8eb4-1a007ee1bbf7\">Die Nutzung der Website von NGK BERYLCO setzt die vollst\u00e4ndige und uneingeschr\u00e4nkte Annahme der nachstehend beschriebenen allgemeinen Nutzungsbedingungen voraus. Diese Nutzungsbedingungen k\u00f6nnen jederzeit ge\u00e4ndert oder erg\u00e4nzt werden, und die Nutzer der Website von NGK BERYLCO werden daher aufgefordert, sie regelm\u00e4\u00dfig zu konsultieren.<\/p>\n<\/div><\/div>\n\n<div class=\"row\"><div class=\"col-12 paragraph\">\n<p id=\"block-34d13704-916f-41f9-8eb4-1a007ee1bbf7\">Die Website ist den Nutzern in der Regel jederzeit zug\u00e4nglich. Eine Unterbrechung aufgrund technischer Wartungsarbeiten kann jedoch von NGK BERYLCO beschlossen werden, wobei das Unternehmen bem\u00fcht ist, die Nutzer im Voraus \u00fcber Datum und Uhrzeit der Intervention zu informieren.<\/p>\n<\/div><\/div>\n\n<div class=\"row\"><div class=\"col-12 paragraph\">\n<p id=\"block-34d13704-916f-41f9-8eb4-1a007ee1bbf7\">Die Website von NGK BERYLCO wird regelm\u00e4\u00dfig aktualisiert. Ebenso kann das Impressum jederzeit ge\u00e4ndert werden; es bleibt f\u00fcr den Nutzer verbindlich, der aufgefordert wird, es so h\u00e4ufig wie m\u00f6glich zu lesen, um sich mit seinem Inhalt vertraut zu machen.<\/p>\n<\/div><\/div>\n\n<div class=\"row\"><div class=\"col-12 heading\">\n<h2 class=\"wp-block-heading\" id=\"block-cb157862-a47b-4725-b9d5-c266a942d112\">3. Beschreibung der erbrachten Leistungen<\/h2>\n<\/div><\/div>\n\n<div class=\"row\"><div class=\"col-12 paragraph\">\n<p id=\"block-6ef90c3d-00dc-41ec-8ea5-8feafca005fd\">Die Website von NGK BERYLCO hat zum Ziel, Informationen \u00fcber s\u00e4mtliche Aktivit\u00e4ten des Unternehmens bereitzustellen.<\/p>\n<\/div><\/div>\n\n<div class=\"row\"><div class=\"col-12 paragraph\">\n<p id=\"block-6ef90c3d-00dc-41ec-8ea5-8feafca005fd\">NGK BERYLCO bem\u00fcht sich, auf der Website m\u00f6glichst genaue Informationen zur Verf\u00fcgung zu stellen. Das Unternehmen kann jedoch nicht f\u00fcr Auslassungen, Ungenauigkeiten oder fehlende Aktualisierungen haftbar gemacht werden, gleichg\u00fcltig, ob diese von ihm selbst oder von Drittpartnern stammen, die diese Informationen bereitstellen.<\/p>\n<\/div><\/div>\n\n<div class=\"row\"><div class=\"col-12 paragraph\">\n<p id=\"block-7050af93-f58e-4fae-8792-7c97060b6a6b\">Alle auf der Website von NGK BERYLCO angegebenen Informationen dienen ausschlie\u00dflich zur Orientierung und k\u00f6nnen \u00c4nderungen unterliegen. Dar\u00fcber hinaus sind die auf der Website bereitgestellten Informationen nicht vollst\u00e4ndig und erfolgen vorbehaltlich \u00c4nderungen, die seit ihrer Ver\u00f6ffentlichung vorgenommen wurden.<\/p>\n<\/div><\/div>\n\n<div class=\"row\"><div class=\"col-12 heading\">\n<h2 class=\"wp-block-heading\" id=\"block-effda057-d2c2-4427-b90d-6ca33b50555e\">4. Vertragliche Beschr\u00e4nkungen der technischen Daten<\/h2>\n<\/div><\/div>\n\n<div class=\"row\"><div class=\"col-12 paragraph\">\n<p id=\"block-fc30126e-ee0a-4d67-8cf6-d77734330115\">Die Website verwendet JavaScript-Technologie.<\/p>\n<\/div><\/div>\n\n<div class=\"row\"><div class=\"col-12 paragraph\">\n<p id=\"block-fc30126e-ee0a-4d67-8cf6-d77734330115\">Die Website kann nicht f\u00fcr materielle Sch\u00e4den verantwortlich gemacht werden, die durch ihre Nutzung entstehen. Dar\u00fcber hinaus verpflichtet sich der Nutzer, auf die Website mit aktueller, virenfreier Hardware und einem modernen, regelm\u00e4\u00dfig aktualisierten Browser zuzugreifen.<\/p>\n<\/div><\/div>\n\n<div class=\"row\"><div class=\"col-12 heading\">\n<h2 class=\"wp-block-heading\" id=\"block-6e179197-f977-4971-9c4a-b170e10e80ce\">5. Geistiges Eigentum und F\u00e4lschungen<\/h2>\n<\/div><\/div>\n\n<div class=\"row\"><div class=\"col-12 paragraph\">\n<p id=\"block-40aae80d-e96b-41a8-b522-86cae072c2af\">NGK BERYLCO besitzt die geistigen Eigentumsrechte oder die Nutzungsrechte an allen Elementen, die auf der Website zug\u00e4nglich sind, einschlie\u00dflich Texte, Bilder, Grafiken, Logos, Symbole, Sounds und Software.<\/p>\n<\/div><\/div>\n\n<div class=\"row\"><div class=\"col-12 paragraph\">\n<p id=\"block-40aae80d-e96b-41a8-b522-86cae072c2af\">Jegliche Vervielf\u00e4ltigung, Darstellung, \u00c4nderung, Ver\u00f6ffentlichung oder Anpassung von Teilen oder des gesamten Inhalts der Website, unabh\u00e4ngig vom verwendeten Verfahren oder Mittel, ist ohne die vorherige schriftliche Genehmigung von NGK BERYLCO untersagt.<\/p>\n<\/div><\/div>\n\n<div class=\"row\"><div class=\"col-12 paragraph\">\n<p id=\"block-40aae80d-e96b-41a8-b522-86cae072c2af\">Jede nicht genehmigte Nutzung der Website oder eines ihrer Elemente wird als F\u00e4lschung betrachtet und gem\u00e4\u00df den Bestimmungen der Artikel L.335-2 ff. des franz\u00f6sischen Gesetzbuchs \u00fcber geistiges Eigentum verfolgt.<\/p>\n<\/div><\/div>\n\n<div class=\"row\"><div class=\"col-12 heading\">\n<h2 class=\"wp-block-heading\" id=\"block-08f61c5b-d167-41a4-83c7-6eca53d22468\">6. Haftungsbeschr\u00e4nkungen<\/h2>\n<\/div><\/div>\n\n<div class=\"row\"><div class=\"col-12 paragraph\">\n<p id=\"block-e88b0562-22af-4a45-a755-8ae138c605f6\">NGK BERYLCO kann nicht f\u00fcr direkte oder indirekte Sch\u00e4den am Ger\u00e4t des Nutzers verantwortlich gemacht werden, die beim Zugriff auf die Website von NGK BERYLCO entstehen und entweder durch die Nutzung von Ger\u00e4ten verursacht werden, die nicht den in Punkt 4 genannten Spezifikationen entsprechen, oder durch das Auftreten eines Bugs oder einer Inkompatibilit\u00e4t.<\/p>\n<\/div><\/div>\n\n<div class=\"row\"><div class=\"col-12 paragraph\">\n<p id=\"block-e88b0562-22af-4a45-a755-8ae138c605f6\">NGK BERYLCO kann ebenfalls nicht f\u00fcr indirekte Sch\u00e4den verantwortlich gemacht werden, wie beispielsweise Gesch\u00e4ftsverluste oder entgangene Chancen, die sich aus der Nutzung der Website ergeben.<\/p>\n<\/div><\/div>\n\n<div class=\"row\"><div class=\"col-12 paragraph\">\n<p id=\"block-6dd5a2aa-004a-4685-8f06-5b978b277c02\">Interaktive Bereiche (wie die M\u00f6glichkeit, im Kontaktbereich Fragen zu stellen) stehen den Nutzern zur Verf\u00fcgung. NGK BERYLCO beh\u00e4lt sich das Recht vor, ohne vorherige Ank\u00fcndigung jegliche Inhalte zu entfernen, die in diesem Bereich ver\u00f6ffentlicht werden und gegen geltende gesetzliche Bestimmungen in Frankreich versto\u00dfen, insbesondere gegen Datenschutzbestimmungen. Gegebenenfalls beh\u00e4lt sich NGK BERYLCO auch das Recht vor, die zivil- und\/oder strafrechtliche Haftung des Nutzers geltend zu machen, insbesondere im Falle rassistischer, beleidigender, diffamierender oder pornografischer Inhalte, unabh\u00e4ngig vom verwendeten Medium (Text, Foto usw.).<\/p>\n<\/div><\/div>\n\n<div class=\"row\"><div class=\"col-12 heading\">\n<h2 class=\"wp-block-heading\" id=\"block-f17ab5ac-dde9-4030-ac85-9fca09a545df\">7. Anwendbares Recht und Gerichtsstand<\/h2>\n<\/div><\/div>\n\n<div class=\"row\"><div class=\"col-12 paragraph\">\n<p id=\"block-2db9a087-888e-4f01-86c6-e1291db5d2d0\">Jede Streitigkeit im Zusammenhang mit der Nutzung der Website von NGK BERYLCO unterliegt dem franz\u00f6sischen Recht. Ausschlie\u00dflicher Gerichtsstand sind die Gerichte, die in den Zust\u00e4ndigkeitsbereich des Berufungsgerichts fallen, in dessen Bezirk sich der Sitz von NGK BERYLCO befindet.<\/p>\n<\/div><\/div>","protected":false},"excerpt":{"rendered":"<p>1. Darstellung der Website Gem\u00e4\u00df Artikel 6 des Gesetzes Nr. 2004-575 vom 21. Juni 2004 \u00fcber das Vertrauen in die digitale Wirtschaft werden die Nutzer der Website von \u00fcber die Identit\u00e4t der verschiedenen an ihrer Erstellung und \u00dcberwachung beteiligten Parteien informiert: Inhaber 103 Quai Jean-Pierre Fougerat &#8211; CS 2001744 220 COUERON \u2013 FRANCE T\u00e9l : [&hellip;]<\/p>\n","protected":false},"author":1,"featured_media":0,"parent":0,"menu_order":0,"comment_status":"closed","ping_status":"closed","template":"","meta":{"_acf_changed":false,"advgb_blocks_editor_width":"","advgb_blocks_columns_visual_guide":"","footnotes":""},"class_list":["post-4734","page","type-page","status-publish","hentry"],"acf":[],"coauthors":[],"author_meta":{"author_link":"https:\/\/www.ngk-alloys.com\/de\/author\/admin_ngk\/","display_name":"NGK BERYLCO"},"relative_dates":{"created":"Posted 4\u00a0Jahren ago","modified":"Updated 2\u00a0Monaten ago"},"absolute_dates":{"created":"Posted on 29 Oktober 2021","modified":"Updated on 17 Februar 2026"},"absolute_dates_time":{"created":"Posted on 29 Oktober 2021 9h55","modified":"Updated on 17 Februar 2026 17h18"},"featured_img_caption":"","featured_img":false,"series_order":"","_links":{"self":[{"href":"https:\/\/www.ngk-alloys.com\/de\/wp-json\/wp\/v2\/pages\/4734","targetHints":{"allow":["GET"]}}],"collection":[{"href":"https:\/\/www.ngk-alloys.com\/de\/wp-json\/wp\/v2\/pages"}],"about":[{"href":"https:\/\/www.ngk-alloys.com\/de\/wp-json\/wp\/v2\/types\/page"}],"author":[{"embeddable":true,"href":"https:\/\/www.ngk-alloys.com\/de\/wp-json\/wp\/v2\/users\/1"}],"replies":[{"embeddable":true,"href":"https:\/\/www.ngk-alloys.com\/de\/wp-json\/wp\/v2\/comments?post=4734"}],"version-history":[{"count":3,"href":"https:\/\/www.ngk-alloys.com\/de\/wp-json\/wp\/v2\/pages\/4734\/revisions"}],"predecessor-version":[{"id":5318,"href":"https:\/\/www.ngk-alloys.com\/de\/wp-json\/wp\/v2\/pages\/4734\/revisions\/5318"}],"wp:attachment":[{"href":"https:\/\/www.ngk-alloys.com\/de\/wp-json\/wp\/v2\/media?parent=4734"}],"curies":[{"name":"wp","href":"https:\/\/api.w.org\/{rel}","templated":true}]}}