{"id":4923,"date":"2025-12-18T16:57:08","date_gmt":"2025-12-18T15:57:08","guid":{"rendered":"https:\/\/www.ngk-alloys.com\/?page_id=4923"},"modified":"2026-01-20T13:00:45","modified_gmt":"2026-01-20T12:00:45","slug":"vielen-dank-fur-ihre-anfrage-2","status":"publish","type":"page","link":"https:\/\/www.ngk-alloys.com\/de\/formular-broschueren\/vielen-dank-fur-ihre-anfrage-2\/","title":{"rendered":"Vielen Dank f\u00fcr Ihre Anfrage."},"content":{"rendered":"<div class=\"row\"><div class=\"col-12 paragraph\">\n<p class=\"has-text-align-center\">Vielen Dank f\u00fcr Ihr Interesse an unseren Produkten.<\/p>\n<\/div><\/div>\n\n<div class=\"row\"><div class=\"col-12 paragraph\">\n<p class=\"has-text-align-center\">Sie erhalten die angeforderten Brosch\u00fcren in K\u00fcrze per E-Mail.<\/p>\n<\/div><\/div>\n\n\n<div style=\"height:31px\" aria-hidden=\"true\" class=\"wp-block-spacer\"><\/div>\n\n\n<div class=\"row\"><div class=\"col-12 paragraph\">\n<p class=\"has-text-align-center\"><em>Sollten Sie unsere E-Mail in den n\u00e4chsten Minuten nicht erhalten,<br>\u00fcberpr\u00fcfen Sie bitte Ihren Spam-Ordner.<\/em><\/p>\n<\/div><\/div>\n\n\n<div style=\"height:50px\" aria-hidden=\"true\" class=\"wp-block-spacer\"><\/div>\n\n\n\n<div class=\"wp-block-buttons is-content-justification-center is-layout-flex wp-container-core-buttons-is-layout-16018d1d wp-block-buttons-is-layout-flex\">\n<div class=\"wp-block-button\"><a class=\"wp-block-button__link btn_long wp-element-button\" href=\"https:\/\/www.ngk-alloys.com\/de\/\">Zur\u00fcck zur Startseite<\/a><\/div>\n<\/div>\n\n\n<div class=\"row\"><div class=\"col-12 paragraph\">\n<p><\/p>\n<\/div><\/div>\n\n<div class=\"row\"><div class=\"col-12 paragraph\">\n<p><\/p>\n<\/div><\/div>","protected":false},"excerpt":{"rendered":"<p>Vielen Dank f\u00fcr Ihr Interesse an unseren Produkten. Sie erhalten die angeforderten Brosch\u00fcren in K\u00fcrze per E-Mail. Sollten Sie unsere E-Mail in den n\u00e4chsten Minuten nicht erhalten,\u00fcberpr\u00fcfen Sie bitte Ihren Spam-Ordner.<\/p>\n","protected":false},"author":1,"featured_media":0,"parent":4677,"menu_order":0,"comment_status":"closed","ping_status":"closed","template":"page-form-confirmation.php","meta":{"_acf_changed":false,"advgb_blocks_editor_width":"","advgb_blocks_columns_visual_guide":"","footnotes":""},"class_list":["post-4923","page","type-page","status-publish","hentry"],"acf":[],"coauthors":[],"author_meta":{"author_link":"https:\/\/www.ngk-alloys.com\/de\/author\/admin_ngk\/","display_name":"NGK BERYLCO"},"relative_dates":{"created":"Posted 4\u00a0Monaten ago","modified":"Updated 3\u00a0Monaten ago"},"absolute_dates":{"created":"Posted on 18 Dezember 2025","modified":"Updated on 20 Januar 2026"},"absolute_dates_time":{"created":"Posted on 18 Dezember 2025 16h57","modified":"Updated on 20 Januar 2026 13h00"},"featured_img_caption":"","featured_img":false,"series_order":"","_links":{"self":[{"href":"https:\/\/www.ngk-alloys.com\/de\/wp-json\/wp\/v2\/pages\/4923","targetHints":{"allow":["GET"]}}],"collection":[{"href":"https:\/\/www.ngk-alloys.com\/de\/wp-json\/wp\/v2\/pages"}],"about":[{"href":"https:\/\/www.ngk-alloys.com\/de\/wp-json\/wp\/v2\/types\/page"}],"author":[{"embeddable":true,"href":"https:\/\/www.ngk-alloys.com\/de\/wp-json\/wp\/v2\/users\/1"}],"replies":[{"embeddable":true,"href":"https:\/\/www.ngk-alloys.com\/de\/wp-json\/wp\/v2\/comments?post=4923"}],"version-history":[{"count":2,"href":"https:\/\/www.ngk-alloys.com\/de\/wp-json\/wp\/v2\/pages\/4923\/revisions"}],"predecessor-version":[{"id":5145,"href":"https:\/\/www.ngk-alloys.com\/de\/wp-json\/wp\/v2\/pages\/4923\/revisions\/5145"}],"up":[{"embeddable":true,"href":"https:\/\/www.ngk-alloys.com\/de\/wp-json\/wp\/v2\/pages\/4677"}],"wp:attachment":[{"href":"https:\/\/www.ngk-alloys.com\/de\/wp-json\/wp\/v2\/media?parent=4923"}],"curies":[{"name":"wp","href":"https:\/\/api.w.org\/{rel}","templated":true}]}}