{"id":1073,"date":"2025-01-13T11:01:09","date_gmt":"2025-01-13T10:01:09","guid":{"rendered":"https:\/\/www.ngk-alloys.com\/?page_id=1073"},"modified":"2025-12-10T10:25:01","modified_gmt":"2025-12-10T09:25:01","slug":"demande-de-renseignement","status":"publish","type":"page","link":"https:\/\/www.ngk-alloys.com\/fr\/contact\/demande-de-renseignement\/","title":{"rendered":"Demande de renseignement"},"content":{"rendered":"","protected":false},"excerpt":{"rendered":"","protected":false},"author":1,"featured_media":0,"parent":11,"menu_order":0,"comment_status":"closed","ping_status":"closed","template":"page-form.php","meta":{"_acf_changed":false,"advgb_blocks_editor_width":"","advgb_blocks_columns_visual_guide":"","footnotes":""},"class_list":["post-1073","page","type-page","status-publish","hentry"],"acf":[],"coauthors":[],"author_meta":{"author_link":"https:\/\/www.ngk-alloys.com\/fr\/author\/admin_ngk\/","display_name":"NGK BERYLCO"},"relative_dates":{"created":"Publi\u00e9 1 an il y a","modified":"Mis \u00e0 jour 4 mois il y a"},"absolute_dates":{"created":"Publi\u00e9 le 13 janvier 2025","modified":"Mise \u00e0 jour le 10 d\u00e9cembre 2025"},"absolute_dates_time":{"created":"Publi\u00e9 le 13 janvier 2025 11h01","modified":"Mise \u00e0 jour le 10 d\u00e9cembre 2025 10h25"},"featured_img_caption":"","featured_img":false,"series_order":"","_links":{"self":[{"href":"https:\/\/www.ngk-alloys.com\/fr\/wp-json\/wp\/v2\/pages\/1073","targetHints":{"allow":["GET"]}}],"collection":[{"href":"https:\/\/www.ngk-alloys.com\/fr\/wp-json\/wp\/v2\/pages"}],"about":[{"href":"https:\/\/www.ngk-alloys.com\/fr\/wp-json\/wp\/v2\/types\/page"}],"author":[{"embeddable":true,"href":"https:\/\/www.ngk-alloys.com\/fr\/wp-json\/wp\/v2\/users\/1"}],"replies":[{"embeddable":true,"href":"https:\/\/www.ngk-alloys.com\/fr\/wp-json\/wp\/v2\/comments?post=1073"}],"version-history":[{"count":21,"href":"https:\/\/www.ngk-alloys.com\/fr\/wp-json\/wp\/v2\/pages\/1073\/revisions"}],"predecessor-version":[{"id":4847,"href":"https:\/\/www.ngk-alloys.com\/fr\/wp-json\/wp\/v2\/pages\/1073\/revisions\/4847"}],"up":[{"embeddable":true,"href":"https:\/\/www.ngk-alloys.com\/fr\/wp-json\/wp\/v2\/pages\/11"}],"wp:attachment":[{"href":"https:\/\/www.ngk-alloys.com\/fr\/wp-json\/wp\/v2\/media?parent=1073"}],"curies":[{"name":"wp","href":"https:\/\/api.w.org\/{rel}","templated":true}]}}