{"id":11,"date":"2021-10-29T09:55:11","date_gmt":"2021-10-29T07:55:11","guid":{"rendered":"https:\/\/www.ngk-alloys.com\/?page_id=11"},"modified":"2026-04-16T12:14:43","modified_gmt":"2026-04-16T10:14:43","slug":"contact","status":"publish","type":"page","link":"https:\/\/www.ngk-alloys.com\/fr\/contact\/","title":{"rendered":"Contact"},"content":{"rendered":"<div class=\"wrp-container\">\n    <h2 class=\"hdg-lv2\">Demande de renseignement<\/h2>\n    <p class=\"fwB\"><\/p>\n    <p class=\"txt-paragraph\">\n            <\/p>\n    <a href=\"https:\/\/www.ngk-alloys.com\/fr\/contact\/demande-de-renseignement\/\" target=\"_blank\" class=\"btn btn--primary btn--link btn--large btn--contact\"><span>Contact<\/span><\/a>\n<\/div>\n\n<div class=\"wrp-container\">\n    <h2 class=\"hdg-lv2\">Information sur un produit<\/h2>\n    <p class=\"fwB\"><\/p>\n    <p class=\"txt-paragraph\">\n            <\/p>\n    <a href=\"https:\/\/www.ngk-alloys.com\/fr\/contact\/information-sur-un-produit\/\" target=\"_blank\" class=\"btn btn--primary btn--link btn--large btn--contact\"><span>Contact<\/span><\/a>\n<\/div>\n\n<div class=\"wrp-container\">\n    <h2 class=\"hdg-lv2\">Recrutement<\/h2>\n    <p class=\"fwB\"><\/p>\n    <p class=\"txt-paragraph\">\n            <\/p>\n    <a href=\"https:\/\/www.ngk-alloys.com\/fr\/contact\/recrutement\/\" target=\"_blank\" class=\"btn btn--primary btn--link btn--large btn--contact\"><span>Contact<\/span><\/a>\n<\/div>\n\n<div class=\"wrp-container\">\n    <h2 class=\"hdg-lv2\">Questionnaire de satisfaction<\/h2>\n    <p class=\"fwB\"><\/p>\n    <p class=\"txt-paragraph\">\n            <\/p>\n    <a href=\"https:\/\/www.ngk-alloys.com\/fr\/contact\/questionnaire-de-satisfaction\/\" target=\"_blank\" class=\"btn btn--primary btn--link btn--large btn--contact\"><span>Contact<\/span><\/a>\n<\/div>\n\n\n<div style=\"height:100px\" aria-hidden=\"true\" class=\"wp-block-spacer\"><\/div>\n\n\n<div class=\"row\"><div class=\"col-12 heading\">\n<h2 class=\"wp-block-heading\">Nous contacter<\/h2>\n<\/div><\/div>\n\n\n<div class=\"wp-block-columns are-vertically-aligned-center is-layout-flex wp-container-core-columns-is-layout-9d6595d7 wp-block-columns-is-layout-flex\">\n<div class=\"wp-block-column is-vertically-aligned-center is-layout-flow wp-block-column-is-layout-flow\">\n<div class=\"wp-block-columns is-layout-flex wp-container-core-columns-is-layout-9d6595d7 wp-block-columns-is-layout-flex\">\n<div class=\"wp-block-column is-layout-flow wp-block-column-is-layout-flow\">\n<figure class=\"wp-block-image size-full is-resized\"><a href=\"https:\/\/www.linkedin.com\/company\/ngk-berylco-france\/\" target=\"_blank\" rel=\"noopener\"><img loading=\"lazy\" decoding=\"async\" width=\"640\" height=\"640\" src=\"https:\/\/www.ngk-alloys.com\/wp-content\/uploads\/LinkedIn_logo_initials.webp\" alt=\"\" class=\"wp-image-4000\" style=\"width:70px;height:auto\" srcset=\"https:\/\/www.ngk-alloys.com\/wp-content\/uploads\/LinkedIn_logo_initials.webp 640w, https:\/\/www.ngk-alloys.com\/wp-content\/uploads\/LinkedIn_logo_initials-300x300.webp 300w, https:\/\/www.ngk-alloys.com\/wp-content\/uploads\/LinkedIn_logo_initials-150x150.webp 150w, https:\/\/www.ngk-alloys.com\/wp-content\/uploads\/LinkedIn_logo_initials-450x450.webp 450w, https:\/\/www.ngk-alloys.com\/wp-content\/uploads\/LinkedIn_logo_initials-330x330.webp 330w, https:\/\/www.ngk-alloys.com\/wp-content\/uploads\/LinkedIn_logo_initials-180x180.webp 180w\" sizes=\"auto, (max-width: 640px) 100vw, 640px\" \/><\/a><\/figure>\n\n\n<div class=\"row\"><div class=\"col-12 paragraph\">\n<p>France<\/p>\n<\/div><\/div><\/div>\n\n\n\n<div class=\"wp-block-column is-layout-flow wp-block-column-is-layout-flow\">\n<figure class=\"wp-block-image size-full is-resized\"><a href=\"https:\/\/www.linkedin.com\/company\/ngk-berylco\/posts\/?feedView=all\" target=\"_blank\" rel=\"noopener\"><img loading=\"lazy\" decoding=\"async\" width=\"640\" height=\"640\" src=\"https:\/\/www.ngk-alloys.com\/wp-content\/uploads\/LinkedIn_logo_initials.webp\" alt=\"\" class=\"wp-image-4000\" style=\"width:70px\" srcset=\"https:\/\/www.ngk-alloys.com\/wp-content\/uploads\/LinkedIn_logo_initials.webp 640w, https:\/\/www.ngk-alloys.com\/wp-content\/uploads\/LinkedIn_logo_initials-300x300.webp 300w, https:\/\/www.ngk-alloys.com\/wp-content\/uploads\/LinkedIn_logo_initials-150x150.webp 150w, https:\/\/www.ngk-alloys.com\/wp-content\/uploads\/LinkedIn_logo_initials-450x450.webp 450w, https:\/\/www.ngk-alloys.com\/wp-content\/uploads\/LinkedIn_logo_initials-330x330.webp 330w, https:\/\/www.ngk-alloys.com\/wp-content\/uploads\/LinkedIn_logo_initials-180x180.webp 180w\" sizes=\"auto, (max-width: 640px) 100vw, 640px\" \/><\/a><\/figure>\n\n\n<div class=\"row\"><div class=\"col-12 paragraph\">\n<p>Europe<\/p>\n<\/div><\/div><\/div>\n<\/div>\n<\/div>\n\n\n\n<div class=\"wp-block-column is-vertically-aligned-center is-layout-flow wp-block-column-is-layout-flow\"><div class=\"row\"><div class=\"col-12 paragraph\">\n<p><strong>NGK BERYLCO France<\/strong><\/p>\n<\/div><\/div>\n\n<div class=\"row\"><div class=\"col-12 paragraph\">\n<p>103 Quai Jean Pierre Fougerat CS 20017<\/p>\n<\/div><\/div>\n\n<div class=\"row\"><div class=\"col-12 paragraph\">\n<p>44220 Cou\u00ebron, France<\/p>\n<\/div><\/div><\/div>\n\n\n\n<div class=\"wp-block-column is-vertically-aligned-center is-layout-flow wp-block-column-is-layout-flow\"><div class=\"row\"><div class=\"col-12 paragraph\">\n<p><strong>Tel :<\/strong> +33 (0)2 40 38 67 50<\/p>\n<\/div><\/div>\n\n<div class=\"row\"><div class=\"col-12 paragraph\">\n<p><strong>Email :<\/strong> nbf@ngkbf.com<\/p>\n<\/div><\/div><\/div>\n<\/div>\n\n\n\n<div style=\"height:100px\" aria-hidden=\"true\" class=\"wp-block-spacer\"><\/div>\n","protected":false},"excerpt":{"rendered":"<p>Nous contacter France Europe NGK BERYLCO France 103 Quai Jean Pierre Fougerat CS 20017 44220 Cou\u00ebron, France Tel : +33 (0)2 40 38 67 50 Email : nbf@ngkbf.com<\/p>\n","protected":false},"author":1,"featured_media":0,"parent":0,"menu_order":0,"comment_status":"closed","ping_status":"closed","template":"","meta":{"_acf_changed":false,"advgb_blocks_editor_width":"","advgb_blocks_columns_visual_guide":"","footnotes":""},"class_list":["post-11","page","type-page","status-publish","hentry"],"acf":[],"coauthors":[],"author_meta":{"author_link":"https:\/\/www.ngk-alloys.com\/fr\/author\/admin_ngk\/","display_name":"NGK BERYLCO"},"relative_dates":{"created":"Publi\u00e9 4 ans il y a","modified":"Mis \u00e0 jour 5 jours il y a"},"absolute_dates":{"created":"Publi\u00e9 le 29 octobre 2021","modified":"Mise \u00e0 jour le 16 avril 2026"},"absolute_dates_time":{"created":"Publi\u00e9 le 29 octobre 2021 9h55","modified":"Mise \u00e0 jour le 16 avril 2026 12h14"},"featured_img_caption":"","featured_img":false,"series_order":"","_links":{"self":[{"href":"https:\/\/www.ngk-alloys.com\/fr\/wp-json\/wp\/v2\/pages\/11","targetHints":{"allow":["GET"]}}],"collection":[{"href":"https:\/\/www.ngk-alloys.com\/fr\/wp-json\/wp\/v2\/pages"}],"about":[{"href":"https:\/\/www.ngk-alloys.com\/fr\/wp-json\/wp\/v2\/types\/page"}],"author":[{"embeddable":true,"href":"https:\/\/www.ngk-alloys.com\/fr\/wp-json\/wp\/v2\/users\/1"}],"replies":[{"embeddable":true,"href":"https:\/\/www.ngk-alloys.com\/fr\/wp-json\/wp\/v2\/comments?post=11"}],"version-history":[{"count":34,"href":"https:\/\/www.ngk-alloys.com\/fr\/wp-json\/wp\/v2\/pages\/11\/revisions"}],"predecessor-version":[{"id":5774,"href":"https:\/\/www.ngk-alloys.com\/fr\/wp-json\/wp\/v2\/pages\/11\/revisions\/5774"}],"wp:attachment":[{"href":"https:\/\/www.ngk-alloys.com\/fr\/wp-json\/wp\/v2\/media?parent=11"}],"curies":[{"name":"wp","href":"https:\/\/api.w.org\/{rel}","templated":true}]}}