{"id":2003,"date":"2025-02-27T16:46:18","date_gmt":"2025-02-27T15:46:18","guid":{"rendered":"https:\/\/www.ngk-alloys.com\/?page_id=2003"},"modified":"2025-11-10T15:18:42","modified_gmt":"2025-11-10T14:18:42","slug":"rd","status":"publish","type":"page","link":"https:\/\/www.ngk-alloys.com\/fr\/qse-conformite\/rd\/","title":{"rendered":"R&amp;D"},"content":{"rendered":"<div class=\"row\"><div class=\"col-12 heading\">\n<h2 class=\"wp-block-heading\">Le conseil et l\u2019expertise NGK Berylco<\/h2>\n<\/div><\/div>\n\n<div class=\"row\"><div class=\"col-12 paragraph\">\n<p>Notre relation client ne s\u2019arr\u00eate pas \u00e0 une simple fourniture d\u2019alliages cuivre-b\u00e9ryllium Berylco et alliages cuivre-nickel-\u00e9tain GMX. Le conseil et l\u2019accompagnement font partie du quotidien de nos ing\u00e9nieurs et commerciaux. Il est en effet possible d\u2019utiliser nos alliages Berylco et GMX pour de multiples applications. \u00ab Mieux conna\u00eetre le client pour mieux le satisfaire \u00bb, telle pourrait \u00eatre la devise de notre \u00e9quipe d\u00e9veloppement et support technique, bas\u00e9e en France, \u00e0 Cou\u00ebron.<\/p>\n<\/div><\/div>\n\n<div class=\"row\"><div class=\"col-12 paragraph\">\n<p>Nous nous appuyons \u00e9galement sur notre \u00e9quipe R&amp;D au Japon qui exp\u00e9rimente les innovations potentielles sur nos produits et process de production. Nous nous effor\u00e7ons de d\u00e9velopper et de pr\u00e9parer \u00e0 l\u2019industrialisation et \u00e0 la commercialisation de nouveaux produits, tout en renfor\u00e7ant notre proactivit\u00e9 sur nos march\u00e9s.<\/p>\n<\/div><\/div>\n\n\n<div style=\"height:30px\" aria-hidden=\"true\" class=\"wp-block-spacer\"><\/div>\n\n\n    <div id=\"block-hero-block_c3c7608dab87bef984729b0618f8bfe7\" class=\"wrp-container block-hero\">\n        <div class=\"box-card-05\">\n            <div class=\"grid-row mb40 mb10-sp\">\n                <div class=\"grid-col--12\">\n                    <div class=\"box-card-05__inner\">\n                        \n<span class=\"box-card-06__image is-visiblePc\"><img decoding=\"async\" src=\"https:\/\/www.ngk-alloys.com\/wp-content\/uploads\/DSC_8905-709x439.jpg\" alt=\"\" class=\"fluid-image\"><\/span>\n<span class=\"box-card-06__image  is-visibleTablet js-fullbg\" style=\"background: url(https:\/\/www.ngk-alloys.com\/wp-content\/uploads\/DSC_8905-709x439.jpg) center center \/ cover; display: inline;\"><img decoding=\"async\" src=\"https:\/\/www.ngk-alloys.com\/wp-content\/uploads\/DSC_8905-660x660.jpg\" alt=\"\" class=\"fluid-image\" style=\"display: none;\"><\/span>\n<span class=\"box-card-06__image  is-visibleSp\"><img decoding=\"async\" src=\"https:\/\/www.ngk-alloys.com\/wp-content\/uploads\/DSC_8905-709x439.jpg\" alt=\"\" class=\"fluid-image\"><\/span>\n                        <div class=\"box-card-06__content right_content\">\n                            <p>Face \u00e0 une concurrence accrue et aux enjeux technologiques, la R&amp;D est au c\u0153ur de notre strat\u00e9gie d\u2019entreprise.<\/p>\n<p>&nbsp;<\/p>\n<p>Notre service D\u00e9veloppement, en \u00e9troite collaboration avec nos services qualit\u00e9, commercial et production, vous conseillera afin de vous proposer, quel que soit votre secteur d\u2019activit\u00e9, la solution la mieux adapt\u00e9e \u00e0 vos exigences actuelles. Nous vous aiderons aussi \u00e0 assurer le d\u00e9veloppement de vos nouveaux produits et applications de demain.<\/p>\n<p><!-- \/wp:paragraph --> <!-- wp:paragraph --><\/p>\n                                                    <\/div>\n                        \n                    <\/div>\n                <\/div>\n            <\/div>\n        <\/div>\n    <\/div>\n\n\n\n","protected":false},"excerpt":{"rendered":"<p>Le conseil et l\u2019expertise NGK Berylco Notre relation client ne s\u2019arr\u00eate pas \u00e0 une simple fourniture d\u2019alliages cuivre-b\u00e9ryllium Berylco et alliages cuivre-nickel-\u00e9tain GMX. Le conseil et l\u2019accompagnement font partie du quotidien de nos ing\u00e9nieurs et commerciaux. Il est en effet possible d\u2019utiliser nos alliages Berylco et GMX pour de multiples applications. \u00ab Mieux conna\u00eetre le [&hellip;]<\/p>\n","protected":false},"author":1,"featured_media":2198,"parent":418,"menu_order":0,"comment_status":"closed","ping_status":"closed","template":"","meta":{"_acf_changed":false,"advgb_blocks_editor_width":"","advgb_blocks_columns_visual_guide":"","footnotes":""},"class_list":["post-2003","page","type-page","status-publish","has-post-thumbnail","hentry"],"acf":[],"coauthors":[],"author_meta":{"author_link":"https:\/\/www.ngk-alloys.com\/fr\/author\/admin_ngk\/","display_name":"NGK BERYLCO"},"relative_dates":{"created":"Publi\u00e9 1 an il y a","modified":"Mis \u00e0 jour 5 mois il y a"},"absolute_dates":{"created":"Publi\u00e9 le 27 f\u00e9vrier 2025","modified":"Mise \u00e0 jour le 10 novembre 2025"},"absolute_dates_time":{"created":"Publi\u00e9 le 27 f\u00e9vrier 2025 16h46","modified":"Mise \u00e0 jour le 10 novembre 2025 15h18"},"featured_img_caption":"","featured_img":"https:\/\/www.ngk-alloys.com\/wp-content\/uploads\/retd.jpg","series_order":"","_links":{"self":[{"href":"https:\/\/www.ngk-alloys.com\/fr\/wp-json\/wp\/v2\/pages\/2003","targetHints":{"allow":["GET"]}}],"collection":[{"href":"https:\/\/www.ngk-alloys.com\/fr\/wp-json\/wp\/v2\/pages"}],"about":[{"href":"https:\/\/www.ngk-alloys.com\/fr\/wp-json\/wp\/v2\/types\/page"}],"author":[{"embeddable":true,"href":"https:\/\/www.ngk-alloys.com\/fr\/wp-json\/wp\/v2\/users\/1"}],"replies":[{"embeddable":true,"href":"https:\/\/www.ngk-alloys.com\/fr\/wp-json\/wp\/v2\/comments?post=2003"}],"version-history":[{"count":8,"href":"https:\/\/www.ngk-alloys.com\/fr\/wp-json\/wp\/v2\/pages\/2003\/revisions"}],"predecessor-version":[{"id":4245,"href":"https:\/\/www.ngk-alloys.com\/fr\/wp-json\/wp\/v2\/pages\/2003\/revisions\/4245"}],"up":[{"embeddable":true,"href":"https:\/\/www.ngk-alloys.com\/fr\/wp-json\/wp\/v2\/pages\/418"}],"wp:featuredmedia":[{"embeddable":true,"href":"https:\/\/www.ngk-alloys.com\/fr\/wp-json\/wp\/v2\/media\/2198"}],"wp:attachment":[{"href":"https:\/\/www.ngk-alloys.com\/fr\/wp-json\/wp\/v2\/media?parent=2003"}],"curies":[{"name":"wp","href":"https:\/\/api.w.org\/{rel}","templated":true}]}}