{"id":2230,"date":"2025-06-03T13:49:53","date_gmt":"2025-06-03T11:49:53","guid":{"rendered":"https:\/\/www.ngk-alloys.com\/?page_id=2230"},"modified":"2026-03-30T15:08:25","modified_gmt":"2026-03-30T13:08:25","slug":"nos-implantations","status":"publish","type":"page","link":"https:\/\/www.ngk-alloys.com\/fr\/a-propos\/ngk-berylco\/nos-implantations\/","title":{"rendered":"Nos implantations"},"content":{"rendered":"<div class=\"row\"><div class=\"col-12 paragraph\">\n<p><\/p>\n<\/div><\/div>\n\n<p><iframe loading=\"lazy\" src=\"https:\/\/www.google.com\/maps\/d\/embed?mid=1NyfL1JrQbf3Sp4jde51oAsdHt4EBjPA&#038;ehbc=2E312F\" width=\"640\" height=\"480\"><\/iframe><\/p>\n\n\n\n<div style=\"height:50px\" aria-hidden=\"true\" class=\"wp-block-spacer\"><\/div>\n\n\n\n<figure class=\"wp-block-table\"><table><tbody><tr><td><strong>France<\/strong><\/td><td><strong>NGK BERYLCO France<\/strong><br>103 Quai Jean-Pierre Fougerat &#8211; CS 20017 &#8211; 44220 Cou\u00ebron &#8211; France<br>Tel: +33 (0)2 40 38 67 50<br>Fax: +33 (0)2 40 38 09 95<br>Email: <a href=\"mailto:nbf@ngkbf.com\">nbf@ngkbf.com<\/a><br><a href=\"http:\/\/www.ngk-alloys.com\" target=\"_blank\" rel=\"noreferrer noopener\">www.ngk-alloys.com<\/a><\/td><\/tr><tr><td><strong>Allemagne<\/strong><\/td><td><strong>NGK DEUTSCHE BERYLCO GmbH<\/strong><br>Westerbachstra\u00dfe 32 &#8211; 61476 Kronberg im Taunus &#8211; Germany<br>Tel: +49 (0) 6173 \/ 993-400<br>Fax: +49 (0) 6173 \/ 993-401<br>Email: <a href=\"mailto:sales@ngkdbg.de\">sales@ngkdbg.de<\/a><br><a href=\"http:\/\/www.ngk-alloys.com\" target=\"_blank\" rel=\"noreferrer noopener\">www.ngk-alloys.com<\/a><\/td><\/tr><tr><td><strong>Royaume-Uni<\/strong><\/td><td><strong>NGK BERYLCO UK Ltd<br><\/strong>Houston Park, Montford Street, Salford, M50 2RP &#8211; U.K.<br>Tel: +44 (0)161-745-7162<br>Fax: +44 (0)161-745-7520<br>Email: <a href=\"mailto:enquiries@ngkberylco.co.uk\">enquiries@ngkberylco.co.uk<\/a><br><a href=\"http:\/\/www.ngk-alloys.com\" target=\"_blank\" rel=\"noreferrer noopener\">www.ngk-alloys.com<\/a><\/td><\/tr><tr><td><strong>Espagne<\/strong><\/td><td><strong>Massague Rep. Ind. SA<\/strong><br>Calle la Ginesta, 6 &#8211; Apt de Correos 47 &#8211; 08 830 Sant Boi de Llobregat &#8211; Spain<br>Tel: +34 93 640 0573<br>Fax: +34 93 630 2865<br>Email: <a href=\"mailto:carolina@massaguesa.com\">carolina@massaguesa.com<\/a><br><a href=\"http:\/\/www.massaguesa.com\" target=\"_blank\" rel=\"noopener\">www.massaguesa.com<\/a><\/td><\/tr><tr><td><strong>Italie<\/strong><\/td><td><strong>Tecnicom<\/strong><br>Via B. Panizza, 10 &#8211; 20144 Milano &#8211; Italy<br>Tel: + 39 (0) 2 45506240<br>Fax: + 39 (0) 2 39304926<br>Email: <a href=\"mailto:info@tecnicom.srl\">info@tecnicom.srl<\/a><br><a href=\"http:\/\/www.tecnicom.srl\" target=\"_blank\" rel=\"noopener\">www.tecnicom.srl<\/a><\/td><\/tr><tr><td><strong>Pologne<\/strong><\/td><td><strong>GOZDZ<\/strong><br>Al. KEN 96\/41 &#8211; 02-777 Warsaw (Varsovie) &#8211; Poland<br>Email: <a href=\"mailto:gozdz@poczta.wp.pl\" target=\"_blank\" rel=\"noreferrer noopener\">gozdz@poczta.wp.pl<\/a><\/td><\/tr><tr><td><strong>Turquie<\/strong><\/td><td><strong>Promak Pres Otomasyon San.<\/strong><br>Perpa Ticaret merkezi B Block K11 No:1987 &#8211; Okmeydani-34384 Istanbul &#8211; Turkey<br>Tel: +90 212 320 85 10<br>Fax: +90 212 320 85 44<br>Email: <a href=\"mailto:makgol@promakmakina.com\">makgol@promakmakina.com<\/a><br><a href=\"http:\/\/www.promakmakina.com\" target=\"_blank\" rel=\"noopener\">www.promakmakina.com<\/a><\/td><\/tr><tr><td><strong>Inde<\/strong><\/td><td><strong>NGK TECHNOLOGIES INDIA PVT. Ltd<\/strong><br>803, 8th Floor, Vatika City Point, &#8211; Sector 25, MG Road &#8211; Gurugram, Haryana \u2013 122002, India<br>Tel: +91-(0)124-4488891<br><a href=\"http:\/\/www.ngkcopper.com\" target=\"_blank\" rel=\"noopener\">www.ngkcopper.com<\/a><\/td><\/tr><tr><td><strong>Am\u00e9rique du Nord<\/strong><\/td><td><strong>NGK Metals Corporation<\/strong><br>917 U.S. Highway 11, South Sweetwater, TN 37874 &#8211; USA<br>Tel: +1 (423) 337 5500<br>Fax: +1 (877) 645 2328<br>Email: <a href=\"mailto:marketing@ngkmetals.com\">marketing@ngkmetals.com<\/a><br><a href=\"http:\/\/www.ngkmetals.com\" target=\"_blank\" rel=\"noopener\">www.ngkmetals.com<\/a><\/td><\/tr><tr><td><strong>Japon<\/strong><\/td><td><strong>NGK <strong>Corporation<\/strong><br><\/strong>2-56, Suda-cho, Mizuho-ku, Nagoya 467-8530, Japan<br>Tel: +(052) 872-7826<br>Fax: +(052) 872-8846<br><a href=\"http:\/\/www.ngk-insulators.com\" target=\"_blank\" rel=\"noopener\">www.ngk-insulators.com<\/a><br><a href=\"http:\/\/www.ngk-global.com\" target=\"_blank\" rel=\"noopener\">www.ngk-global.com<\/a><\/td><\/tr><tr><td><strong>Chine<\/strong><\/td><td><strong>NGK Corporation<\/strong><br>Shanghai office &#8211; Dawning Center tower A Room 1902, &#8211; No.500 Hongbaoshi Road, Shanghai 201103 &#8211; China<br>Tel: +86-(021)-3209-8870<br>Fax: +86-(021)-3209-8870<br><a href=\"http:\/\/www.ngk-insulators.com\" target=\"_blank\" rel=\"noopener\">www.ngk-insulators.com<\/a><\/td><\/tr><\/tbody><\/table><\/figure>\n\n\n\n<div style=\"height:50px\" aria-hidden=\"true\" class=\"wp-block-spacer\"><\/div>\n\n\n<div class=\"row\"><div class=\"col-12 paragraph\">\n<p><\/p>\n<\/div><\/div>","protected":false},"excerpt":{"rendered":"<p>France NGK BERYLCO France103 Quai Jean-Pierre Fougerat &#8211; CS 20017 &#8211; 44220 Cou\u00ebron &#8211; FranceTel: +33 (0)2 40 38 67 50Fax: +33 (0)2 40 38 09 95Email: nbf@ngkbf.comwww.ngk-alloys.com Allemagne NGK DEUTSCHE BERYLCO GmbHWesterbachstra\u00dfe 32 &#8211; 61476 Kronberg im Taunus &#8211; GermanyTel: +49 (0) 6173 \/ 993-400Fax: +49 (0) 6173 \/ 993-401Email: sales@ngkdbg.dewww.ngk-alloys.com Royaume-Uni NGK BERYLCO [&hellip;]<\/p>\n","protected":false},"author":1,"featured_media":0,"parent":710,"menu_order":0,"comment_status":"closed","ping_status":"closed","template":"","meta":{"_acf_changed":false,"advgb_blocks_editor_width":"","advgb_blocks_columns_visual_guide":"","footnotes":""},"class_list":["post-2230","page","type-page","status-publish","hentry"],"acf":[],"coauthors":[],"author_meta":{"author_link":"https:\/\/www.ngk-alloys.com\/fr\/author\/admin_ngk\/","display_name":"NGK BERYLCO"},"relative_dates":{"created":"Publi\u00e9 11 mois il y a","modified":"Mis \u00e0 jour 3 semaines il y a"},"absolute_dates":{"created":"Publi\u00e9 le 3 juin 2025","modified":"Mise \u00e0 jour le 30 mars 2026"},"absolute_dates_time":{"created":"Publi\u00e9 le 3 juin 2025 13h49","modified":"Mise \u00e0 jour le 30 mars 2026 15h08"},"featured_img_caption":"","featured_img":false,"series_order":"","_links":{"self":[{"href":"https:\/\/www.ngk-alloys.com\/fr\/wp-json\/wp\/v2\/pages\/2230","targetHints":{"allow":["GET"]}}],"collection":[{"href":"https:\/\/www.ngk-alloys.com\/fr\/wp-json\/wp\/v2\/pages"}],"about":[{"href":"https:\/\/www.ngk-alloys.com\/fr\/wp-json\/wp\/v2\/types\/page"}],"author":[{"embeddable":true,"href":"https:\/\/www.ngk-alloys.com\/fr\/wp-json\/wp\/v2\/users\/1"}],"replies":[{"embeddable":true,"href":"https:\/\/www.ngk-alloys.com\/fr\/wp-json\/wp\/v2\/comments?post=2230"}],"version-history":[{"count":7,"href":"https:\/\/www.ngk-alloys.com\/fr\/wp-json\/wp\/v2\/pages\/2230\/revisions"}],"predecessor-version":[{"id":5674,"href":"https:\/\/www.ngk-alloys.com\/fr\/wp-json\/wp\/v2\/pages\/2230\/revisions\/5674"}],"up":[{"embeddable":true,"href":"https:\/\/www.ngk-alloys.com\/fr\/wp-json\/wp\/v2\/pages\/710"}],"wp:attachment":[{"href":"https:\/\/www.ngk-alloys.com\/fr\/wp-json\/wp\/v2\/media?parent=2230"}],"curies":[{"name":"wp","href":"https:\/\/api.w.org\/{rel}","templated":true}]}}