{"id":3,"date":"2021-10-08T16:29:01","date_gmt":"2021-10-08T14:29:01","guid":{"rendered":"https:\/\/www.ngk-alloys.com\/?page_id=3"},"modified":"2025-12-03T12:15:00","modified_gmt":"2025-12-03T11:15:00","slug":"politique-de-confidentialite","status":"publish","type":"page","link":"https:\/\/www.ngk-alloys.com\/fr\/politique-de-confidentialite\/","title":{"rendered":"Politique de confidentialit\u00e9"},"content":{"rendered":"<div class=\"row\"><div class=\"col-12 heading\">\n<h2 class=\"wp-block-heading\">Veuillez consulter la politique de confidentialit\u00e9 de chaque entreprise ci-dessous :<\/h2>\n<\/div><\/div>\n\n\n<ul class=\"wp-block-list\">\n<li><a href=\"https:\/\/www.ngk-global.com\/privacypolicy\/ngk-berylco-france.html\" target=\"_blank\" rel=\"noreferrer noopener\">NGK BERYLCO FRANCE Privacy Policy\uff5cNGK INSULATORS, LTD. \u2013 GLOBAL<\/a><\/li>\n\n\n\n<li><a href=\"https:\/\/www.ngk-global.com\/privacypolicy\/ngk-berylco-uk.html\" target=\"_blank\" rel=\"noreferrer noopener\">NGK BERYLCO U.K. LTD. Privacy Policy\uff5cNGK INSULATORS, LTD. &#8211; GLOBAL<\/a><\/li>\n\n\n\n<li><a href=\"https:\/\/www.ngk-global.com\/privacypolicy\/ngk-deutsche-berylco-gmbh.html\" target=\"_blank\" rel=\"noreferrer noopener\">NGK DEUTSCHE BERYLCO GMBH Privacy Policy\uff5cNGK INSULATORS, LTD. &#8211; GLOBAL<\/a><\/li>\n<\/ul>\n","protected":false},"excerpt":{"rendered":"<p>Veuillez consulter la politique de confidentialit\u00e9 de chaque entreprise ci-dessous :<\/p>\n","protected":false},"author":1,"featured_media":0,"parent":0,"menu_order":0,"comment_status":"closed","ping_status":"open","template":"","meta":{"_acf_changed":false,"advgb_blocks_editor_width":"","advgb_blocks_columns_visual_guide":"","footnotes":""},"class_list":["post-3","page","type-page","status-publish","hentry"],"acf":[],"coauthors":[],"author_meta":{"author_link":"https:\/\/www.ngk-alloys.com\/fr\/author\/admin_ngk\/","display_name":"NGK BERYLCO"},"relative_dates":{"created":"Publi\u00e9 5 ans il y a","modified":"Mis \u00e0 jour 5 mois il y a"},"absolute_dates":{"created":"Publi\u00e9 le 8 octobre 2021","modified":"Mise \u00e0 jour le 3 d\u00e9cembre 2025"},"absolute_dates_time":{"created":"Publi\u00e9 le 8 octobre 2021 16h29","modified":"Mise \u00e0 jour le 3 d\u00e9cembre 2025 12h15"},"featured_img_caption":"","featured_img":false,"series_order":"","_links":{"self":[{"href":"https:\/\/www.ngk-alloys.com\/fr\/wp-json\/wp\/v2\/pages\/3","targetHints":{"allow":["GET"]}}],"collection":[{"href":"https:\/\/www.ngk-alloys.com\/fr\/wp-json\/wp\/v2\/pages"}],"about":[{"href":"https:\/\/www.ngk-alloys.com\/fr\/wp-json\/wp\/v2\/types\/page"}],"author":[{"embeddable":true,"href":"https:\/\/www.ngk-alloys.com\/fr\/wp-json\/wp\/v2\/users\/1"}],"replies":[{"embeddable":true,"href":"https:\/\/www.ngk-alloys.com\/fr\/wp-json\/wp\/v2\/comments?post=3"}],"version-history":[{"count":12,"href":"https:\/\/www.ngk-alloys.com\/fr\/wp-json\/wp\/v2\/pages\/3\/revisions"}],"predecessor-version":[{"id":4835,"href":"https:\/\/www.ngk-alloys.com\/fr\/wp-json\/wp\/v2\/pages\/3\/revisions\/4835"}],"wp:attachment":[{"href":"https:\/\/www.ngk-alloys.com\/fr\/wp-json\/wp\/v2\/media?parent=3"}],"curies":[{"name":"wp","href":"https:\/\/api.w.org\/{rel}","templated":true}]}}