{"id":3603,"date":"2025-08-26T11:43:22","date_gmt":"2025-08-26T09:43:22","guid":{"rendered":"https:\/\/www.ngk-alloys.com\/?page_id=3603"},"modified":"2025-12-10T10:24:56","modified_gmt":"2025-12-10T09:24:56","slug":"fiche-information-securite","status":"publish","type":"page","link":"https:\/\/www.ngk-alloys.com\/fr\/fiche-information-securite\/","title":{"rendered":"Fiche information s\u00e9curit\u00e9"},"content":{"rendered":"","protected":false},"excerpt":{"rendered":"","protected":false},"author":1,"featured_media":0,"parent":0,"menu_order":0,"comment_status":"closed","ping_status":"closed","template":"page-form.php","meta":{"_acf_changed":false,"advgb_blocks_editor_width":"","advgb_blocks_columns_visual_guide":"","footnotes":""},"class_list":["post-3603","page","type-page","status-publish","hentry"],"acf":[],"coauthors":[],"author_meta":{"author_link":"https:\/\/www.ngk-alloys.com\/fr\/author\/admin_ngk\/","display_name":"NGK BERYLCO"},"relative_dates":{"created":"Publi\u00e9 8 mois il y a","modified":"Mis \u00e0 jour 4 mois il y a"},"absolute_dates":{"created":"Publi\u00e9 le 26 ao\u00fbt 2025","modified":"Mise \u00e0 jour le 10 d\u00e9cembre 2025"},"absolute_dates_time":{"created":"Publi\u00e9 le 26 ao\u00fbt 2025 11h43","modified":"Mise \u00e0 jour le 10 d\u00e9cembre 2025 10h24"},"featured_img_caption":"","featured_img":false,"series_order":"","_links":{"self":[{"href":"https:\/\/www.ngk-alloys.com\/fr\/wp-json\/wp\/v2\/pages\/3603","targetHints":{"allow":["GET"]}}],"collection":[{"href":"https:\/\/www.ngk-alloys.com\/fr\/wp-json\/wp\/v2\/pages"}],"about":[{"href":"https:\/\/www.ngk-alloys.com\/fr\/wp-json\/wp\/v2\/types\/page"}],"author":[{"embeddable":true,"href":"https:\/\/www.ngk-alloys.com\/fr\/wp-json\/wp\/v2\/users\/1"}],"replies":[{"embeddable":true,"href":"https:\/\/www.ngk-alloys.com\/fr\/wp-json\/wp\/v2\/comments?post=3603"}],"version-history":[{"count":5,"href":"https:\/\/www.ngk-alloys.com\/fr\/wp-json\/wp\/v2\/pages\/3603\/revisions"}],"predecessor-version":[{"id":4845,"href":"https:\/\/www.ngk-alloys.com\/fr\/wp-json\/wp\/v2\/pages\/3603\/revisions\/4845"}],"wp:attachment":[{"href":"https:\/\/www.ngk-alloys.com\/fr\/wp-json\/wp\/v2\/media?parent=3603"}],"curies":[{"name":"wp","href":"https:\/\/api.w.org\/{rel}","templated":true}]}}