{"id":381,"date":"2024-04-03T09:54:01","date_gmt":"2024-04-03T07:54:01","guid":{"rendered":"https:\/\/www.ngk-alloys.com\/?page_id=381"},"modified":"2025-11-10T11:54:25","modified_gmt":"2025-11-10T10:54:25","slug":"a-propos","status":"publish","type":"page","link":"https:\/\/www.ngk-alloys.com\/fr\/a-propos\/","title":{"rendered":"\u00c0 propos"},"content":{"rendered":"<div id=\"block-hero-block_90f33ef59fa67d1c2e64aca897a5e836\" class=\"box-card-03 block-hero\">\n        \n                <a target=\"\" href=\"https:\/\/www.ngk-alloys.com\/fr\/a-propos\/ngk-berylco\/\" class=\"box-card-03__item box-card-05__item mb50\">\n                    <p class=\"box-card-03__image\"><img decoding=\"async\" src=\"https:\/\/www.ngk-alloys.com\/wp-content\/uploads\/Groupe-2419-450x300.jpg\" alt=\"\" class=\"fluid-image\"><\/p>\n                    <h2 class=\"box-card-03__button\">\n                        <span class=\"btn btn--link btn--border btn--white\" data-mh=\"box-card-03\">\n                            <span>NGK BERYLCO<\/span>\n                        <\/span>\n                    <\/h2>\n                <\/a>\n\n\n        \n                <a target=\"\" href=\"https:\/\/www.ngk-alloys.com\/fr\/a-propos\/le-groupe-ngk\/\" class=\"box-card-03__item box-card-05__item mb50\">\n                    <p class=\"box-card-03__image\"><img decoding=\"async\" src=\"https:\/\/www.ngk-alloys.com\/wp-content\/uploads\/Groupe-2419b-450x300.jpg\" alt=\"\" class=\"fluid-image\"><\/p>\n                    <h2 class=\"box-card-03__button\">\n                        <span class=\"btn btn--link btn--border btn--white\" data-mh=\"box-card-03\">\n                            <span>LE GROUPE NGK<\/span>\n                        <\/span>\n                    <\/h2>\n                <\/a>\n\n\n        <\/div>\n\n","protected":false},"excerpt":{"rendered":"","protected":false},"author":1,"featured_media":0,"parent":0,"menu_order":0,"comment_status":"closed","ping_status":"closed","template":"","meta":{"_acf_changed":false,"advgb_blocks_editor_width":"","advgb_blocks_columns_visual_guide":"","footnotes":""},"class_list":["post-381","page","type-page","status-publish","hentry"],"acf":[],"coauthors":[],"author_meta":{"author_link":"https:\/\/www.ngk-alloys.com\/fr\/author\/admin_ngk\/","display_name":"NGK BERYLCO"},"relative_dates":{"created":"Publi\u00e9 2 ans il y a","modified":"Mis \u00e0 jour 5 mois il y a"},"absolute_dates":{"created":"Publi\u00e9 le 3 avril 2024","modified":"Mise \u00e0 jour le 10 novembre 2025"},"absolute_dates_time":{"created":"Publi\u00e9 le 3 avril 2024 9h54","modified":"Mise \u00e0 jour le 10 novembre 2025 11h54"},"featured_img_caption":"","featured_img":false,"series_order":"","_links":{"self":[{"href":"https:\/\/www.ngk-alloys.com\/fr\/wp-json\/wp\/v2\/pages\/381","targetHints":{"allow":["GET"]}}],"collection":[{"href":"https:\/\/www.ngk-alloys.com\/fr\/wp-json\/wp\/v2\/pages"}],"about":[{"href":"https:\/\/www.ngk-alloys.com\/fr\/wp-json\/wp\/v2\/types\/page"}],"author":[{"embeddable":true,"href":"https:\/\/www.ngk-alloys.com\/fr\/wp-json\/wp\/v2\/users\/1"}],"replies":[{"embeddable":true,"href":"https:\/\/www.ngk-alloys.com\/fr\/wp-json\/wp\/v2\/comments?post=381"}],"version-history":[{"count":53,"href":"https:\/\/www.ngk-alloys.com\/fr\/wp-json\/wp\/v2\/pages\/381\/revisions"}],"predecessor-version":[{"id":4178,"href":"https:\/\/www.ngk-alloys.com\/fr\/wp-json\/wp\/v2\/pages\/381\/revisions\/4178"}],"wp:attachment":[{"href":"https:\/\/www.ngk-alloys.com\/fr\/wp-json\/wp\/v2\/media?parent=381"}],"curies":[{"name":"wp","href":"https:\/\/api.w.org\/{rel}","templated":true}]}}