{"id":415,"date":"2024-12-18T11:46:32","date_gmt":"2024-12-18T10:46:32","guid":{"rendered":"https:\/\/www.ngk-alloys.com\/?page_id=415"},"modified":"2026-03-23T12:06:07","modified_gmt":"2026-03-23T11:06:07","slug":"marches","status":"publish","type":"page","link":"https:\/\/www.ngk-alloys.com\/fr\/marches\/","title":{"rendered":"March\u00e9s"},"content":{"rendered":"<div id=\"block-hero-block_4daef31542053ca5c608763a5d8914ad\" class=\"box-card-03 block-hero\">\n        \n                <a target=\"\" href=\"https:\/\/www.ngk-alloys.com\/fr\/marche\/aeronautique\/\" class=\"box-card-03__item  mb50\">\n                    <p class=\"box-card-03__image\"><img decoding=\"async\" src=\"https:\/\/www.ngk-alloys.com\/wp-content\/uploads\/Cockpit-Aircraft-450x300.jpg\" alt=\"\" class=\"fluid-image\"><\/p>\n                    <h2 class=\"box-card-03__button\">\n                        <span class=\"btn btn--link btn--border btn--white\" data-mh=\"box-card-03\">\n                            <span>A\u00e9ronautique<\/span>\n                        <\/span>\n                    <\/h2>\n                <\/a>\n\n\n        \n                <a target=\"\" href=\"https:\/\/www.ngk-alloys.com\/fr\/marche\/automobile\/\" class=\"box-card-03__item  mb50\">\n                    <p class=\"box-card-03__image\"><img decoding=\"async\" src=\"https:\/\/www.ngk-alloys.com\/wp-content\/uploads\/Car-outside-450x300.jpg\" alt=\"\" class=\"fluid-image\"><\/p>\n                    <h2 class=\"box-card-03__button\">\n                        <span class=\"btn btn--link btn--border btn--white\" data-mh=\"box-card-03\">\n                            <span>Automobile<\/span>\n                        <\/span>\n                    <\/h2>\n                <\/a>\n\n\n        \n                <a target=\"\" href=\"https:\/\/www.ngk-alloys.com\/fr\/marche\/electromenager\/\" class=\"box-card-03__item  mb50\">\n                    <p class=\"box-card-03__image\"><img decoding=\"async\" src=\"https:\/\/www.ngk-alloys.com\/wp-content\/uploads\/marche-electromenager.jpg\" alt=\"\" class=\"fluid-image\"><\/p>\n                    <h2 class=\"box-card-03__button\">\n                        <span class=\"btn btn--link btn--border btn--white\" data-mh=\"box-card-03\">\n                            <span>\u00c9lectrom\u00e9nager<\/span>\n                        <\/span>\n                    <\/h2>\n                <\/a>\n\n\n        \n                <a target=\"\" href=\"https:\/\/www.ngk-alloys.com\/fr\/marche\/electronique\/\" class=\"box-card-03__item  mb50\">\n                    <p class=\"box-card-03__image\"><img decoding=\"async\" src=\"https:\/\/www.ngk-alloys.com\/wp-content\/uploads\/Electronic-450x300.jpg\" alt=\"\" class=\"fluid-image\"><\/p>\n                    <h2 class=\"box-card-03__button\">\n                        <span class=\"btn btn--link btn--border btn--white\" data-mh=\"box-card-03\">\n                            <span>\u00c9lectronique<\/span>\n                        <\/span>\n                    <\/h2>\n                <\/a>\n\n\n        \n                <a target=\"\" href=\"https:\/\/www.ngk-alloys.com\/fr\/marche\/telecommunication\/\" class=\"box-card-03__item  mb50\">\n                    <p class=\"box-card-03__image\"><img decoding=\"async\" src=\"https:\/\/www.ngk-alloys.com\/wp-content\/uploads\/telecommunication-1-450x300.jpg\" alt=\"\" class=\"fluid-image\"><\/p>\n                    <h2 class=\"box-card-03__button\">\n                        <span class=\"btn btn--link btn--border btn--white\" data-mh=\"box-card-03\">\n                            <span>T\u00e9l\u00e9communication<\/span>\n                        <\/span>\n                    <\/h2>\n                <\/a>\n\n\n        \n                <a target=\"\" href=\"https:\/\/www.ngk-alloys.com\/fr\/marche\/energie\/\" class=\"box-card-03__item  mb50\">\n                    <p class=\"box-card-03__image\"><img decoding=\"async\" src=\"https:\/\/www.ngk-alloys.com\/wp-content\/uploads\/Solar-Panels-Wind-Turbine-450x300.jpg\" alt=\"\" class=\"fluid-image\"><\/p>\n                    <h2 class=\"box-card-03__button\">\n                        <span class=\"btn btn--link btn--border btn--white\" data-mh=\"box-card-03\">\n                            <span>\u00c9nergie<\/span>\n                        <\/span>\n                    <\/h2>\n                <\/a>\n\n\n        \n                <a target=\"\" href=\"https:\/\/www.ngk-alloys.com\/fr\/marche\/defense\/\" class=\"box-card-03__item  mb50\">\n                    <p class=\"box-card-03__image\"><img decoding=\"async\" src=\"https:\/\/www.ngk-alloys.com\/wp-content\/uploads\/rafale-450x300.jpg\" alt=\"\" class=\"fluid-image\"><\/p>\n                    <h2 class=\"box-card-03__button\">\n                        <span class=\"btn btn--link btn--border btn--white\" data-mh=\"box-card-03\">\n                            <span>D\u00e9fense<\/span>\n                        <\/span>\n                    <\/h2>\n                <\/a>\n\n\n        \n                <a target=\"\" href=\"https:\/\/www.ngk-alloys.com\/fr\/marche\/medical\/\" class=\"box-card-03__item  mb50\">\n                    <p class=\"box-card-03__image\"><img decoding=\"async\" src=\"https:\/\/www.ngk-alloys.com\/wp-content\/uploads\/medical-450x300.jpg\" alt=\"\" class=\"fluid-image\"><\/p>\n                    <h2 class=\"box-card-03__button\">\n                        <span class=\"btn btn--link btn--border btn--white\" data-mh=\"box-card-03\">\n                            <span>M\u00e9dical<\/span>\n                        <\/span>\n                    <\/h2>\n                <\/a>\n\n\n        \n                <a target=\"\" href=\"https:\/\/www.ngk-alloys.com\/fr\/marche\/hydrogene\/\" class=\"box-card-03__item  mb50\">\n                    <p class=\"box-card-03__image\"><img decoding=\"async\" src=\"https:\/\/www.ngk-alloys.com\/wp-content\/uploads\/hydrogene-450x300.jpg\" alt=\"\" class=\"fluid-image\"><\/p>\n                    <h2 class=\"box-card-03__button\">\n                        <span class=\"btn btn--link btn--border btn--white\" data-mh=\"box-card-03\">\n                            <span>Hydrog\u00e8ne<\/span>\n                        <\/span>\n                    <\/h2>\n                <\/a>\n\n\n        \n                <a target=\"\" href=\"https:\/\/www.ngk-alloys.com\/fr\/marche\/autres-applications\/\" class=\"box-card-03__item  mb50\">\n                    <p class=\"box-card-03__image\"><img decoding=\"async\" src=\"https:\/\/www.ngk-alloys.com\/wp-content\/uploads\/watch-450x300.jpg\" alt=\"\" class=\"fluid-image\"><\/p>\n                    <h2 class=\"box-card-03__button\">\n                        <span class=\"btn btn--link btn--border btn--white\" data-mh=\"box-card-03\">\n                            <span>Autres applications<\/span>\n                        <\/span>\n                    <\/h2>\n                <\/a>\n\n\n        <\/div>\n\n","protected":false},"excerpt":{"rendered":"","protected":false},"author":1,"featured_media":0,"parent":0,"menu_order":0,"comment_status":"closed","ping_status":"closed","template":"","meta":{"_acf_changed":false,"advgb_blocks_editor_width":"","advgb_blocks_columns_visual_guide":"","footnotes":""},"class_list":["post-415","page","type-page","status-publish","hentry"],"acf":[],"coauthors":[],"author_meta":{"author_link":"https:\/\/www.ngk-alloys.com\/fr\/author\/admin_ngk\/","display_name":"NGK BERYLCO"},"relative_dates":{"created":"Publi\u00e9 1 an il y a","modified":"Mis \u00e0 jour 4 semaines il y a"},"absolute_dates":{"created":"Publi\u00e9 le 18 d\u00e9cembre 2024","modified":"Mise \u00e0 jour le 23 mars 2026"},"absolute_dates_time":{"created":"Publi\u00e9 le 18 d\u00e9cembre 2024 11h46","modified":"Mise \u00e0 jour le 23 mars 2026 12h06"},"featured_img_caption":"","featured_img":false,"series_order":"","_links":{"self":[{"href":"https:\/\/www.ngk-alloys.com\/fr\/wp-json\/wp\/v2\/pages\/415","targetHints":{"allow":["GET"]}}],"collection":[{"href":"https:\/\/www.ngk-alloys.com\/fr\/wp-json\/wp\/v2\/pages"}],"about":[{"href":"https:\/\/www.ngk-alloys.com\/fr\/wp-json\/wp\/v2\/types\/page"}],"author":[{"embeddable":true,"href":"https:\/\/www.ngk-alloys.com\/fr\/wp-json\/wp\/v2\/users\/1"}],"replies":[{"embeddable":true,"href":"https:\/\/www.ngk-alloys.com\/fr\/wp-json\/wp\/v2\/comments?post=415"}],"version-history":[{"count":16,"href":"https:\/\/www.ngk-alloys.com\/fr\/wp-json\/wp\/v2\/pages\/415\/revisions"}],"predecessor-version":[{"id":5654,"href":"https:\/\/www.ngk-alloys.com\/fr\/wp-json\/wp\/v2\/pages\/415\/revisions\/5654"}],"wp:attachment":[{"href":"https:\/\/www.ngk-alloys.com\/fr\/wp-json\/wp\/v2\/media?parent=415"}],"curies":[{"name":"wp","href":"https:\/\/api.w.org\/{rel}","templated":true}]}}