{"id":420,"date":"2024-12-18T11:46:50","date_gmt":"2024-12-18T10:46:50","guid":{"rendered":"https:\/\/www.ngk-alloys.com\/?page_id=420"},"modified":"2026-02-10T18:07:00","modified_gmt":"2026-02-10T17:07:00","slug":"brochures","status":"publish","type":"page","link":"https:\/\/www.ngk-alloys.com\/fr\/brochures\/","title":{"rendered":"Brochures"},"content":{"rendered":"<nav class=\"nav-link-internal center mt90 mt40-sp\">\n    <ul>\n                <li><a href=\"#cuivreberyllium\">Cuivre B\u00e9ryllium <span class=\"icon icon-gaishi-down\"><\/span><\/a><\/li>\n                <li><a href=\"#beryllium\">B\u00e9ryllium <span class=\"icon icon-gaishi-down\"><\/span><\/a><\/li>\n                <li><a href=\"#infotechniques\">Informations techniques <span class=\"icon icon-gaishi-down\"><\/span><\/a><\/li>\n            <\/ul>\n<\/nav>\n\n\n\n\n\n\n<div style=\"height:30px\" aria-hidden=\"true\" class=\"wp-block-spacer\"><\/div>\n\n\n<div class=\"row\"><div class=\"col-12 paragraph\">\n<p><strong>Vous trouverez ci-dessous nos brochures t\u00e9l\u00e9chargeables au format PDF, class\u00e9es par type de produits. Pour tout autre besoin, n\u2019h\u00e9sitez pas \u00e0 nous contacter.<\/strong><\/p>\n<\/div><\/div>\n\n<div class=\"row\"><div class=\"col-12 heading\">\n<h2 class=\"wp-block-heading\" id=\"cuivreberyllium\">Cuivre B\u00e9ryllium<\/h2>\n<\/div><\/div>\n\n<div class=\"row\"><div class=\"col-12 heading\">\n<h3 class=\"wp-block-heading\">Catalogue Alliages Cuivre-B\u00e9ryllium Berylco (Bandes, Barres, Fils)<\/h3>\n<\/div><\/div>\n\n<div id=\"block-hero-block_aac07a8e8522a4b727ebb88f40c79f28\" class=\"box-card-03 block-hero\">\n        \n                <a target=\"_blank\" href=\"https:\/\/www.ngk-alloys.com\/wp-content\/uploads\/NGK-Berylco-Catalogue_FR_2024.08.pdf\" class=\"box-card-03__item  mb50\">\n                    <p class=\"box-card-03__image\"><img decoding=\"async\" src=\"https:\/\/www.ngk-alloys.com\/wp-content\/uploads\/couv-cube-fr-1.jpg\" alt=\"\" class=\"fluid-image\"><\/p>\n                    <h2 class=\"box-card-03__button\">\n                        <span class=\"btn btn--link btn--border btn--white\" data-mh=\"box-card-03\">\n                            <span>Alliages Cuivre-B\u00e9ryllium<\/span>\n                        <\/span>\n                    <\/h2>\n                <\/a>\n\n\n        <\/div>\n\n\n\n<div class=\"row\"><div class=\"col-12 heading\">\n<h3 class=\"wp-block-heading\">Brochure Traitement Thermique Alliages Cuivre-B\u00e9ryllium Berylco<\/h3>\n<\/div><\/div>\n\n<div id=\"block-hero-block_347492175bd28880d5de3bcde1aee966\" class=\"box-card-03 block-hero\">\n        \n                <a target=\"_blank\" href=\"https:\/\/www.ngk-alloys.com\/fr\/formulaire-brochure\/\" class=\"box-card-03__item  mb50\">\n                    <p class=\"box-card-03__image\"><img decoding=\"async\" src=\"https:\/\/www.ngk-alloys.com\/wp-content\/uploads\/couv-heat-treatment-fr-1.jpg\" alt=\"\" class=\"fluid-image\"><\/p>\n                    <h2 class=\"box-card-03__button\">\n                        <span class=\"btn btn--link btn--border btn--white\" data-mh=\"box-card-03\">\n                            <span>Traitement thermique Cuivre-B\u00e9ryllium<\/span>\n                        <\/span>\n                    <\/h2>\n                <\/a>\n\n\n        <\/div>\n\n\n\n<div class=\"row\"><div class=\"col-12 heading\">\n<h3 class=\"wp-block-heading\">Guide Technique Alliages Cuivre-B\u00e9ryllium Berylco<\/h3>\n<\/div><\/div>\n\n<div id=\"block-hero-block_17f6ed9684a523fc0ce97b8be912515b\" class=\"box-card-03 block-hero\">\n        \n                <a target=\"_blank\" href=\"https:\/\/www.ngk-alloys.com\/fr\/formulaire-brochure\/\" class=\"box-card-03__item  mb50\">\n                    <p class=\"box-card-03__image\"><img decoding=\"async\" src=\"https:\/\/www.ngk-alloys.com\/wp-content\/uploads\/couv-design-guide-fr-1.jpg\" alt=\"\" class=\"fluid-image\"><\/p>\n                    <h2 class=\"box-card-03__button\">\n                        <span class=\"btn btn--link btn--border btn--white\" data-mh=\"box-card-03\">\n                            <span>Guide technique Cuivre-B\u00e9ryllium<\/span>\n                        <\/span>\n                    <\/h2>\n                <\/a>\n\n\n        <\/div>\n\n\n\n<div class=\"row\"><div class=\"col-12 heading\">\n<h3 class=\"wp-block-heading\">Brochure Barres et Plaques Cuivre-B\u00e9ryllium Berylco pour la plasturgie<\/h3>\n<\/div><\/div>\n\n<div id=\"block-hero-block_fa4d73c60a24e9561a93bb13d2a242b7\" class=\"box-card-03 block-hero\">\n        \n                <a target=\"_blank\" href=\"https:\/\/www.ngk-alloys.com\/fr\/formulaire-brochure\/\" class=\"box-card-03__item  mb50\">\n                    <p class=\"box-card-03__image\"><img decoding=\"async\" src=\"https:\/\/www.ngk-alloys.com\/wp-content\/uploads\/couv-plates-fr-1.jpg\" alt=\"\" class=\"fluid-image\"><\/p>\n                    <h2 class=\"box-card-03__button\">\n                        <span class=\"btn btn--link btn--border btn--white\" data-mh=\"box-card-03\">\n                            <span>Barres et Plaques<\/span>\n                        <\/span>\n                    <\/h2>\n                <\/a>\n\n\n        <\/div>\n\n\n\n<div class=\"row\"><div class=\"col-12 heading\">\n<h3 class=\"wp-block-heading\">Brochure Chill-Vents cuivre-b\u00e9ryllium Berylco<\/h3>\n<\/div><\/div>\n\n<div id=\"block-hero-block_111259ad66caf7f9d8b3676bcf98ffcd\" class=\"box-card-03 block-hero\">\n        \n                <a target=\"_blank\" href=\"https:\/\/www.ngk-alloys.com\/fr\/formulaire-brochure\/\" class=\"box-card-03__item  mb50\">\n                    <p class=\"box-card-03__image\"><img decoding=\"async\" src=\"https:\/\/www.ngk-alloys.com\/wp-content\/uploads\/couv-chill-vent-fr-1.jpg\" alt=\"\" class=\"fluid-image\"><\/p>\n                    <h2 class=\"box-card-03__button\">\n                        <span class=\"btn btn--link btn--border btn--white\" data-mh=\"box-card-03\">\n                            <span>NGK Chill-Vent<\/span>\n                        <\/span>\n                    <\/h2>\n                <\/a>\n\n\n        <\/div>\n\n\n\n<div class=\"row\"><div class=\"col-12 heading\">\n<h3 class=\"wp-block-heading\">Brochures Autres Produits Sp\u00e9ciaux NGK Berylco<\/h3>\n<\/div><\/div>\n\n<div id=\"block-hero-block_d2fd1bb7f6324eac91c6c0c1f10afa95\" class=\"box-card-03 block-hero\">\n        \n                <a target=\"_blank\" href=\"https:\/\/www.ngk-alloys.com\/fr\/formulaire-brochure\/\" class=\"box-card-03__item  mb50\">\n                    <p class=\"box-card-03__image\"><img decoding=\"async\" src=\"https:\/\/www.ngk-alloys.com\/wp-content\/uploads\/couv-hot-stamping.jpg\" alt=\"\" class=\"fluid-image\"><\/p>\n                    <h2 class=\"box-card-03__button\">\n                        <span class=\"btn btn--link btn--border btn--white\" data-mh=\"box-card-03\">\n                            <span>NGK Hot Stamping EN<\/span>\n                        <\/span>\n                    <\/h2>\n                <\/a>\n\n\n        \n                <a target=\"_blank\" href=\"https:\/\/www.ngk-alloys.com\/fr\/formulaire-brochure\/\" class=\"box-card-03__item  mb50\">\n                    <p class=\"box-card-03__image\"><img decoding=\"async\" src=\"https:\/\/www.ngk-alloys.com\/wp-content\/uploads\/couv-plunger-tips.jpg\" alt=\"\" class=\"fluid-image\"><\/p>\n                    <h2 class=\"box-card-03__button\">\n                        <span class=\"btn btn--link btn--border btn--white\" data-mh=\"box-card-03\">\n                            <span>NGK Plunger Tips EN<\/span>\n                        <\/span>\n                    <\/h2>\n                <\/a>\n\n\n        <\/div>\n\n\n\n<div class=\"row\"><div class=\"col-12 heading\">\n<h2 class=\"wp-block-heading\" id=\"beryllium\">B\u00e9ryllium<\/h2>\n<\/div><\/div>\n\n<div class=\"row\"><div class=\"col-12 heading\">\n<h3 class=\"wp-block-heading\">Miroirs en b\u00e9ryllium pur<\/h3>\n<\/div><\/div>\n\n<div id=\"block-hero-block_49db7b18f9b9e0a52fb476466f4ccec9\" class=\"box-card-03 block-hero\">\n        \n                <a target=\"_blank\" href=\"https:\/\/www.ngk-alloys.com\/fr\/formulaire-brochure\/\" class=\"box-card-03__item  mb50\">\n                    <p class=\"box-card-03__image\"><img decoding=\"async\" src=\"https:\/\/www.ngk-alloys.com\/wp-content\/uploads\/couv-mirrors.jpg\" alt=\"\" class=\"fluid-image\"><\/p>\n                    <h2 class=\"box-card-03__button\">\n                        <span class=\"btn btn--link btn--border btn--white\" data-mh=\"box-card-03\">\n                            <span>Mirroirs EN<\/span>\n                        <\/span>\n                    <\/h2>\n                <\/a>\n\n\n        <\/div>\n\n\n\n<div class=\"row\"><div class=\"col-12 heading\">\n<h3 class=\"wp-block-heading\">Fen\u00eatres en b\u00e9ryllium pur<\/h3>\n<\/div><\/div>\n\n<div id=\"block-hero-block_d5aaf62d612503b8ee5d92284320b276\" class=\"box-card-03 block-hero\">\n        \n                <a target=\"_blank\" href=\"https:\/\/www.ngk-alloys.com\/fr\/formulaire-brochure\/\" class=\"box-card-03__item  mb50\">\n                    <p class=\"box-card-03__image\"><img decoding=\"async\" src=\"https:\/\/www.ngk-alloys.com\/wp-content\/uploads\/couv-windows.jpg\" alt=\"\" class=\"fluid-image\"><\/p>\n                    <h2 class=\"box-card-03__button\">\n                        <span class=\"btn btn--link btn--border btn--white\" data-mh=\"box-card-03\">\n                            <span>Fen\u00eatres<\/span>\n                        <\/span>\n                    <\/h2>\n                <\/a>\n\n\n        <\/div>\n\n\n\n<div class=\"row\"><div class=\"col-12 heading\">\n<h2 class=\"wp-block-heading\" id=\"infotechniques\">Informations techniques diverses<\/h2>\n<\/div><\/div>\n\n<div id=\"block-hero-block_c6ebd43064b8269ea96aa9563f831bda\" class=\"box-card-03 block-hero\">\n        \n                <a target=\"_blank\" href=\"https:\/\/www.ngk-alloys.com\/wp-content\/uploads\/NGK_Tableau_Periodique_fr-1.pdf\" class=\"box-card-03__item  mb50\">\n                    <p class=\"box-card-03__image\"><img decoding=\"async\" src=\"https:\/\/www.ngk-alloys.com\/wp-content\/uploads\/couv-tableau-periodique-2.jpg\" alt=\"\" class=\"fluid-image\"><\/p>\n                    <h2 class=\"box-card-03__button\">\n                        <span class=\"btn btn--link btn--border btn--white\" data-mh=\"box-card-03\">\n                            <span>Tableau p\u00e9riodique des \u00e9l\u00e9ments<\/span>\n                        <\/span>\n                    <\/h2>\n                <\/a>\n\n\n        \n                <a target=\"_blank\" href=\"https:\/\/www.ngk-alloys.com\/wp-content\/uploads\/conversion-durete.pdf\" class=\"box-card-03__item  mb50\">\n                    <p class=\"box-card-03__image\"><img decoding=\"async\" src=\"https:\/\/www.ngk-alloys.com\/wp-content\/uploads\/couv-durete.jpg\" alt=\"\" class=\"fluid-image\"><\/p>\n                    <h2 class=\"box-card-03__button\">\n                        <span class=\"btn btn--link btn--border btn--white\" data-mh=\"box-card-03\">\n                            <span>Tableau de conversion de duret\u00e9<\/span>\n                        <\/span>\n                    <\/h2>\n                <\/a>\n\n\n        <\/div>\n\n\n\n<div class=\"row\"><div class=\"col-12 paragraph\">\n<p><\/p>\n<\/div><\/div>","protected":false},"excerpt":{"rendered":"<p>Vous trouverez ci-dessous nos brochures t\u00e9l\u00e9chargeables au format PDF, class\u00e9es par type de produits. Pour tout autre besoin, n\u2019h\u00e9sitez pas \u00e0 nous contacter. Cuivre B\u00e9ryllium Catalogue Alliages Cuivre-B\u00e9ryllium Berylco (Bandes, Barres, Fils) Brochure Traitement Thermique Alliages Cuivre-B\u00e9ryllium Berylco Guide Technique Alliages Cuivre-B\u00e9ryllium Berylco Brochure Barres et Plaques Cuivre-B\u00e9ryllium Berylco pour la plasturgie Brochure Chill-Vents cuivre-b\u00e9ryllium [&hellip;]<\/p>\n","protected":false},"author":1,"featured_media":0,"parent":0,"menu_order":0,"comment_status":"closed","ping_status":"closed","template":"","meta":{"_acf_changed":false,"advgb_blocks_editor_width":"","advgb_blocks_columns_visual_guide":"","footnotes":""},"class_list":["post-420","page","type-page","status-publish","hentry"],"acf":[],"coauthors":[],"author_meta":{"author_link":"https:\/\/www.ngk-alloys.com\/fr\/author\/admin_ngk\/","display_name":"NGK BERYLCO"},"relative_dates":{"created":"Publi\u00e9 1 an il y a","modified":"Mis \u00e0 jour 2 mois il y a"},"absolute_dates":{"created":"Publi\u00e9 le 18 d\u00e9cembre 2024","modified":"Mise \u00e0 jour le 10 f\u00e9vrier 2026"},"absolute_dates_time":{"created":"Publi\u00e9 le 18 d\u00e9cembre 2024 11h46","modified":"Mise \u00e0 jour le 10 f\u00e9vrier 2026 18h07"},"featured_img_caption":"","featured_img":false,"series_order":"","_links":{"self":[{"href":"https:\/\/www.ngk-alloys.com\/fr\/wp-json\/wp\/v2\/pages\/420","targetHints":{"allow":["GET"]}}],"collection":[{"href":"https:\/\/www.ngk-alloys.com\/fr\/wp-json\/wp\/v2\/pages"}],"about":[{"href":"https:\/\/www.ngk-alloys.com\/fr\/wp-json\/wp\/v2\/types\/page"}],"author":[{"embeddable":true,"href":"https:\/\/www.ngk-alloys.com\/fr\/wp-json\/wp\/v2\/users\/1"}],"replies":[{"embeddable":true,"href":"https:\/\/www.ngk-alloys.com\/fr\/wp-json\/wp\/v2\/comments?post=420"}],"version-history":[{"count":36,"href":"https:\/\/www.ngk-alloys.com\/fr\/wp-json\/wp\/v2\/pages\/420\/revisions"}],"predecessor-version":[{"id":5291,"href":"https:\/\/www.ngk-alloys.com\/fr\/wp-json\/wp\/v2\/pages\/420\/revisions\/5291"}],"wp:attachment":[{"href":"https:\/\/www.ngk-alloys.com\/fr\/wp-json\/wp\/v2\/media?parent=420"}],"curies":[{"name":"wp","href":"https:\/\/api.w.org\/{rel}","templated":true}]}}