{"id":4614,"date":"2025-11-18T17:00:26","date_gmt":"2025-11-18T16:00:26","guid":{"rendered":"https:\/\/www.ngk-alloys.com\/?page_id=4614"},"modified":"2025-12-10T10:25:00","modified_gmt":"2025-12-10T09:25:00","slug":"formulaire-brochure","status":"publish","type":"page","link":"https:\/\/www.ngk-alloys.com\/fr\/formulaire-brochure\/","title":{"rendered":"Formulaire brochure"},"content":{"rendered":"<div class=\"row\"><div class=\"col-12 paragraph\">\n<p class=\"advgb-dyn-88655b3c\"><\/p>\n<\/div><\/div>\n\n<div class=\"row\"><div class=\"col-12 paragraph\">\n<p><\/p>\n<\/div><\/div>","protected":false},"excerpt":{"rendered":"","protected":false},"author":1,"featured_media":0,"parent":0,"menu_order":0,"comment_status":"closed","ping_status":"closed","template":"page-form.php","meta":{"_acf_changed":false,"advgb_blocks_editor_width":"","advgb_blocks_columns_visual_guide":"","footnotes":""},"class_list":["post-4614","page","type-page","status-publish","hentry"],"acf":[],"coauthors":[],"author_meta":{"author_link":"https:\/\/www.ngk-alloys.com\/fr\/author\/admin_ngk\/","display_name":"NGK BERYLCO"},"relative_dates":{"created":"Publi\u00e9 5 mois il y a","modified":"Mis \u00e0 jour 4 mois il y a"},"absolute_dates":{"created":"Publi\u00e9 le 18 novembre 2025","modified":"Mise \u00e0 jour le 10 d\u00e9cembre 2025"},"absolute_dates_time":{"created":"Publi\u00e9 le 18 novembre 2025 17h00","modified":"Mise \u00e0 jour le 10 d\u00e9cembre 2025 10h25"},"featured_img_caption":"","featured_img":false,"series_order":"","_links":{"self":[{"href":"https:\/\/www.ngk-alloys.com\/fr\/wp-json\/wp\/v2\/pages\/4614","targetHints":{"allow":["GET"]}}],"collection":[{"href":"https:\/\/www.ngk-alloys.com\/fr\/wp-json\/wp\/v2\/pages"}],"about":[{"href":"https:\/\/www.ngk-alloys.com\/fr\/wp-json\/wp\/v2\/types\/page"}],"author":[{"embeddable":true,"href":"https:\/\/www.ngk-alloys.com\/fr\/wp-json\/wp\/v2\/users\/1"}],"replies":[{"embeddable":true,"href":"https:\/\/www.ngk-alloys.com\/fr\/wp-json\/wp\/v2\/comments?post=4614"}],"version-history":[{"count":3,"href":"https:\/\/www.ngk-alloys.com\/fr\/wp-json\/wp\/v2\/pages\/4614\/revisions"}],"predecessor-version":[{"id":4846,"href":"https:\/\/www.ngk-alloys.com\/fr\/wp-json\/wp\/v2\/pages\/4614\/revisions\/4846"}],"wp:attachment":[{"href":"https:\/\/www.ngk-alloys.com\/fr\/wp-json\/wp\/v2\/media?parent=4614"}],"curies":[{"name":"wp","href":"https:\/\/api.w.org\/{rel}","templated":true}]}}