{"id":4702,"date":"2025-11-28T11:57:20","date_gmt":"2025-11-28T10:57:20","guid":{"rendered":"https:\/\/www.ngk-alloys.com\/?page_id=4702"},"modified":"2025-11-28T11:58:09","modified_gmt":"2025-11-28T10:58:09","slug":"plan-du-site","status":"publish","type":"page","link":"https:\/\/www.ngk-alloys.com\/fr\/plan-du-site\/","title":{"rendered":"Plan du site"},"content":{"rendered":"<div class=\"wsp-container\"><h2 class=\"wsp-pages-title\">Pages<\/h2>\n<ul class=\"wsp-pages-list\">\n<li class=\"page_item page-item-381 page_item_has_children\"><a href=\"https:\/\/www.ngk-alloys.com\/fr\/a-propos\/\">\u00c0 propos<\/a>\n<ul class='children'>\n\t<li class=\"page_item page-item-732 page_item_has_children\"><a href=\"https:\/\/www.ngk-alloys.com\/fr\/a-propos\/le-groupe-ngk\/\">Le Groupe NGK<\/a>\n\t<ul class='children'>\n\t\t<li class=\"page_item page-item-745\"><a href=\"https:\/\/www.ngk-alloys.com\/fr\/a-propos\/le-groupe-ngk\/lhistoire-du-groupe\/\">L&rsquo;histoire du Groupe<\/a><\/li>\n\t\t<li class=\"page_item page-item-742\"><a href=\"https:\/\/www.ngk-alloys.com\/fr\/a-propos\/le-groupe-ngk\/la-philosophie-du-groupe\/\">La philosophie du Groupe<\/a><\/li>\n\t\t<li class=\"page_item page-item-734\"><a href=\"https:\/\/www.ngk-alloys.com\/fr\/a-propos\/le-groupe-ngk\/message-du-president\/\">Message du Pr\u00e9sident<\/a><\/li>\n\t<\/ul>\n<\/li>\n\t<li class=\"page_item page-item-710 page_item_has_children\"><a href=\"https:\/\/www.ngk-alloys.com\/fr\/a-propos\/ngk-berylco\/\">NGK Berylco<\/a>\n\t<ul class='children'>\n\t\t<li class=\"page_item page-item-690\"><a href=\"https:\/\/www.ngk-alloys.com\/fr\/a-propos\/ngk-berylco\/activites\/\">Activit\u00e9s<\/a><\/li>\n\t\t<li class=\"page_item page-item-692\"><a href=\"https:\/\/www.ngk-alloys.com\/fr\/a-propos\/ngk-berylco\/nos-forces\/\">Nos forces<\/a><\/li>\n\t\t<li class=\"page_item page-item-2230\"><a href=\"https:\/\/www.ngk-alloys.com\/fr\/a-propos\/ngk-berylco\/nos-implantations\/\">Nos implantations<\/a><\/li>\n\t\t<li class=\"page_item page-item-722\"><a href=\"https:\/\/www.ngk-alloys.com\/fr\/a-propos\/ngk-berylco\/notre-ecosysteme\/\">Notre \u00e9cosyst\u00e8me<\/a><\/li>\n\t\t<li class=\"page_item page-item-544\"><a href=\"https:\/\/www.ngk-alloys.com\/fr\/a-propos\/ngk-berylco\/notre-histoire\/\">Notre histoire<\/a><\/li>\n\t\t<li class=\"page_item page-item-702\"><a href=\"https:\/\/www.ngk-alloys.com\/fr\/a-propos\/ngk-berylco\/nous-rejoindre\/\">Nous rejoindre<\/a><\/li>\n\t\t<li class=\"page_item page-item-714\"><a href=\"https:\/\/www.ngk-alloys.com\/fr\/a-propos\/ngk-berylco\/organigramme\/\">Organigramme<\/a><\/li>\n\t<\/ul>\n<\/li>\n<\/ul>\n<\/li>\n<li class=\"page_item page-item-2\"><a href=\"https:\/\/www.ngk-alloys.com\/fr\/\">Accueil<\/a><\/li>\n<li class=\"page_item page-item-420\"><a href=\"https:\/\/www.ngk-alloys.com\/fr\/brochures\/\">Brochures<\/a><\/li>\n<li class=\"page_item page-item-11 page_item_has_children\"><a href=\"https:\/\/www.ngk-alloys.com\/fr\/contact\/\">Contact<\/a>\n<ul class='children'>\n\t<li class=\"page_item page-item-1073 page_item_has_children\"><a href=\"https:\/\/www.ngk-alloys.com\/fr\/contact\/demande-de-renseignement\/\">Demande de renseignement<\/a>\n\t<ul class='children'>\n\t\t<li class=\"page_item page-item-1269\"><a href=\"https:\/\/www.ngk-alloys.com\/fr\/contact\/demande-de-renseignement\/merci-pour-votre-demande\/\">Merci pour votre demande.<\/a><\/li>\n\t<\/ul>\n<\/li>\n\t<li class=\"page_item page-item-1437 page_item_has_children\"><a href=\"https:\/\/www.ngk-alloys.com\/fr\/contact\/information-sur-un-produit\/\">Information sur un produit<\/a>\n\t<ul class='children'>\n\t\t<li class=\"page_item page-item-4900\"><a href=\"https:\/\/www.ngk-alloys.com\/fr\/contact\/information-sur-un-produit\/merci-pour-votre-demande-1\/\">Merci pour votre demande.<\/a><\/li>\n\t<\/ul>\n<\/li>\n\t<li class=\"page_item page-item-14\"><a href=\"https:\/\/www.ngk-alloys.com\/fr\/contact\/confirmation-contact\/\">Merci<\/a><\/li>\n\t<li class=\"page_item page-item-1450 page_item_has_children\"><a href=\"https:\/\/www.ngk-alloys.com\/fr\/contact\/questionnaire-de-satisfaction\/\">Questionnaire de satisfaction<\/a>\n\t<ul class='children'>\n\t\t<li class=\"page_item page-item-4914\"><a href=\"https:\/\/www.ngk-alloys.com\/fr\/contact\/questionnaire-de-satisfaction\/merci-pour-votre-reponse\/\">Merci pour votre r\u00e9ponse.<\/a><\/li>\n\t<\/ul>\n<\/li>\n\t<li class=\"page_item page-item-1442 page_item_has_children\"><a href=\"https:\/\/www.ngk-alloys.com\/fr\/contact\/recrutement\/\">Recrutement<\/a>\n\t<ul class='children'>\n\t\t<li class=\"page_item page-item-4907\"><a href=\"https:\/\/www.ngk-alloys.com\/fr\/contact\/recrutement\/merci-pour-votre-candidature\/\">Merci pour votre candidature.<\/a><\/li>\n\t<\/ul>\n<\/li>\n<\/ul>\n<\/li>\n<li class=\"page_item page-item-3626\"><a href=\"https:\/\/www.ngk-alloys.com\/fr\/demande-de-brochures\/\">Demande de brochures<\/a><\/li>\n<li class=\"page_item page-item-3603 page_item_has_children\"><a href=\"https:\/\/www.ngk-alloys.com\/fr\/fiche-information-securite\/\">Fiche information s\u00e9curit\u00e9<\/a>\n<ul class='children'>\n\t<li class=\"page_item page-item-4935\"><a href=\"https:\/\/www.ngk-alloys.com\/fr\/fiche-information-securite\/merci-pour-votre-demande-3\/\">Merci pour votre demande.<\/a><\/li>\n<\/ul>\n<\/li>\n<li class=\"page_item page-item-4614 page_item_has_children\"><a href=\"https:\/\/www.ngk-alloys.com\/fr\/formulaire-brochure\/\">Formulaire brochure<\/a>\n<ul class='children'>\n\t<li class=\"page_item page-item-4919\"><a href=\"https:\/\/www.ngk-alloys.com\/fr\/formulaire-brochure\/merci-pour-votre-demande-2\/\">Merci pour votre demande.<\/a><\/li>\n<\/ul>\n<\/li>\n<li class=\"page_item page-item-415\"><a href=\"https:\/\/www.ngk-alloys.com\/fr\/marches\/\">March\u00e9s<\/a><\/li>\n<li class=\"page_item page-item-8\"><a href=\"https:\/\/www.ngk-alloys.com\/fr\/mentions-legales\/\">Mentions l\u00e9gales<\/a><\/li>\n<li class=\"page_item page-item-4702\"><a href=\"https:\/\/www.ngk-alloys.com\/fr\/plan-du-site\/\">Plan du site<\/a><\/li>\n<li class=\"page_item page-item-3\"><a href=\"https:\/\/www.ngk-alloys.com\/fr\/politique-de-confidentialite\/\">Politique de confidentialit\u00e9<\/a><\/li>\n<li class=\"page_item page-item-4711\"><a href=\"https:\/\/www.ngk-alloys.com\/fr\/politique-des-cookies\/\">Politique des cookies<\/a><\/li>\n<li class=\"page_item page-item-4110\"><a href=\"https:\/\/www.ngk-alloys.com\/fr\/produits\/\">Produits<\/a><\/li>\n<li class=\"page_item page-item-418 page_item_has_children\"><a href=\"https:\/\/www.ngk-alloys.com\/fr\/qse-conformite\/\">QSE &amp; conformit\u00e9<\/a>\n<ul class='children'>\n\t<li class=\"page_item page-item-805\"><a href=\"https:\/\/www.ngk-alloys.com\/fr\/qse-conformite\/certificats-qualite\/\">Certificats Qualit\u00e9<\/a><\/li>\n\t<li class=\"page_item page-item-794\"><a href=\"https:\/\/www.ngk-alloys.com\/fr\/qse-conformite\/conformite-des-produits\/\">Conformit\u00e9 des produits<\/a><\/li>\n\t<li class=\"page_item page-item-780\"><a href=\"https:\/\/www.ngk-alloys.com\/fr\/qse-conformite\/esg\/\">ESG<\/a><\/li>\n\t<li class=\"page_item page-item-813\"><a href=\"https:\/\/www.ngk-alloys.com\/fr\/qse-conformite\/metrologie-et-laboratoire-dessai\/\">Laboratoire de contr\u00f4le et d&rsquo;essais<\/a><\/li>\n\t<li class=\"page_item page-item-803\"><a href=\"https:\/\/www.ngk-alloys.com\/fr\/qse-conformite\/politique-qualite\/\">Politique Qualit\u00e9<\/a><\/li>\n\t<li class=\"page_item page-item-2003\"><a href=\"https:\/\/www.ngk-alloys.com\/fr\/qse-conformite\/rd\/\">R&amp;D<\/a><\/li>\n\t<li class=\"page_item page-item-800\"><a href=\"https:\/\/www.ngk-alloys.com\/fr\/qse-conformite\/recyclage\/\">Recyclage<\/a><\/li>\n\t<li class=\"page_item page-item-811\"><a href=\"https:\/\/www.ngk-alloys.com\/fr\/qse-conformite\/sante-et-securite\/\">Sant\u00e9 et s\u00e9curit\u00e9<\/a><\/li>\n\t<li class=\"page_item page-item-816\"><a href=\"https:\/\/www.ngk-alloys.com\/fr\/qse-conformite\/satisfaction-client\/\">Satisfaction client<\/a><\/li>\n<\/ul>\n<\/li>\n<\/ul>\n<h2 class=\"wsp-actualites-title\">Actualit\u00e9s<\/h2>\n<ul class=\"wsp-actualites-list\">\n<li><a href=\"https:\/\/www.ngk-alloys.com\/fr\/actualite\/changement-de-nom-du-groupe-ngk-insulators-en-ngk-corporation-au-1er-avril-2026\/\">Changement de nom du groupe NGK Insulators en NGK Corporation au 1er avril 2026<\/a><\/li>\n<li><a href=\"https:\/\/www.ngk-alloys.com\/fr\/actualite\/bonne-annee\/\">Bonne ann\u00e9e !<\/a><\/li>\n<li><a href=\"https:\/\/www.ngk-alloys.com\/fr\/actualite\/congres-des-utilisateurs-de-connecteurs-a-wurzburg-allemagne\/\">Congr\u00e8s des Utilisateurs de Connecteurs \u00e0 W\u00fcrzburg, Allemagne<\/a><\/li>\n<li><a href=\"https:\/\/www.ngk-alloys.com\/fr\/actualite\/salon-micronora-a-besancon-france-du-29-septembre-au-02-octobre-2026\/\">Salon MICRONORA \u00e0 Besan\u00e7on, France - du 29 septembre au 02 octobre 2026<\/a><\/li>\n<li><a href=\"https:\/\/www.ngk-alloys.com\/fr\/actualite\/salon-stanztec-a-pforzheim-allemagne-du-16-au-18-juin-2026\/\">Salon STANZTEC \u00e0 Pforzheim, Allemagne - du 16 au 18 juin 2026<\/a><\/li>\n<li><a href=\"https:\/\/www.ngk-alloys.com\/fr\/actualite\/ngk-berylco-vous-souhaite-une-excellente-annee-2025\/\">NGK BERYLCO vous souhaite une excellente ann\u00e9e 2025 !<\/a><\/li>\n<li><a href=\"https:\/\/www.ngk-alloys.com\/fr\/actualite\/merci-a-tous-nos-visiteurs\/\">Merci \u00e0 tous nos visiteurs \u00a0!<\/a><\/li>\n<li><a href=\"https:\/\/www.ngk-alloys.com\/fr\/actualite\/fiers-de-supporter-le-champion-olympique-de-tennis-fauteuil\/\">Fiers de supporter le champion olympique de tennis fauteuil !<\/a><\/li>\n<li><a href=\"https:\/\/www.ngk-alloys.com\/fr\/actualite\/salon-micronora-a-besancon-france-24-27-septembre-2024\/\">Salon MICRONORA \u00e0 Besan\u00e7on, France, du 24 au 27 septembre 2024<\/a><\/li>\n<li><a href=\"https:\/\/www.ngk-alloys.com\/fr\/actualite\/ngk-berylco-vous-souhaite-une-excellente-annee-2024\/\">NGK BERYLCO vous souhaite une excellente ann\u00e9e 2024 !<\/a><\/li>\n<li><a href=\"https:\/\/www.ngk-alloys.com\/fr\/actualite\/salon-stanztec-2024\/\">Salon STANZTEC \u00e0 Pforzheim, Allemagne \u00a0 -\u00a0 du 25 au 27 juin 2024<\/a><\/li>\n<li><a href=\"https:\/\/www.ngk-alloys.com\/fr\/actualite\/salon-micronora-2024\/\">Salon MICRONORA \u00e0 Besan\u00e7on, France \u00a0 - \u00a0 24 - 27 septembre 2024<\/a><\/li>\n<li><a href=\"https:\/\/www.ngk-alloys.com\/fr\/actualite\/salon-aeronautique-2025\/\">Salon de l\u2019A\u00e9ronautique SIAE Paris - Le Bourget, France - 16 au 22 juin 2025<\/a><\/li>\n<li><a href=\"https:\/\/www.ngk-alloys.com\/fr\/actualite\/exposition-reussie-au-salon-du-bourget-2023\/\">Exposition r\u00e9ussie au salon du Bourget 2023<\/a><\/li>\n<li><a href=\"https:\/\/www.ngk-alloys.com\/fr\/actualite\/ngk-en-videos\/\">NGK en vid\u00e9os<\/a><\/li>\n<li><a href=\"https:\/\/www.ngk-alloys.com\/fr\/actualite\/ngk-berylco-france-apporte-son-temoignage\/\">NGK Berylco France apporte son t\u00e9moignage<\/a><\/li>\n<li><a href=\"https:\/\/www.ngk-alloys.com\/fr\/actualite\/50-ans-dexpertise-dans-les-alliages-de-cuivre-beryllium\/\">50 ans d\u2019expertise dans les alliages de cuivre-b\u00e9ryllium !<\/a><\/li>\n<li><a href=\"https:\/\/www.ngk-alloys.com\/fr\/actualite\/ngk-berylco-france-certifiee-iso-45001\/\">NGK Berylco France certifi\u00e9e ISO 45001 !<\/a><\/li>\n<li><a href=\"https:\/\/www.ngk-alloys.com\/fr\/actualite\/article-presse-le-cuivre-beryllium-traitement-materiaux-novembre-2018\/\">Article Presse - Le Cuivre B\u00e9ryllium - Traitement &amp; Mat\u00e9riaux Novembre 2018<\/a><\/li>\n<li><a href=\"https:\/\/www.ngk-alloys.com\/fr\/actualite\/tour-de-france-reach\/\">Tour de France REACH<\/a><\/li>\n<li><a href=\"https:\/\/www.ngk-alloys.com\/fr\/actualite\/journee-technique-cuivre-2017-et-2015-a3ts-limoges-france\/\">Journ\u00e9e Technique Cuivre 2017 et 2015\u00a0 -\u00a0 A3TS\u00a0 -\u00a0 Limoges, France<\/a><\/li>\n<li><a href=\"https:\/\/www.ngk-alloys.com\/fr\/actualite\/reprise-de-vos-chutes-de-production\/\">Reprise de vos chutes de production<\/a><\/li>\n<li><a href=\"https:\/\/www.ngk-alloys.com\/fr\/actualite\/alliages-cuivre-nickel-etain-gmx96-et-gmx215\/\">Alliages Cuivre Nickel Etain GMX96 et GMX215<\/a><\/li>\n<li><a href=\"https:\/\/www.ngk-alloys.com\/fr\/actualite\/modification-dadresse-postale-ngk-berylco-france\/\">Modification d\u2019adresse postale NGK Berylco France<\/a><\/li>\n<\/ul>\n<h2 class=\"wsp-marches-title\">March\u00e9s<\/h2>\n<ul class=\"wsp-marches-list\">\n<li><a href=\"https:\/\/www.ngk-alloys.com\/fr\/marche\/aeronautique\/\">A\u00e9ronautique<\/a><\/li>\n<li><a href=\"https:\/\/www.ngk-alloys.com\/fr\/marche\/automobile\/\">Automobile<\/a><\/li>\n<li><a href=\"https:\/\/www.ngk-alloys.com\/fr\/marche\/electromenager\/\">\u00c9lectrom\u00e9nager<\/a><\/li>\n<li><a href=\"https:\/\/www.ngk-alloys.com\/fr\/marche\/electronique\/\">\u00c9lectronique<\/a><\/li>\n<li><a href=\"https:\/\/www.ngk-alloys.com\/fr\/marche\/telecommunication\/\">T\u00e9l\u00e9communication<\/a><\/li>\n<li><a href=\"https:\/\/www.ngk-alloys.com\/fr\/marche\/energie\/\">\u00c9nergie<\/a><\/li>\n<li><a href=\"https:\/\/www.ngk-alloys.com\/fr\/marche\/defense\/\">D\u00e9fense<\/a><\/li>\n<li><a href=\"https:\/\/www.ngk-alloys.com\/fr\/marche\/medical\/\">M\u00e9dical<\/a><\/li>\n<li><a href=\"https:\/\/www.ngk-alloys.com\/fr\/marche\/hydrogene\/\">Hydrog\u00e8ne<\/a><\/li>\n<li><a href=\"https:\/\/www.ngk-alloys.com\/fr\/marche\/autres-applications\/\">Autres applications<\/a><\/li>\n<\/ul>\n<h2 class=\"wsp-produits-title\">Produits<\/h2>\n<ul class=\"wsp-produits-list\">\n<li><a href=\"https:\/\/www.ngk-alloys.com\/fr\/produit\/nos-alliages\/\">Nos alliages<\/a><\/li>\n<li><a href=\"https:\/\/www.ngk-alloys.com\/fr\/produit\/nos-alliages\/c17200\/\">C17200<\/a><\/li>\n<li><a href=\"https:\/\/www.ngk-alloys.com\/fr\/produit\/nos-alliages\/c17300\/\">C17300<\/a><\/li>\n<li><a href=\"https:\/\/www.ngk-alloys.com\/fr\/produit\/nos-alliages\/autres-alliages-cuivre-beryllium\/\">Autres alliages cuivre-beryllium<\/a><\/li>\n<li><a href=\"https:\/\/www.ngk-alloys.com\/fr\/produit\/nos-alliages\/autres-alliages-sans-beryllium\/\">Autres alliages sans b\u00e9ryllium<\/a><\/li>\n<li><a href=\"https:\/\/www.ngk-alloys.com\/fr\/produit\/nos-alliages\/c17510\/\">C17510<\/a><\/li>\n<li><a href=\"https:\/\/www.ngk-alloys.com\/fr\/produit\/cuivre-beryllium\/\">Cuivre b\u00e9ryllium<\/a><\/li>\n<li><a href=\"https:\/\/www.ngk-alloys.com\/fr\/produit\/cuivre-beryllium\/bandes\/\">Bandes<\/a><\/li>\n<li><a href=\"https:\/\/www.ngk-alloys.com\/fr\/produit\/cuivre-beryllium\/fils\/\">Fils<\/a><\/li>\n<li><a href=\"https:\/\/www.ngk-alloys.com\/fr\/produit\/cuivre-beryllium\/barres\/\">Barres<\/a><\/li>\n<li><a href=\"https:\/\/www.ngk-alloys.com\/fr\/produit\/cuivre-beryllium\/plaques-blocs\/\">Plaques \/ Blocs<\/a><\/li>\n<li><a href=\"https:\/\/www.ngk-alloys.com\/fr\/produit\/cuivre-beryllium\/chill-vents\/\">Chill Vents<\/a><\/li>\n<li><a href=\"https:\/\/www.ngk-alloys.com\/fr\/produit\/cuivre-beryllium\/safety-tools\/\">Safety Tools<\/a><\/li>\n<li><a href=\"https:\/\/www.ngk-alloys.com\/fr\/produit\/beryllium\/\">B\u00e9ryllium<\/a><\/li>\n<li><a href=\"https:\/\/www.ngk-alloys.com\/fr\/produit\/beryllium\/fenetres\/\">Fen\u00eatres<\/a><\/li>\n<li><a href=\"https:\/\/www.ngk-alloys.com\/fr\/produit\/beryllium\/miroirs\/\">Miroirs<\/a><\/li>\n<li><a href=\"https:\/\/www.ngk-alloys.com\/fr\/produit\/beryllium\/autres-pieces\/\">Autres pi\u00e8ces en B\u00e9ryllium<\/a><\/li>\n<li><a href=\"https:\/\/www.ngk-alloys.com\/fr\/produit\/cuivre-nickel-etain\/\">Cuivre Nickel Etain<\/a><\/li>\n<li><a href=\"https:\/\/www.ngk-alloys.com\/fr\/produit\/cuivre-nickel-etain\/bandes-cuivre-nickel-etain\/\">Bandes Cuivre Nickel \u00c9tain<\/a><\/li>\n<li><a href=\"https:\/\/www.ngk-alloys.com\/fr\/produit\/cuivre-nickel-etain\/barres-fils-cuivre-nickel-etain\/\">Barres \/ Fils Cuivre Nickel \u00c9tain<\/a><\/li>\n<\/ul>\n<h2 class=\"wsp-news_categorys-title\">Cat\u00e9gories actualit\u00e9s<\/h2>\n<ul class=\"wsp-news_categorys-list\">\n<li><a href=\"https:\/\/www.ngk-alloys.com\/fr\/news_category\/evenements\/\">\u00c9v\u00e9nements<\/a><\/li>\n<li><a href=\"https:\/\/www.ngk-alloys.com\/fr\/news_category\/news\/\">News<\/a><\/li>\n<li><a href=\"https:\/\/www.ngk-alloys.com\/fr\/news_category\/societe\/\">Soci\u00e9t\u00e9<\/a><\/li>\n<\/ul>\n<h2 class=\"wsp-categorie-produits-title\">Cat\u00e9gories produits<\/h2>\n<ul class=\"wsp-categorie-produits-list\">\n<li><a href=\"https:\/\/www.ngk-alloys.com\/fr\/categorie-produit\/cuivre-beryllium\/\">Cuivre B\u00e9ryllium<\/a><\/li>\n<li><a href=\"https:\/\/www.ngk-alloys.com\/fr\/categorie-produit\/beryllium\/\">B\u00e9ryllium<\/a><\/li>\n<li><a href=\"https:\/\/www.ngk-alloys.com\/fr\/categorie-produit\/cuivre-nickel-etain\/\">Cuivre Nickel \u00c9tain<\/a><\/li>\n<\/ul>\n<\/div>\n","protected":false},"excerpt":{"rendered":"","protected":false},"author":1,"featured_media":0,"parent":0,"menu_order":0,"comment_status":"closed","ping_status":"closed","template":"","meta":{"_acf_changed":false,"advgb_blocks_editor_width":"","advgb_blocks_columns_visual_guide":"","footnotes":""},"class_list":["post-4702","page","type-page","status-publish","hentry"],"acf":[],"coauthors":[],"author_meta":{"author_link":"https:\/\/www.ngk-alloys.com\/fr\/author\/admin_ngk\/","display_name":"NGK BERYLCO"},"relative_dates":{"created":"Publi\u00e9 5 mois il y a","modified":"Mis \u00e0 jour 5 mois il y a"},"absolute_dates":{"created":"Publi\u00e9 le 28 novembre 2025","modified":"Mise \u00e0 jour le 28 novembre 2025"},"absolute_dates_time":{"created":"Publi\u00e9 le 28 novembre 2025 11h57","modified":"Mise \u00e0 jour le 28 novembre 2025 11h58"},"featured_img_caption":"","featured_img":false,"series_order":"","_links":{"self":[{"href":"https:\/\/www.ngk-alloys.com\/fr\/wp-json\/wp\/v2\/pages\/4702","targetHints":{"allow":["GET"]}}],"collection":[{"href":"https:\/\/www.ngk-alloys.com\/fr\/wp-json\/wp\/v2\/pages"}],"about":[{"href":"https:\/\/www.ngk-alloys.com\/fr\/wp-json\/wp\/v2\/types\/page"}],"author":[{"embeddable":true,"href":"https:\/\/www.ngk-alloys.com\/fr\/wp-json\/wp\/v2\/users\/1"}],"replies":[{"embeddable":true,"href":"https:\/\/www.ngk-alloys.com\/fr\/wp-json\/wp\/v2\/comments?post=4702"}],"version-history":[{"count":2,"href":"https:\/\/www.ngk-alloys.com\/fr\/wp-json\/wp\/v2\/pages\/4702\/revisions"}],"predecessor-version":[{"id":4704,"href":"https:\/\/www.ngk-alloys.com\/fr\/wp-json\/wp\/v2\/pages\/4702\/revisions\/4704"}],"wp:attachment":[{"href":"https:\/\/www.ngk-alloys.com\/fr\/wp-json\/wp\/v2\/media?parent=4702"}],"curies":[{"name":"wp","href":"https:\/\/api.w.org\/{rel}","templated":true}]}}