{"id":4711,"date":"2025-11-28T15:32:01","date_gmt":"2025-11-28T14:32:01","guid":{"rendered":"https:\/\/www.ngk-alloys.com\/?page_id=4711"},"modified":"2025-11-28T15:36:48","modified_gmt":"2025-11-28T14:36:48","slug":"politique-des-cookies","status":"publish","type":"page","link":"https:\/\/www.ngk-alloys.com\/fr\/politique-des-cookies\/","title":{"rendered":"Politique des cookies"},"content":{"rendered":"<div class=\"row\"><div class=\"col-12 heading\">\n<h2 class=\"wp-block-heading\">Liens hypertextes et cookies<\/h2>\n<\/div><\/div>\n\n<div class=\"row\"><div class=\"col-12 paragraph\">\n<p>Le site de la soci\u00e9t\u00e9 NGK BERYLCO contient un certain nombre de liens hypertextes vers d\u2019autres sites, mis en place avec l\u2019autorisation de la soci\u00e9t\u00e9 NGK BERYLCO.<br>Cependant, la soci\u00e9t\u00e9 NGK BERYLCO n\u2019a pas la possibilit\u00e9 de v\u00e9rifier le contenu des sites ainsi visit\u00e9s, et n\u2019assumera en cons\u00e9quence aucune responsabilit\u00e9 de ce fait.<\/p>\n<\/div><\/div>\n\n<div class=\"row\"><div class=\"col-12 paragraph\">\n<p>Lors de la consultation du site https:\/\/www.ngk-alloys.com (ci-apr\u00e8s d\u00e9sign\u00e9 \u00ab le Site \u00bb), certaines informations relatives \u00e0 votre navigation sont susceptibles d\u2019\u00eatre enregistr\u00e9es dans des fichiers \u00ab cookies \u00bb install\u00e9s sur votre terminal (ordinateur, tablette, t\u00e9l\u00e9phone mobile ou tout autre appareil optimis\u00e9 pour Internet).<\/p>\n<\/div><\/div>\n\n<div class=\"row\"><div class=\"col-12 paragraph\">\n<p>Ces cookies sont \u00e9mis par la soci\u00e9t\u00e9 NGK BERYLCO et ce dans le but de faciliter votre navigation sur ce Site et pour des raisons de mesure d\u2019audience.<\/p>\n<\/div><\/div>\n\n<div class=\"row\"><div class=\"col-12 paragraph\">\n<p>Cet article vous permet de comprendre ce qu\u2019est un cookie, quel est son r\u00f4le, et comment param\u00e9trer son fonctionnement.<\/p>\n<\/div><\/div>\n\n<div class=\"row\"><div class=\"col-12 heading\">\n<h3 class=\"wp-block-heading\">Qu\u2019est-ce qu\u2019un cookie ?<\/h3>\n<\/div><\/div>\n\n<div class=\"row\"><div class=\"col-12 paragraph\">\n<p>Un cookie est un fichier texte qui, gr\u00e2ce \u00e0 votre logiciel de navigation, est d\u00e9pos\u00e9 dans un espace d\u00e9di\u00e9 du disque dur de votre terminal lors de la visite d\u2019un site ou de la consultation d\u2019une publicit\u00e9. Il contient plusieurs donn\u00e9es telles que le nom du serveur qui l\u2019a d\u00e9pos\u00e9 (serveur du site que vous visitez), un identifiant sous forme de num\u00e9ro unique et \u00e9ventuellement une date d\u2019expiration dudit cookie.<\/p>\n<\/div><\/div>\n\n<div class=\"row\"><div class=\"col-12 paragraph\">\n<p>Les cookies permettent \u00e0 son \u00e9metteur de reconna\u00eetre le terminal de l\u2019utilisateur aupr\u00e8s de qui il est enregistr\u00e9 et de collecter des informations relatives \u00e0 sa navigation sur les sites.<\/p>\n<\/div><\/div>\n\n<div class=\"row\"><div class=\"col-12 heading\">\n<h3 class=\"wp-block-heading\">Les cookies \u00e9mis sur ce Site<\/h3>\n<\/div><\/div>\n\n<div class=\"row\"><div class=\"col-12 paragraph\">\n<p>Les \u00ab cookies indispensables \u00bb au fonctionnement du Site : ils permettent de m\u00e9moriser des informations saisies dans les formulaires, g\u00e9rer et s\u00e9curiser l\u2019acc\u00e8s \u00e0 des espaces r\u00e9serv\u00e9s (inscription ou acc\u00e8s \u00e0 votre compte, service demand\u00e9, contenu d\u2019un panier de commande etc.).<\/p>\n<\/div><\/div>\n\n<div class=\"row\"><div class=\"col-12 paragraph\">\n<p>Les \u00ab cookies fonctionnels \u00bb : ils permettent d\u2019adapter la pr\u00e9sentation du Site aux pr\u00e9f\u00e9rences d\u2019affichage de votre terminal (langue utilis\u00e9e, r\u00e9solution d\u2019affichage etc.) et ainsi personnaliser votre acc\u00e8s au Site.<\/p>\n<\/div><\/div>\n\n<div class=\"row\"><div class=\"col-12 paragraph\">\n<p>Les \u00ab cookies analytiques \u00bb (ou \u00ab cookies de mesure d\u2019audience \u00bb) : ils recueillent anonymement des donn\u00e9es de trafic afin d\u2019\u00e9tablir des statistiques et volumes de fr\u00e9quentation (nombre de visites, de pages vues\u2026) et de conna\u00eetre l\u2019utilisation des \u00e9l\u00e9ments composant le pr\u00e9sent Site (rubriques et pages consult\u00e9es\u2026) permettant \u00e0 la soci\u00e9t\u00e9 NGK BERYLCO de suivre et am\u00e9liorer la qualit\u00e9 de ses services.<\/p>\n<\/div><\/div>\n\n<div class=\"row\"><div class=\"col-12 paragraph\">\n<p>Les \u00ab cookies sociaux \u00bb : ils vous permettent d\u2019interagir avec les modules sociaux sur le Site (Facebook, Twitter\u2026).<\/p>\n<\/div><\/div>\n\n<div class=\"row\"><div class=\"col-12 paragraph\">\n<p>Les \u00ab cookies de ciblage ou de retargeting \u00bb permettent d\u2019adapter la navigation \u00e0 vos choix et pr\u00e9f\u00e9rences, en proposant le cas \u00e9ch\u00e9ant des produits et services susceptibles de vous int\u00e9resser. Certains cookies tiers peuvent \u00eatre install\u00e9s sur le Site via nos partenaires commerciaux de confiance, afin de vous proposer des offres li\u00e9es \u00e0 d\u2019autres sites internet.<\/p>\n<\/div><\/div>\n\n<div class=\"row\"><div class=\"col-12 heading\">\n<h3 class=\"wp-block-heading\">La gestion de vos Cookies<\/h3>\n<\/div><\/div>\n\n<div class=\"row\"><div class=\"col-12 paragraph\">\n<p>Vous pouvez contr\u00f4ler et g\u00e9rer l\u2019installation de ces cookies dans votre terminal en param\u00e9trant votre logiciel de navigation.<\/p>\n<\/div><\/div>\n\n<div class=\"row\"><div class=\"col-12 paragraph\">\n<p>Ainsi il est possible de configurer votre navigateur de mani\u00e8re \u00e0 accepter ou rejeter tous les cookies soit syst\u00e9matiquement soit selon leur \u00e9metteur. Il vous est \u00e9galement possible de choisir d\u2019\u00eatre automatiquement inform\u00e9 lorsqu\u2019un cookie est enregistr\u00e9 sur votre terminal.<\/p>\n<\/div><\/div>\n\n<div class=\"row\"><div class=\"col-12 paragraph\">\n<p>Enfin, et pour b\u00e9n\u00e9ficier d\u2019un contr\u00f4le plus important quant \u00e0 la gestion des cookies, vous pouvez configurer votre logiciel de navigation de sorte que l\u2019acceptation ou le refus des cookies vous soient ponctuellement propos\u00e9, avant qu\u2019un cookie ne soit susceptible d\u2019\u00eatre d\u00e9pos\u00e9 sur votre disque dur par le serveur du site que vous visitez.<\/p>\n<\/div><\/div>\n\n<div class=\"row\"><div class=\"col-12 paragraph\">\n<p>Il est donc conseill\u00e9 de configurer les param\u00e8tres de votre navigateur \u00e0 votre convenance.<\/p>\n<\/div><\/div>\n\n<div class=\"row\"><div class=\"col-12 paragraph\">\n<p>Afin de g\u00e9rer les cookies au plus pr\u00e8s de vos attentes nous vous invitons \u00e0 param\u00e9trer votre navigateur en tenant compte de la finalit\u00e9 des cookies. Vous trouverez ci-apr\u00e8s des informations plus d\u00e9taill\u00e9es sur la fa\u00e7on de proc\u00e9der \u00e0 ce param\u00e9trage pour les navigateurs les plus couramment utilis\u00e9s :<\/p>\n<\/div><\/div>\n\n\n<ul class=\"wp-block-list\">\n<li><a href=\"https:\/\/support.microsoft.com\/fr-fr\/topic\/comment-supprimer-des-fichiers-cookies-dans-internet-explorer-bca9446f-d873-78de-77ba-d42645fa52fc\" target=\"_blank\" rel=\"noreferrer noopener\">Internet Explorer<\/a><\/li>\n\n\n\n<li><a href=\"https:\/\/support.google.com\/chrome\/answer\/95647?hl=fr\" target=\"_blank\" rel=\"noreferrer noopener\">Chrome<\/a><\/li>\n\n\n\n<li><a href=\"https:\/\/support.mozilla.org\/fr\/kb\/activer-desactiver-cookies-preferences\" target=\"_blank\" rel=\"noreferrer noopener\">Firefox<\/a><\/li>\n\n\n\n<li><a href=\"https:\/\/support.apple.com\/fr-fr\/guide\/safari\/sfri11471\/mac\" target=\"_blank\" rel=\"noreferrer noopener\">Safari<\/a><\/li>\n\n\n\n<li><a href=\"https:\/\/www.opera.com\/fr\/use-cases\/clean-browser-and-remove-trackers\" target=\"_blank\" rel=\"noreferrer noopener\">Opera<\/a><\/li>\n<\/ul>\n\n\n<div class=\"row\"><div class=\"col-12 paragraph\">\n<p>Vous pouvez \u00e9galement consulter le menu \u00ab Aide \u00bb de votre navigateur afin de savoir comment modifier vos param\u00e8tres aff\u00e9rents aux cookies.<\/p>\n<\/div><\/div>\n\n<div class=\"row\"><div class=\"col-12 paragraph\">\n<p>Tout param\u00e9trage entrepris sur votre terminal \u00e0 cet \u00e9gard peut entra\u00eener une modification ou une d\u00e9gradation de votre navigation sur internet ainsi qu\u2019en particulier de vos conditions d\u2019acc\u00e8s \u00e0 certains services du Site requ\u00e9rant l\u2019utilisation de Cookies. En cas de difficult\u00e9, vous pouvez \u00e0 tout moment modifier vos souhaits en mati\u00e8re de cookies et revenir en arri\u00e8re.<\/p>\n<\/div><\/div>","protected":false},"excerpt":{"rendered":"<p>Liens hypertextes et cookies Le site de la soci\u00e9t\u00e9 contient un certain nombre de liens hypertextes vers d\u2019autres sites, mis en place avec l\u2019autorisation de la soci\u00e9t\u00e9 .Cependant, la soci\u00e9t\u00e9 n\u2019a pas la possibilit\u00e9 de v\u00e9rifier le contenu des sites ainsi visit\u00e9s, et n\u2019assumera en cons\u00e9quence aucune responsabilit\u00e9 de ce fait. Lors de la consultation [&hellip;]<\/p>\n","protected":false},"author":1,"featured_media":0,"parent":0,"menu_order":0,"comment_status":"closed","ping_status":"closed","template":"","meta":{"_acf_changed":false,"advgb_blocks_editor_width":"","advgb_blocks_columns_visual_guide":"","footnotes":""},"class_list":["post-4711","page","type-page","status-publish","hentry"],"acf":[],"coauthors":[],"author_meta":{"author_link":"https:\/\/www.ngk-alloys.com\/fr\/author\/admin_ngk\/","display_name":"NGK BERYLCO"},"relative_dates":{"created":"Publi\u00e9 5 mois il y a","modified":"Mis \u00e0 jour 5 mois il y a"},"absolute_dates":{"created":"Publi\u00e9 le 28 novembre 2025","modified":"Mise \u00e0 jour le 28 novembre 2025"},"absolute_dates_time":{"created":"Publi\u00e9 le 28 novembre 2025 15h32","modified":"Mise \u00e0 jour le 28 novembre 2025 15h36"},"featured_img_caption":"","featured_img":false,"series_order":"","_links":{"self":[{"href":"https:\/\/www.ngk-alloys.com\/fr\/wp-json\/wp\/v2\/pages\/4711","targetHints":{"allow":["GET"]}}],"collection":[{"href":"https:\/\/www.ngk-alloys.com\/fr\/wp-json\/wp\/v2\/pages"}],"about":[{"href":"https:\/\/www.ngk-alloys.com\/fr\/wp-json\/wp\/v2\/types\/page"}],"author":[{"embeddable":true,"href":"https:\/\/www.ngk-alloys.com\/fr\/wp-json\/wp\/v2\/users\/1"}],"replies":[{"embeddable":true,"href":"https:\/\/www.ngk-alloys.com\/fr\/wp-json\/wp\/v2\/comments?post=4711"}],"version-history":[{"count":2,"href":"https:\/\/www.ngk-alloys.com\/fr\/wp-json\/wp\/v2\/pages\/4711\/revisions"}],"predecessor-version":[{"id":4716,"href":"https:\/\/www.ngk-alloys.com\/fr\/wp-json\/wp\/v2\/pages\/4711\/revisions\/4716"}],"wp:attachment":[{"href":"https:\/\/www.ngk-alloys.com\/fr\/wp-json\/wp\/v2\/media?parent=4711"}],"curies":[{"name":"wp","href":"https:\/\/api.w.org\/{rel}","templated":true}]}}