{"id":4900,"date":"2025-12-18T16:08:13","date_gmt":"2025-12-18T15:08:13","guid":{"rendered":"https:\/\/www.ngk-alloys.com\/?page_id=4900"},"modified":"2025-12-18T16:26:05","modified_gmt":"2025-12-18T15:26:05","slug":"merci-pour-votre-demande-1","status":"publish","type":"page","link":"https:\/\/www.ngk-alloys.com\/fr\/contact\/information-sur-un-produit\/merci-pour-votre-demande-1\/","title":{"rendered":"Merci pour votre demande."},"content":{"rendered":"<div class=\"row\"><div class=\"col-12 paragraph\">\n<p class=\"has-text-align-center\">Nous vous remercions pour votre int\u00e9r\u00eat pour nos produits.<\/p>\n<\/div><\/div>\n\n<div class=\"row\"><div class=\"col-12 paragraph\">\n<p class=\"has-text-align-center\">Nous r\u00e9pondrons \u00e0 votre demande dans les meilleurs d\u00e9lais.<\/p>\n<\/div><\/div>\n\n\n<div style=\"height:50px\" aria-hidden=\"true\" class=\"wp-block-spacer\"><\/div>\n\n\n\n<div class=\"wp-block-buttons is-content-justification-center is-layout-flex wp-container-core-buttons-is-layout-16018d1d wp-block-buttons-is-layout-flex\">\n<div class=\"wp-block-button\"><a class=\"wp-block-button__link btn_long wp-element-button\" href=\"https:\/\/www.ngk-alloys.com\/fr\/\">Retour \u00e0 l&rsquo;accueil<\/a><\/div>\n<\/div>\n\n\n<div class=\"row\"><div class=\"col-12 paragraph\">\n<p><\/p>\n<\/div><\/div>\n\n<div class=\"row\"><div class=\"col-12 paragraph\">\n<p><\/p>\n<\/div><\/div>","protected":false},"excerpt":{"rendered":"<p>Nous vous remercions pour votre int\u00e9r\u00eat pour nos produits. Nous r\u00e9pondrons \u00e0 votre demande dans les meilleurs d\u00e9lais.<\/p>\n","protected":false},"author":1,"featured_media":0,"parent":1437,"menu_order":0,"comment_status":"closed","ping_status":"closed","template":"page-form-confirmation.php","meta":{"_acf_changed":false,"advgb_blocks_editor_width":"","advgb_blocks_columns_visual_guide":"","footnotes":""},"class_list":["post-4900","page","type-page","status-publish","hentry"],"acf":[],"coauthors":[],"author_meta":{"author_link":"https:\/\/www.ngk-alloys.com\/fr\/author\/admin_ngk\/","display_name":"NGK BERYLCO"},"relative_dates":{"created":"Publi\u00e9 4 mois il y a","modified":"Mis \u00e0 jour 4 mois il y a"},"absolute_dates":{"created":"Publi\u00e9 le 18 d\u00e9cembre 2025","modified":"Mise \u00e0 jour le 18 d\u00e9cembre 2025"},"absolute_dates_time":{"created":"Publi\u00e9 le 18 d\u00e9cembre 2025 16h08","modified":"Mise \u00e0 jour le 18 d\u00e9cembre 2025 16h26"},"featured_img_caption":"","featured_img":false,"series_order":"","_links":{"self":[{"href":"https:\/\/www.ngk-alloys.com\/fr\/wp-json\/wp\/v2\/pages\/4900","targetHints":{"allow":["GET"]}}],"collection":[{"href":"https:\/\/www.ngk-alloys.com\/fr\/wp-json\/wp\/v2\/pages"}],"about":[{"href":"https:\/\/www.ngk-alloys.com\/fr\/wp-json\/wp\/v2\/types\/page"}],"author":[{"embeddable":true,"href":"https:\/\/www.ngk-alloys.com\/fr\/wp-json\/wp\/v2\/users\/1"}],"replies":[{"embeddable":true,"href":"https:\/\/www.ngk-alloys.com\/fr\/wp-json\/wp\/v2\/comments?post=4900"}],"version-history":[{"count":1,"href":"https:\/\/www.ngk-alloys.com\/fr\/wp-json\/wp\/v2\/pages\/4900\/revisions"}],"predecessor-version":[{"id":4901,"href":"https:\/\/www.ngk-alloys.com\/fr\/wp-json\/wp\/v2\/pages\/4900\/revisions\/4901"}],"up":[{"embeddable":true,"href":"https:\/\/www.ngk-alloys.com\/fr\/wp-json\/wp\/v2\/pages\/1437"}],"wp:attachment":[{"href":"https:\/\/www.ngk-alloys.com\/fr\/wp-json\/wp\/v2\/media?parent=4900"}],"curies":[{"name":"wp","href":"https:\/\/api.w.org\/{rel}","templated":true}]}}