{"id":544,"date":"2024-12-31T12:41:19","date_gmt":"2024-12-31T11:41:19","guid":{"rendered":"https:\/\/www.ngk-alloys.com\/?page_id=544"},"modified":"2026-03-30T09:59:28","modified_gmt":"2026-03-30T07:59:28","slug":"notre-histoire","status":"publish","type":"page","link":"https:\/\/www.ngk-alloys.com\/fr\/a-propos\/ngk-berylco\/notre-histoire\/","title":{"rendered":"Notre histoire"},"content":{"rendered":"<nav class=\"nav-link-internal center mt90 mt40-sp\">\n    <ul>\n                <li><a href=\"#presentation\">Pr\u00e9sentation <span class=\"icon icon-gaishi-down\"><\/span><\/a><\/li>\n                <li><a href=\"#histoire\">Notre histoire <span class=\"icon icon-gaishi-down\"><\/span><\/a><\/li>\n            <\/ul>\n<\/nav>\n\n\n\n\n\n<div class=\"row\"><div class=\"col-12 paragraph\">\n<p><\/p>\n<\/div><\/div>\n\n<div class=\"row\"><div class=\"col-12 paragraph\">\n<p><\/p>\n<\/div><\/div>\n\n<div class=\"row\"><div class=\"col-12 heading\">\n<h2 class=\"wp-block-heading\" id=\"presentation\">Pr\u00e9sentation de NGK Berylco<\/h2>\n<\/div><\/div>\n\n    <div id=\"block-hero-block_90b8f39881ce41053f2db66a9f5eda66\" class=\"wrp-container block-hero\">\n        <div class=\"box-card-05\">\n            <div class=\"grid-row mb40 mb10-sp\">\n                <div class=\"grid-col--12\">\n                    <div class=\"box-card-05__inner\">\n                                                <div class=\"box-card-06__content left_content\">\n                            <p><!-- wp:paragraph --><\/p>\n<p>La soci\u00e9t\u00e9 NGK Berylco France se positionne depuis 1971 comme l\u2019un des leaders mondiaux de la transformation de haute pr\u00e9cision de bandes, fils et barres d\u2019alliages de cuivre-b\u00e9ryllium, r\u00e9pondant \u00e0 des exigences tr\u00e8s pr\u00e9cises. NGK Berylco est non seulement un fournisseur d\u2019articles en alliages de cuivre-b\u00e9ryllium, mais aussi un prestataire de services adapt\u00e9s \u00e0 des besoins sp\u00e9cifiques. NGK Berylco France appartient au groupe NGK Corporation bas\u00e9 \u00e0 Nagoya au Japon.<\/p>\n<p>A Cou\u00ebron pr\u00e8s de Nantes en France, se trouvent le si\u00e8ge social de NGK BERYLCO France et Europe ainsi qu\u2019un site de production et stockage, permettant de fournir dans les meilleurs d\u00e9lais l\u2019ensemble des clients europ\u00e9ens et au-del\u00e0. La proximit\u00e9 des grands ports maritimes est un atout logistique pour le site.<\/p>\n<p><!-- \/wp:paragraph --><\/p>\n                                                    <\/div>\n                        \n<span class=\"box-card-06__image is-visiblePc\"><img decoding=\"async\" src=\"https:\/\/www.ngk-alloys.com\/wp-content\/uploads\/1000006963-1-709x439.jpg\" alt=\"\" class=\"fluid-image\"><\/span>\n<span class=\"box-card-06__image  is-visibleTablet js-fullbg\" style=\"background: url(https:\/\/www.ngk-alloys.com\/wp-content\/uploads\/1000006963-1-709x439.jpg) center center \/ cover; display: inline;\"><img decoding=\"async\" src=\"https:\/\/www.ngk-alloys.com\/wp-content\/uploads\/1000006963-1-660x660.jpg\" alt=\"\" class=\"fluid-image\" style=\"display: none;\"><\/span>\n<span class=\"box-card-06__image  is-visibleSp\"><img decoding=\"async\" src=\"https:\/\/www.ngk-alloys.com\/wp-content\/uploads\/1000006963-1-709x439.jpg\" alt=\"\" class=\"fluid-image\"><\/span>\n\n                    <\/div>\n                <\/div>\n            <\/div>\n        <\/div>\n    <\/div>\n\n\n\n\n\n<div class=\"row\"><div class=\"col-12 paragraph\">\n<p><\/p>\n<\/div><\/div>\n\n<div class=\"row\"><div class=\"col-12 paragraph\">\n<p>Chacun de nos clients exige non seulement des produits et services associ\u00e9s performants \u00e0 moindre co\u00fbt, mais aussi un accompagnement technique pour s\u2019adapter aux \u00e9volutions de son march\u00e9. L\u2019engagement de nos \u00e9quipes, associ\u00e9 \u00e0 notre savoir-faire unique acquis depuis de nombreuses ann\u00e9es, nous permet de r\u00e9pondre aux exigences les plus pointues de nos clients et de nous positionner comme un partenaire de confiance dans la dur\u00e9e.<\/p>\n<\/div><\/div>\n\n\n<div style=\"height:31px\" aria-hidden=\"true\" class=\"wp-block-spacer\"><\/div>\n\n\n<div class=\"row\"><div class=\"col-12 heading\">\n<h3 class=\"wp-block-heading\">Les alliages propos\u00e9s par NGK BERYLCO<\/h3>\n<\/div><\/div>\n\n    <div id=\"block-hero-block_1d6433a54a7c9b75f2de17d08ff68b08\" class=\"wrp-container block-hero\">\n        <div class=\"box-card-05\">\n            <div class=\"grid-row mb40 mb10-sp\">\n                <div class=\"grid-col--12\">\n                    <div class=\"box-card-05__inner\">\n                        \n<span class=\"box-card-06__image is-visiblePc\"><img decoding=\"async\" src=\"https:\/\/www.ngk-alloys.com\/wp-content\/uploads\/DSC_9155-1-709x439.jpeg\" alt=\"\" class=\"fluid-image\"><\/span>\n<span class=\"box-card-06__image  is-visibleTablet js-fullbg\" style=\"background: url(https:\/\/www.ngk-alloys.com\/wp-content\/uploads\/DSC_9155-1-709x439.jpeg) center center \/ cover; display: inline;\"><img decoding=\"async\" src=\"https:\/\/www.ngk-alloys.com\/wp-content\/uploads\/DSC_9155-1-660x660.jpeg\" alt=\"\" class=\"fluid-image\" style=\"display: none;\"><\/span>\n<span class=\"box-card-06__image  is-visibleSp\"><img decoding=\"async\" src=\"https:\/\/www.ngk-alloys.com\/wp-content\/uploads\/DSC_9155-1-709x439.jpeg\" alt=\"\" class=\"fluid-image\"><\/span>\n                        <div class=\"box-card-06__content right_content\">\n                            <p>Les alliages cuivre-b\u00e9ryllium permettent d&rsquo;offrir une r\u00e9ponse appropri\u00e9e aux sp\u00e9cificit\u00e9s et aux exigences souvent extr\u00eames des applications dans des domaines aussi divers que la connectique, l&rsquo;\u00e9lectronique, l&rsquo;horlogerie, l&rsquo;automobile, les t\u00e9l\u00e9communications, la m\u00e9canique sophistiqu\u00e9e ou l&rsquo;a\u00e9ronautique. Les raisons du succ\u00e8s de NGK Berylco n\u2019ont pas chang\u00e9 : adaptation constante aux besoins du march\u00e9, partenariat de confiance avec des clients innovateurs, \u00e9volution permanente des moyens de production pour rester comp\u00e9titif, et anticipation de l\u2019\u00e9volution du march\u00e9.<\/p>\n<p><!-- \/wp:paragraph --> <!-- wp:paragraph --><\/p>\n<p>En compl\u00e9ment des alliages cuivre-b\u00e9ryllium BERYLCO, NGK Berylco propose des alliages cuivre-nickel-\u00e9tain GMX, dont les performances peuvent \u00eatre int\u00e9ressantes pour certaines applications.<\/p>\n                                                    <\/div>\n                        \n                    <\/div>\n                <\/div>\n            <\/div>\n        <\/div>\n    <\/div>\n\n\n\n\n\n<div class=\"row\"><div class=\"col-12 heading\">\n<h3 class=\"wp-block-heading\">Des certifications gages de qualit\u00e9<\/h3>\n<\/div><\/div>\n\n    <div id=\"block-hero-block_8ef8f9ec04684c63b9c515377bc75f70\" class=\"wrp-container block-hero\">\n        <div class=\"box-card-05\">\n            <div class=\"grid-row mb40 mb10-sp\">\n                <div class=\"grid-col--12\">\n                    <div class=\"box-card-05__inner\">\n                                                <div class=\"box-card-06__content left_content\">\n                            <p>Gr\u00e2ce \u00e0 son s\u00e9rieux, son exp\u00e9rience et \u00e0 l\u2019am\u00e9lioration continue de son syst\u00e8me de management, NGK Berylco r\u00e9pond \u00e0 toutes les exigences fix\u00e9es par ses clients et aux normes ISO 9001, EN 9100, ISO 14001 et ISO 45001. Cela d\u00e9montre son management responsable et proactif tant au niveau de sa d\u00e9marche qualit\u00e9 qu\u2019en mati\u00e8re de protection de l&rsquo;environnement et de la sant\u00e9 des travailleurs.<\/p>\n<p><!-- \/wp:paragraph --> <!-- wp:paragraph --><\/p>\n<p>Ces certifications attestent de notre pr\u00e9occupation permanente \u00e0 r\u00e9aliser au mieux les attentes de nos clients en ma\u00eetrisant notre activit\u00e9, nos fournisseurs et les dispositifs d&rsquo;\u00e9coute client.<\/p>\n                                                    <\/div>\n                        \n<span class=\"box-card-06__image is-visiblePc\"><img decoding=\"async\" src=\"https:\/\/www.ngk-alloys.com\/wp-content\/uploads\/DSC_8866-1-709x439.jpeg\" alt=\"\" class=\"fluid-image\"><\/span>\n<span class=\"box-card-06__image  is-visibleTablet js-fullbg\" style=\"background: url(https:\/\/www.ngk-alloys.com\/wp-content\/uploads\/DSC_8866-1-709x439.jpeg) center center \/ cover; display: inline;\"><img decoding=\"async\" src=\"https:\/\/www.ngk-alloys.com\/wp-content\/uploads\/DSC_8866-1-660x660.jpeg\" alt=\"\" class=\"fluid-image\" style=\"display: none;\"><\/span>\n<span class=\"box-card-06__image  is-visibleSp\"><img decoding=\"async\" src=\"https:\/\/www.ngk-alloys.com\/wp-content\/uploads\/DSC_8866-1-709x439.jpeg\" alt=\"\" class=\"fluid-image\"><\/span>\n\n                    <\/div>\n                <\/div>\n            <\/div>\n        <\/div>\n    <\/div>\n\n\n\n\n\n<div class=\"row\"><div class=\"col-12 paragraph\">\n<p><\/p>\n<\/div><\/div>\n\n<div class=\"row\"><div class=\"col-12 heading\">\n<h2 class=\"wp-block-heading\" id=\"histoire\">Notre histoire <\/h2>\n<\/div><\/div>\n\n<div class=\"row\"><div class=\"col-12 heading\">\n<h3 class=\"wp-block-heading\">A l&rsquo;origine<\/h3>\n<\/div><\/div>\n\n\n<div id=\"block-hero-block_09d1640443d9b7c208373dae6254dce2\" class=\"float_img_txt_part block-hero\">\n    <img decoding=\"async\" src=\"https:\/\/www.ngk-alloys.com\/wp-content\/uploads\/1000002333-1024x766.jpg\" alt=\"\" class=\"w50per w100per-sp pull-right pl20 pb20 no-pull-sp pl0-sp\"><p>La soci\u00e9t\u00e9 a \u00e9t\u00e9 cr\u00e9\u00e9e en Octobre 1971 sous forme de soci\u00e9t\u00e9 anonyme dont le capital \u00e9tait d\u00e9tenu par deux actionnaires : la soci\u00e9t\u00e9 fran\u00e7aise Tr\u00e9fim\u00e9taux, filiale de P\u00e9chiney, et la soci\u00e9t\u00e9 am\u00e9ricaine Kawecki Berylco Industries (KBI), chacune pour moiti\u00e9. La raison sociale \u00e9tait alors Tr\u00e9fim\u00e9taux Berylco SA (TMB), son si\u00e8ge social se situait \u00e0 Paris et son unit\u00e9 de production \u00e0 Cou\u00ebron dans la r\u00e9gion nantaise.<\/p>\n<p>Pendant les premi\u00e8res ann\u00e9es, la production \u00e9tait totalement sous-trait\u00e9e. Puis TMB a progressivement investi sur le site Tr\u00e9fim\u00e9taux \u00e0 Cou\u00ebron (44) pour la production de bandes \u00e0 partir d\u2019\u00e9bauches livr\u00e9es par les maisons-m\u00e8res. La production de barres, fils et lingots \u00e9tait toujours sous-trait\u00e9e.<\/p>\n<\/div>\n\n\n\n\n\n\n<div class=\"row\"><div class=\"col-12 paragraph\">\n<p><\/p>\n<\/div><\/div>\n\n<div class=\"row\"><div class=\"col-12 paragraph\">\n<p>En 1973, TMB ach\u00e8te \u00e0 KBI sa filiale allemande Deutsche Berylco Gmbh (DBG).<\/p>\n<\/div><\/div>\n\n<div class=\"row\"><div class=\"col-12 paragraph\">\n<p>En 1978, la soci\u00e9t\u00e9 KBI c\u00e8de la totalit\u00e9 de son capital \u00e0 Cabot Corporation.<\/p>\n<\/div><\/div>\n\n<div class=\"row\"><div class=\"col-12 paragraph\">\n<p>En 1979, Tr\u00e9fim\u00e9taux vend les actions lui appartenant \u00e0 Cabot Corporation, la soci\u00e9t\u00e9 devenant ainsi filiale \u00e0 100% de celle-ci par l\u2019interm\u00e9diaire de Cabot International Capital Corporation. TMB change de raison sociale et devient Berylco-Cabot M\u00e9taux Sp\u00e9ciaux (BCMS).<\/p>\n<\/div><\/div>\n\n<div class=\"row\"><div class=\"col-12 paragraph\">\n<p>En 1985, le si\u00e8ge de BCMS est transf\u00e9r\u00e9 \u00e0 Boulogne Billancourt.<\/p>\n<\/div><\/div>\n\n<div class=\"row\"><div class=\"col-12 heading\">\n<h3 class=\"wp-block-heading\">La force du Groupe NGK <\/h3>\n<\/div><\/div>\n\n<div class=\"row\"><div class=\"col-12 paragraph\">\n<p>En 1986, le groupe japonais NGK Corporation, dont le si\u00e8ge social est bas\u00e9 \u00e0 Nagoya au Japon, rach\u00e8te la soci\u00e9t\u00e9 BCMS \u00e0 Cabot Corporation qui avait d\u00e9cid\u00e9 de se s\u00e9parer de toutes ses activit\u00e9s m\u00e9tallurgiques. Sa raison sociale change de nouveau et devient <strong>NGK Berylco France<\/strong>. Notre nom Berylco, entr\u00e9 dans le langage courant des experts de la m\u00e9tallurgie du cuivre, est en fait la contraction de Beryllium et Copper, b\u00e9ryllium et cuivre en anglais.<\/p>\n<\/div><\/div>\n\n<div class=\"row\"><div class=\"col-12 paragraph\">\n<p>En d\u00e9cembre 1996, le si\u00e8ge social de la r\u00e9gion parisienne est transf\u00e9r\u00e9 vers Cou\u00ebron afin d\u2019am\u00e9liorer l\u2019efficacit\u00e9 de la soci\u00e9t\u00e9.<\/p>\n<\/div><\/div>\n\n\n<div style=\"height:30px\" aria-hidden=\"true\" class=\"wp-block-spacer\"><\/div>\n","protected":false},"excerpt":{"rendered":"<p>Pr\u00e9sentation de NGK Berylco Chacun de nos clients exige non seulement des produits et services associ\u00e9s performants \u00e0 moindre co\u00fbt, mais aussi un accompagnement technique pour s\u2019adapter aux \u00e9volutions de son march\u00e9. L\u2019engagement de nos \u00e9quipes, associ\u00e9 \u00e0 notre savoir-faire unique acquis depuis de nombreuses ann\u00e9es, nous permet de r\u00e9pondre aux exigences les plus pointues [&hellip;]<\/p>\n","protected":false},"author":1,"featured_media":0,"parent":710,"menu_order":0,"comment_status":"closed","ping_status":"closed","template":"","meta":{"_acf_changed":false,"advgb_blocks_editor_width":"","advgb_blocks_columns_visual_guide":"","footnotes":""},"class_list":["post-544","page","type-page","status-publish","hentry"],"acf":[],"coauthors":[],"author_meta":{"author_link":"https:\/\/www.ngk-alloys.com\/fr\/author\/admin_ngk\/","display_name":"NGK BERYLCO"},"relative_dates":{"created":"Publi\u00e9 1 an il y a","modified":"Mis \u00e0 jour 5 jours il y a"},"absolute_dates":{"created":"Publi\u00e9 le 31 d\u00e9cembre 2024","modified":"Mise \u00e0 jour le 30 mars 2026"},"absolute_dates_time":{"created":"Publi\u00e9 le 31 d\u00e9cembre 2024 12h41","modified":"Mise \u00e0 jour le 30 mars 2026 9h59"},"featured_img_caption":"","featured_img":false,"series_order":"","_links":{"self":[{"href":"https:\/\/www.ngk-alloys.com\/fr\/wp-json\/wp\/v2\/pages\/544","targetHints":{"allow":["GET"]}}],"collection":[{"href":"https:\/\/www.ngk-alloys.com\/fr\/wp-json\/wp\/v2\/pages"}],"about":[{"href":"https:\/\/www.ngk-alloys.com\/fr\/wp-json\/wp\/v2\/types\/page"}],"author":[{"embeddable":true,"href":"https:\/\/www.ngk-alloys.com\/fr\/wp-json\/wp\/v2\/users\/1"}],"replies":[{"embeddable":true,"href":"https:\/\/www.ngk-alloys.com\/fr\/wp-json\/wp\/v2\/comments?post=544"}],"version-history":[{"count":39,"href":"https:\/\/www.ngk-alloys.com\/fr\/wp-json\/wp\/v2\/pages\/544\/revisions"}],"predecessor-version":[{"id":5668,"href":"https:\/\/www.ngk-alloys.com\/fr\/wp-json\/wp\/v2\/pages\/544\/revisions\/5668"}],"up":[{"embeddable":true,"href":"https:\/\/www.ngk-alloys.com\/fr\/wp-json\/wp\/v2\/pages\/710"}],"wp:attachment":[{"href":"https:\/\/www.ngk-alloys.com\/fr\/wp-json\/wp\/v2\/media?parent=544"}],"curies":[{"name":"wp","href":"https:\/\/api.w.org\/{rel}","templated":true}]}}