{"id":690,"date":"2025-01-06T17:20:41","date_gmt":"2025-01-06T16:20:41","guid":{"rendered":"https:\/\/www.ngk-alloys.com\/?page_id=690"},"modified":"2025-11-10T12:16:46","modified_gmt":"2025-11-10T11:16:46","slug":"activites","status":"publish","type":"page","link":"https:\/\/www.ngk-alloys.com\/fr\/a-propos\/ngk-berylco\/activites\/","title":{"rendered":"Activit\u00e9s"},"content":{"rendered":"<div class=\"row\"><div class=\"col-12 heading\">\n<h2 class=\"wp-block-heading\">Expertise en Alliages de Cuivre B\u00e9ryllium<\/h2>\n<\/div><\/div>\n\n<div class=\"row\"><div class=\"col-12 paragraph\">\n<p>NGK Berylco France est sp\u00e9cialis\u00e9e dans la production et la commercialisation d\u2019alliages de cuivre au b\u00e9ryllium sous forme de bandes, barres, fils, plaques et lingots, ainsi que d\u2019alliages cuivre-nickel-\u00e9tain sous forme de bandes et barres.<\/p>\n<\/div><\/div>\n\n<div class=\"row\"><div class=\"col-12 paragraph\">\n<p>Depuis sa cr\u00e9ation en 1971, NGK Berylco France a pour politique de garantir la meilleure qualit\u00e9 de finition possible de ses produits, et ainsi de satisfaire les exigences \u00e9lev\u00e9es de ses clients. Cette recherche de la qualit\u00e9 et de la satisfaction clients permet de produire des bandes, barres et fils de tr\u00e8s haute pr\u00e9cision, dont les \u00e9paisseurs et diam\u00e8tres varient de quelques millim\u00e8tres jusqu&rsquo;\u00e0 quelques microns.<\/p>\n<\/div><\/div>\n\n<div class=\"row\"><div class=\"col-12 heading\">\n<h3 class=\"wp-block-heading\">Production et R\u00e9seau de Distribution<\/h3>\n<\/div><\/div>\n\n<div class=\"row\"><div class=\"col-12 paragraph\">\n<p><\/p>\n<\/div><\/div>\n\n\n<div style=\"height:20px\" aria-hidden=\"true\" class=\"wp-block-spacer\"><\/div>\n\n\n    <div id=\"block-hero-block_d81c6643cd4d8a9ac57d9daeba2c0516\" class=\"wrp-container block-hero\">\n        <div class=\"box-card-05\">\n            <div class=\"grid-row mb40 mb10-sp\">\n                <div class=\"grid-col--12\">\n                    <div class=\"box-card-05__inner\">\n                        \n<span class=\"box-card-06__image is-visiblePc\"><img decoding=\"async\" src=\"https:\/\/www.ngk-alloys.com\/wp-content\/uploads\/cisaillage-709x439.jpg\" alt=\"\" class=\"fluid-image\"><\/span>\n<span class=\"box-card-06__image  is-visibleTablet js-fullbg\" style=\"background: url(https:\/\/www.ngk-alloys.com\/wp-content\/uploads\/cisaillage-709x439.jpg) center center \/ cover; display: inline;\"><img decoding=\"async\" src=\"https:\/\/www.ngk-alloys.com\/wp-content\/uploads\/cisaillage-660x660.jpg\" alt=\"\" class=\"fluid-image\" style=\"display: none;\"><\/span>\n<span class=\"box-card-06__image  is-visibleSp\"><img decoding=\"async\" src=\"https:\/\/www.ngk-alloys.com\/wp-content\/uploads\/cisaillage-709x439.jpg\" alt=\"\" class=\"fluid-image\"><\/span>\n                        <div class=\"box-card-06__content right_content\">\n                            <p>Nos alliages de cuivre au b\u00e9ryllium sont sp\u00e9cifiquement transform\u00e9s par des \u00e9quipements des plus pointus. Notre atelier de laminage permet de produire des bandes selon les standards les plus exigeants.<\/p>\n<p>&nbsp;<\/p>\n<p>Nous effectuons principalement les op\u00e9rations suivantes en continu : laminage (\u00e0 froid), cisaillage (refendage), d\u00e9capage, traitement thermique en fours ferm\u00e9s, logistique (r\u00e9ception, stockage, exp\u00e9dition des produits semi-finis).<\/p>\n                                                    <\/div>\n                        \n                    <\/div>\n                <\/div>\n            <\/div>\n        <\/div>\n    <\/div>\n\n\n\n\n\n\n<div style=\"height:20px\" aria-hidden=\"true\" class=\"wp-block-spacer\"><\/div>\n\n\n    <div id=\"block-hero-block_fde29ccbe5038f36074ed90271befe32\" class=\"wrp-container block-hero\">\n        <div class=\"box-card-05\">\n            <div class=\"grid-row mb40 mb10-sp\">\n                <div class=\"grid-col--12\">\n                    <div class=\"box-card-05__inner\">\n                                                <div class=\"box-card-06__content left_content\">\n                            <p>NGK Berylco France assure \u00e9galement la commercialisation et la distribution de ses produits finis en Europe et dans le monde entier. Pour ce faire, nous nous appuyons en Europe sur nos soci\u00e9t\u00e9s s\u0153urs en Angleterre (NGK Berylco U.K. Ltd) et en Allemagne (NGK Deutsche Berylco GmbH), ainsi que sur un r\u00e9seau d\u2019agents et de distributeurs pour tous les autres pays Europ\u00e9ens.<\/p>\n<p>&nbsp;<\/p>\n                                                        <span class=\"box-card-05__button\">\n                                <a href=\"https:\/\/www.ngk-alloys.com\/fr\/a-propos\/ngk-berylco\/nos-forces\/\" class=\"btn btn--link btn--white btn--border\">\n                                    <span>Voir notre section Pr\u00e9sence Mondiale<\/span>\n                                <\/a>\n                            <\/span>\n                                                    <\/div>\n                        \n<span class=\"box-card-06__image is-visiblePc\"><img decoding=\"async\" src=\"https:\/\/www.ngk-alloys.com\/wp-content\/uploads\/equipe-commerciale-709x439.jpg\" alt=\"\" class=\"fluid-image\"><\/span>\n<span class=\"box-card-06__image  is-visibleTablet js-fullbg\" style=\"background: url(https:\/\/www.ngk-alloys.com\/wp-content\/uploads\/equipe-commerciale-709x439.jpg) center center \/ cover; display: inline;\"><img decoding=\"async\" src=\"https:\/\/www.ngk-alloys.com\/wp-content\/uploads\/equipe-commerciale-660x660.jpg\" alt=\"\" class=\"fluid-image\" style=\"display: none;\"><\/span>\n<span class=\"box-card-06__image  is-visibleSp\"><img decoding=\"async\" src=\"https:\/\/www.ngk-alloys.com\/wp-content\/uploads\/equipe-commerciale-709x439.jpg\" alt=\"\" class=\"fluid-image\"><\/span>\n\n                    <\/div>\n                <\/div>\n            <\/div>\n        <\/div>\n    <\/div>\n\n\n\n\n\n<div class=\"row\"><div class=\"col-12 paragraph\">\n<p><\/p>\n<\/div><\/div>\n\n\n<div style=\"height:20px\" aria-hidden=\"true\" class=\"wp-block-spacer\"><\/div>\n\n\n<div class=\"row\"><div class=\"col-12 heading\">\n<h2 class=\"wp-block-heading\">Le cuivre-b\u00e9ryllium, un alliage irrempla\u00e7able utilis\u00e9 au quotidien<\/h2>\n<\/div><\/div>\n\n<div class=\"row\"><div class=\"col-12 paragraph\">\n<p>Le cuivre b\u00e9ryllium est produit industriellement depuis 1935 et constitue la principale utilisation actuelle du b\u00e9ryllium, en tant qu\u2019\u00e9l\u00e9ment d\u2019alliage dans le cuivre \u00e0 une concentration de 0,2 \u00e0 2 % en masse. Cette addition de b\u00e9ryllium permet un accroissement spectaculaire de la r\u00e9sistance m\u00e9canique du cuivre, sans nuire \u00e0 sa conductivit\u00e9.<\/p>\n<\/div><\/div>\n\n<div class=\"row\"><div class=\"col-12 heading\">\n<h3 class=\"wp-block-heading\">Les alliages Berylco au service des industries de pointes<\/h3>\n<\/div><\/div>\n\n<div class=\"row\"><div class=\"col-12 paragraph\">\n<p>Les alliages Berylco concilient un ensemble de propri\u00e9t\u00e9s qui en font des mat\u00e9riaux indispensables et id\u00e9aux pour la r\u00e9alisation de pi\u00e8ces de haute pr\u00e9cision et aux formes complexes, utilis\u00e9es dans des industries et secteurs aussi divers que l\u2019a\u00e9ronautique, l\u2019a\u00e9rospatiale, l\u2019automobile, le ferroviaire, l\u2019informatique, l\u2019\u00e9lectronique, les t\u00e9l\u00e9communications, le m\u00e9dical, l\u2019\u00e9lectrom\u00e9nager, l\u2019horlogerie, l\u2019\u00e9nergie, et la d\u00e9fense.<\/p>\n<\/div><\/div>\n\n\n<div style=\"height:20px\" aria-hidden=\"true\" class=\"wp-block-spacer\"><\/div>\n\n\n\n<div class=\"wp-block-buttons is-layout-flex wp-block-buttons-is-layout-flex\">\n<div class=\"wp-block-button\"><a class=\"wp-block-button__link btn_long wp-element-button\" href=\"https:\/\/www.ngk-alloys.com\/fr\/marches\/\">Voir nos march\u00e9s<\/a><\/div>\n<\/div>\n\n\n<div class=\"row\"><div class=\"col-12 paragraph\">\n<p><\/p>\n<\/div><\/div>","protected":false},"excerpt":{"rendered":"<p>Expertise en Alliages de Cuivre B\u00e9ryllium NGK Berylco France est sp\u00e9cialis\u00e9e dans la production et la commercialisation d\u2019alliages de cuivre au b\u00e9ryllium sous forme de bandes, barres, fils, plaques et lingots, ainsi que d\u2019alliages cuivre-nickel-\u00e9tain sous forme de bandes et barres. Depuis sa cr\u00e9ation en 1971, NGK Berylco France a pour politique de garantir la [&hellip;]<\/p>\n","protected":false},"author":1,"featured_media":0,"parent":710,"menu_order":0,"comment_status":"closed","ping_status":"closed","template":"","meta":{"_acf_changed":false,"advgb_blocks_editor_width":"","advgb_blocks_columns_visual_guide":"","footnotes":""},"class_list":["post-690","page","type-page","status-publish","hentry"],"acf":[],"coauthors":[],"author_meta":{"author_link":"https:\/\/www.ngk-alloys.com\/fr\/author\/admin_ngk\/","display_name":"NGK BERYLCO"},"relative_dates":{"created":"Publi\u00e9 1 an il y a","modified":"Mis \u00e0 jour 5 mois il y a"},"absolute_dates":{"created":"Publi\u00e9 le 6 janvier 2025","modified":"Mise \u00e0 jour le 10 novembre 2025"},"absolute_dates_time":{"created":"Publi\u00e9 le 6 janvier 2025 17h20","modified":"Mise \u00e0 jour le 10 novembre 2025 12h16"},"featured_img_caption":"","featured_img":false,"series_order":"","_links":{"self":[{"href":"https:\/\/www.ngk-alloys.com\/fr\/wp-json\/wp\/v2\/pages\/690","targetHints":{"allow":["GET"]}}],"collection":[{"href":"https:\/\/www.ngk-alloys.com\/fr\/wp-json\/wp\/v2\/pages"}],"about":[{"href":"https:\/\/www.ngk-alloys.com\/fr\/wp-json\/wp\/v2\/types\/page"}],"author":[{"embeddable":true,"href":"https:\/\/www.ngk-alloys.com\/fr\/wp-json\/wp\/v2\/users\/1"}],"replies":[{"embeddable":true,"href":"https:\/\/www.ngk-alloys.com\/fr\/wp-json\/wp\/v2\/comments?post=690"}],"version-history":[{"count":17,"href":"https:\/\/www.ngk-alloys.com\/fr\/wp-json\/wp\/v2\/pages\/690\/revisions"}],"predecessor-version":[{"id":4185,"href":"https:\/\/www.ngk-alloys.com\/fr\/wp-json\/wp\/v2\/pages\/690\/revisions\/4185"}],"up":[{"embeddable":true,"href":"https:\/\/www.ngk-alloys.com\/fr\/wp-json\/wp\/v2\/pages\/710"}],"wp:attachment":[{"href":"https:\/\/www.ngk-alloys.com\/fr\/wp-json\/wp\/v2\/media?parent=690"}],"curies":[{"name":"wp","href":"https:\/\/api.w.org\/{rel}","templated":true}]}}