{"id":692,"date":"2025-01-06T17:27:34","date_gmt":"2025-01-06T16:27:34","guid":{"rendered":"https:\/\/www.ngk-alloys.com\/?page_id=692"},"modified":"2025-11-10T12:28:06","modified_gmt":"2025-11-10T11:28:06","slug":"nos-forces","status":"publish","type":"page","link":"https:\/\/www.ngk-alloys.com\/fr\/a-propos\/ngk-berylco\/nos-forces\/","title":{"rendered":"Nos forces"},"content":{"rendered":"<div class=\"row\"><div class=\"col-12 heading\">\n<h2 class=\"wp-block-heading\">Une pr\u00e9sence mondiale<\/h2>\n<\/div><\/div>\n\n<div class=\"row\"><div class=\"col-12 paragraph\">\n<p>Le groupe NGK dispose de 3 principaux sites de production d\u00e9di\u00e9s aux m\u00e9taux sp\u00e9ciaux dans le monde : En France \u00e0 Cou\u00ebron pour le march\u00e9 europ\u00e9en, au Japon \u00e0 Nagoya pour le march\u00e9 asiatique et aux USA \u00e0 Sweetwater, Tennessee, pour le march\u00e9 am\u00e9ricain.<br>NGK Berylco Europe s\u2019appuie sur 3 sites en France pr\u00e8s de Nantes, en Allemagne pr\u00e8s de Frankfort et au Royaume Uni pr\u00e8s de Manchester. Un r\u00e9seau de distributeurs historiques compl\u00e8te cette pr\u00e9sence europ\u00e9enne en Italie, Espagne, Turquie et Pologne.<\/p>\n<\/div><\/div>\n\n\n<div style=\"height:30px\" aria-hidden=\"true\" class=\"wp-block-spacer\"><\/div>\n\n\n\n<div class=\"wp-block-buttons is-layout-flex wp-block-buttons-is-layout-flex\">\n<div class=\"wp-block-button\"><a class=\"wp-block-button__link btn_long wp-element-button\" href=\"https:\/\/www.ngk-alloys.com\/fr\/a-propos\/ngk-berylco\/nos-implantations\/\">Voir nos implantations<\/a><\/div>\n<\/div>\n\n\n<div class=\"row\"><div class=\"col-12 heading\">\n<h3 class=\"wp-block-heading\">Made in France, made in Europe<\/h3>\n<\/div><\/div>\n\n<div class=\"row\"><div class=\"col-12 paragraph\">\n<p>NGK Berylco Europe s\u2019appuie sur 3 sites europ\u00e9ens : en France pr\u00e8s de Nantes, en Allemagne pr\u00e8s de Frankfort et au Royaume Uni pr\u00e8s de Manchester. Un r\u00e9seau de distributeurs historiques compl\u00e8te cette pr\u00e9sence europ\u00e9enne en Espagne, Italie, Pologne et Turquie.<\/p>\n<\/div><\/div>\n\n\n<div style=\"height:20px\" aria-hidden=\"true\" class=\"wp-block-spacer\"><\/div>\n\n\n    <div id=\"block-hero-block_e0224080a7df62aec2e27070a39ee8b4\" class=\"wrp-container block-hero\">\n        <div class=\"box-card-05\">\n            <div class=\"grid-row mb40 mb10-sp\">\n                <div class=\"grid-col--12\">\n                    <div class=\"box-card-05__inner\">\n                        \n<span class=\"box-card-06__image is-visiblePc\"><img decoding=\"async\" src=\"https:\/\/www.ngk-alloys.com\/wp-content\/uploads\/made-in-eu.jpg\" alt=\"\" class=\"fluid-image\"><\/span>\n<span class=\"box-card-06__image  is-visibleTablet js-fullbg\" style=\"background: url(https:\/\/www.ngk-alloys.com\/wp-content\/uploads\/made-in-eu.jpg) center center \/ cover; display: inline;\"><img decoding=\"async\" src=\"https:\/\/www.ngk-alloys.com\/wp-content\/uploads\/made-in-eu-660x439.jpg\" alt=\"\" class=\"fluid-image\" style=\"display: none;\"><\/span>\n<span class=\"box-card-06__image  is-visibleSp\"><img decoding=\"async\" src=\"https:\/\/www.ngk-alloys.com\/wp-content\/uploads\/made-in-eu.jpg\" alt=\"\" class=\"fluid-image\"><\/span>\n                        <div class=\"box-card-06__content right_content\">\n                            <p>En tant qu\u2019utilisateur europ\u00e9en de cuivre-b\u00e9ryllium, choisir NGK Berylco France, c\u2019est choisir un sp\u00e9cialiste historique des alliages cuivre-b\u00e9ryllium, qui transforme ses produits en France et en Europe.<\/p>\n<p>C\u2019est donc gagner en r\u00e9activit\u00e9, mais c\u2019est aussi participer \u00e0 la cr\u00e9ation d\u2019emplois qualifi\u00e9s en France et en Europe, et contribuer au d\u00e9veloppement \u00e9conomique et technologique d\u2019une industrie europ\u00e9enne.<\/p>\n<p>&nbsp;<\/p>\n<p>Dans le contexte actuel, c\u2019est un signe fort pour favoriser notre souverainet\u00e9, diminuer notre d\u00e9pendance en mati\u00e8res premi\u00e8res critiques vis-\u00e0-vis des grandes puissances extra- europ\u00e9ennes.<\/p>\n                                                    <\/div>\n                        \n                    <\/div>\n                <\/div>\n            <\/div>\n        <\/div>\n    <\/div>\n\n\n\n\n\n<div class=\"row\"><div class=\"col-12 heading\">\n<h2 class=\"wp-block-heading\">Stocks pour plus de r\u00e9activit\u00e9<\/h2>\n<\/div><\/div>\n\n<div class=\"row\"><div class=\"col-12 paragraph\">\n<p>NGK Berylco France peut garantir une excellente r\u00e9activit\u00e9 gr\u00e2ce \u00e0 son stock maintenu en permanence de bandes, de barres et de fils dans une grande vari\u00e9t\u00e9 d\u2019\u00e9paisseurs ou de diam\u00e8tres, afin de r\u00e9pondre rapidement \u00e0 vos besoins de production, \u00e0 des demandes sp\u00e9cifiques ou tout simplement pour un \u00e9chantillonnage rapide.<\/p>\n<\/div><\/div>\n\n<div class=\"row\"><div class=\"col-12 paragraph\">\n<p>Nos \u00e9quipes engag\u00e9es et exp\u00e9riment\u00e9es ainsi que nos stocks sur notre site de Cou\u00ebron, pr\u00e8s de Nantes en France, nous permettent une excellente r\u00e9activit\u00e9, des d\u00e9lais de livraison au plus court et un service de proximit\u00e9.<\/p>\n<\/div><\/div>\n\n\n<div style=\"height:50px\" aria-hidden=\"true\" class=\"wp-block-spacer\"><\/div>\n\n\n\n<div class=\"wp-block-columns is-layout-flex wp-container-core-columns-is-layout-9d6595d7 wp-block-columns-is-layout-flex\">\n<div class=\"wp-block-column is-layout-flow wp-block-column-is-layout-flow\">\n<figure class=\"wp-block-image size-full\"><img loading=\"lazy\" decoding=\"async\" width=\"1000\" height=\"750\" src=\"https:\/\/www.ngk-alloys.com\/wp-content\/uploads\/stock-ngk-1.jpg\" alt=\"\" class=\"wp-image-1783\" srcset=\"https:\/\/www.ngk-alloys.com\/wp-content\/uploads\/stock-ngk-1.jpg 1000w, https:\/\/www.ngk-alloys.com\/wp-content\/uploads\/stock-ngk-1-300x225.jpg 300w, https:\/\/www.ngk-alloys.com\/wp-content\/uploads\/stock-ngk-1-768x576.jpg 768w, https:\/\/www.ngk-alloys.com\/wp-content\/uploads\/stock-ngk-1-990x743.jpg 990w, https:\/\/www.ngk-alloys.com\/wp-content\/uploads\/stock-ngk-1-660x495.jpg 660w, https:\/\/www.ngk-alloys.com\/wp-content\/uploads\/stock-ngk-1-450x338.jpg 450w, https:\/\/www.ngk-alloys.com\/wp-content\/uploads\/stock-ngk-1-330x248.jpg 330w, https:\/\/www.ngk-alloys.com\/wp-content\/uploads\/stock-ngk-1-180x135.jpg 180w\" sizes=\"auto, (max-width: 1000px) 100vw, 1000px\" \/><\/figure>\n<\/div>\n\n\n\n<div class=\"wp-block-column is-layout-flow wp-block-column-is-layout-flow\">\n<figure class=\"wp-block-image size-full\"><img loading=\"lazy\" decoding=\"async\" width=\"1000\" height=\"750\" src=\"https:\/\/www.ngk-alloys.com\/wp-content\/uploads\/stock-ngk.jpg\" alt=\"\" class=\"wp-image-1784\" srcset=\"https:\/\/www.ngk-alloys.com\/wp-content\/uploads\/stock-ngk.jpg 1000w, https:\/\/www.ngk-alloys.com\/wp-content\/uploads\/stock-ngk-300x225.jpg 300w, https:\/\/www.ngk-alloys.com\/wp-content\/uploads\/stock-ngk-768x576.jpg 768w, https:\/\/www.ngk-alloys.com\/wp-content\/uploads\/stock-ngk-990x743.jpg 990w, https:\/\/www.ngk-alloys.com\/wp-content\/uploads\/stock-ngk-660x495.jpg 660w, https:\/\/www.ngk-alloys.com\/wp-content\/uploads\/stock-ngk-450x338.jpg 450w, https:\/\/www.ngk-alloys.com\/wp-content\/uploads\/stock-ngk-330x248.jpg 330w, https:\/\/www.ngk-alloys.com\/wp-content\/uploads\/stock-ngk-180x135.jpg 180w\" sizes=\"auto, (max-width: 1000px) 100vw, 1000px\" \/><\/figure>\n<\/div>\n<\/div>\n\n\n\n<div style=\"height:50px\" aria-hidden=\"true\" class=\"wp-block-spacer\"><\/div>\n\n\n\n<div class=\"wp-block-buttons is-layout-flex wp-block-buttons-is-layout-flex\">\n<div class=\"wp-block-button\"><a class=\"wp-block-button__link btn_long wp-element-button\" href=\"https:\/\/www.ngk-alloys.com\/fr\/produits\/\">Voir nos produits<\/a><\/div>\n<\/div>\n\n\n<div class=\"row\"><div class=\"col-12 heading\">\n<h2 class=\"wp-block-heading\">R\u00e9ussir les d\u00e9fis technologiques<\/h2>\n<\/div><\/div>\n\n<div class=\"row\"><div class=\"col-12 paragraph\">\n<p>Les alliages Berylco concilient un ensemble unique de propri\u00e9t\u00e9s qui en font des mat\u00e9riaux indispensables et id\u00e9aux pour la r\u00e9alisation de pi\u00e8ces de haute pr\u00e9cision et aux formes complexes utilis\u00e9es dans les domaines et applications les plus vari\u00e9s :<\/p>\n<\/div><\/div>\n\n\n<ul class=\"wp-block-list\">\n<li>Connexion dans les industries \u00e9lectriques et \u00e9lectroniques (informatique, t\u00e9l\u00e9communication, a\u00e9rospatiale, automobile, etc.) ;<\/li>\n\n\n\n<li>Lames de contact dans les industries \u00e9lectrom\u00e9caniques, \u00e9lectrom\u00e9nager et automobile ;<\/li>\n\n\n\n<li>Pi\u00e8ces pour l\u2019instrumentation (membranes, capsules, etc.) ;<\/li>\n\n\n\n<li>Ressorts et pi\u00e8ces \u00e9lastiques ;<\/li>\n\n\n\n<li>Pi\u00e8ces de frottement et d\u2019usure ;<\/li>\n\n\n\n<li>Outils sp\u00e9ciaux anti-\u00e9tincelants et antid\u00e9flagrants ;<\/li>\n\n\n\n<li>Moules pour l\u2019injection plastique, etc.<\/li>\n<\/ul>\n\n\n\n<div style=\"height:13px\" aria-hidden=\"true\" class=\"wp-block-spacer\"><\/div>\n\n\n<div class=\"row\"><div class=\"col-12 paragraph\">\n<p>La r\u00e9ussite des d\u00e9fis technologiques de demain, li\u00e9s aux exigences toujours croissantes en mati\u00e8re de prix, de qualit\u00e9, de confort, de miniaturisation, de s\u00e9curit\u00e9, d&rsquo;environnement, de respect des exigences sp\u00e9cifiques de tol\u00e9rances, d\u2019\u00e9tats de surface irr\u00e9prochables, de formage et de hautes performances, auxquelles est confront\u00e9e chacune de ces industries, n\u00e9cessite le recours \u00e0 des mat\u00e9riaux adapt\u00e9s tels que le cuivre au b\u00e9ryllium.<\/p>\n<\/div><\/div>\n\n<div class=\"row\"><div class=\"col-12 heading\">\n<h3 class=\"wp-block-heading\">S\u00e9curit\u00e9, fiabilit\u00e9, performance<\/h3>\n<\/div><\/div>\n\n\n<figure class=\"wp-block-table\"><table><tbody><tr><td>Haute r\u00e9sistance \u00e0 la traction<br>Duret\u00e9 \u00e9lev\u00e9e<\/td><td>Pour les pi\u00e8ces m\u00e9caniques ; arbres clavet\u00e9s, cames, engrenages, billes et cages de roulements n\u00e9cessitant une bonne tenue \u00e0 l\u2019usure.<\/td><\/tr><tr><td>Haute limite \u00e9lastique<\/td><td>Pour les clips, rondelles, ressorts, diaphragmes, soufflets, suspensions de cardans, exigeant une bonne tenue \u00e0 la fatigue.<\/td><\/tr><tr><td>Grande r\u00e9sistance \u00e0 la fatigue<\/td><td>Pour les contacteurs, les relais, les interrupteurs, tous les ressorts soumis aux vibrations prolong\u00e9es.<\/td><\/tr><tr><td>R\u00e9sistance \u00e0 l\u2019usure<br>R\u00e9sistance \u00e0 l\u2019abrasion<\/td><td>Pour les coquilles, les moules et pi\u00e8ces pour injection, les coussinets, les clapets, etc.<\/td><\/tr><tr><td>R\u00e9sistance \u00e0 la relaxation<\/td><td>Pour les applications automobiles, a\u00e9ronautiques, spatiales et cryog\u00e9niques.<\/td><\/tr><tr><td>Conductibilit\u00e9 \u00e9lectrique et thermique<br>Amagn\u00e9tisme<\/td><td>Pour les applications \u00e9lectriques, \u00e9lectroniques, horlog\u00e8res, d\u2019instrumentation, mat\u00e9riel de soudage.<\/td><\/tr><tr><td>Excellente r\u00e9sistance \u00e0 la corrosion<br>Formabilit\u00e9<\/td><td>Pour les ambiances industrielles (p\u00e9trochimie en particulier), pour la marine, l\u2019oc\u00e9anologie, etc.<\/td><\/tr><tr><td>Anti-\u00e9tincelant<\/td><td>Pour les outils de s\u00e9curit\u00e9 et les applications en atmosph\u00e8re explosive.<\/td><\/tr><\/tbody><\/table><\/figure>\n\n\n<div class=\"row\"><div class=\"col-12 paragraph\">\n<p><\/p>\n<\/div><\/div>","protected":false},"excerpt":{"rendered":"<p>Une pr\u00e9sence mondiale Le groupe NGK dispose de 3 principaux sites de production d\u00e9di\u00e9s aux m\u00e9taux sp\u00e9ciaux dans le monde : En France \u00e0 Cou\u00ebron pour le march\u00e9 europ\u00e9en, au Japon \u00e0 Nagoya pour le march\u00e9 asiatique et aux USA \u00e0 Sweetwater, Tennessee, pour le march\u00e9 am\u00e9ricain.NGK Berylco Europe s\u2019appuie sur 3 sites en France [&hellip;]<\/p>\n","protected":false},"author":1,"featured_media":0,"parent":710,"menu_order":0,"comment_status":"closed","ping_status":"closed","template":"","meta":{"_acf_changed":false,"advgb_blocks_editor_width":"","advgb_blocks_columns_visual_guide":"","footnotes":""},"class_list":["post-692","page","type-page","status-publish","hentry"],"acf":[],"coauthors":[],"author_meta":{"author_link":"https:\/\/www.ngk-alloys.com\/fr\/author\/admin_ngk\/","display_name":"NGK BERYLCO"},"relative_dates":{"created":"Publi\u00e9 1 an il y a","modified":"Mis \u00e0 jour 5 mois il y a"},"absolute_dates":{"created":"Publi\u00e9 le 6 janvier 2025","modified":"Mise \u00e0 jour le 10 novembre 2025"},"absolute_dates_time":{"created":"Publi\u00e9 le 6 janvier 2025 17h27","modified":"Mise \u00e0 jour le 10 novembre 2025 12h28"},"featured_img_caption":"","featured_img":false,"series_order":"","_links":{"self":[{"href":"https:\/\/www.ngk-alloys.com\/fr\/wp-json\/wp\/v2\/pages\/692","targetHints":{"allow":["GET"]}}],"collection":[{"href":"https:\/\/www.ngk-alloys.com\/fr\/wp-json\/wp\/v2\/pages"}],"about":[{"href":"https:\/\/www.ngk-alloys.com\/fr\/wp-json\/wp\/v2\/types\/page"}],"author":[{"embeddable":true,"href":"https:\/\/www.ngk-alloys.com\/fr\/wp-json\/wp\/v2\/users\/1"}],"replies":[{"embeddable":true,"href":"https:\/\/www.ngk-alloys.com\/fr\/wp-json\/wp\/v2\/comments?post=692"}],"version-history":[{"count":32,"href":"https:\/\/www.ngk-alloys.com\/fr\/wp-json\/wp\/v2\/pages\/692\/revisions"}],"predecessor-version":[{"id":4187,"href":"https:\/\/www.ngk-alloys.com\/fr\/wp-json\/wp\/v2\/pages\/692\/revisions\/4187"}],"up":[{"embeddable":true,"href":"https:\/\/www.ngk-alloys.com\/fr\/wp-json\/wp\/v2\/pages\/710"}],"wp:attachment":[{"href":"https:\/\/www.ngk-alloys.com\/fr\/wp-json\/wp\/v2\/media?parent=692"}],"curies":[{"name":"wp","href":"https:\/\/api.w.org\/{rel}","templated":true}]}}