{"id":702,"date":"2025-01-07T10:04:05","date_gmt":"2025-01-07T09:04:05","guid":{"rendered":"https:\/\/www.ngk-alloys.com\/?page_id=702"},"modified":"2026-03-30T15:23:55","modified_gmt":"2026-03-30T13:23:55","slug":"nous-rejoindre","status":"publish","type":"page","link":"https:\/\/www.ngk-alloys.com\/fr\/a-propos\/ngk-berylco\/nous-rejoindre\/","title":{"rendered":"Nous rejoindre"},"content":{"rendered":"<div class=\"row\"><div class=\"col-12 paragraph\">\n<p><\/p>\n<\/div><\/div>\n\n    <div id=\"block-hero-block_ef406f13aada698ef2c9bfce7cc78c66\" class=\"wrp-container block-hero\">\n        <div class=\"box-card-05\">\n            <div class=\"grid-row mb40 mb10-sp\">\n                <div class=\"grid-col--12\">\n                    <div class=\"box-card-05__inner\">\n                        \n<span class=\"box-card-06__image is-visiblePc\"><img decoding=\"async\" src=\"https:\/\/www.ngk-alloys.com\/wp-content\/uploads\/Coureurs-NGK-BERYLCO-FRANCE-Marathon-Nantes-709x439.jpg\" alt=\"\" class=\"fluid-image\"><\/span>\n<span class=\"box-card-06__image  is-visibleTablet js-fullbg\" style=\"background: url(https:\/\/www.ngk-alloys.com\/wp-content\/uploads\/Coureurs-NGK-BERYLCO-FRANCE-Marathon-Nantes-709x439.jpg) center center \/ cover; display: inline;\"><img decoding=\"async\" src=\"https:\/\/www.ngk-alloys.com\/wp-content\/uploads\/Coureurs-NGK-BERYLCO-FRANCE-Marathon-Nantes-660x660.jpg\" alt=\"\" class=\"fluid-image\" style=\"display: none;\"><\/span>\n<span class=\"box-card-06__image  is-visibleSp\"><img decoding=\"async\" src=\"https:\/\/www.ngk-alloys.com\/wp-content\/uploads\/Coureurs-NGK-BERYLCO-FRANCE-Marathon-Nantes-709x439.jpg\" alt=\"\" class=\"fluid-image\"><\/span>\n                        <div class=\"box-card-06__content right_content\">\n                            <p><!-- wp:paragraph -->Faire carri\u00e8re \u00e0 NGK Berylco signifie faire partie d&rsquo;un groupe industriel qui joue un r\u00f4le majeur sur la sc\u00e8ne internationale. NGK Berylco est le leader europ\u00e9en dans la transformation et le traitement des alliages cuivre-b\u00e9ryllium depuis plus de 50 ans.<\/p>\n<p>&nbsp;<\/p>\n<p>NGK Berylco est membre du groupe international NGK Corporation, comportant 3 divisions ou business groups: <strong>Soci\u00e9t\u00e9 Digitale<\/strong> (Dispositifs \u00e9lectroniques, Calculateurs Haute Performance HPC, Nouveaux M\u00e9taux), <strong>Environnement<\/strong> (C\u00e9ramiques, Capteurs), <strong>Energie et Industrie<\/strong> (Stockage d\u2019\u00e9nergie, Isolateurs, Process industriels). NGK Berylco France est rattach\u00e9e \u00e0 la Division Soci\u00e9t\u00e9 Digitale, Nouveaux M\u00e9taux.<\/p>\n                                                    <\/div>\n                        \n                    <\/div>\n                <\/div>\n            <\/div>\n        <\/div>\n    <\/div>\n\n\n\n\n\n\n<div style=\"height:30px\" aria-hidden=\"true\" class=\"wp-block-spacer\"><\/div>\n\n\n<div class=\"row\"><div class=\"col-12 paragraph\">\n<p>Notre groupe emploie plus de 20 000 personnes \u00e0 travers le monde.<\/p>\n<\/div><\/div>\n\n<div class=\"row\"><div class=\"col-12 paragraph\">\n<p>En savoir plus :<\/p>\n<\/div><\/div>\n\n\n<div style=\"height:20px\" aria-hidden=\"true\" class=\"wp-block-spacer\"><\/div>\n\n\n\n<div class=\"wp-block-buttons is-layout-flex wp-block-buttons-is-layout-flex\">\n<div class=\"wp-block-button\"><a class=\"wp-block-button__link is-target-blank wp-element-button\" href=\"https:\/\/www.ngk-global.com\/\" target=\"_blank\" rel=\"noreferrer noopener\">ngk-global.com<\/a><\/div>\n<\/div>\n\n\n\n<div style=\"height:20px\" aria-hidden=\"true\" class=\"wp-block-spacer\"><\/div>\n\n\n\n<div class=\"wp-block-buttons is-layout-flex wp-block-buttons-is-layout-flex\">\n<div class=\"wp-block-button\"><a class=\"wp-block-button__link btn_long is-target-blank wp-element-button\" href=\"https:\/\/www.ngk-insulators.com\/en\/\" target=\"_blank\" rel=\"noreferrer noopener\">ngk-insulators.com<\/a><\/div>\n<\/div>\n\n\n\n<div style=\"height:50px\" aria-hidden=\"true\" class=\"wp-block-spacer\"><\/div>\n\n\n<div class=\"row\"><div class=\"col-12 heading\">\n<h2 class=\"wp-block-heading\">Rejoindre NGK BERYLCO<\/h2>\n<\/div><\/div>\n\n<div class=\"row\"><div class=\"col-12 paragraph\">\n<p>Les ressources humaines sont un atout majeur chez NGK, leader europ\u00e9en dans chacun des secteurs dans lesquels nous travaillons. Pour plus d&rsquo;informations, merci de nous contacter.<\/p>\n<\/div><\/div>\n\n\n<div style=\"height:21px\" aria-hidden=\"true\" class=\"wp-block-spacer\"><\/div>\n\n\n\n<div class=\"wp-block-buttons is-layout-flex wp-block-buttons-is-layout-flex\">\n<div class=\"wp-block-button\"><a class=\"wp-block-button__link wp-element-button\" href=\"https:\/\/www.ngk-alloys.com\/contact\/\">Nous rejoindre<\/a><\/div>\n<\/div>\n\n\n\n<div style=\"height:65px\" aria-hidden=\"true\" class=\"wp-block-spacer\"><\/div>\n\n\n<div class=\"row\"><div class=\"col-12 paragraph\">\n<p>Information sur la protection des donn\u00e9es relatives \u00e0 nos employ\u00e9s :<\/p>\n<\/div><\/div>\n\n\n<div style=\"height:20px\" aria-hidden=\"true\" class=\"wp-block-spacer\"><\/div>\n\n\n\n<div class=\"wp-block-buttons is-layout-flex wp-block-buttons-is-layout-flex\">\n<div class=\"wp-block-button\"><a class=\"wp-block-button__link btn_long is-pdf is-target-blank wp-element-button\" href=\"https:\/\/www.ngk-alloys.com\/wp-content\/uploads\/Confidentialite-des-donnees_Employes-NGK-BERYLCO-France_FR_08.2021.pdf\" target=\"_blank\" rel=\"noreferrer noopener\">Confidentialit\u00e9 donn\u00e9es employ\u00e9s<\/a><\/div>\n<\/div>\n\n\n\n<div style=\"height:50px\" aria-hidden=\"true\" class=\"wp-block-spacer\"><\/div>\n\n\n\n<div style=\"height:50px\" aria-hidden=\"true\" class=\"wp-block-spacer\"><\/div>\n\n\n<div class=\"row\"><div class=\"col-12 paragraph\">\n<p><\/p>\n<\/div><\/div>","protected":false},"excerpt":{"rendered":"<p>Notre groupe emploie plus de 20 000 personnes \u00e0 travers le monde. En savoir plus : Rejoindre NGK BERYLCO Les ressources humaines sont un atout majeur chez NGK, leader europ\u00e9en dans chacun des secteurs dans lesquels nous travaillons. Pour plus d&rsquo;informations, merci de nous contacter. Information sur la protection des donn\u00e9es relatives \u00e0 nos employ\u00e9s [&hellip;]<\/p>\n","protected":false},"author":1,"featured_media":0,"parent":710,"menu_order":0,"comment_status":"closed","ping_status":"closed","template":"","meta":{"_acf_changed":false,"advgb_blocks_editor_width":"","advgb_blocks_columns_visual_guide":"","footnotes":""},"class_list":["post-702","page","type-page","status-publish","hentry"],"acf":[],"coauthors":[],"author_meta":{"author_link":"https:\/\/www.ngk-alloys.com\/fr\/author\/admin_ngk\/","display_name":"NGK BERYLCO"},"relative_dates":{"created":"Publi\u00e9 1 an il y a","modified":"Mis \u00e0 jour 3 semaines il y a"},"absolute_dates":{"created":"Publi\u00e9 le 7 janvier 2025","modified":"Mise \u00e0 jour le 30 mars 2026"},"absolute_dates_time":{"created":"Publi\u00e9 le 7 janvier 2025 10h04","modified":"Mise \u00e0 jour le 30 mars 2026 15h23"},"featured_img_caption":"","featured_img":false,"series_order":"","_links":{"self":[{"href":"https:\/\/www.ngk-alloys.com\/fr\/wp-json\/wp\/v2\/pages\/702","targetHints":{"allow":["GET"]}}],"collection":[{"href":"https:\/\/www.ngk-alloys.com\/fr\/wp-json\/wp\/v2\/pages"}],"about":[{"href":"https:\/\/www.ngk-alloys.com\/fr\/wp-json\/wp\/v2\/types\/page"}],"author":[{"embeddable":true,"href":"https:\/\/www.ngk-alloys.com\/fr\/wp-json\/wp\/v2\/users\/1"}],"replies":[{"embeddable":true,"href":"https:\/\/www.ngk-alloys.com\/fr\/wp-json\/wp\/v2\/comments?post=702"}],"version-history":[{"count":22,"href":"https:\/\/www.ngk-alloys.com\/fr\/wp-json\/wp\/v2\/pages\/702\/revisions"}],"predecessor-version":[{"id":5677,"href":"https:\/\/www.ngk-alloys.com\/fr\/wp-json\/wp\/v2\/pages\/702\/revisions\/5677"}],"up":[{"embeddable":true,"href":"https:\/\/www.ngk-alloys.com\/fr\/wp-json\/wp\/v2\/pages\/710"}],"wp:attachment":[{"href":"https:\/\/www.ngk-alloys.com\/fr\/wp-json\/wp\/v2\/media?parent=702"}],"curies":[{"name":"wp","href":"https:\/\/api.w.org\/{rel}","templated":true}]}}