{"id":714,"date":"2025-01-07T10:38:05","date_gmt":"2025-01-07T09:38:05","guid":{"rendered":"https:\/\/www.ngk-alloys.com\/?page_id=714"},"modified":"2026-03-17T11:55:25","modified_gmt":"2026-03-17T10:55:25","slug":"organigramme","status":"publish","type":"page","link":"https:\/\/www.ngk-alloys.com\/fr\/a-propos\/ngk-berylco\/organigramme\/","title":{"rendered":"Organigramme"},"content":{"rendered":"<div class=\"row\"><div class=\"col-12 heading\">\n<h2 class=\"wp-block-heading\">NGK BERYLCO France<\/h2>\n<\/div><\/div>\n\n<ul id=\"block-hero-block_eac52b2b910bab447a28816dc1754d31\" class=\"lst-directors grid-row block-hero\">\n        <li class=\"grid-col--2 grid-col-sp--6 js-mh-item\">\n        <p class=\"lst-directors__pic\"><img decoding=\"async\" src=\"https:\/\/www.ngk-alloys.com\/wp-content\/uploads\/DSC_8554-263x300.jpg\" alt=\"Gabriel UNQUERA\" class=\"fluid-image\"><\/p>\n        <div class=\"lst-directors__content\">\n            <p class=\"lst-directors__name\">Gabriel UNQUERA<\/p>\n            <p class=\"lst-directors__position\">Pr\u00e9sident<\/p>\n            <p class=\"lst-directors__desc\"><\/p>\n        <\/div>\n    <\/li>\n    \n\n<\/ul>\n\n<ul id=\"block-hero-block_1326186be3915b9fb47f9f54230cebf2\" class=\"lst-directors grid-row block-hero\">\n        <li class=\"grid-col--2 grid-col-sp--6 js-mh-item\">\n        <p class=\"lst-directors__pic\"><img decoding=\"async\" src=\"https:\/\/www.ngk-alloys.com\/wp-content\/uploads\/angelique-263x300.jpg\" alt=\"Ang\u00e9lique RENIER\" class=\"fluid-image\"><\/p>\n        <div class=\"lst-directors__content\">\n            <p class=\"lst-directors__name\">Ang\u00e9lique RENIER<\/p>\n            <p class=\"lst-directors__position\">Responsable Communication et Environnement<\/p>\n            <p class=\"lst-directors__desc\"><\/p>\n        <\/div>\n    <\/li>\n        <li class=\"grid-col--2 grid-col-sp--6 js-mh-item\">\n        <p class=\"lst-directors__pic\"><img decoding=\"async\" src=\"https:\/\/www.ngk-alloys.com\/wp-content\/uploads\/DSC_8413-262x300.jpg\" alt=\"Alexandre GOUPIL\" class=\"fluid-image\"><\/p>\n        <div class=\"lst-directors__content\">\n            <p class=\"lst-directors__name\">Alexandre GOUPIL<\/p>\n            <p class=\"lst-directors__position\">Responsable Commercial<\/p>\n            <p class=\"lst-directors__desc\"><\/p>\n        <\/div>\n    <\/li>\n        <li class=\"grid-col--2 grid-col-sp--6 js-mh-item\">\n        <p class=\"lst-directors__pic\"><img decoding=\"async\" src=\"https:\/\/www.ngk-alloys.com\/wp-content\/uploads\/DSC_8775_1-262x300.jpg\" alt=\"James GOMEZ\" class=\"fluid-image\"><\/p>\n        <div class=\"lst-directors__content\">\n            <p class=\"lst-directors__name\">James GOMEZ<\/p>\n            <p class=\"lst-directors__position\">Responsable QSE<\/p>\n            <p class=\"lst-directors__desc\"><\/p>\n        <\/div>\n    <\/li>\n    \n\n<\/ul>\n\n<ul id=\"block-hero-block_116c43d58ac0f34822c51d0b14ebf9e5\" class=\"lst-directors grid-row block-hero\">\n        <li class=\"grid-col--2 grid-col-sp--6 js-mh-item\">\n        <p class=\"lst-directors__pic\"><img decoding=\"async\" src=\"https:\/\/www.ngk-alloys.com\/wp-content\/uploads\/DSC_8464-262x300.jpg\" alt=\"Yves GORCY\" class=\"fluid-image\"><\/p>\n        <div class=\"lst-directors__content\">\n            <p class=\"lst-directors__name\">Yves GORCY<\/p>\n            <p class=\"lst-directors__position\">Responsable Production<\/p>\n            <p class=\"lst-directors__desc\"><\/p>\n        <\/div>\n    <\/li>\n        <li class=\"grid-col--2 grid-col-sp--6 js-mh-item\">\n        <p class=\"lst-directors__pic\"><img decoding=\"async\" src=\"https:\/\/www.ngk-alloys.com\/wp-content\/uploads\/DSC_8674-262x300.jpg\" alt=\"Jean-Baptiste BALAC\" class=\"fluid-image\"><\/p>\n        <div class=\"lst-directors__content\">\n            <p class=\"lst-directors__name\">Jean-Baptiste BALAC<\/p>\n            <p class=\"lst-directors__position\">Responsable Ressources Humaines<\/p>\n            <p class=\"lst-directors__desc\"><\/p>\n        <\/div>\n    <\/li>\n        <li class=\"grid-col--2 grid-col-sp--6 js-mh-item\">\n        <p class=\"lst-directors__pic\"><img decoding=\"async\" src=\"https:\/\/www.ngk-alloys.com\/wp-content\/uploads\/DSC_8614-262x300.jpg\" alt=\"Yohei TOMITA\" class=\"fluid-image\"><\/p>\n        <div class=\"lst-directors__content\">\n            <p class=\"lst-directors__name\">Yohei TOMITA<\/p>\n            <p class=\"lst-directors__position\">Coordinateur Marketing &#038; Ventes Europe<\/p>\n            <p class=\"lst-directors__desc\"><\/p>\n        <\/div>\n    <\/li>\n    \n\n<\/ul>\n\n<div class=\"row\"><div class=\"col-12 heading\">\n<h3 class=\"wp-block-heading\">Contact :<\/h3>\n<\/div><\/div>\n\n<div class=\"row\"><div class=\"col-12 paragraph\">\n<p><strong>Tel :<\/strong> +33 (0)2 40 38 67 50<br><strong>Email :<\/strong> <a href=\"mailto:nbf@ngkbf.com\">nbf@ngkbf.com<\/a><\/p>\n<\/div><\/div>\n\n\n<div style=\"height:50px\" aria-hidden=\"true\" class=\"wp-block-spacer\"><\/div>\n\n\n<div class=\"row\"><div class=\"col-12 heading\">\n<h2 class=\"wp-block-heading\">NGK Berylco UK Ltd<\/h2>\n<\/div><\/div>\n\n<div class=\"wp-block-image\">\n<figure class=\"aligncenter size-large\"><img loading=\"lazy\" decoding=\"async\" width=\"1024\" height=\"216\" src=\"https:\/\/www.ngk-alloys.com\/wp-content\/uploads\/organigramme-ngk-berylco-uk-1024x216.png\" alt=\"\" class=\"wp-image-719\" srcset=\"https:\/\/www.ngk-alloys.com\/wp-content\/uploads\/organigramme-ngk-berylco-uk-1024x216.png 1024w, https:\/\/www.ngk-alloys.com\/wp-content\/uploads\/organigramme-ngk-berylco-uk-300x63.png 300w, https:\/\/www.ngk-alloys.com\/wp-content\/uploads\/organigramme-ngk-berylco-uk-768x162.png 768w, https:\/\/www.ngk-alloys.com\/wp-content\/uploads\/organigramme-ngk-berylco-uk-1536x323.png 1536w, https:\/\/www.ngk-alloys.com\/wp-content\/uploads\/organigramme-ngk-berylco-uk-1320x278.png 1320w, https:\/\/www.ngk-alloys.com\/wp-content\/uploads\/organigramme-ngk-berylco-uk-990x208.png 990w, https:\/\/www.ngk-alloys.com\/wp-content\/uploads\/organigramme-ngk-berylco-uk-660x139.png 660w, https:\/\/www.ngk-alloys.com\/wp-content\/uploads\/organigramme-ngk-berylco-uk-450x95.png 450w, https:\/\/www.ngk-alloys.com\/wp-content\/uploads\/organigramme-ngk-berylco-uk-330x69.png 330w, https:\/\/www.ngk-alloys.com\/wp-content\/uploads\/organigramme-ngk-berylco-uk-180x38.png 180w, https:\/\/www.ngk-alloys.com\/wp-content\/uploads\/organigramme-ngk-berylco-uk.png 1900w\" sizes=\"auto, (max-width: 1024px) 100vw, 1024px\" \/><\/figure>\n<\/div>\n\n<div class=\"row\"><div class=\"col-12 heading\">\n<h3 class=\"wp-block-heading\">Contact :<\/h3>\n<\/div><\/div>\n\n<div class=\"row\"><div class=\"col-12 paragraph\">\n<p><strong>Tel :<\/strong> +44 (0)161-745-7162<br><strong>Email :<\/strong> <a href=\"mailto:enquiries@ngkberylco.co.uk\">enquiries@ngkberylco.co.uk<\/a><\/p>\n<\/div><\/div>\n\n\n<div style=\"height:50px\" aria-hidden=\"true\" class=\"wp-block-spacer\"><\/div>\n\n\n<div class=\"row\"><div class=\"col-12 heading\">\n<h2 class=\"wp-block-heading\">NGK DEUTSCHE BERYLCO GmbH<\/h2>\n<\/div><\/div>\n\n<div class=\"wp-block-image\">\n<figure class=\"aligncenter size-large\"><img loading=\"lazy\" decoding=\"async\" width=\"1024\" height=\"216\" src=\"https:\/\/www.ngk-alloys.com\/wp-content\/uploads\/organigramme-ngk-de-new-1024x216.png\" alt=\"\" class=\"wp-image-5622\" srcset=\"https:\/\/www.ngk-alloys.com\/wp-content\/uploads\/organigramme-ngk-de-new-1024x216.png 1024w, https:\/\/www.ngk-alloys.com\/wp-content\/uploads\/organigramme-ngk-de-new-300x63.png 300w, https:\/\/www.ngk-alloys.com\/wp-content\/uploads\/organigramme-ngk-de-new-768x162.png 768w, https:\/\/www.ngk-alloys.com\/wp-content\/uploads\/organigramme-ngk-de-new-1536x323.png 1536w, https:\/\/www.ngk-alloys.com\/wp-content\/uploads\/organigramme-ngk-de-new-1320x278.png 1320w, https:\/\/www.ngk-alloys.com\/wp-content\/uploads\/organigramme-ngk-de-new-990x208.png 990w, https:\/\/www.ngk-alloys.com\/wp-content\/uploads\/organigramme-ngk-de-new-660x139.png 660w, https:\/\/www.ngk-alloys.com\/wp-content\/uploads\/organigramme-ngk-de-new-450x95.png 450w, https:\/\/www.ngk-alloys.com\/wp-content\/uploads\/organigramme-ngk-de-new-330x69.png 330w, https:\/\/www.ngk-alloys.com\/wp-content\/uploads\/organigramme-ngk-de-new-180x38.png 180w, https:\/\/www.ngk-alloys.com\/wp-content\/uploads\/organigramme-ngk-de-new.png 1900w\" sizes=\"auto, (max-width: 1024px) 100vw, 1024px\" \/><\/figure>\n<\/div>\n\n<div class=\"row\"><div class=\"col-12 heading\">\n<h3 class=\"wp-block-heading\">Contact :<\/h3>\n<\/div><\/div>\n\n<div class=\"row\"><div class=\"col-12 paragraph\">\n<p><strong>Tel :<\/strong> +49 (0) 6173 \/ 993-400<br><strong>Email :<\/strong> <a href=\"mailto:sales@ngkdbg.de\">sales@ngkdbg.de<\/a><\/p>\n<\/div><\/div>","protected":false},"excerpt":{"rendered":"<p>NGK BERYLCO France Contact : Tel : +33 (0)2 40 38 67 50Email : nbf@ngkbf.com NGK Berylco UK Ltd Contact : Tel : +44 (0)161-745-7162Email : enquiries@ngkberylco.co.uk NGK DEUTSCHE BERYLCO GmbH Contact : Tel : +49 (0) 6173 \/ 993-400Email : sales@ngkdbg.de<\/p>\n","protected":false},"author":1,"featured_media":0,"parent":710,"menu_order":0,"comment_status":"closed","ping_status":"closed","template":"","meta":{"_acf_changed":false,"advgb_blocks_editor_width":"","advgb_blocks_columns_visual_guide":"","footnotes":""},"class_list":["post-714","page","type-page","status-publish","hentry"],"acf":[],"coauthors":[],"author_meta":{"author_link":"https:\/\/www.ngk-alloys.com\/fr\/author\/admin_ngk\/","display_name":"NGK BERYLCO"},"relative_dates":{"created":"Publi\u00e9 1 an il y a","modified":"Mis \u00e0 jour 1 mois il y a"},"absolute_dates":{"created":"Publi\u00e9 le 7 janvier 2025","modified":"Mise \u00e0 jour le 17 mars 2026"},"absolute_dates_time":{"created":"Publi\u00e9 le 7 janvier 2025 10h38","modified":"Mise \u00e0 jour le 17 mars 2026 11h55"},"featured_img_caption":"","featured_img":false,"series_order":"","_links":{"self":[{"href":"https:\/\/www.ngk-alloys.com\/fr\/wp-json\/wp\/v2\/pages\/714","targetHints":{"allow":["GET"]}}],"collection":[{"href":"https:\/\/www.ngk-alloys.com\/fr\/wp-json\/wp\/v2\/pages"}],"about":[{"href":"https:\/\/www.ngk-alloys.com\/fr\/wp-json\/wp\/v2\/types\/page"}],"author":[{"embeddable":true,"href":"https:\/\/www.ngk-alloys.com\/fr\/wp-json\/wp\/v2\/users\/1"}],"replies":[{"embeddable":true,"href":"https:\/\/www.ngk-alloys.com\/fr\/wp-json\/wp\/v2\/comments?post=714"}],"version-history":[{"count":18,"href":"https:\/\/www.ngk-alloys.com\/fr\/wp-json\/wp\/v2\/pages\/714\/revisions"}],"predecessor-version":[{"id":5623,"href":"https:\/\/www.ngk-alloys.com\/fr\/wp-json\/wp\/v2\/pages\/714\/revisions\/5623"}],"up":[{"embeddable":true,"href":"https:\/\/www.ngk-alloys.com\/fr\/wp-json\/wp\/v2\/pages\/710"}],"wp:attachment":[{"href":"https:\/\/www.ngk-alloys.com\/fr\/wp-json\/wp\/v2\/media?parent=714"}],"curies":[{"name":"wp","href":"https:\/\/api.w.org\/{rel}","templated":true}]}}