{"id":732,"date":"2025-01-07T11:04:26","date_gmt":"2025-01-07T10:04:26","guid":{"rendered":"https:\/\/www.ngk-alloys.com\/?page_id=732"},"modified":"2026-03-30T15:37:53","modified_gmt":"2026-03-30T13:37:53","slug":"le-groupe-ngk","status":"publish","type":"page","link":"https:\/\/www.ngk-alloys.com\/fr\/a-propos\/le-groupe-ngk\/","title":{"rendered":"Le Groupe NGK"},"content":{"rendered":"<div class=\"row\"><div class=\"col-12 paragraph\">\n<p>Le groupe NGK Corporation bas\u00e9 \u00e0 Nagoya, Japon, cr\u00e9\u00e9 en 1919, rassemble plus de 20 000 collaborateurs \u00e0 travers le monde, r\u00e9partis dans trois grands domaines d\u2019activit\u00e9s :<\/p>\n<\/div><\/div>\n\n\n<ul class=\"wp-block-list\">\n<li>L\u2019environnement (c\u00e9ramiques sp\u00e9ciales, pots catalytiques, etc.) ;<\/li>\n\n\n\n<li>La soci\u00e9t\u00e9 digitale (dispositifs \u00e9lectroniques, m\u00e9taux sp\u00e9ciaux, etc.) ;<\/li>\n\n\n\n<li>L\u2019\u00e9nergie et industrie (batteries sodium-souffre, isolateurs notamment).<\/li>\n<\/ul>\n\n\n<div class=\"row\"><div class=\"col-12 heading\">\n<h2 class=\"wp-block-heading\">Notre mission au sein du groupe NGK<\/h2>\n<\/div><\/div>\n\n\n<ul class=\"wp-block-list\">\n<li>Enrichir la vie humaine en apportant de nouvelles valeurs \u00e0 la soci\u00e9t\u00e9.<\/li>\n\n\n\n<li>Contribuer \u00e0 la Neutralit\u00e9 Carbone et \u00e0 la Soci\u00e9t\u00e9 Digitale.<\/li>\n\n\n\n<li>Qualit\u00e9 des hommes, qualit\u00e9 des produits, qualit\u00e9 du management.<\/li>\n<\/ul>\n\n\n<div class=\"row\"><div class=\"col-12 heading\">\n<h2 class=\"wp-block-heading\">Kuruko, notre mascotte<\/h2>\n<\/div><\/div>\n\n    <div id=\"block-hero-block_19e975a3053f1d569d0d6aca61dc70cc\" class=\"wrp-container block-hero\">\n        <div class=\"box-card-05\">\n            <div class=\"grid-row mb40 mb10-sp\">\n                <div class=\"grid-col--12\">\n                    <div class=\"box-card-05__inner\">\n                                                <div class=\"box-card-06__content left_content\">\n                            <p>Kuruko, personnage du th\u00e9\u00e2tre japonais Kabuki, est la mascotte du groupe NGK. Il agit discr\u00e8tement dans l\u2019ombre pour fournir une pr\u00e9cieuse assistance lors du changement des d\u00e9cors et des costumes des com\u00e9diens.<br \/>\nA l\u2019instar de Kuruko, nos produits sont peu visibles du grand public mais sont essentiels \u00e0 la transition \u00e9nerg\u00e9tique et num\u00e9rique.<\/p>\n                                                    <\/div>\n                        \n<span class=\"box-card-06__image is-visiblePc\"><img decoding=\"async\" src=\"https:\/\/www.ngk-alloys.com\/wp-content\/uploads\/image-kuruko-709x439.jpg\" alt=\"\" class=\"fluid-image\"><\/span>\n<span class=\"box-card-06__image  is-visibleTablet js-fullbg\" style=\"background: url(https:\/\/www.ngk-alloys.com\/wp-content\/uploads\/image-kuruko-709x439.jpg) center center \/ cover; display: inline;\"><img decoding=\"async\" src=\"https:\/\/www.ngk-alloys.com\/wp-content\/uploads\/image-kuruko-660x500.jpg\" alt=\"\" class=\"fluid-image\" style=\"display: none;\"><\/span>\n<span class=\"box-card-06__image  is-visibleSp\"><img decoding=\"async\" src=\"https:\/\/www.ngk-alloys.com\/wp-content\/uploads\/image-kuruko-709x439.jpg\" alt=\"\" class=\"fluid-image\"><\/span>\n\n                    <\/div>\n                <\/div>\n            <\/div>\n        <\/div>\n    <\/div>\n\n\n\n\n\n\n<div style=\"height:40px\" aria-hidden=\"true\" class=\"wp-block-spacer\"><\/div>\n\n\n\n<div style=\"height:100px\" aria-hidden=\"true\" class=\"wp-block-spacer\"><\/div>\n\n\n<div id=\"block-hero-block_871cc3a80638fb6a2a50c798b66375be\" class=\"box-card-03 block-hero\">\n        \n                <a target=\"\" href=\"https:\/\/www.ngk-alloys.com\/fr\/a-propos\/le-groupe-ngk\/message-du-president\/\" class=\"box-card-03__item  mb50\">\n                    <p class=\"box-card-03__image\"><img decoding=\"async\" src=\"https:\/\/www.ngk-alloys.com\/wp-content\/uploads\/Photo_president-450x300.jpg\" alt=\"\" class=\"fluid-image\"><\/p>\n                    <h2 class=\"box-card-03__button\">\n                        <span class=\"btn btn--link btn--border btn--white\" data-mh=\"box-card-03\">\n                            <span>Message du Pr\u00e9sident<\/span>\n                        <\/span>\n                    <\/h2>\n                <\/a>\n\n\n        \n                <a target=\"\" href=\"https:\/\/www.ngk-alloys.com\/fr\/a-propos\/le-groupe-ngk\/la-philosophie-du-groupe\/\" class=\"box-card-03__item  mb50\">\n                    <p class=\"box-card-03__image\"><img decoding=\"async\" src=\"https:\/\/www.ngk-alloys.com\/wp-content\/uploads\/index-info-card-01.jpg\" alt=\"\" class=\"fluid-image\"><\/p>\n                    <h2 class=\"box-card-03__button\">\n                        <span class=\"btn btn--link btn--border btn--white\" data-mh=\"box-card-03\">\n                            <span>La philosophie du Groupe<\/span>\n                        <\/span>\n                    <\/h2>\n                <\/a>\n\n\n        \n                <a target=\"\" href=\"https:\/\/www.ngk-alloys.com\/fr\/a-propos\/le-groupe-ngk\/lhistoire-du-groupe\/\" class=\"box-card-03__item  mb50\">\n                    <p class=\"box-card-03__image\"><img decoding=\"async\" src=\"https:\/\/www.ngk-alloys.com\/wp-content\/uploads\/ngk-japan-450x300.jpg\" alt=\"\" class=\"fluid-image\"><\/p>\n                    <h2 class=\"box-card-03__button\">\n                        <span class=\"btn btn--link btn--border btn--white\" data-mh=\"box-card-03\">\n                            <span>L&rsquo;histoire du Groupe<\/span>\n                        <\/span>\n                    <\/h2>\n                <\/a>\n\n\n        <\/div>\n\n","protected":false},"excerpt":{"rendered":"<p>Le groupe NGK Corporation bas\u00e9 \u00e0 Nagoya, Japon, cr\u00e9\u00e9 en 1919, rassemble plus de 20 000 collaborateurs \u00e0 travers le monde, r\u00e9partis dans trois grands domaines d\u2019activit\u00e9s : Notre mission au sein du groupe NGK Kuruko, notre mascotte<\/p>\n","protected":false},"author":1,"featured_media":0,"parent":381,"menu_order":0,"comment_status":"closed","ping_status":"closed","template":"","meta":{"_acf_changed":false,"advgb_blocks_editor_width":"","advgb_blocks_columns_visual_guide":"","footnotes":""},"class_list":["post-732","page","type-page","status-publish","hentry"],"acf":[],"coauthors":[],"author_meta":{"author_link":"https:\/\/www.ngk-alloys.com\/fr\/author\/admin_ngk\/","display_name":"NGK BERYLCO"},"relative_dates":{"created":"Publi\u00e9 1 an il y a","modified":"Mis \u00e0 jour 6 jours il y a"},"absolute_dates":{"created":"Publi\u00e9 le 7 janvier 2025","modified":"Mise \u00e0 jour le 30 mars 2026"},"absolute_dates_time":{"created":"Publi\u00e9 le 7 janvier 2025 11h04","modified":"Mise \u00e0 jour le 30 mars 2026 15h37"},"featured_img_caption":"","featured_img":false,"series_order":"","_links":{"self":[{"href":"https:\/\/www.ngk-alloys.com\/fr\/wp-json\/wp\/v2\/pages\/732","targetHints":{"allow":["GET"]}}],"collection":[{"href":"https:\/\/www.ngk-alloys.com\/fr\/wp-json\/wp\/v2\/pages"}],"about":[{"href":"https:\/\/www.ngk-alloys.com\/fr\/wp-json\/wp\/v2\/types\/page"}],"author":[{"embeddable":true,"href":"https:\/\/www.ngk-alloys.com\/fr\/wp-json\/wp\/v2\/users\/1"}],"replies":[{"embeddable":true,"href":"https:\/\/www.ngk-alloys.com\/fr\/wp-json\/wp\/v2\/comments?post=732"}],"version-history":[{"count":14,"href":"https:\/\/www.ngk-alloys.com\/fr\/wp-json\/wp\/v2\/pages\/732\/revisions"}],"predecessor-version":[{"id":5681,"href":"https:\/\/www.ngk-alloys.com\/fr\/wp-json\/wp\/v2\/pages\/732\/revisions\/5681"}],"up":[{"embeddable":true,"href":"https:\/\/www.ngk-alloys.com\/fr\/wp-json\/wp\/v2\/pages\/381"}],"wp:attachment":[{"href":"https:\/\/www.ngk-alloys.com\/fr\/wp-json\/wp\/v2\/media?parent=732"}],"curies":[{"name":"wp","href":"https:\/\/api.w.org\/{rel}","templated":true}]}}