{"id":734,"date":"2025-01-07T11:08:49","date_gmt":"2025-01-07T10:08:49","guid":{"rendered":"https:\/\/www.ngk-alloys.com\/?page_id=734"},"modified":"2026-03-30T15:57:38","modified_gmt":"2026-03-30T13:57:38","slug":"message-du-president","status":"publish","type":"page","link":"https:\/\/www.ngk-alloys.com\/fr\/a-propos\/le-groupe-ngk\/message-du-president\/","title":{"rendered":"Message du Pr\u00e9sident"},"content":{"rendered":"\n<div id=\"block-hero-block_5a8af5d0c492c3eb232d4131802f8410\" class=\"float_img_txt_part block-hero\">\n    <img decoding=\"async\" src=\"https:\/\/www.ngk-alloys.com\/wp-content\/uploads\/Photo_president.jpg\" alt=\"\" class=\"w50per w100per-sp pull-right pl20 pb20 no-pull-sp pl0-sp\"><p>Depuis sa fondation en 1919, le Groupe NGK n\u2019a cess\u00e9 de d\u00e9velopper et de fournir des produits contribuant \u00e0 soutenir les bases de notre soci\u00e9t\u00e9 et \u00e0 pr\u00e9server l\u2019environnement. Avec les c\u00e9ramiques comme technologie centrale, nous exploitons leur potentiel en les int\u00e9grant \u00e0 nos technologies exclusives de moulage, de cuisson, de traitement et d\u2019\u00e9valuation pour cr\u00e9er des produits r\u00e9volutionnaires.<\/p>\n<p>Le monde intensifie actuellement ses efforts pour atteindre une soci\u00e9t\u00e9 neutre en carbone et num\u00e9rique, dans le but de r\u00e9soudre une multitude de probl\u00e8mes sociaux. Nous poss\u00e9dons d\u00e9j\u00e0 de nombreux produits et technologies pouvant \u00eatre appliqu\u00e9s \u00e0 de telles solutions. Parmi nos r\u00e9alisations commercialis\u00e9es ou en cours de d\u00e9veloppement figurent les batteries NAS (Sodium Soufre), les membranes c\u00e9ramiques subnano, ainsi que les wafers en nitrure de gallium (GaN) pour les semi-conducteurs de puissance, qui contribuent \u00e0 la neutralit\u00e9 carbone. De plus, nos composants pour \u00e9quipements de fabrication de semi-conducteurs et nos batteries lithium-ion rechargeables EnerCera soutiennent une soci\u00e9t\u00e9 de plus en plus num\u00e9ris\u00e9e.<\/p>\n<p>Fid\u00e8les \u00e0 notre mission exprim\u00e9e dans la philosophie du groupe NGK &#8211; Enrichir la vie humaine en apportant de nouvelles valeurs \u00e0 la soci\u00e9t\u00e9 &#8211; nous continuerons \u00e0 envisager l\u2019avenir et \u00e0 appliquer nos technologies avanc\u00e9es pour r\u00e9pondre aux d\u00e9fis li\u00e9s \u00e0 l\u2019\u00e9nergie et \u00e0 l\u2019environnement, tout en r\u00e9pondant aux attentes de la soci\u00e9t\u00e9 mondiale. En tant qu\u2019entreprise mondiale de confiance pour l\u2019ensemble de nos parties prenantes \u2013 clients, actionnaires, partenaires commerciaux et employ\u00e9s \u2013 ainsi que pour la soci\u00e9t\u00e9 dans son ensemble, nous travaillons avec constance et d\u00e9termination \u00e0 renforcer nos activit\u00e9s existantes tout en cr\u00e9ant de nouveaux produits et de nouvelles activit\u00e9s.<\/p>\n<p style=\"text-align: right;\">NGK Corporation<br \/>\nShigeru Kobayashi<br \/>\nPr\u00e9sident<br \/>\n<img loading=\"lazy\" decoding=\"async\" class=\"alignnone size-medium wp-image-738 alignright\" src=\"https:\/\/www.ngk-alloys.com\/wp-content\/uploads\/signature-president-ngk-300x51.png\" alt=\"\" width=\"300\" height=\"51\" srcset=\"https:\/\/www.ngk-alloys.com\/wp-content\/uploads\/signature-president-ngk-300x51.png 300w, https:\/\/www.ngk-alloys.com\/wp-content\/uploads\/signature-president-ngk-330x57.png 330w, https:\/\/www.ngk-alloys.com\/wp-content\/uploads\/signature-president-ngk-180x31.png 180w, https:\/\/www.ngk-alloys.com\/wp-content\/uploads\/signature-president-ngk.png 344w\" sizes=\"auto, (max-width: 300px) 100vw, 300px\" \/><\/p>\n<\/div>\n\n\n\n\n\n\n\n<div style=\"height:50px\" aria-hidden=\"true\" class=\"wp-block-spacer\"><\/div>\n","protected":false},"excerpt":{"rendered":"","protected":false},"author":1,"featured_media":0,"parent":732,"menu_order":0,"comment_status":"closed","ping_status":"closed","template":"","meta":{"_acf_changed":false,"advgb_blocks_editor_width":"","advgb_blocks_columns_visual_guide":"","footnotes":""},"class_list":["post-734","page","type-page","status-publish","hentry"],"acf":[],"coauthors":[],"author_meta":{"author_link":"https:\/\/www.ngk-alloys.com\/fr\/author\/admin_ngk\/","display_name":"NGK BERYLCO"},"relative_dates":{"created":"Publi\u00e9 1 an il y a","modified":"Mis \u00e0 jour 3 semaines il y a"},"absolute_dates":{"created":"Publi\u00e9 le 7 janvier 2025","modified":"Mise \u00e0 jour le 30 mars 2026"},"absolute_dates_time":{"created":"Publi\u00e9 le 7 janvier 2025 11h08","modified":"Mise \u00e0 jour le 30 mars 2026 15h57"},"featured_img_caption":"","featured_img":false,"series_order":"","_links":{"self":[{"href":"https:\/\/www.ngk-alloys.com\/fr\/wp-json\/wp\/v2\/pages\/734","targetHints":{"allow":["GET"]}}],"collection":[{"href":"https:\/\/www.ngk-alloys.com\/fr\/wp-json\/wp\/v2\/pages"}],"about":[{"href":"https:\/\/www.ngk-alloys.com\/fr\/wp-json\/wp\/v2\/types\/page"}],"author":[{"embeddable":true,"href":"https:\/\/www.ngk-alloys.com\/fr\/wp-json\/wp\/v2\/users\/1"}],"replies":[{"embeddable":true,"href":"https:\/\/www.ngk-alloys.com\/fr\/wp-json\/wp\/v2\/comments?post=734"}],"version-history":[{"count":9,"href":"https:\/\/www.ngk-alloys.com\/fr\/wp-json\/wp\/v2\/pages\/734\/revisions"}],"predecessor-version":[{"id":5686,"href":"https:\/\/www.ngk-alloys.com\/fr\/wp-json\/wp\/v2\/pages\/734\/revisions\/5686"}],"up":[{"embeddable":true,"href":"https:\/\/www.ngk-alloys.com\/fr\/wp-json\/wp\/v2\/pages\/732"}],"wp:attachment":[{"href":"https:\/\/www.ngk-alloys.com\/fr\/wp-json\/wp\/v2\/media?parent=734"}],"curies":[{"name":"wp","href":"https:\/\/api.w.org\/{rel}","templated":true}]}}