{"id":742,"date":"2025-01-07T11:17:26","date_gmt":"2025-01-07T10:17:26","guid":{"rendered":"https:\/\/www.ngk-alloys.com\/?page_id=742"},"modified":"2026-03-30T16:01:28","modified_gmt":"2026-03-30T14:01:28","slug":"la-philosophie-du-groupe","status":"publish","type":"page","link":"https:\/\/www.ngk-alloys.com\/fr\/a-propos\/le-groupe-ngk\/la-philosophie-du-groupe\/","title":{"rendered":"La philosophie du Groupe"},"content":{"rendered":"<div class=\"row\"><div class=\"col-12 heading\">\n<h2 class=\"wp-block-heading\">La philosophie du Groupe NGK<\/h2>\n<\/div><\/div>\n\n<div class=\"row\"><div class=\"col-12 paragraph\">\n<p>NGK BERYLCO est une filiale de <a href=\"https:\/\/www.ngk-insulators.com\/en\/\" target=\"_blank\" rel=\"noopener\">NGK Corporation<\/a>. Nous nous effor\u00e7ons de gagner la confiance de nos clients et de notre march\u00e9 en cr\u00e9ant de la valeur, conform\u00e9ment \u00e0 la philosophie du groupe NGK \u00e9tablie par NGK Corporation.<\/p>\n<\/div><\/div>\n\n<div class=\"row\"><div class=\"col-12 paragraph\">\n<p>Pour plus d&rsquo;informations, veuillez consulter la page <a href=\"https:\/\/www.ngk-insulators.com\/en\/info\/philosophy\/\" target=\"_blank\" rel=\"noopener\">NGK Group Philosophy<\/a>.<\/p>\n<\/div><\/div>\n\n<div class=\"row\"><div class=\"col-12 heading\">\n<h2 class=\"wp-block-heading\">Politiques et directives<\/h2>\n<\/div><\/div>\n\n<div class=\"row\"><div class=\"col-12 heading\">\n<h3 class=\"wp-block-heading\">Principes commerciaux et code de conduite du groupe NGK<\/h3>\n<\/div><\/div>\n\n<div class=\"row\"><div class=\"col-12 paragraph\">\n<p>En tant que membre du Groupe NGK, NGK BERYLCO remplit ses responsabilit\u00e9s sociales et gagne la confiance de la soci\u00e9t\u00e9 conform\u00e9ment aux principes commerciaux et au code de conduite du groupe NGK.<\/p>\n<\/div><\/div>\n\n<div class=\"row\"><div class=\"col-12 paragraph\">\n<p>Pour plus d&rsquo;informations, veuillez consulter la page <a href=\"https:\/\/www.ngk-insulators.com\/en\/info\/coc\/\" target=\"_blank\" rel=\"noopener\">NGK Group Corporate Business Principles and Code of Conduct<\/a>.<\/p>\n<\/div><\/div>\n\n<div class=\"row\"><div class=\"col-12 heading\">\n<h3 class=\"wp-block-heading\">Politique de confidentialit\u00e9<\/h3>\n<\/div><\/div>\n\n<div class=\"row\"><div class=\"col-12 paragraph\">\n<p>NGK BERYLCO prot\u00e8ge, g\u00e8re et traite toutes les informations personnelles strictement conform\u00e9ment \u00e0 la politique de confidentialit\u00e9.<\/p>\n<\/div><\/div>\n\n<div class=\"row\"><div class=\"col-12 paragraph\">\n<p>Pour plus d&rsquo;informations, veuillez consulter la page NGK <a href=\"https:\/\/www.ngk-insulators.com\/en\/info\/policies\/\" target=\"_blank\" rel=\"noopener\">Policies and Guidelines<\/a>.<\/p>\n<\/div><\/div>\n\n<div class=\"row\"><div class=\"col-12 heading\">\n<h3 class=\"wp-block-heading\">Politique de qualit\u00e9<\/h3>\n<\/div><\/div>\n\n<div class=\"row\"><div class=\"col-12 paragraph\">\n<p>NGK s&rsquo;engage envers la qualit\u00e9 et s&rsquo;efforce de fournir des produits et services de valeur qui sont dignes de la confiance de nos clients et respect\u00e9s par la soci\u00e9t\u00e9.<\/p>\n<\/div><\/div>\n\n<div class=\"row\"><div class=\"col-12 paragraph\">\n<p>Pour plus d&rsquo;informations, veuillez consulter la page NGK <a href=\"https:\/\/www.ngk-insulators.com\/en\/info\/policies\/\" target=\"_blank\" rel=\"noopener\">Policies and Guidelines<\/a>.<\/p>\n<\/div><\/div>\n\n<div class=\"row\"><div class=\"col-12 heading\">\n<h3 class=\"wp-block-heading\">Politique environnementale<\/h3>\n<\/div><\/div>\n\n<div class=\"row\"><div class=\"col-12 paragraph\">\n<p>Nous nous effor\u00e7ons de d\u00e9velopper, concevoir et fabriquer des produits qui contribuent \u00e0 l&rsquo;environnement et des produits \u00e0 faible impact environnemental.<\/p>\n<\/div><\/div>\n\n<div class=\"row\"><div class=\"col-12 paragraph\">\n<p>Pour plus d&rsquo;informations, veuillez consulter la page NGK <a href=\"https:\/\/www.ngk-insulators.com\/en\/info\/policies\/\" target=\"_blank\" rel=\"noopener\">Policies and Guidelines<\/a>.<\/p>\n<\/div><\/div>","protected":false},"excerpt":{"rendered":"<p>La philosophie du Groupe NGK NGK BERYLCO est une filiale de NGK Corporation. Nous nous effor\u00e7ons de gagner la confiance de nos clients et de notre march\u00e9 en cr\u00e9ant de la valeur, conform\u00e9ment \u00e0 la philosophie du groupe NGK \u00e9tablie par NGK Corporation. Pour plus d&rsquo;informations, veuillez consulter la page NGK Group Philosophy. Politiques et [&hellip;]<\/p>\n","protected":false},"author":1,"featured_media":0,"parent":732,"menu_order":0,"comment_status":"closed","ping_status":"closed","template":"","meta":{"_acf_changed":false,"advgb_blocks_editor_width":"","advgb_blocks_columns_visual_guide":"","footnotes":""},"class_list":["post-742","page","type-page","status-publish","hentry"],"acf":[],"coauthors":[],"author_meta":{"author_link":"https:\/\/www.ngk-alloys.com\/fr\/author\/admin_ngk\/","display_name":"NGK BERYLCO"},"relative_dates":{"created":"Publi\u00e9 1 an il y a","modified":"Mis \u00e0 jour 3 semaines il y a"},"absolute_dates":{"created":"Publi\u00e9 le 7 janvier 2025","modified":"Mise \u00e0 jour le 30 mars 2026"},"absolute_dates_time":{"created":"Publi\u00e9 le 7 janvier 2025 11h17","modified":"Mise \u00e0 jour le 30 mars 2026 16h01"},"featured_img_caption":"","featured_img":false,"series_order":"","_links":{"self":[{"href":"https:\/\/www.ngk-alloys.com\/fr\/wp-json\/wp\/v2\/pages\/742","targetHints":{"allow":["GET"]}}],"collection":[{"href":"https:\/\/www.ngk-alloys.com\/fr\/wp-json\/wp\/v2\/pages"}],"about":[{"href":"https:\/\/www.ngk-alloys.com\/fr\/wp-json\/wp\/v2\/types\/page"}],"author":[{"embeddable":true,"href":"https:\/\/www.ngk-alloys.com\/fr\/wp-json\/wp\/v2\/users\/1"}],"replies":[{"embeddable":true,"href":"https:\/\/www.ngk-alloys.com\/fr\/wp-json\/wp\/v2\/comments?post=742"}],"version-history":[{"count":10,"href":"https:\/\/www.ngk-alloys.com\/fr\/wp-json\/wp\/v2\/pages\/742\/revisions"}],"predecessor-version":[{"id":5687,"href":"https:\/\/www.ngk-alloys.com\/fr\/wp-json\/wp\/v2\/pages\/742\/revisions\/5687"}],"up":[{"embeddable":true,"href":"https:\/\/www.ngk-alloys.com\/fr\/wp-json\/wp\/v2\/pages\/732"}],"wp:attachment":[{"href":"https:\/\/www.ngk-alloys.com\/fr\/wp-json\/wp\/v2\/media?parent=742"}],"curies":[{"name":"wp","href":"https:\/\/api.w.org\/{rel}","templated":true}]}}