{"id":745,"date":"2025-01-07T11:20:59","date_gmt":"2025-01-07T10:20:59","guid":{"rendered":"https:\/\/www.ngk-alloys.com\/?page_id=745"},"modified":"2026-03-30T16:33:24","modified_gmt":"2026-03-30T14:33:24","slug":"lhistoire-du-groupe","status":"publish","type":"page","link":"https:\/\/www.ngk-alloys.com\/fr\/a-propos\/le-groupe-ngk\/lhistoire-du-groupe\/","title":{"rendered":"L&rsquo;histoire du Groupe"},"content":{"rendered":"<div class=\"row\"><div class=\"col-12 heading\">\n<h2 class=\"wp-block-heading\">Le Groupe NGK<\/h2>\n<\/div><\/div>\n\n<div class=\"row\"><div class=\"col-12 paragraph\">\n<p>Actif dans les domaines de la mobilit\u00e9, de l&rsquo;\u00e9nergie, de l&rsquo;IoT (Internet des objets) et de l&rsquo;industrie, NGK Corporation (NGK) s&rsquo;appuie sur des technologies c\u00e9ramiques propri\u00e9taires pour rapprocher le monde de la neutralit\u00e9 carbone et faire progresser la soci\u00e9t\u00e9 num\u00e9rique.<\/p>\n<\/div><\/div>\n\n<div class=\"row\"><div class=\"col-12 paragraph\">\n<p>Engag\u00e9 \u00e0 fournir des produits et services bas\u00e9s sur ces technologies c\u00e9ramiques uniques, NGK rel\u00e8ve le d\u00e9fi de cr\u00e9er une nouvelle valeur pour le d\u00e9veloppement d&rsquo;une soci\u00e9t\u00e9 plus confortable gr\u00e2ce \u00e0 des actions telles que la r\u00e9duction de la pression sur notre environnement mondial, la contribution \u00e0 une soci\u00e9t\u00e9 intelligente et la garantie de la stabilit\u00e9 de l&rsquo;approvisionnement en \u00e9nergie.<\/p>\n<\/div><\/div>\n\n<div class=\"row\"><div class=\"col-12 heading\">\n<h2 class=\"wp-block-heading\">Histoire du Groupe<\/h2>\n<\/div><\/div>\n\n\n<figure class=\"wp-block-table\"><table><tbody><tr><td>Date de cr\u00e9ation<\/td><td>5 mai 1919<\/td><\/tr><tr><td>Capital<\/td><td>\u00a5 70 milliards (au 31\/03\/2024) soit environ 410 millions d&rsquo;Euros<\/td><\/tr><tr><td>Chiffre d&rsquo;affaires<\/td><td>\u00a5 578,9 milliards (consolid\u00e9s, au 31\/03\/2024) soit environ 3,5 milliards d&rsquo;Euros<\/td><\/tr><tr><td>Direction<\/td><td>Pr\u00e9sident : Taku Oshima<br>Directeur g\u00e9n\u00e9ral : Shigeru Kobayashi<\/td><\/tr><tr><td>Nombre d&#8217;employ\u00e9s<\/td><td>Temps plein : 19 540 (consolid\u00e9s, au 31\/03\/2024)<br>Temps partiels et temporaires : 2 791 (en moyenne en 2023)<\/td><\/tr><tr><td>Soci\u00e9t\u00e9s du Groupe<\/td><td>47 filiales <br>(Asie : Japon, Cor\u00e9e du Sud, Chine, Indon\u00e9sie, Tha\u00eflande&#8230; Am\u00e9rique : U.S.A., Mexique&#8230; Europe : Allemagne, France, Belgique, Pologne, Royaume-Uni&#8230; Australie&#8230;)<br>1 soci\u00e9t\u00e9s affili\u00e9e<\/td><\/tr><tr><td>Activit\u00e9<\/td><td>Fabrication et vente de divers produits c\u00e9ramiques industriels, y compris des supports de catalyseurs en c\u00e9ramique pour le contr\u00f4le des \u00e9missions, des produits c\u00e9ramiques pour composants et dispositifs \u00e9lectroniques, des produits m\u00e9talliques sp\u00e9ciaux, des syst\u00e8mes de stockage d&rsquo;\u00e9nergie, des isolateurs et des \u00e9quipements li\u00e9s \u00e0 l&rsquo;\u00e9nergie \u00e9lectrique.<\/td><\/tr><\/tbody><\/table><\/figure>\n","protected":false},"excerpt":{"rendered":"<p>Le Groupe NGK Actif dans les domaines de la mobilit\u00e9, de l&rsquo;\u00e9nergie, de l&rsquo;IoT (Internet des objets) et de l&rsquo;industrie, NGK Corporation (NGK) s&rsquo;appuie sur des technologies c\u00e9ramiques propri\u00e9taires pour rapprocher le monde de la neutralit\u00e9 carbone et faire progresser la soci\u00e9t\u00e9 num\u00e9rique. Engag\u00e9 \u00e0 fournir des produits et services bas\u00e9s sur ces technologies c\u00e9ramiques [&hellip;]<\/p>\n","protected":false},"author":1,"featured_media":0,"parent":732,"menu_order":0,"comment_status":"closed","ping_status":"closed","template":"","meta":{"_acf_changed":false,"advgb_blocks_editor_width":"","advgb_blocks_columns_visual_guide":"","footnotes":""},"class_list":["post-745","page","type-page","status-publish","hentry"],"acf":[],"coauthors":[],"author_meta":{"author_link":"https:\/\/www.ngk-alloys.com\/fr\/author\/admin_ngk\/","display_name":"NGK BERYLCO"},"relative_dates":{"created":"Publi\u00e9 1 an il y a","modified":"Mis \u00e0 jour 3 semaines il y a"},"absolute_dates":{"created":"Publi\u00e9 le 7 janvier 2025","modified":"Mise \u00e0 jour le 30 mars 2026"},"absolute_dates_time":{"created":"Publi\u00e9 le 7 janvier 2025 11h20","modified":"Mise \u00e0 jour le 30 mars 2026 16h33"},"featured_img_caption":"","featured_img":false,"series_order":"","_links":{"self":[{"href":"https:\/\/www.ngk-alloys.com\/fr\/wp-json\/wp\/v2\/pages\/745","targetHints":{"allow":["GET"]}}],"collection":[{"href":"https:\/\/www.ngk-alloys.com\/fr\/wp-json\/wp\/v2\/pages"}],"about":[{"href":"https:\/\/www.ngk-alloys.com\/fr\/wp-json\/wp\/v2\/types\/page"}],"author":[{"embeddable":true,"href":"https:\/\/www.ngk-alloys.com\/fr\/wp-json\/wp\/v2\/users\/1"}],"replies":[{"embeddable":true,"href":"https:\/\/www.ngk-alloys.com\/fr\/wp-json\/wp\/v2\/comments?post=745"}],"version-history":[{"count":8,"href":"https:\/\/www.ngk-alloys.com\/fr\/wp-json\/wp\/v2\/pages\/745\/revisions"}],"predecessor-version":[{"id":5694,"href":"https:\/\/www.ngk-alloys.com\/fr\/wp-json\/wp\/v2\/pages\/745\/revisions\/5694"}],"up":[{"embeddable":true,"href":"https:\/\/www.ngk-alloys.com\/fr\/wp-json\/wp\/v2\/pages\/732"}],"wp:attachment":[{"href":"https:\/\/www.ngk-alloys.com\/fr\/wp-json\/wp\/v2\/media?parent=745"}],"curies":[{"name":"wp","href":"https:\/\/api.w.org\/{rel}","templated":true}]}}