{"id":780,"date":"2025-01-07T11:58:59","date_gmt":"2025-01-07T10:58:59","guid":{"rendered":"https:\/\/www.ngk-alloys.com\/?page_id=780"},"modified":"2025-11-10T15:15:08","modified_gmt":"2025-11-10T14:15:08","slug":"esg","status":"publish","type":"page","link":"https:\/\/www.ngk-alloys.com\/fr\/qse-conformite\/esg\/","title":{"rendered":"ESG"},"content":{"rendered":"<div class=\"row\"><div class=\"col-12 heading\">\n<h2 class=\"wp-block-heading\">Le Groupe NGK Insulators<\/h2>\n<\/div><\/div>\n\n    <div id=\"block-hero-block_552491b03a6874b301ee5bb2c6e57c15\" class=\"wrp-container block-hero\">\n        <div class=\"box-card-05\">\n            <div class=\"grid-row mb40 mb10-sp\">\n                <div class=\"grid-col--12\">\n                    <div class=\"box-card-05__inner\">\n                        \n<span class=\"box-card-06__image is-visiblePc\"><img decoding=\"async\" src=\"https:\/\/www.ngk-alloys.com\/wp-content\/uploads\/philosophie-ngk-709x439.jpg\" alt=\"\" class=\"fluid-image\"><\/span>\n<span class=\"box-card-06__image  is-visibleTablet js-fullbg\" style=\"background: url(https:\/\/www.ngk-alloys.com\/wp-content\/uploads\/philosophie-ngk-709x439.jpg) center center \/ cover; display: inline;\"><img decoding=\"async\" src=\"https:\/\/www.ngk-alloys.com\/wp-content\/uploads\/philosophie-ngk-660x464.jpg\" alt=\"\" class=\"fluid-image\" style=\"display: none;\"><\/span>\n<span class=\"box-card-06__image  is-visibleSp\"><img decoding=\"async\" src=\"https:\/\/www.ngk-alloys.com\/wp-content\/uploads\/philosophie-ngk-709x439.jpg\" alt=\"\" class=\"fluid-image\"><\/span>\n                        <div class=\"box-card-06__content right_content\">\n                            <p>La rubrique \u00ab\u00a0<a href=\"https:\/\/www.ngk-insulators.com\/en\/sustainability\/\" target=\"_blank\" rel=\"noopener\">Sustainability<\/a>\u00a0\u00bb (Durabilit\u00e9) du site\u00a0internet NGK Insulators explique en d\u00e9tail les engagements ESG (Environnement, Social et Gouvernance) de notre Groupe.<\/p>\n<p>Vous pouvez notamment consulter le Rapport d\u2019activit\u00e9 du Groupe, en anglais, ainsi que le code de conduite des salari\u00e9s du Groupe.<\/p>\n                                                    <\/div>\n                        \n                    <\/div>\n                <\/div>\n            <\/div>\n        <\/div>\n    <\/div>\n\n\n\n\n\n<div class=\"row\"><div class=\"col-12 heading\">\n<h3 class=\"wp-block-heading\">Philosophie du Groupe NGK<\/h3>\n<\/div><\/div>\n\n<div class=\"row\"><div class=\"col-12 paragraph\">\n<p><strong>Notre mission : Cr\u00e9er de la valeur pour la soci\u00e9t\u00e9 et lui apporter du bien-\u00eatre<\/strong>.<\/p>\n<\/div><\/div>\n\n<div class=\"row\"><div class=\"col-12 paragraph\">\n<p><strong>Nos valeurs :<\/strong><\/p>\n<\/div><\/div>\n\n\n<ul class=\"wp-block-list\">\n<li>Collaborateurs talentueux : Relever les d\u00e9fis et s\u2019entraider pour proposer des prestations optimales.<\/li>\n\n\n\n<li>Produits : Aller au-del\u00e0 des attentes.<\/li>\n\n\n\n<li>Gestion d\u2019entreprise : La confiance est notre pilier.<\/li>\n<\/ul>\n\n\n\n<div style=\"height:50px\" aria-hidden=\"true\" class=\"wp-block-spacer\"><\/div>\n\n\n\n<div class=\"wp-block-buttons is-layout-flex wp-block-buttons-is-layout-flex\">\n<div class=\"wp-block-button\"><a class=\"wp-block-button__link btn_long is-pdf is-target-blank wp-element-button\" href=\"https:\/\/www.ngk-alloys.com\/wp-content\/uploads\/NGK-Insulators_Integrated-Report_2024_EN.pdf\" target=\"_blank\" rel=\"noreferrer noopener\">Rapport d&rsquo;Activit\u00e9 du Groupe NGK 2024<\/a><\/div>\n<\/div>\n\n\n<div class=\"row\"><div class=\"col-12 heading\">\n<h3 class=\"wp-block-heading\">Code de conduite du Groupe NGK<\/h3>\n<\/div><\/div>\n\n<div class=\"row\"><div class=\"col-12 paragraph\">\n<p>Les salari\u00e9s de toutes les filiales du Groupe sont tenus de respecter le code de conduite NGK ax\u00e9 sur les huit grands principes suivants :<\/p>\n<\/div><\/div>\n\n\n<div style=\"height:30px\" aria-hidden=\"true\" class=\"wp-block-spacer\"><\/div>\n\n\n<div class=\"row\"><div class=\"col-12 paragraph\">\n<p class=\"has-text-color has-link-color wp-elements-94b4c2897697dc09e4f1781e4602a996\" style=\"color:#0a6fb3\"><strong>1. Cr\u00e9ation d\u2019une soci\u00e9t\u00e9 durable<\/strong><\/p>\n<\/div><\/div>\n\n\n<figure class=\"wp-block-image size-full\"><img loading=\"lazy\" decoding=\"async\" width=\"76\" height=\"76\" src=\"https:\/\/www.ngk-alloys.com\/wp-content\/uploads\/societe-durable.png\" alt=\"\" class=\"wp-image-2164\"\/><\/figure>\n\n\n<div class=\"row\"><div class=\"col-12 paragraph\">\n<p class=\"has-text-color has-link-color wp-elements-bc0c58e80e0b1ea6870a8af60a45dc9e\" style=\"color:#0a6fb3\">Nous cr\u00e9erons de nouvelles valeurs gr\u00e2ce \u00e0 la fourniture de produits et de services qui contribueront \u00e0 la communaut\u00e9 afin de cr\u00e9er une soci\u00e9t\u00e9 durable.<\/p>\n<\/div><\/div>\n\n\n<div style=\"height:30px\" aria-hidden=\"true\" class=\"wp-block-spacer\"><\/div>\n\n\n<div class=\"row\"><div class=\"col-12 paragraph\">\n<p class=\"has-text-color has-link-color wp-elements-e280fac9e61d60eb5e68f15be0ceda28\" style=\"color:#ea5532\"><strong>2. Respect des droits de l\u2019homme<\/strong><\/p>\n<\/div><\/div>\n\n\n<figure class=\"wp-block-image size-full\"><img loading=\"lazy\" decoding=\"async\" width=\"76\" height=\"60\" src=\"https:\/\/www.ngk-alloys.com\/wp-content\/uploads\/respect-droits-de-lhomme.png\" alt=\"\" class=\"wp-image-2165\"\/><\/figure>\n\n\n<div class=\"row\"><div class=\"col-12 paragraph\">\n<p class=\"has-text-color has-link-color wp-elements-37132730670b8fd476c6609c3d686672\" style=\"color:#ea5532\">Nous observerons scrupuleusement les normes internationales relatives aux droits de l\u2019homme et respecterons la diversit\u00e9.<\/p>\n<\/div><\/div>\n\n\n<div style=\"height:30px\" aria-hidden=\"true\" class=\"wp-block-spacer\"><\/div>\n\n\n<div class=\"row\"><div class=\"col-12 paragraph\">\n<p class=\"has-text-color has-link-color wp-elements-dd54ed2968aaba1c08652b2bb7000a9b\" style=\"color:#c77e00\"><strong>3. Fournir un environnement de travail s\u00fbr et agr\u00e9able<\/strong><\/p>\n<\/div><\/div>\n\n\n<figure class=\"wp-block-image size-full\"><img loading=\"lazy\" decoding=\"async\" width=\"76\" height=\"64\" src=\"https:\/\/www.ngk-alloys.com\/wp-content\/uploads\/environnement-travail-sur.png\" alt=\"\" class=\"wp-image-2166\"\/><\/figure>\n\n\n<div class=\"row\"><div class=\"col-12 paragraph\">\n<p class=\"has-text-color has-link-color wp-elements-c98ce92c8a0e8d68dc4abda62d58445b\" style=\"color:#c77e00\">Nous ferons en sorte d\u2019offrir un environnement de travail s\u00fbr et agr\u00e9able, confortable pour tout salari\u00e9.<\/p>\n<\/div><\/div>\n\n\n<div style=\"height:30px\" aria-hidden=\"true\" class=\"wp-block-spacer\"><\/div>\n\n\n<div class=\"row\"><div class=\"col-12 paragraph\">\n<p class=\"has-text-color has-link-color wp-elements-eb91b42024f5e945bc4f62bdd1a1f07e\" style=\"color:#7c3e1f\"><strong>4. Activit\u00e9s commerciales honn\u00eates<\/strong><\/p>\n<\/div><\/div>\n\n\n<figure class=\"wp-block-image size-full\"><img loading=\"lazy\" decoding=\"async\" width=\"76\" height=\"74\" src=\"https:\/\/www.ngk-alloys.com\/wp-content\/uploads\/activites-commerciales.png\" alt=\"\" class=\"wp-image-2167\"\/><\/figure>\n\n\n<div class=\"row\"><div class=\"col-12 paragraph\">\n<p class=\"has-text-color has-link-color wp-elements-01da62eb7639aa23c2b97b7b9320e103\" style=\"color:#7c3e1f\">Nous nous engageons \u00e0 entreprendre des activit\u00e9s commerciales \u00e9quitables et transparentes avec int\u00e9grit\u00e9 et \u00e0 respecter scrupuleusement les normes internationales, les lois et r\u00e9glementations de chaque pays et de chaque r\u00e9gion.<\/p>\n<\/div><\/div>\n\n\n<div style=\"height:30px\" aria-hidden=\"true\" class=\"wp-block-spacer\"><\/div>\n\n\n<div class=\"row\"><div class=\"col-12 paragraph\">\n<p class=\"has-text-color has-link-color wp-elements-4bbaaac4c1260c8545cfef4ef329fe13\" style=\"color:#36377a\"><strong>5. Protection des informations de l\u2019entreprise et responsabilit\u00e9<\/strong><\/p>\n<\/div><\/div>\n\n\n<figure class=\"wp-block-image size-full\"><img loading=\"lazy\" decoding=\"async\" width=\"76\" height=\"70\" src=\"https:\/\/www.ngk-alloys.com\/wp-content\/uploads\/protection-informations.png\" alt=\"\" class=\"wp-image-2168\"\/><\/figure>\n\n\n<div class=\"row\"><div class=\"col-12 paragraph\">\n<p class=\"has-text-color has-link-color wp-elements-6c2ae464b2bf3d75c3d281396343529b\" style=\"color:#36377a\">Nous promouvons un management sain et transparent gr\u00e2ce \u00e0 la communication active d\u2019informations et aux discussions avec les partenaires.<\/p>\n<\/div><\/div>\n\n\n<div style=\"height:30px\" aria-hidden=\"true\" class=\"wp-block-spacer\"><\/div>\n\n\n<div class=\"row\"><div class=\"col-12 paragraph\">\n<p class=\"has-text-color has-link-color wp-elements-a074e3ad007b0e45fdbfaa9f074375e3\" style=\"color:#0da0e2\"><strong>6. Int\u00e9grer la responsabilit\u00e9 soci\u00e9tale dans notre cha\u00eene d\u2019approvisionnement<\/strong><\/p>\n<\/div><\/div>\n\n\n<figure class=\"wp-block-image size-full\"><img loading=\"lazy\" decoding=\"async\" width=\"76\" height=\"84\" src=\"https:\/\/www.ngk-alloys.com\/wp-content\/uploads\/responsabilite-societale.png\" alt=\"\" class=\"wp-image-2169\"\/><\/figure>\n\n\n<div class=\"row\"><div class=\"col-12 paragraph\">\n<p class=\"has-text-color has-link-color wp-elements-4b626fdc55ea1779b40bc80226e08d7f\" style=\"color:#0da0e2\">Nous d\u00e9velopperons une structure qui assume les responsabilit\u00e9s soci\u00e9tales \u00e0 l\u2019\u00e9gard de nos homologues commerciaux et de la cha\u00eene globale d\u2019approvisionnement.<\/p>\n<\/div><\/div>\n\n\n<div style=\"height:30px\" aria-hidden=\"true\" class=\"wp-block-spacer\"><\/div>\n\n\n<div class=\"row\"><div class=\"col-12 paragraph\">\n<p class=\"has-text-color has-link-color wp-elements-e7db07ff2580bbda06bedeb42003069b\" style=\"color:#00a73c\"><strong>7. Pr\u00e9servation de l\u2019environnement mondial et plan\u00e9taire<\/strong><\/p>\n<\/div><\/div>\n\n\n<figure class=\"wp-block-image size-full\"><img loading=\"lazy\" decoding=\"async\" width=\"76\" height=\"58\" src=\"https:\/\/www.ngk-alloys.com\/wp-content\/uploads\/preservation-environnement.png\" alt=\"\" class=\"wp-image-2170\"\/><\/figure>\n\n\n<div class=\"row\"><div class=\"col-12 paragraph\">\n<p class=\"has-text-color has-link-color wp-elements-55c57ab87301a75f600812fc6b969417\" style=\"color:#00a73c\">Nous travaillerons dans le but de pr\u00e9server et r\u00e9soudre les probl\u00e8mes concernant l\u2019environnement mondial et plan\u00e9taire.<\/p>\n<\/div><\/div>\n\n\n<div style=\"height:30px\" aria-hidden=\"true\" class=\"wp-block-spacer\"><\/div>\n\n\n<div class=\"row\"><div class=\"col-12 paragraph\">\n<p class=\"has-text-color has-link-color wp-elements-3bed6313b3f561f5eaa66da3552c5e19\" style=\"color:#c4662c\"><strong>8. Coop\u00e9ration avec la r\u00e9gion et la soci\u00e9t\u00e9<\/strong><\/p>\n<\/div><\/div>\n\n\n<figure class=\"wp-block-image size-full\"><img loading=\"lazy\" decoding=\"async\" width=\"76\" height=\"70\" src=\"https:\/\/www.ngk-alloys.com\/wp-content\/uploads\/cooperation-region.png\" alt=\"\" class=\"wp-image-2171\"\/><\/figure>\n\n\n<div class=\"row\"><div class=\"col-12 paragraph\">\n<p class=\"has-text-color has-link-color wp-elements-36d9adeb8a7cc2eb49b4b886abc6ff3d\" style=\"color:#c4662c\">En tant qu\u2019entreprise citoyenne responsable, nous contribuerons au d\u00e9veloppement de la r\u00e9gion et de la soci\u00e9t\u00e9.<\/p>\n<\/div><\/div>\n\n<div class=\"row\"><div class=\"col-12 heading\">\n<h2 class=\"wp-block-heading\">NGL Berylco France<\/h2>\n<\/div><\/div>\n\n<div class=\"row\"><div class=\"col-12 heading\">\n<h3 class=\"wp-block-heading\">Environnement \u2013 Pour le futur<\/h3>\n<\/div><\/div>\n\n<div class=\"row\"><div class=\"col-12 paragraph\">\n<p>Notre soci\u00e9t\u00e9, soucieuse de respecter les r\u00e9glementations environnementales et de garantir la conformit\u00e9 de ses produits \u00e0 ses clients, a mis en \u0153uvre depuis de nombreuses ann\u00e9es des actions pour r\u00e9pondre aux exigences croissantes en mati\u00e8re d\u2019environnement.<\/p>\n<\/div><\/div>\n\n<div class=\"row\"><div class=\"col-12 paragraph\">\n<p>NGK Berylco France est certifi\u00e9e ISO 14001. Nous sommes engag\u00e9s dans une d\u00e9marche d\u2019am\u00e9lioration continue \u00e0 laquelle tout le personnel adh\u00e8re et participe. Nous nous effor\u00e7ons de ma\u00eetriser nos impacts environnementaux, d\u2019agir en acteur responsable et de participer activement \u00e0 la protection de l\u2019environnement pr\u00e9sent et futur. Ainsi, un recyclage syst\u00e9matique, pr\u00e9cis et rigoureux de tous les d\u00e9chets de production tels que m\u00e9taux, huiles de travail, acides, eaux de refroidissement, etc. a \u00e9t\u00e9 mis en place.<\/p>\n<\/div><\/div>\n\n\n<div style=\"height:30px\" aria-hidden=\"true\" class=\"wp-block-spacer\"><\/div>\n\n\n<div class=\"row\"><div class=\"col-12 paragraph\">\n<p><\/p>\n<\/div><\/div>\n\n    <div id=\"block-hero-block_2efa47038112dcdc43498611ff7a0eea\" class=\"wrp-container block-hero\">\n        <div class=\"box-card-05\">\n            <div class=\"grid-row mb40 mb10-sp\">\n                <div class=\"grid-col--12\">\n                    <div class=\"box-card-05__inner\">\n                        \n<span class=\"box-card-06__image is-visiblePc\"><img decoding=\"async\" src=\"https:\/\/www.ngk-alloys.com\/wp-content\/uploads\/DSC_9071-1-709x439.jpg\" alt=\"\" class=\"fluid-image\"><\/span>\n<span class=\"box-card-06__image  is-visibleTablet js-fullbg\" style=\"background: url(https:\/\/www.ngk-alloys.com\/wp-content\/uploads\/DSC_9071-1-709x439.jpg) center center \/ cover; display: inline;\"><img decoding=\"async\" src=\"https:\/\/www.ngk-alloys.com\/wp-content\/uploads\/DSC_9071-1-660x660.jpg\" alt=\"\" class=\"fluid-image\" style=\"display: none;\"><\/span>\n<span class=\"box-card-06__image  is-visibleSp\"><img decoding=\"async\" src=\"https:\/\/www.ngk-alloys.com\/wp-content\/uploads\/DSC_9071-1-709x439.jpg\" alt=\"\" class=\"fluid-image\"><\/span>\n                        <div class=\"box-card-06__content right_content\">\n                            <p>&nbsp;<\/p>\n<p>Nos proc\u00e9d\u00e9s de production n\u00e9cessitent beaucoup d\u2019\u00e9nergie \u00e9lectrique notamment.<\/p>\n<p>NGK Berylco France a fait le choix de recourir \u00e0 une<strong> \u00e9nergie verte 100% renouvelable <\/strong>pour ses proc\u00e9d\u00e9s de production.<\/p>\n<p>&nbsp;<\/p>\n<p><!-- \/wp:paragraph --> <!-- wp:paragraph --><\/p>\n<p>Au del\u00e0 de nos propres processus, nos produits \u00e9tant impliqu\u00e9s dans la transition \u00e9nerg\u00e9tique et num\u00e9rique, nous contribuons en partenariat avec nos clients \u00e0 d\u00e9velopper des solutions \u00e0 certains des d\u00e9fis critiques auxquels feront face les prochaines g\u00e9n\u00e9rations.<\/p>\n                                                    <\/div>\n                        \n                    <\/div>\n                <\/div>\n            <\/div>\n        <\/div>\n    <\/div>\n\n\n\n\n\n<div class=\"row\"><div class=\"col-12 heading\">\n<h2 class=\"wp-block-heading\">Environnement, Sant\u00e9 et S\u00e9curit\u00e9<\/h2>\n<\/div><\/div>\n\n<div class=\"row\"><div class=\"col-12 paragraph\">\n<p>Notre groupe NGK Insulators est l\u2019un des leaders mondiaux pour la fabrication des alliages de cuivre-b\u00e9ryllium. Nous participons activement aux \u00e9tudes environnementales men\u00e9es sur les substances pr\u00e9sentes dans nos produits, notamment le b\u00e9ryllium, \u00e9l\u00e9ment cl\u00e9 de nos alliages. <\/p>\n<\/div><\/div>\n\n<div class=\"row\"><div class=\"col-12 paragraph\">\n<p>NGK Berylco France est un membre fondateur et actif de l\u2019association du b\u00e9ryllium BeST (Beryllium Science &amp; Technology) fond\u00e9e en 2011 \u00e0 Bruxelles en Belgique. Dans ce cadre, nous avons particip\u00e9 au d\u00e9veloppement d\u2019un programme volontaire de bonnes pratiques sur les produits contenants du b\u00e9ryllium (Beryllium Product Stewardship Program) appel\u00e9 \u2018Be Responsible\u2019, accessible \u00e0 tous gratuitement en ligne (en anglais) sur <a href=\"https:\/\/www.berylliumsafety.eu\/\" target=\"_blank\" rel=\"noopener\">www.berylliumsafety.eu<\/a>.<\/p>\n<\/div><\/div>\n\n\n<div style=\"height:30px\" aria-hidden=\"true\" class=\"wp-block-spacer\"><\/div>\n\n\n    <div id=\"block-hero-block_b7c5db0159b4e763f8a75756bd485b04\" class=\"wrp-container block-hero\">\n        <div class=\"box-card-05\">\n            <div class=\"grid-row mb40 mb10-sp\">\n                <div class=\"grid-col--12\">\n                    <div class=\"box-card-05__inner\">\n                                                <div class=\"box-card-06__content left_content\">\n                            <p>Notre priorit\u00e9 est de nous conformer aux r\u00e9glementations l\u00e9gales en vigueur afin de garantir \u00e0 nos clients la p\u00e9rennit\u00e9 de nos produits.<\/p>\n<p>L\u2019approche positive du groupe NGK pour l\u2019environnement, la sant\u00e9 et la s\u00e9curit\u00e9 au travail commence par cette simple philosophie de notre soci\u00e9t\u00e9 : Les produits et technologies NGK doivent cr\u00e9er de la valeur et contribuer \u00e0 la qualit\u00e9 de vie.<\/p>\n<p>Nous sommes ax\u00e9s sur la pr\u00e9servation de notre environnement naturel et sur l\u2019am\u00e9lioration continue de nos conditions de travail. NGK Berylco France est doublement certifi\u00e9e ISO 14001 et ISO 45001.\u00a0Nous sommes r\u00e9guli\u00e8rement audit\u00e9s par notre organisme de certification, notre groupe ainsi que par nos clients, partenaires et autorit\u00e9s locales.<\/p>\n                                                    <\/div>\n                        \n<span class=\"box-card-06__image is-visiblePc\"><img decoding=\"async\" src=\"https:\/\/www.ngk-alloys.com\/wp-content\/uploads\/IMG_8999-1-709x439.jpg\" alt=\"\" class=\"fluid-image\"><\/span>\n<span class=\"box-card-06__image  is-visibleTablet js-fullbg\" style=\"background: url(https:\/\/www.ngk-alloys.com\/wp-content\/uploads\/IMG_8999-1-709x439.jpg) center center \/ cover; display: inline;\"><img decoding=\"async\" src=\"https:\/\/www.ngk-alloys.com\/wp-content\/uploads\/IMG_8999-1-660x660.jpg\" alt=\"\" class=\"fluid-image\" style=\"display: none;\"><\/span>\n<span class=\"box-card-06__image  is-visibleSp\"><img decoding=\"async\" src=\"https:\/\/www.ngk-alloys.com\/wp-content\/uploads\/IMG_8999-1-709x439.jpg\" alt=\"\" class=\"fluid-image\"><\/span>\n\n                    <\/div>\n                <\/div>\n            <\/div>\n        <\/div>\n    <\/div>\n\n\n\n\n\n<div class=\"row\"><div class=\"col-12 paragraph\">\n<p><\/p>\n<\/div><\/div>\n\n<div class=\"row\"><div class=\"col-12 paragraph\">\n<p><\/p>\n<\/div><\/div>\n\n\n<div style=\"height:50px\" aria-hidden=\"true\" class=\"wp-block-spacer\"><\/div>\n\n\n\n<div class=\"wp-block-buttons is-layout-flex wp-block-buttons-is-layout-flex\">\n<div class=\"wp-block-button\"><a class=\"wp-block-button__link btn_long is-pdf wp-element-button\" href=\"https:\/\/www.ngk-alloys.com\/wp-content\/uploads\/ISO-14001_NGK-BERYLCO-FRANCE_28.02.2027.pdf\">Certificat ISO 14001<\/a><\/div>\n\n\n\n<div class=\"wp-block-button\"><a class=\"wp-block-button__link btn_long is-pdf is-target-blank wp-element-button\" href=\"https:\/\/www.ngk-alloys.com\/wp-content\/uploads\/ISO-45001_NGK-BERYLCO-FRANCE_28.02.2027-1.pdf\" target=\"_blank\" rel=\"noreferrer noopener\">Certificat ISO 45001<\/a><\/div>\n<\/div>\n\n\n\n<div style=\"height:50px\" aria-hidden=\"true\" class=\"wp-block-spacer\"><\/div>\n\n\n<div class=\"row\"><div class=\"col-12 paragraph\">\n<p><\/p>\n<\/div><\/div>","protected":false},"excerpt":{"rendered":"<p>Le Groupe NGK Insulators Philosophie du Groupe NGK Notre mission : Cr\u00e9er de la valeur pour la soci\u00e9t\u00e9 et lui apporter du bien-\u00eatre. Nos valeurs : Code de conduite du Groupe NGK Les salari\u00e9s de toutes les filiales du Groupe sont tenus de respecter le code de conduite NGK ax\u00e9 sur les huit grands principes [&hellip;]<\/p>\n","protected":false},"author":1,"featured_media":0,"parent":418,"menu_order":0,"comment_status":"closed","ping_status":"closed","template":"","meta":{"_acf_changed":false,"advgb_blocks_editor_width":"","advgb_blocks_columns_visual_guide":"","footnotes":""},"class_list":["post-780","page","type-page","status-publish","hentry"],"acf":[],"coauthors":[],"author_meta":{"author_link":"https:\/\/www.ngk-alloys.com\/fr\/author\/admin_ngk\/","display_name":"NGK BERYLCO"},"relative_dates":{"created":"Publi\u00e9 1 an il y a","modified":"Mis \u00e0 jour 5 mois il y a"},"absolute_dates":{"created":"Publi\u00e9 le 7 janvier 2025","modified":"Mise \u00e0 jour le 10 novembre 2025"},"absolute_dates_time":{"created":"Publi\u00e9 le 7 janvier 2025 11h58","modified":"Mise \u00e0 jour le 10 novembre 2025 15h15"},"featured_img_caption":"","featured_img":false,"series_order":"","_links":{"self":[{"href":"https:\/\/www.ngk-alloys.com\/fr\/wp-json\/wp\/v2\/pages\/780","targetHints":{"allow":["GET"]}}],"collection":[{"href":"https:\/\/www.ngk-alloys.com\/fr\/wp-json\/wp\/v2\/pages"}],"about":[{"href":"https:\/\/www.ngk-alloys.com\/fr\/wp-json\/wp\/v2\/types\/page"}],"author":[{"embeddable":true,"href":"https:\/\/www.ngk-alloys.com\/fr\/wp-json\/wp\/v2\/users\/1"}],"replies":[{"embeddable":true,"href":"https:\/\/www.ngk-alloys.com\/fr\/wp-json\/wp\/v2\/comments?post=780"}],"version-history":[{"count":25,"href":"https:\/\/www.ngk-alloys.com\/fr\/wp-json\/wp\/v2\/pages\/780\/revisions"}],"predecessor-version":[{"id":4239,"href":"https:\/\/www.ngk-alloys.com\/fr\/wp-json\/wp\/v2\/pages\/780\/revisions\/4239"}],"up":[{"embeddable":true,"href":"https:\/\/www.ngk-alloys.com\/fr\/wp-json\/wp\/v2\/pages\/418"}],"wp:attachment":[{"href":"https:\/\/www.ngk-alloys.com\/fr\/wp-json\/wp\/v2\/media?parent=780"}],"curies":[{"name":"wp","href":"https:\/\/api.w.org\/{rel}","templated":true}]}}