{"id":800,"date":"2025-01-07T12:26:12","date_gmt":"2025-01-07T11:26:12","guid":{"rendered":"https:\/\/www.ngk-alloys.com\/?page_id=800"},"modified":"2025-11-10T15:22:06","modified_gmt":"2025-11-10T14:22:06","slug":"recyclage","status":"publish","type":"page","link":"https:\/\/www.ngk-alloys.com\/fr\/qse-conformite\/recyclage\/","title":{"rendered":"Recyclage"},"content":{"rendered":"<div class=\"row\"><div class=\"col-12 heading\">\n<h2 class=\"wp-block-heading\">Notre politique recyclage<\/h2>\n<\/div><\/div>\n\n<div class=\"row\"><div class=\"col-12 paragraph\">\n<p>Notre soci\u00e9t\u00e9, soucieuse de respecter les r\u00e9glementations environnementales et de garantir la conformit\u00e9 de nos produits \u00e0 nos clients, a mis en \u0153uvre, depuis d\u00e9j\u00e0 de nombreuses ann\u00e9es, des actions pour r\u00e9pondre aux exigences croissantes en mati\u00e8re d\u2019environnement.<\/p>\n<\/div><\/div>\n\n\n<div style=\"height:30px\" aria-hidden=\"true\" class=\"wp-block-spacer\"><\/div>\n\n\n    <div id=\"block-hero-block_7220f1018810d015cede279b54f42daa\" class=\"wrp-container block-hero\">\n        <div class=\"box-card-05\">\n            <div class=\"grid-row mb40 mb10-sp\">\n                <div class=\"grid-col--12\">\n                    <div class=\"box-card-05__inner\">\n                        \n<span class=\"box-card-06__image is-visiblePc\"><img decoding=\"async\" src=\"https:\/\/www.ngk-alloys.com\/wp-content\/uploads\/IMG_9004-709x439.jpeg\" alt=\"\" class=\"fluid-image\"><\/span>\n<span class=\"box-card-06__image  is-visibleTablet js-fullbg\" style=\"background: url(https:\/\/www.ngk-alloys.com\/wp-content\/uploads\/IMG_9004-709x439.jpeg) center center \/ cover; display: inline;\"><img decoding=\"async\" src=\"https:\/\/www.ngk-alloys.com\/wp-content\/uploads\/IMG_9004-660x660.jpeg\" alt=\"\" class=\"fluid-image\" style=\"display: none;\"><\/span>\n<span class=\"box-card-06__image  is-visibleSp\"><img decoding=\"async\" src=\"https:\/\/www.ngk-alloys.com\/wp-content\/uploads\/IMG_9004-709x439.jpeg\" alt=\"\" class=\"fluid-image\"><\/span>\n                        <div class=\"box-card-06__content right_content\">\n                            <p>NGK Berylco France est certifi\u00e9e ISO 14001. Nous sommes engag\u00e9s dans une d\u00e9marche d\u2019am\u00e9lioration continue \u00e0 laquelle tout le personnel adh\u00e8re et participe.<\/p>\n<p>Notre volont\u00e9 est de ma\u00eetriser nos impacts environnementaux, d\u2019agir de fa\u00e7on responsable et de participer activement \u00e0 la protection de l\u2019environnement pr\u00e9sent et futur.<\/p>\n<p>&nbsp;<\/p>\n<p>Ainsi, un recyclage syst\u00e9matique, pr\u00e9cis et rigoureux de tous les d\u00e9chets de production tels que huiles de travail, acides, eaux de refroidissement, etc. ainsi que des chutes de production (m\u00e9taux) a \u00e9t\u00e9 mis en place.<\/p>\n                                                    <\/div>\n                        \n                    <\/div>\n                <\/div>\n            <\/div>\n        <\/div>\n    <\/div>\n\n\n\n\n\n<div class=\"row\"><div class=\"col-12 heading\">\n<h2 class=\"wp-block-heading\">Le recyclage mati\u00e8re<\/h2>\n<\/div><\/div>\n\n<div class=\"row\"><div class=\"col-12 paragraph\">\n<p>Le cuivre-b\u00e9ryllium est un mat\u00e9riau durable. Il peut \u00eatre recycl\u00e9 \u00e0 100% et \u00e0 l\u2019infini sans alt\u00e9rer ses caract\u00e9ristiques uniques.<\/p>\n<\/div><\/div>\n\n<div class=\"row\"><div class=\"col-12 paragraph\">\n<p>Recycler le cuivre-b\u00e9ryllium, c\u2019est \u00e9conomiser les ressources naturelles (minerais), r\u00e9duire les activit\u00e9s d&rsquo;extraction mini\u00e8re et prot\u00e9ger ainsi les paysages et la biodiversit\u00e9. C&rsquo;est aussi \u00e9conomiser l\u2019\u00e9nergie n\u00e9cessaire pour produire le m\u00e9tal primaire (75% d\u2019\u00e9conomie d\u2019\u00e9nergie estim\u00e9e), diminuer les \u00e9missions carbones et r\u00e9duire les co\u00fbts et impacts environnementaux li\u00e9s au stockage et \u00e0 l&rsquo;\u00e9limination des d\u00e9chets issus de la transformation des minerais.<\/p>\n<\/div><\/div>\n\n\n<div style=\"height:30px\" aria-hidden=\"true\" class=\"wp-block-spacer\"><\/div>\n\n\n    <div id=\"block-hero-block_dde3845af00a7e2b9a6a9cde90d8b393\" class=\"wrp-container block-hero\">\n        <div class=\"box-card-05\">\n            <div class=\"grid-row mb40 mb10-sp\">\n                <div class=\"grid-col--12\">\n                    <div class=\"box-card-05__inner\">\n                                                <div class=\"box-card-06__content left_content\">\n                            <p><!-- wp:paragraph --><\/p>\n<p>Les chutes de production issues des articles en alliages cuivre-b\u00e9ryllium peuvent \u00eatre directement recycl\u00e9es afin de produire un nouvel alliage, int\u00e9ressant d\u2019un point de vue environnemental et \u00e9conomique. Nous recyclons nos propres chutes de production et reprenons celles de nos clients.<\/p>\n<p>Nous estimons ainsi que <strong>30 \u00e0 40% <\/strong>de notre production d\u2019alliages est recycl\u00e9e en nouveaux alliages.<\/p>\n<p>&nbsp;<\/p>\n<p><!-- \/wp:paragraph --> <!-- wp:paragraph --><\/p>\n<p>Le b\u00e9ryllium est un mat\u00e9riau \u00e0 tr\u00e8s haute valeur ajout\u00e9e et financi\u00e8re. Les composants m\u00e9talliques en b\u00e9ryllium m\u00e9tal pur utilis\u00e9s dans des applications de hautes technologies peuvent \u00eatre \u00e9galement facilement recycl\u00e9s.<\/p>\n                                                    <\/div>\n                        \n<span class=\"box-card-06__image is-visiblePc\"><img decoding=\"async\" src=\"https:\/\/www.ngk-alloys.com\/wp-content\/uploads\/IMG_9111-709x439.jpg\" alt=\"\" class=\"fluid-image\"><\/span>\n<span class=\"box-card-06__image  is-visibleTablet js-fullbg\" style=\"background: url(https:\/\/www.ngk-alloys.com\/wp-content\/uploads\/IMG_9111-709x439.jpg) center center \/ cover; display: inline;\"><img decoding=\"async\" src=\"https:\/\/www.ngk-alloys.com\/wp-content\/uploads\/IMG_9111-660x660.jpg\" alt=\"\" class=\"fluid-image\" style=\"display: none;\"><\/span>\n<span class=\"box-card-06__image  is-visibleSp\"><img decoding=\"async\" src=\"https:\/\/www.ngk-alloys.com\/wp-content\/uploads\/IMG_9111-709x439.jpg\" alt=\"\" class=\"fluid-image\"><\/span>\n\n                    <\/div>\n                <\/div>\n            <\/div>\n        <\/div>\n    <\/div>\n\n\n\n\n\n<div class=\"row\"><div class=\"col-12 heading\">\n<h2 class=\"wp-block-heading\">NGK Berylco reprend vos chutes de production et stocks de mati\u00e8res premi\u00e8res non utilis\u00e9es<\/h2>\n<\/div><\/div>\n\n\n<div style=\"height:30px\" aria-hidden=\"true\" class=\"wp-block-spacer\"><\/div>\n\n\n    <div id=\"block-hero-block_12abea20488a9afcf3c3b718e424cbb6\" class=\"wrp-container block-hero\">\n        <div class=\"box-card-05\">\n            <div class=\"grid-row mb40 mb10-sp\">\n                <div class=\"grid-col--12\">\n                    <div class=\"box-card-05__inner\">\n                        \n<span class=\"box-card-06__image is-visiblePc\"><img decoding=\"async\" src=\"https:\/\/www.ngk-alloys.com\/wp-content\/uploads\/IMG_9052-709x439.jpeg\" alt=\"\" class=\"fluid-image\"><\/span>\n<span class=\"box-card-06__image  is-visibleTablet js-fullbg\" style=\"background: url(https:\/\/www.ngk-alloys.com\/wp-content\/uploads\/IMG_9052-709x439.jpeg) center center \/ cover; display: inline;\"><img decoding=\"async\" src=\"https:\/\/www.ngk-alloys.com\/wp-content\/uploads\/IMG_9052-660x660.jpeg\" alt=\"\" class=\"fluid-image\" style=\"display: none;\"><\/span>\n<span class=\"box-card-06__image  is-visibleSp\"><img decoding=\"async\" src=\"https:\/\/www.ngk-alloys.com\/wp-content\/uploads\/IMG_9052-709x439.jpeg\" alt=\"\" class=\"fluid-image\"><\/span>\n                        <div class=\"box-card-06__content right_content\">\n                            <p>Nous reprenons vos chutes de production issues de nos alliages Berylco, dans la mesure o\u00f9 elles r\u00e9pondent \u00e0 nos exigences : les chutes m\u00e9talliques doivent \u00eatre tri\u00e9es par type d\u2019alliage et propres.<\/p>\n<p>&nbsp;<\/p>\n<p>Nos produits sont recyclables \u00e0 l\u2019infini et permettent de d\u00e9velopper une \u00e9conomie circulaire b\u00e9n\u00e9fique \u00e0 l\u2019environnement.<\/p>\n<p>&nbsp;<\/p>\n<p>N\u2019h\u00e9sitez pas \u00e0 nous contacter pour une offre de rachat de vos chutes de production et stocks mati\u00e8re non utilis\u00e9e.<\/p>\n                                                    <\/div>\n                        \n                    <\/div>\n                <\/div>\n            <\/div>\n        <\/div>\n    <\/div>\n\n\n\n","protected":false},"excerpt":{"rendered":"<p>Notre politique recyclage Notre soci\u00e9t\u00e9, soucieuse de respecter les r\u00e9glementations environnementales et de garantir la conformit\u00e9 de nos produits \u00e0 nos clients, a mis en \u0153uvre, depuis d\u00e9j\u00e0 de nombreuses ann\u00e9es, des actions pour r\u00e9pondre aux exigences croissantes en mati\u00e8re d\u2019environnement. Le recyclage mati\u00e8re Le cuivre-b\u00e9ryllium est un mat\u00e9riau durable. Il peut \u00eatre recycl\u00e9 \u00e0 [&hellip;]<\/p>\n","protected":false},"author":1,"featured_media":0,"parent":418,"menu_order":0,"comment_status":"closed","ping_status":"closed","template":"","meta":{"_acf_changed":false,"advgb_blocks_editor_width":"","advgb_blocks_columns_visual_guide":"","footnotes":""},"class_list":["post-800","page","type-page","status-publish","hentry"],"acf":[],"coauthors":[],"author_meta":{"author_link":"https:\/\/www.ngk-alloys.com\/fr\/author\/admin_ngk\/","display_name":"NGK BERYLCO"},"relative_dates":{"created":"Publi\u00e9 1 an il y a","modified":"Mis \u00e0 jour 5 mois il y a"},"absolute_dates":{"created":"Publi\u00e9 le 7 janvier 2025","modified":"Mise \u00e0 jour le 10 novembre 2025"},"absolute_dates_time":{"created":"Publi\u00e9 le 7 janvier 2025 12h26","modified":"Mise \u00e0 jour le 10 novembre 2025 15h22"},"featured_img_caption":"","featured_img":false,"series_order":"","_links":{"self":[{"href":"https:\/\/www.ngk-alloys.com\/fr\/wp-json\/wp\/v2\/pages\/800","targetHints":{"allow":["GET"]}}],"collection":[{"href":"https:\/\/www.ngk-alloys.com\/fr\/wp-json\/wp\/v2\/pages"}],"about":[{"href":"https:\/\/www.ngk-alloys.com\/fr\/wp-json\/wp\/v2\/types\/page"}],"author":[{"embeddable":true,"href":"https:\/\/www.ngk-alloys.com\/fr\/wp-json\/wp\/v2\/users\/1"}],"replies":[{"embeddable":true,"href":"https:\/\/www.ngk-alloys.com\/fr\/wp-json\/wp\/v2\/comments?post=800"}],"version-history":[{"count":21,"href":"https:\/\/www.ngk-alloys.com\/fr\/wp-json\/wp\/v2\/pages\/800\/revisions"}],"predecessor-version":[{"id":4248,"href":"https:\/\/www.ngk-alloys.com\/fr\/wp-json\/wp\/v2\/pages\/800\/revisions\/4248"}],"up":[{"embeddable":true,"href":"https:\/\/www.ngk-alloys.com\/fr\/wp-json\/wp\/v2\/pages\/418"}],"wp:attachment":[{"href":"https:\/\/www.ngk-alloys.com\/fr\/wp-json\/wp\/v2\/media?parent=800"}],"curies":[{"name":"wp","href":"https:\/\/api.w.org\/{rel}","templated":true}]}}