{"id":803,"date":"2025-01-07T12:30:46","date_gmt":"2025-01-07T11:30:46","guid":{"rendered":"https:\/\/www.ngk-alloys.com\/?page_id=803"},"modified":"2026-01-21T15:17:28","modified_gmt":"2026-01-21T14:17:28","slug":"politique-qualite","status":"publish","type":"page","link":"https:\/\/www.ngk-alloys.com\/fr\/qse-conformite\/politique-qualite\/","title":{"rendered":"Politique Qualit\u00e9"},"content":{"rendered":"<div class=\"row\"><div class=\"col-12 heading\">\n<h2 class=\"wp-block-heading\">Produits et services de qualit\u00e9<\/h2>\n<\/div><\/div>\n\n<div class=\"row\"><div class=\"col-12 paragraph\">\n<p>Notre soci\u00e9t\u00e9, certifi\u00e9e depuis 1992, assure le contr\u00f4le de la qualit\u00e9 depuis la r\u00e9ception des \u00e9bauches jusqu\u2019au contr\u00f4le final, selon les cahiers des charges ou les exigences particuli\u00e8res de nos clients.<\/p>\n<\/div><\/div>\n\n<div class=\"row\"><div class=\"col-12 paragraph\">\n<p>L\u2019un de nos principaux objectifs est votre satisfaction. Nous invitons nos clients \u00e0 r\u00e9pondre \u00e0 notre questionnaire de satisfaction client, en ligne ci-dessous :<\/p>\n<\/div><\/div>\n\n\n<div style=\"height:30px\" aria-hidden=\"true\" class=\"wp-block-spacer\"><\/div>\n\n\n\n<div class=\"wp-block-buttons is-layout-flex wp-block-buttons-is-layout-flex\">\n<div class=\"wp-block-button\"><a class=\"wp-block-button__link btn_long wp-element-button\" href=\"https:\/\/www.ngk-alloys.com\/fr\/contact\/questionnaire-de-satisfaction\/\">Questionnaire de Satisfaction Client <strong>FR <\/strong><\/a><\/div>\n<\/div>\n\n\n\n<div style=\"height:30px\" aria-hidden=\"true\" class=\"wp-block-spacer\"><\/div>\n\n\n<div class=\"row\"><div class=\"col-12 paragraph\">\n<p>L&rsquo;excellente qualit\u00e9 de nos produits semi-finis assure une productivit\u00e9 \u00e9lev\u00e9e de r\u00e9alisation de pi\u00e8ces \u00e0 nos clients. La haute qualit\u00e9 de nos produits peut \u00eatre atteinte gr\u00e2ce au savoir-faire et \u00e0 l&rsquo;engagement de nos employ\u00e9s, ainsi qu\u2019\u00e0 notre volont\u00e9 d\u2019am\u00e9lioration quotidienne et continue.<\/p>\n<\/div><\/div>\n\n<div class=\"row\"><div class=\"col-12 paragraph\">\n<p>Le syst\u00e8me de management de la qualit\u00e9 de NGK Berylco France est bas\u00e9 sur quatre certifications : EN 9100, ISO 9001, ISO 14001 et ISO 45001. La d\u00e9tention de ces quatre approbations montre \u00e0 quel point NGK Berylco est impliqu\u00e9e dans la satisfaction des besoins de ses clients pour des applications de haute technologie.<\/p>\n<\/div><\/div>\n\n<div class=\"row\"><div class=\"col-12 heading\">\n<h2 class=\"wp-block-heading\">Notre Politique Qualit\u00e9<\/h2>\n<\/div><\/div>\n\n<div class=\"row\"><div class=\"col-12 heading\">\n<h3 class=\"wp-block-heading\">Satisfaction clients<\/h3>\n<\/div><\/div>\n\n<div class=\"row\"><div class=\"col-12 paragraph\">\n<p>La satisfaction de nos clients est la cl\u00e9 de notre succ\u00e8s face \u00e0 la concurrence mondiale. Nos activit\u00e9s commerciales reposent sur une coop\u00e9ration \u00e9troite avec nos clients, ax\u00e9e sur le partenariat et la confiance. <\/p>\n<\/div><\/div>\n\n<div class=\"row\"><div class=\"col-12 heading\">\n<h3 class=\"wp-block-heading\">Qualit\u00e9 de service<\/h3>\n<\/div><\/div>\n\n<div class=\"row\"><div class=\"col-12 paragraph\">\n<p>Obtenir et d\u00e9livrer une qualit\u00e9 optimale est primordiale pour notre activit\u00e9. Tous nos collaborateurs s&rsquo;engagent \u00e0 r\u00e9agir avec rapidit\u00e9 et flexibilit\u00e9 aux exigences de nos clients telles que la qualit\u00e9, le service, les d\u00e9lais de livraison et la performance.<\/p>\n<\/div><\/div>\n\n<div class=\"row\"><div class=\"col-12 heading\">\n<h3 class=\"wp-block-heading\">Am\u00e9lioration continue<\/h3>\n<\/div><\/div>\n\n<div class=\"row\"><div class=\"col-12 paragraph\">\n<p>L&rsquo;am\u00e9lioration continue de tous les processus et de nos produits ainsi que l&rsquo;efficacit\u00e9 du syst\u00e8me de qualit\u00e9 constituent la base de notre comp\u00e9titivit\u00e9 et de notre succ\u00e8s permanent.<\/p>\n<\/div><\/div>\n\n<div class=\"row\"><div class=\"col-12 heading\">\n<h3 class=\"wp-block-heading\">Exigences Qualit\u00e9, S\u00e9curit\u00e9 et Environnement Fournisseurs<\/h3>\n<\/div><\/div>\n\n<div class=\"row\"><div class=\"col-12 paragraph\">\n<p>Le document t\u00e9l\u00e9chargeable ci-apr\u00e8s d\u00e9finit les exigences de NGK Berylco France vis \u00e0 vis de ses fournisseurs en mati\u00e8re de management qualit\u00e9 et environnemental ainsi que de sant\u00e9 et s\u00e9curit\u00e9 au travail. En fran\u00e7ais et en anglais.<\/p>\n<\/div><\/div>\n\n\n<div style=\"height:20px\" aria-hidden=\"true\" class=\"wp-block-spacer\"><\/div>\n\n\n\n<div class=\"wp-block-buttons is-layout-flex wp-block-buttons-is-layout-flex\">\n<div class=\"wp-block-button\"><a class=\"wp-block-button__link btn_long is-pdf wp-element-button\" href=\"https:\/\/www.ngk-alloys.com\/wp-content\/uploads\/Exigences-QSHE-Fournisseurs-NGK-Berylco-France_FR-EN_04.2024.pdf\">Exigences QSE Fournisseurs<\/a><\/div>\n<\/div>\n\n\n<div class=\"js-fade fadeInUp box-specialcontents pt80 pt20-sp mb75-sp animated\" data-wow-delay=\".2s\">\n\n                <div class=\"box-slider bg-white\">\n            <div class=\"grid-row js-slider-col3 lst-slider lst-specialcontents pl20 pr20 pl0-sp pr0-sp\">\n\n                        \n\n                                        <div class=\"grid-col--4 \" style=\"width: 100%; display: inline-block;\">\n                                            <div class=\"box-slider__inner\" tabindex=\"-1\">\n                                                <span class=\"box-slider__image\">\n                                                    <img decoding=\"async\" src=\"https:\/\/www.ngk-alloys.com\/wp-content\/uploads\/IMG_8919-450x300.jpg\" alt=\"\" class=\"fluid-image\">\n                                                <\/span>\n                                                <span class=\"box-slider__content js-mh-item\">\n                                                  <span class=\"box-slider__text\"><\/span>\n                                                <\/span>\n                                            <\/div>\n                                        <\/div>\n\n\n\n\n                                \n\n                                        <div class=\"grid-col--4 \" style=\"width: 100%; display: inline-block;\">\n                                            <div class=\"box-slider__inner\" tabindex=\"-1\">\n                                                <span class=\"box-slider__image\">\n                                                    <img decoding=\"async\" src=\"https:\/\/www.ngk-alloys.com\/wp-content\/uploads\/DSC_9138-450x300.jpg\" alt=\"\" class=\"fluid-image\">\n                                                <\/span>\n                                                <span class=\"box-slider__content js-mh-item\">\n                                                  <span class=\"box-slider__text\"><\/span>\n                                                <\/span>\n                                            <\/div>\n                                        <\/div>\n\n\n\n\n                                \n\n                                        <div class=\"grid-col--4 \" style=\"width: 100%; display: inline-block;\">\n                                            <div class=\"box-slider__inner\" tabindex=\"-1\">\n                                                <span class=\"box-slider__image\">\n                                                    <img decoding=\"async\" src=\"https:\/\/www.ngk-alloys.com\/wp-content\/uploads\/DSC_9169-450x300.jpg\" alt=\"\" class=\"fluid-image\">\n                                                <\/span>\n                                                <span class=\"box-slider__content js-mh-item\">\n                                                  <span class=\"box-slider__text\"><\/span>\n                                                <\/span>\n                                            <\/div>\n                                        <\/div>\n\n\n\n\n                                            <\/div>\n        <\/div>\n\n<\/div>\n\n<div class=\"row\"><div class=\"col-12 paragraph\">\n<p><\/p>\n<\/div><\/div>","protected":false},"excerpt":{"rendered":"<p>Produits et services de qualit\u00e9 Notre soci\u00e9t\u00e9, certifi\u00e9e depuis 1992, assure le contr\u00f4le de la qualit\u00e9 depuis la r\u00e9ception des \u00e9bauches jusqu\u2019au contr\u00f4le final, selon les cahiers des charges ou les exigences particuli\u00e8res de nos clients. L\u2019un de nos principaux objectifs est votre satisfaction. Nous invitons nos clients \u00e0 r\u00e9pondre \u00e0 notre questionnaire de satisfaction [&hellip;]<\/p>\n","protected":false},"author":1,"featured_media":0,"parent":418,"menu_order":0,"comment_status":"closed","ping_status":"closed","template":"","meta":{"_acf_changed":false,"advgb_blocks_editor_width":"","advgb_blocks_columns_visual_guide":"","footnotes":""},"class_list":["post-803","page","type-page","status-publish","hentry"],"acf":[],"coauthors":[],"author_meta":{"author_link":"https:\/\/www.ngk-alloys.com\/fr\/author\/admin_ngk\/","display_name":"NGK BERYLCO"},"relative_dates":{"created":"Publi\u00e9 1 an il y a","modified":"Mis \u00e0 jour 3 mois il y a"},"absolute_dates":{"created":"Publi\u00e9 le 7 janvier 2025","modified":"Mise \u00e0 jour le 21 janvier 2026"},"absolute_dates_time":{"created":"Publi\u00e9 le 7 janvier 2025 12h30","modified":"Mise \u00e0 jour le 21 janvier 2026 15h17"},"featured_img_caption":"","featured_img":false,"series_order":"","_links":{"self":[{"href":"https:\/\/www.ngk-alloys.com\/fr\/wp-json\/wp\/v2\/pages\/803","targetHints":{"allow":["GET"]}}],"collection":[{"href":"https:\/\/www.ngk-alloys.com\/fr\/wp-json\/wp\/v2\/pages"}],"about":[{"href":"https:\/\/www.ngk-alloys.com\/fr\/wp-json\/wp\/v2\/types\/page"}],"author":[{"embeddable":true,"href":"https:\/\/www.ngk-alloys.com\/fr\/wp-json\/wp\/v2\/users\/1"}],"replies":[{"embeddable":true,"href":"https:\/\/www.ngk-alloys.com\/fr\/wp-json\/wp\/v2\/comments?post=803"}],"version-history":[{"count":17,"href":"https:\/\/www.ngk-alloys.com\/fr\/wp-json\/wp\/v2\/pages\/803\/revisions"}],"predecessor-version":[{"id":5161,"href":"https:\/\/www.ngk-alloys.com\/fr\/wp-json\/wp\/v2\/pages\/803\/revisions\/5161"}],"up":[{"embeddable":true,"href":"https:\/\/www.ngk-alloys.com\/fr\/wp-json\/wp\/v2\/pages\/418"}],"wp:attachment":[{"href":"https:\/\/www.ngk-alloys.com\/fr\/wp-json\/wp\/v2\/media?parent=803"}],"curies":[{"name":"wp","href":"https:\/\/api.w.org\/{rel}","templated":true}]}}