{"id":805,"date":"2025-01-07T12:37:38","date_gmt":"2025-01-07T11:37:38","guid":{"rendered":"https:\/\/www.ngk-alloys.com\/?page_id=805"},"modified":"2025-11-10T15:09:27","modified_gmt":"2025-11-10T14:09:27","slug":"certificats-qualite","status":"publish","type":"page","link":"https:\/\/www.ngk-alloys.com\/fr\/qse-conformite\/certificats-qualite\/","title":{"rendered":"Certificats Qualit\u00e9"},"content":{"rendered":"<div class=\"row\"><div class=\"col-12 heading\">\n<h2 class=\"wp-block-heading\">La certification : l\u2019am\u00e9lioration continue pour nos clients<\/h2>\n<\/div><\/div>\n\n<div class=\"row\"><div class=\"col-12 paragraph\">\n<p>Afin de r\u00e9pondre aux exigences de nos clients, NGK Berylco d\u00e9veloppe en permanence son programme de qualit\u00e9. Notre soci\u00e9t\u00e9 dispose des certifications suivantes (t\u00e9l\u00e9chargeables ci-dessous) :<\/p>\n<\/div><\/div>\n\n\n<div style=\"height:20px\" aria-hidden=\"true\" class=\"wp-block-spacer\"><\/div>\n\n\n\n<ul class=\"wp-block-list\">\n<li><strong>ISO 9001:2015<\/strong> pour le syst\u00e8me de management de la qualit\u00e9.<\/li>\n\n\n\n<li><strong>EN 9100:2018 <\/strong>pour les march\u00e9s de l&rsquo;a\u00e9ronautique, de l&rsquo;espace et de la d\u00e9fense.<\/li>\n\n\n\n<li><strong>AS 9120 REV B<\/strong> pour les march\u00e9s de l&rsquo;a\u00e9ronautique, de l&rsquo;espace et de la d\u00e9fense, sp\u00e9cifique \u00e0 notre filiale au Royaume Uni.<\/li>\n\n\n\n<li><strong>ISO 14001:2015<\/strong> pour le management environnemental.<\/li>\n\n\n\n<li><strong>ISO 45001:2018<\/strong> pour le management de la sant\u00e9 et de la s\u00e9curit\u00e9 au travail.<\/li>\n<\/ul>\n\n\n\n<div style=\"height:20px\" aria-hidden=\"true\" class=\"wp-block-spacer\"><\/div>\n\n\n<div class=\"row\"><div class=\"col-12 paragraph\">\n<p>N\u2019h\u00e9sitez pas \u00e0 nous contacter pour toute question.<\/p>\n<\/div><\/div>\n\n\n<div style=\"height:20px\" aria-hidden=\"true\" class=\"wp-block-spacer\"><\/div>\n\n\n\n<div class=\"wp-block-columns is-layout-flex wp-container-core-columns-is-layout-9d6595d7 wp-block-columns-is-layout-flex\">\n<div class=\"wp-block-column is-layout-flow wp-block-column-is-layout-flow\"><div class=\"row\"><div class=\"col-12 paragraph\">\n<p class=\"has-text-align-center\"><strong>ISO 9001<\/strong><\/p>\n<\/div><\/div>\n\n\n<div style=\"height:20px\" aria-hidden=\"true\" class=\"wp-block-spacer\"><\/div>\n\n\n<div class=\"wp-block-image\">\n<figure class=\"aligncenter size-large is-resized\"><a href=\"https:\/\/www.ngk-alloys.com\/wp-content\/uploads\/ISO-9001_NGK-BERYLCO-FRANCE_19.02.2028_FR.pdf\" target=\"_blank\" rel=\" noreferrer noopener\"><img loading=\"lazy\" decoding=\"async\" width=\"724\" height=\"1024\" src=\"https:\/\/www.ngk-alloys.com\/wp-content\/uploads\/ISO-9001_NGK-BERYLCO-FRANCE_19.02.2028_FR-724x1024.jpg\" alt=\"\" class=\"wp-image-1739\" style=\"width:200px\" srcset=\"https:\/\/www.ngk-alloys.com\/wp-content\/uploads\/ISO-9001_NGK-BERYLCO-FRANCE_19.02.2028_FR-724x1024.jpg 724w, https:\/\/www.ngk-alloys.com\/wp-content\/uploads\/ISO-9001_NGK-BERYLCO-FRANCE_19.02.2028_FR-212x300.jpg 212w, https:\/\/www.ngk-alloys.com\/wp-content\/uploads\/ISO-9001_NGK-BERYLCO-FRANCE_19.02.2028_FR-768x1086.jpg 768w, https:\/\/www.ngk-alloys.com\/wp-content\/uploads\/ISO-9001_NGK-BERYLCO-FRANCE_19.02.2028_FR-1086x1536.jpg 1086w, https:\/\/www.ngk-alloys.com\/wp-content\/uploads\/ISO-9001_NGK-BERYLCO-FRANCE_19.02.2028_FR-934x1320.jpg 934w, https:\/\/www.ngk-alloys.com\/wp-content\/uploads\/ISO-9001_NGK-BERYLCO-FRANCE_19.02.2028_FR-700x990.jpg 700w, https:\/\/www.ngk-alloys.com\/wp-content\/uploads\/ISO-9001_NGK-BERYLCO-FRANCE_19.02.2028_FR-467x660.jpg 467w, https:\/\/www.ngk-alloys.com\/wp-content\/uploads\/ISO-9001_NGK-BERYLCO-FRANCE_19.02.2028_FR-318x450.jpg 318w, https:\/\/www.ngk-alloys.com\/wp-content\/uploads\/ISO-9001_NGK-BERYLCO-FRANCE_19.02.2028_FR-233x330.jpg 233w, https:\/\/www.ngk-alloys.com\/wp-content\/uploads\/ISO-9001_NGK-BERYLCO-FRANCE_19.02.2028_FR-127x180.jpg 127w, https:\/\/www.ngk-alloys.com\/wp-content\/uploads\/ISO-9001_NGK-BERYLCO-FRANCE_19.02.2028_FR.jpg 1242w\" sizes=\"auto, (max-width: 724px) 100vw, 724px\" \/><\/a><\/figure>\n<\/div>\n\n\n<div style=\"height:20px\" aria-hidden=\"true\" class=\"wp-block-spacer\"><\/div>\n\n\n<div class=\"row\"><div class=\"col-12 paragraph\">\n<p><strong>Producteur : <\/strong>NGK Berylco France<\/p>\n<\/div><\/div>\n\n<div class=\"row\"><div class=\"col-12 paragraph\">\n<p><strong>Usine : <\/strong>Cou\u00ebron, France<\/p>\n<\/div><\/div>\n\n<div class=\"row\"><div class=\"col-12 paragraph\">\n<p><strong>Num\u00e9ro :<\/strong> FR093835-1<\/p>\n<\/div><\/div>\n\n<div class=\"row\"><div class=\"col-12 paragraph\">\n<p><strong>Expire le :<\/strong> 19\/02\/2028<\/p>\n<\/div><\/div>\n\n\n<div style=\"height:20px\" aria-hidden=\"true\" class=\"wp-block-spacer\"><\/div>\n\n\n\n<div class=\"wp-block-buttons is-content-justification-center is-layout-flex wp-container-core-buttons-is-layout-16018d1d wp-block-buttons-is-layout-flex\">\n<div class=\"wp-block-button\"><a class=\"wp-block-button__link btn_long is-pdf is-target-blank wp-element-button\" href=\"https:\/\/www.ngk-alloys.com\/wp-content\/uploads\/ISO-9001_NGK-BERYLCO-FRANCE_19.02.2028_FR.pdf\" target=\"_blank\" rel=\"noreferrer noopener\">Voir le certificat<\/a><\/div>\n<\/div>\n<\/div>\n\n\n\n<div class=\"wp-block-column is-layout-flow wp-block-column-is-layout-flow\"><div class=\"row\"><div class=\"col-12 paragraph\">\n<p class=\"has-text-align-center\"><strong>EN 9100<\/strong><\/p>\n<\/div><\/div>\n\n\n<div style=\"height:20px\" aria-hidden=\"true\" class=\"wp-block-spacer\"><\/div>\n\n\n<div class=\"wp-block-image\">\n<figure class=\"aligncenter size-large is-resized\"><a href=\"https:\/\/www.ngk-alloys.com\/wp-content\/uploads\/EN-9100_NGK-BERYLCO-FRANCE_19.02.2028_FR.pdf\" target=\"_blank\" rel=\" noreferrer noopener\"><img loading=\"lazy\" decoding=\"async\" width=\"724\" height=\"1024\" src=\"https:\/\/www.ngk-alloys.com\/wp-content\/uploads\/EN-9100_NGK-BERYLCO-FRANCE_19.02.2028_FR-724x1024.jpg\" alt=\"\" class=\"wp-image-1740\" style=\"width:200px\" srcset=\"https:\/\/www.ngk-alloys.com\/wp-content\/uploads\/EN-9100_NGK-BERYLCO-FRANCE_19.02.2028_FR-724x1024.jpg 724w, https:\/\/www.ngk-alloys.com\/wp-content\/uploads\/EN-9100_NGK-BERYLCO-FRANCE_19.02.2028_FR-212x300.jpg 212w, https:\/\/www.ngk-alloys.com\/wp-content\/uploads\/EN-9100_NGK-BERYLCO-FRANCE_19.02.2028_FR-768x1086.jpg 768w, https:\/\/www.ngk-alloys.com\/wp-content\/uploads\/EN-9100_NGK-BERYLCO-FRANCE_19.02.2028_FR-1086x1536.jpg 1086w, https:\/\/www.ngk-alloys.com\/wp-content\/uploads\/EN-9100_NGK-BERYLCO-FRANCE_19.02.2028_FR-934x1320.jpg 934w, https:\/\/www.ngk-alloys.com\/wp-content\/uploads\/EN-9100_NGK-BERYLCO-FRANCE_19.02.2028_FR-700x990.jpg 700w, https:\/\/www.ngk-alloys.com\/wp-content\/uploads\/EN-9100_NGK-BERYLCO-FRANCE_19.02.2028_FR-467x660.jpg 467w, https:\/\/www.ngk-alloys.com\/wp-content\/uploads\/EN-9100_NGK-BERYLCO-FRANCE_19.02.2028_FR-318x450.jpg 318w, https:\/\/www.ngk-alloys.com\/wp-content\/uploads\/EN-9100_NGK-BERYLCO-FRANCE_19.02.2028_FR-233x330.jpg 233w, https:\/\/www.ngk-alloys.com\/wp-content\/uploads\/EN-9100_NGK-BERYLCO-FRANCE_19.02.2028_FR-127x180.jpg 127w, https:\/\/www.ngk-alloys.com\/wp-content\/uploads\/EN-9100_NGK-BERYLCO-FRANCE_19.02.2028_FR.jpg 1242w\" sizes=\"auto, (max-width: 724px) 100vw, 724px\" \/><\/a><\/figure>\n<\/div>\n\n\n<div style=\"height:20px\" aria-hidden=\"true\" class=\"wp-block-spacer\"><\/div>\n\n\n<div class=\"row\"><div class=\"col-12 paragraph\">\n<p><strong>Producteur : <\/strong>NGK Berylco France<\/p>\n<\/div><\/div>\n\n<div class=\"row\"><div class=\"col-12 paragraph\">\n<p><strong>Usine : <\/strong>Cou\u00ebron, France<\/p>\n<\/div><\/div>\n\n<div class=\"row\"><div class=\"col-12 paragraph\">\n<p><strong>Num\u00e9ro :<\/strong> FR093836-1<\/p>\n<\/div><\/div>\n\n<div class=\"row\"><div class=\"col-12 paragraph\">\n<p><strong>Expire le :<\/strong> 19\/02\/2028<\/p>\n<\/div><\/div>\n\n\n<div style=\"height:20px\" aria-hidden=\"true\" class=\"wp-block-spacer\"><\/div>\n\n\n\n<div class=\"wp-block-buttons is-content-justification-center is-layout-flex wp-container-core-buttons-is-layout-16018d1d wp-block-buttons-is-layout-flex\">\n<div class=\"wp-block-button\"><a class=\"wp-block-button__link btn_long has-text-align-center wp-element-button\" href=\"https:\/\/www.ngk-alloys.com\/wp-content\/uploads\/EN-9100_NGK-BERYLCO-FRANCE_19.02.2028_FR.pdf\" target=\"_blank\" rel=\"noreferrer noopener\">Voir le certificat<\/a><\/div>\n<\/div>\n<\/div>\n\n\n\n<div class=\"wp-block-column is-layout-flow wp-block-column-is-layout-flow\"><div class=\"row\"><div class=\"col-12 paragraph\">\n<p class=\"has-text-align-center\"><strong>AS 9120 et ISO 9001<\/strong><\/p>\n<\/div><\/div>\n\n\n<div style=\"height:20px\" aria-hidden=\"true\" class=\"wp-block-spacer\"><\/div>\n\n\n<div class=\"wp-block-image\">\n<figure class=\"aligncenter size-large is-resized\"><a href=\"https:\/\/www.ngk-alloys.com\/wp-content\/uploads\/BSI-CERTIFICATE_NGK-BERYLCO-UK_RS_33181_February-2028.pdf\" target=\"_blank\" rel=\" noreferrer noopener\"><img loading=\"lazy\" decoding=\"async\" width=\"725\" height=\"1024\" src=\"https:\/\/www.ngk-alloys.com\/wp-content\/uploads\/BSI-CERTIFICATE_NGK-BERYLCO-UK_RS_33181_February-2028-725x1024.jpg\" alt=\"\" class=\"wp-image-1741\" style=\"width:200px\" srcset=\"https:\/\/www.ngk-alloys.com\/wp-content\/uploads\/BSI-CERTIFICATE_NGK-BERYLCO-UK_RS_33181_February-2028-725x1024.jpg 725w, https:\/\/www.ngk-alloys.com\/wp-content\/uploads\/BSI-CERTIFICATE_NGK-BERYLCO-UK_RS_33181_February-2028-212x300.jpg 212w, https:\/\/www.ngk-alloys.com\/wp-content\/uploads\/BSI-CERTIFICATE_NGK-BERYLCO-UK_RS_33181_February-2028-768x1085.jpg 768w, https:\/\/www.ngk-alloys.com\/wp-content\/uploads\/BSI-CERTIFICATE_NGK-BERYLCO-UK_RS_33181_February-2028-1087x1536.jpg 1087w, https:\/\/www.ngk-alloys.com\/wp-content\/uploads\/BSI-CERTIFICATE_NGK-BERYLCO-UK_RS_33181_February-2028-934x1320.jpg 934w, https:\/\/www.ngk-alloys.com\/wp-content\/uploads\/BSI-CERTIFICATE_NGK-BERYLCO-UK_RS_33181_February-2028-700x990.jpg 700w, https:\/\/www.ngk-alloys.com\/wp-content\/uploads\/BSI-CERTIFICATE_NGK-BERYLCO-UK_RS_33181_February-2028-467x660.jpg 467w, https:\/\/www.ngk-alloys.com\/wp-content\/uploads\/BSI-CERTIFICATE_NGK-BERYLCO-UK_RS_33181_February-2028-318x450.jpg 318w, https:\/\/www.ngk-alloys.com\/wp-content\/uploads\/BSI-CERTIFICATE_NGK-BERYLCO-UK_RS_33181_February-2028-233x330.jpg 233w, https:\/\/www.ngk-alloys.com\/wp-content\/uploads\/BSI-CERTIFICATE_NGK-BERYLCO-UK_RS_33181_February-2028-127x180.jpg 127w, https:\/\/www.ngk-alloys.com\/wp-content\/uploads\/BSI-CERTIFICATE_NGK-BERYLCO-UK_RS_33181_February-2028.jpg 1241w\" sizes=\"auto, (max-width: 725px) 100vw, 725px\" \/><\/a><\/figure>\n<\/div>\n\n\n<div style=\"height:20px\" aria-hidden=\"true\" class=\"wp-block-spacer\"><\/div>\n\n\n<div class=\"row\"><div class=\"col-12 paragraph\">\n<p><strong>Producteur : <\/strong>NGK Berylco UK Ltd<\/p>\n<\/div><\/div>\n\n<div class=\"row\"><div class=\"col-12 paragraph\">\n<p><strong>Usine : <\/strong>Manchester, Royaume-Uni<\/p>\n<\/div><\/div>\n\n<div class=\"row\"><div class=\"col-12 paragraph\">\n<p><strong>Num\u00e9ro :<\/strong> RS 33181<\/p>\n<\/div><\/div>\n\n<div class=\"row\"><div class=\"col-12 paragraph\">\n<p><strong>Expire le :<\/strong> 04\/02\/2028<\/p>\n<\/div><\/div>\n\n\n<div style=\"height:20px\" aria-hidden=\"true\" class=\"wp-block-spacer\"><\/div>\n\n\n\n<div class=\"wp-block-buttons is-content-justification-center is-layout-flex wp-container-core-buttons-is-layout-16018d1d wp-block-buttons-is-layout-flex\">\n<div class=\"wp-block-button\"><a class=\"wp-block-button__link btn_long is-pdf is-target-blank wp-element-button\" href=\"https:\/\/www.ngk-alloys.com\/wp-content\/uploads\/BSI-CERTIFICATE_NGK-BERYLCO-UK_RS_33181_February-2028.pdf\" target=\"_blank\" rel=\"noreferrer noopener\">Voir le certificat<\/a><\/div>\n<\/div>\n<\/div>\n<\/div>\n\n\n\n<div class=\"wp-block-columns is-layout-flex wp-container-core-columns-is-layout-9d6595d7 wp-block-columns-is-layout-flex\">\n<div class=\"wp-block-column is-layout-flow wp-block-column-is-layout-flow\"><div class=\"row\"><div class=\"col-12 paragraph\">\n<p class=\"has-text-align-center\"><strong>ISO 14001<\/strong><\/p>\n<\/div><\/div>\n\n\n<div style=\"height:20px\" aria-hidden=\"true\" class=\"wp-block-spacer\"><\/div>\n\n\n<div class=\"wp-block-image\">\n<figure class=\"aligncenter size-large is-resized\"><a href=\"https:\/\/www.ngk-alloys.com\/wp-content\/uploads\/ISO-14001_NGK-BERYLCO-FRANCE_28.02.2027-1.pdf\" target=\"_blank\" rel=\" noreferrer noopener\"><img loading=\"lazy\" decoding=\"async\" width=\"724\" height=\"1024\" src=\"https:\/\/www.ngk-alloys.com\/wp-content\/uploads\/ISO-14001_NGK-BERYLCO-FRANCE_28.02.2027-724x1024.jpg\" alt=\"\" class=\"wp-image-1738\" style=\"width:200px\" srcset=\"https:\/\/www.ngk-alloys.com\/wp-content\/uploads\/ISO-14001_NGK-BERYLCO-FRANCE_28.02.2027-724x1024.jpg 724w, https:\/\/www.ngk-alloys.com\/wp-content\/uploads\/ISO-14001_NGK-BERYLCO-FRANCE_28.02.2027-212x300.jpg 212w, https:\/\/www.ngk-alloys.com\/wp-content\/uploads\/ISO-14001_NGK-BERYLCO-FRANCE_28.02.2027-768x1086.jpg 768w, https:\/\/www.ngk-alloys.com\/wp-content\/uploads\/ISO-14001_NGK-BERYLCO-FRANCE_28.02.2027-1086x1536.jpg 1086w, https:\/\/www.ngk-alloys.com\/wp-content\/uploads\/ISO-14001_NGK-BERYLCO-FRANCE_28.02.2027-933x1320.jpg 933w, https:\/\/www.ngk-alloys.com\/wp-content\/uploads\/ISO-14001_NGK-BERYLCO-FRANCE_28.02.2027-700x990.jpg 700w, https:\/\/www.ngk-alloys.com\/wp-content\/uploads\/ISO-14001_NGK-BERYLCO-FRANCE_28.02.2027-467x660.jpg 467w, https:\/\/www.ngk-alloys.com\/wp-content\/uploads\/ISO-14001_NGK-BERYLCO-FRANCE_28.02.2027-318x450.jpg 318w, https:\/\/www.ngk-alloys.com\/wp-content\/uploads\/ISO-14001_NGK-BERYLCO-FRANCE_28.02.2027-233x330.jpg 233w, https:\/\/www.ngk-alloys.com\/wp-content\/uploads\/ISO-14001_NGK-BERYLCO-FRANCE_28.02.2027-127x180.jpg 127w, https:\/\/www.ngk-alloys.com\/wp-content\/uploads\/ISO-14001_NGK-BERYLCO-FRANCE_28.02.2027.jpg 1241w\" sizes=\"auto, (max-width: 724px) 100vw, 724px\" \/><\/a><\/figure>\n<\/div>\n\n\n<div style=\"height:20px\" aria-hidden=\"true\" class=\"wp-block-spacer\"><\/div>\n\n\n<div class=\"row\"><div class=\"col-12 paragraph\">\n<p><strong>Producteur : <\/strong>NGK Berylco France<\/p>\n<\/div><\/div>\n\n<div class=\"row\"><div class=\"col-12 paragraph\">\n<p><strong>Usine : <\/strong>Cou\u00ebron, France<\/p>\n<\/div><\/div>\n\n<div class=\"row\"><div class=\"col-12 paragraph\">\n<p><strong>Num\u00e9ro :<\/strong> FR086468-1<\/p>\n<\/div><\/div>\n\n<div class=\"row\"><div class=\"col-12 paragraph\">\n<p><strong>Expire le :<\/strong> 28\/02\/2027<\/p>\n<\/div><\/div>\n\n\n<div style=\"height:20px\" aria-hidden=\"true\" class=\"wp-block-spacer\"><\/div>\n\n\n\n<div class=\"wp-block-buttons is-content-justification-center is-layout-flex wp-container-core-buttons-is-layout-16018d1d wp-block-buttons-is-layout-flex\">\n<div class=\"wp-block-button\"><a class=\"wp-block-button__link btn_long is-pdf is-target-blank wp-element-button\" href=\"https:\/\/www.ngk-alloys.com\/wp-content\/uploads\/ISO-14001_NGK-BERYLCO-FRANCE_28.02.2027-1.pdf\" target=\"_blank\" rel=\"noreferrer noopener\">Voir le certificat<\/a><\/div>\n<\/div>\n<\/div>\n\n\n\n<div class=\"wp-block-column is-layout-flow wp-block-column-is-layout-flow\"><div class=\"row\"><div class=\"col-12 paragraph\">\n<p class=\"has-text-align-center\"><strong>EN 45001<\/strong><\/p>\n<\/div><\/div>\n\n\n<div style=\"height:20px\" aria-hidden=\"true\" class=\"wp-block-spacer\"><\/div>\n\n\n<div class=\"wp-block-image\">\n<figure class=\"aligncenter size-large is-resized\"><a href=\"https:\/\/www.ngk-alloys.com\/wp-content\/uploads\/ISO-45001_NGK-BERYLCO-FRANCE_28.02.2027-1.pdf\" target=\"_blank\" rel=\" noreferrer noopener\"><img loading=\"lazy\" decoding=\"async\" width=\"724\" height=\"1024\" src=\"https:\/\/www.ngk-alloys.com\/wp-content\/uploads\/ISO-45001_NGK-BERYLCO-FRANCE_28.02.2027-724x1024.jpg\" alt=\"\" class=\"wp-image-1737\" style=\"width:200px\" srcset=\"https:\/\/www.ngk-alloys.com\/wp-content\/uploads\/ISO-45001_NGK-BERYLCO-FRANCE_28.02.2027-724x1024.jpg 724w, https:\/\/www.ngk-alloys.com\/wp-content\/uploads\/ISO-45001_NGK-BERYLCO-FRANCE_28.02.2027-212x300.jpg 212w, https:\/\/www.ngk-alloys.com\/wp-content\/uploads\/ISO-45001_NGK-BERYLCO-FRANCE_28.02.2027-768x1086.jpg 768w, https:\/\/www.ngk-alloys.com\/wp-content\/uploads\/ISO-45001_NGK-BERYLCO-FRANCE_28.02.2027-1086x1536.jpg 1086w, https:\/\/www.ngk-alloys.com\/wp-content\/uploads\/ISO-45001_NGK-BERYLCO-FRANCE_28.02.2027-933x1320.jpg 933w, https:\/\/www.ngk-alloys.com\/wp-content\/uploads\/ISO-45001_NGK-BERYLCO-FRANCE_28.02.2027-700x990.jpg 700w, https:\/\/www.ngk-alloys.com\/wp-content\/uploads\/ISO-45001_NGK-BERYLCO-FRANCE_28.02.2027-467x660.jpg 467w, https:\/\/www.ngk-alloys.com\/wp-content\/uploads\/ISO-45001_NGK-BERYLCO-FRANCE_28.02.2027-318x450.jpg 318w, https:\/\/www.ngk-alloys.com\/wp-content\/uploads\/ISO-45001_NGK-BERYLCO-FRANCE_28.02.2027-233x330.jpg 233w, https:\/\/www.ngk-alloys.com\/wp-content\/uploads\/ISO-45001_NGK-BERYLCO-FRANCE_28.02.2027-127x180.jpg 127w, https:\/\/www.ngk-alloys.com\/wp-content\/uploads\/ISO-45001_NGK-BERYLCO-FRANCE_28.02.2027.jpg 1241w\" sizes=\"auto, (max-width: 724px) 100vw, 724px\" \/><\/a><\/figure>\n<\/div>\n\n\n<div style=\"height:20px\" aria-hidden=\"true\" class=\"wp-block-spacer\"><\/div>\n\n\n<div class=\"row\"><div class=\"col-12 paragraph\">\n<p><strong>Producteur : <\/strong>NGK Berylco France<\/p>\n<\/div><\/div>\n\n<div class=\"row\"><div class=\"col-12 paragraph\">\n<p><strong>Usine : <\/strong>Cou\u00ebron, France<\/p>\n<\/div><\/div>\n\n<div class=\"row\"><div class=\"col-12 paragraph\">\n<p><strong>Num\u00e9ro :<\/strong> FR086469-1<\/p>\n<\/div><\/div>\n\n<div class=\"row\"><div class=\"col-12 paragraph\">\n<p><strong>Expire le :<\/strong> 28\/02\/2027<\/p>\n<\/div><\/div>\n\n\n<div style=\"height:20px\" aria-hidden=\"true\" class=\"wp-block-spacer\"><\/div>\n\n\n\n<div class=\"wp-block-buttons is-content-justification-center is-layout-flex wp-container-core-buttons-is-layout-16018d1d wp-block-buttons-is-layout-flex\">\n<div class=\"wp-block-button\"><a class=\"wp-block-button__link btn_long has-text-align-center wp-element-button\" href=\"https:\/\/www.ngk-alloys.com\/wp-content\/uploads\/ISO-45001_NGK-BERYLCO-FRANCE_28.02.2027-1.pdf\" target=\"_blank\" rel=\"noreferrer noopener\">Voir le certificat<\/a><\/div>\n<\/div>\n<\/div>\n\n\n\n<div class=\"wp-block-column is-layout-flow wp-block-column-is-layout-flow\">\n<div style=\"height:20px\" aria-hidden=\"true\" class=\"wp-block-spacer\"><\/div>\n\n\n<div class=\"row\"><div class=\"col-12 paragraph\">\n<p class=\"has-text-align-center\"><\/p>\n<\/div><\/div>\n\n<div class=\"row\"><div class=\"col-12 paragraph\">\n<p><\/p>\n<\/div><\/div>\n\n\n<div style=\"height:20px\" aria-hidden=\"true\" class=\"wp-block-spacer\"><\/div>\n<\/div>\n<\/div>\n\n\n\n<div style=\"height:20px\" aria-hidden=\"true\" class=\"wp-block-spacer\"><\/div>\n\n\n<div class=\"wp-block-image\">\n<figure class=\"aligncenter size-full\"><img loading=\"lazy\" decoding=\"async\" width=\"189\" height=\"88\" src=\"https:\/\/www.ngk-alloys.com\/wp-content\/uploads\/bureau-veritas.png\" alt=\"\" class=\"wp-image-1754\" srcset=\"https:\/\/www.ngk-alloys.com\/wp-content\/uploads\/bureau-veritas.png 189w, https:\/\/www.ngk-alloys.com\/wp-content\/uploads\/bureau-veritas-180x84.png 180w\" sizes=\"auto, (max-width: 189px) 100vw, 189px\" \/><\/figure>\n<\/div>","protected":false},"excerpt":{"rendered":"<p>La certification : l\u2019am\u00e9lioration continue pour nos clients Afin de r\u00e9pondre aux exigences de nos clients, NGK Berylco d\u00e9veloppe en permanence son programme de qualit\u00e9. Notre soci\u00e9t\u00e9 dispose des certifications suivantes (t\u00e9l\u00e9chargeables ci-dessous) : N\u2019h\u00e9sitez pas \u00e0 nous contacter pour toute question. ISO 9001 Producteur : NGK Berylco France Usine : Cou\u00ebron, France Num\u00e9ro : [&hellip;]<\/p>\n","protected":false},"author":1,"featured_media":0,"parent":418,"menu_order":0,"comment_status":"closed","ping_status":"closed","template":"","meta":{"_acf_changed":false,"advgb_blocks_editor_width":"","advgb_blocks_columns_visual_guide":"","footnotes":""},"class_list":["post-805","page","type-page","status-publish","hentry"],"acf":[],"coauthors":[],"author_meta":{"author_link":"https:\/\/www.ngk-alloys.com\/fr\/author\/admin_ngk\/","display_name":"NGK BERYLCO"},"relative_dates":{"created":"Publi\u00e9 1 an il y a","modified":"Mis \u00e0 jour 5 mois il y a"},"absolute_dates":{"created":"Publi\u00e9 le 7 janvier 2025","modified":"Mise \u00e0 jour le 10 novembre 2025"},"absolute_dates_time":{"created":"Publi\u00e9 le 7 janvier 2025 12h37","modified":"Mise \u00e0 jour le 10 novembre 2025 15h09"},"featured_img_caption":"","featured_img":false,"series_order":"","_links":{"self":[{"href":"https:\/\/www.ngk-alloys.com\/fr\/wp-json\/wp\/v2\/pages\/805","targetHints":{"allow":["GET"]}}],"collection":[{"href":"https:\/\/www.ngk-alloys.com\/fr\/wp-json\/wp\/v2\/pages"}],"about":[{"href":"https:\/\/www.ngk-alloys.com\/fr\/wp-json\/wp\/v2\/types\/page"}],"author":[{"embeddable":true,"href":"https:\/\/www.ngk-alloys.com\/fr\/wp-json\/wp\/v2\/users\/1"}],"replies":[{"embeddable":true,"href":"https:\/\/www.ngk-alloys.com\/fr\/wp-json\/wp\/v2\/comments?post=805"}],"version-history":[{"count":12,"href":"https:\/\/www.ngk-alloys.com\/fr\/wp-json\/wp\/v2\/pages\/805\/revisions"}],"predecessor-version":[{"id":4235,"href":"https:\/\/www.ngk-alloys.com\/fr\/wp-json\/wp\/v2\/pages\/805\/revisions\/4235"}],"up":[{"embeddable":true,"href":"https:\/\/www.ngk-alloys.com\/fr\/wp-json\/wp\/v2\/pages\/418"}],"wp:attachment":[{"href":"https:\/\/www.ngk-alloys.com\/fr\/wp-json\/wp\/v2\/media?parent=805"}],"curies":[{"name":"wp","href":"https:\/\/api.w.org\/{rel}","templated":true}]}}