{"id":811,"date":"2025-01-07T12:39:44","date_gmt":"2025-01-07T11:39:44","guid":{"rendered":"https:\/\/www.ngk-alloys.com\/?page_id=811"},"modified":"2025-11-10T15:21:00","modified_gmt":"2025-11-10T14:21:00","slug":"sante-et-securite","status":"publish","type":"page","link":"https:\/\/www.ngk-alloys.com\/fr\/qse-conformite\/sante-et-securite\/","title":{"rendered":"Sant\u00e9 et s\u00e9curit\u00e9"},"content":{"rendered":"<div class=\"row\"><div class=\"col-12 heading\">\n<h2 class=\"wp-block-heading\">Sant\u00e9 &amp; S\u00e9curit\u00e9 au Travail<\/h2>\n<\/div><\/div>\n\n<div class=\"row\"><div class=\"col-12 heading\">\n<h3 class=\"wp-block-heading\">Culture S\u00e9curit\u00e9 et Pr\u00e9vention NGK<\/h3>\n<\/div><\/div>\n\n<div class=\"row\"><div class=\"col-12 paragraph\">\n<p>Nous avons mis en place des syst\u00e8mes de management qui comprennent la certification ISO 45001, obtenue en mars 2021.<\/p>\n<\/div><\/div>\n\n<div class=\"row\"><div class=\"col-12 paragraph\">\n<p>Depuis plus d\u2019un si\u00e8cle, notre Groupe NGK, fond\u00e9 en 1919 au Japon, a d\u00e9velopp\u00e9 une culture tr\u00e8s forte de la s\u00e9curit\u00e9 et de la pr\u00e9vention. Nous b\u00e9n\u00e9ficions des outils et financements propos\u00e9s par le Groupe ainsi que de formations et audits internes qui contribuent \u00e0 notre am\u00e9lioration continue.<\/p>\n<\/div><\/div>\n\n<div class=\"row\"><div class=\"col-12 paragraph\">\n<p>Par ailleurs, sur le plan local, NGK Berylco France a rejoint un groupement de plusieurs entreprises de la r\u00e9gion de l\u2019Ouest de la France ax\u00e9 sur la \u00ab s\u00e9curit\u00e9 et environnement \u00bb. Mener des audits crois\u00e9s avec nos partenaires locaux contribue \u00e0 am\u00e9liorer notre politique d\u2019entreprise en mati\u00e8re de s\u00e9curit\u00e9 au travail et d\u2019environnement.<\/p>\n<\/div><\/div>\n\n<div class=\"row\"><div class=\"col-12 heading\">\n<h3 class=\"wp-block-heading\">Cas particulier du b\u00e9ryllium<\/h3>\n<\/div><\/div>\n\n<div class=\"row\"><div class=\"col-12 paragraph\">\n<p>Le b\u00e9ryllium, \u00e9l\u00e9ment cl\u00e9 de nos alliages, pr\u00e9sent jusqu\u2019\u00e0 2% en masse, exige des pr\u00e9cautions particuli\u00e8res sur le lieu de travail.<\/p>\n<\/div><\/div>\n\n<div class=\"row\"><div class=\"col-12 paragraph\">\n<p>Le b\u00e9ryllium peut pr\u00e9senter un risque sur la peau (sensibilisation cutan\u00e9e) et n\u00e9cessite le port de gants de protection, comme pour beaucoup d\u2019autres m\u00e9taux.<\/p>\n<\/div><\/div>\n\n<div class=\"row\"><div class=\"col-12 paragraph\">\n<p>Par ailleurs, le b\u00e9ryllium pr\u00e9sente un risque par inhalation de fines particules a\u00e9roport\u00e9es (&lt; 10 microns). Les individus sensibilis\u00e9s (allergiques) au b\u00e9ryllium et expos\u00e9s peuvent d\u00e9velopper une maladie pulmonaire chronique : la b\u00e9rylliose pulmonaire chronique (BPC). Elle est la cons\u00e9quence d\u2019une r\u00e9action du syst\u00e8me immunitaire au niveau des alv\u00e9oles pulmonaires (formation de granulomes). Elle peut \u00eatre trait\u00e9e mais n\u2019est pas curable.<\/p>\n<\/div><\/div>\n\n<div class=\"row\"><div class=\"col-12 heading\">\n<h3 class=\"wp-block-heading\">Bonnes pratiques li\u00e9es au b\u00e9ryllium chez NGK Berylco France<\/h3>\n<\/div><\/div>\n\n<div class=\"row\"><div class=\"col-12 paragraph\">\n<p>Sur notre site de production de Cou\u00ebron en France, nous effectuons plusieurs op\u00e9rations en continu sur des rouleaux (bobines) en alliages de cuivre\u2013b\u00e9ryllium : laminage (\u00e0 froid), cisaillage (refendage), d\u00e9capage, traitement thermique, logistique (r\u00e9ception, stockage, exp\u00e9dition des produits semi-finis).<\/p>\n<\/div><\/div>\n\n\n<div style=\"height:30px\" aria-hidden=\"true\" class=\"wp-block-spacer\"><\/div>\n\n\n    <div id=\"block-hero-block_eb192f127d2040c8798e16342035a6e6\" class=\"wrp-container block-hero\">\n        <div class=\"box-card-05\">\n            <div class=\"grid-row mb40 mb10-sp\">\n                <div class=\"grid-col--12\">\n                    <div class=\"box-card-05__inner\">\n                        \n<span class=\"box-card-06__image is-visiblePc\"><img decoding=\"async\" src=\"https:\/\/www.ngk-alloys.com\/wp-content\/uploads\/1000004881-709x439.jpg\" alt=\"\" class=\"fluid-image\"><\/span>\n<span class=\"box-card-06__image  is-visibleTablet js-fullbg\" style=\"background: url(https:\/\/www.ngk-alloys.com\/wp-content\/uploads\/1000004881-709x439.jpg) center center \/ cover; display: inline;\"><img decoding=\"async\" src=\"https:\/\/www.ngk-alloys.com\/wp-content\/uploads\/1000004881-660x660.jpg\" alt=\"\" class=\"fluid-image\" style=\"display: none;\"><\/span>\n<span class=\"box-card-06__image  is-visibleSp\"><img decoding=\"async\" src=\"https:\/\/www.ngk-alloys.com\/wp-content\/uploads\/1000004881-709x439.jpg\" alt=\"\" class=\"fluid-image\"><\/span>\n                        <div class=\"box-card-06__content right_content\">\n                            <p>Depuis plus de 50 ans d\u2019activit\u00e9, nous mettons en place des bonnes pratiques que nous am\u00e9liorons continuellement :<\/p>\n<p>&nbsp;<\/p>\n<ul>\n<li><strong>Contr\u00f4le des acc\u00e8s sur la zone production<\/strong> (b\u00e2timent s\u00e9par\u00e9, acc\u00e8s r\u00e9serv\u00e9 aux travailleurs habilit\u00e9s et visiteurs autoris\u00e9s uniquement).<\/li>\n<li><strong>Syst\u00e8mes de ventilation<\/strong> : espaces a\u00e9r\u00e9s, ventilation extractive, aspiration \u00e0 la source si besoin.<\/li>\n<li><strong>Mesures d\u2019hygi\u00e8ne des travailleurs expos\u00e9s<\/strong> : <strong>v\u00eatements de travail<\/strong> d\u00e9di\u00e9s et nettoy\u00e9s r\u00e9guli\u00e8rement, <strong>vestiaires<\/strong>, <strong>lavabos<\/strong> et <strong>douches<\/strong> (lavage des mains obligatoire \u00e0 chaque fin de poste), <strong>comportement responsable sur le site de production<\/strong> (interdiction de manger, boire et fumer).<\/li>\n<\/ul>\n                                                    <\/div>\n                        \n                    <\/div>\n                <\/div>\n            <\/div>\n        <\/div>\n    <\/div>\n\n\n\n\n\n\n<ul class=\"wp-block-list\">\n<li><strong>Nettoyage rigoureux des locaux et surfaces de travail<\/strong> : sols et postes de travail nettoy\u00e9s r\u00e9guli\u00e8rement.<\/li>\n\n\n\n<li><strong>Evaluation r\u00e9guli\u00e8res des niveaux d\u2019exposition<\/strong> : mesures de la concentration en cuivre et b\u00e9ryllium dans l\u2019ambiance et sur les surfaces de travail par un prestataire sp\u00e9cialis\u00e9 accr\u00e9dit\u00e9. Nous nous assurons ainsi que nous respectons les Valeurs Limites d\u2019Exposition Professionnelles en vigueur en France sur ces 2 m\u00e9taux.<\/li>\n\n\n\n<li><strong>Communication vers les parties int\u00e9ress\u00e9es<\/strong> : sensibilisation r\u00e9guli\u00e8re des travailleurs, communication vers les autorit\u00e9s locales de sant\u00e9 au travail.<\/li>\n<\/ul>\n\n\n<div class=\"row\"><div class=\"col-12 heading\">\n<h3 class=\"wp-block-heading\">Programme \u00ab\u00a0Be Responsible\u00a0\u00bb<\/h3>\n<\/div><\/div>\n\n\n<div style=\"height:16px\" aria-hidden=\"true\" class=\"wp-block-spacer\"><\/div>\n\n\n\n<figure class=\"wp-block-image size-full is-resized\"><img loading=\"lazy\" decoding=\"async\" width=\"938\" height=\"280\" src=\"https:\/\/www.ngk-alloys.com\/wp-content\/uploads\/BeResponsible-Logo-NEW-with-white.png\" alt=\"\" class=\"wp-image-2289\" style=\"width:250px\" srcset=\"https:\/\/www.ngk-alloys.com\/wp-content\/uploads\/BeResponsible-Logo-NEW-with-white.png 938w, https:\/\/www.ngk-alloys.com\/wp-content\/uploads\/BeResponsible-Logo-NEW-with-white-300x90.png 300w, https:\/\/www.ngk-alloys.com\/wp-content\/uploads\/BeResponsible-Logo-NEW-with-white-768x229.png 768w, https:\/\/www.ngk-alloys.com\/wp-content\/uploads\/BeResponsible-Logo-NEW-with-white-660x197.png 660w, https:\/\/www.ngk-alloys.com\/wp-content\/uploads\/BeResponsible-Logo-NEW-with-white-450x134.png 450w, https:\/\/www.ngk-alloys.com\/wp-content\/uploads\/BeResponsible-Logo-NEW-with-white-330x99.png 330w, https:\/\/www.ngk-alloys.com\/wp-content\/uploads\/BeResponsible-Logo-NEW-with-white-180x54.png 180w\" sizes=\"auto, (max-width: 938px) 100vw, 938px\" \/><\/figure>\n\n\n\n<div style=\"height:16px\" aria-hidden=\"true\" class=\"wp-block-spacer\"><\/div>\n\n\n<div class=\"row\"><div class=\"col-12 paragraph\">\n<p>NGK Berylco France est un membre fondateur et actif de l\u2019association du b\u00e9ryllium BeST (Beryllium Science &amp; Technology) fond\u00e9e en 2011 \u00e0 Bruxelles en Belgique. Dans ce cadre, nous avons particip\u00e9 au d\u00e9veloppement d\u2019un programme volontaire de bonnes pratiques sur les produits contenants du b\u00e9ryllium (Beryllium Product Stewardship Program) appel\u00e9 \u2018Be Responsible\u2019, accessible \u00e0 tous gratuitement en ligne (en anglais) sur <a href=\"http:\/\/www.berylliumsafety.eu\" target=\"_blank\" rel=\"noreferrer noopener\"><strong>www.berylliumsafety.eu<\/strong><\/a>.<\/p>\n<\/div><\/div>\n\n<div class=\"row\"><div class=\"col-12 paragraph\">\n<p>Le programme Be Responsible est disponible en version r\u00e9sum\u00e9e dans toutes les langues europ\u00e9ennes dont le fran\u00e7ais&nbsp;: <a href=\"http:\/\/www.berylliumsecurite.fr\/\" target=\"_blank\" rel=\"noopener\"><strong>www.berylliumsecurite.fr<\/strong><\/a>. <\/p>\n<\/div><\/div>\n\n\n<div style=\"height:29px\" aria-hidden=\"true\" class=\"wp-block-spacer\"><\/div>\n\n\n<div class=\"row\"><div class=\"col-12 paragraph\">\n<p>Le mod\u00e8le de protection des travailleurs du programme Be Responsible repose sur 8 principes de bon sens visant \u00e0 limiter l\u2019\u00e9mission et la dispersion de fines poussi\u00e8res pouvant contenir du b\u00e9ryllium :<\/p>\n<\/div><\/div>\n\n\n<div style=\"height:28px\" aria-hidden=\"true\" class=\"wp-block-spacer\"><\/div>\n\n\n<div class=\"row\"><div class=\"col-12 paragraph\">\n<p><\/p>\n<\/div><\/div>\n\n    <div id=\"block-hero-block_2ce9e9e1077c7460c1e0647507f613b0\" class=\"wrp-container block-hero\">\n        <div class=\"box-card-05\">\n            <div class=\"grid-row mb40 mb10-sp\">\n                <div class=\"grid-col--12\">\n                    <div class=\"box-card-05__inner\">\n                                                <div class=\"box-card-06__content left_content\">\n                            <p>1. Prot\u00e9ger les poumons (port d&rsquo;un masque respiratoire en cas de d\u00e9passement de la valeur limite d&rsquo;exposition professionnelle).<\/p>\n<p>2. Prot\u00e9ger la peau (port de gants).<\/p>\n<p>3. Assurer la propret\u00e9 des v\u00eatements de travail.<\/p>\n<p>4. Contenir les particules \u00e0 la source (usinage sous fluide, aspiration locale).<\/p>\n<p>5. Contenir les particules dans la zone de travail (\u00e9viter la dispersion de poussi\u00e8res au del\u00e0 de la zone de travail par les personnes, les produits, \u00e9quipements ou outils).<\/p>\n<p>6. Contenir les particules sur le site industriel.<\/p>\n<p>7. Propret\u00e9 des zones de travail (nettoyage r\u00e9gulier des surfaces par voie humide ou aspiration).<\/p>\n<p>8. Sensibilisation r\u00e9guli\u00e8re des travailleurs.<\/p>\n                                                    <\/div>\n                        \n<span class=\"box-card-06__image is-visiblePc\"><img decoding=\"async\" src=\"https:\/\/www.ngk-alloys.com\/wp-content\/uploads\/be-responsible-1.png\" alt=\"\" class=\"fluid-image\"><\/span>\n<span class=\"box-card-06__image  is-visibleTablet js-fullbg\" style=\"background: url(https:\/\/www.ngk-alloys.com\/wp-content\/uploads\/be-responsible-1.png) center center \/ cover; display: inline;\"><img decoding=\"async\" src=\"https:\/\/www.ngk-alloys.com\/wp-content\/uploads\/be-responsible-1.png\" alt=\"\" class=\"fluid-image\" style=\"display: none;\"><\/span>\n<span class=\"box-card-06__image  is-visibleSp\"><img decoding=\"async\" src=\"https:\/\/www.ngk-alloys.com\/wp-content\/uploads\/be-responsible-1.png\" alt=\"\" class=\"fluid-image\"><\/span>\n\n                    <\/div>\n                <\/div>\n            <\/div>\n        <\/div>\n    <\/div>\n\n\n\n\n\n\n<div style=\"height:0px\" aria-hidden=\"true\" class=\"wp-block-spacer\"><\/div>\n\n\n<div class=\"row\"><div class=\"col-12 paragraph\">\n<p>Au del\u00e0 des mat\u00e9riaux contenant du b\u00e9ryllium, ces principes sont applicables pour toutes les substances pr\u00e9sentant un risque par inhalation de fines particules (m\u00e9taux, min\u00e9raux, bois, farine, solvants etc..).<\/p>\n<\/div><\/div>\n\n\n<div style=\"height:23px\" aria-hidden=\"true\" class=\"wp-block-spacer\"><\/div>\n\n\n<div class=\"row\"><div class=\"col-12 paragraph\">\n<p>Le programme Be Responsible propose un kit de 12 guides t\u00e9l\u00e9chargeables dans les 5 principales langues europ\u00e9ennes : anglais, fran\u00e7ais, allemand, espagnol et italien :<\/p>\n<\/div><\/div>\n\n\n<ul class=\"wp-block-list\">\n<li><strong>3 guides g\u00e9n\u00e9riques : <\/strong>Sant\u00e9 et S\u00e9curit\u00e9 \/ Hygi\u00e8ne &amp; Equipements de Protection Individuelle \/ Evaluation des expositions<\/li>\n\n\n\n<li><strong>9 guides<\/strong> sp\u00e9cifiques aux <strong>op\u00e9rations<\/strong> les plus fr\u00e9quentes en industrie. Les op\u00e9rations sont class\u00e9es en 2 cat\u00e9gories : <strong>\u00e0 faible risque d\u2019inhalation<\/strong> (Usinage CNC \/ Sciage \/ D\u00e9coupe sur presse) et<strong> \u00e0 risque probable d\u2019inhalation <\/strong>(Usinage par Electro-\u00e9rosion EDM \/ Sablage, meulage, rectification, polissage \/ Fusion \/ Fonderie \/ Traitement Thermique \/ Forgeage \/ Soudage).<\/li>\n<\/ul>\n\n\n\n<div style=\"height:30px\" aria-hidden=\"true\" class=\"wp-block-spacer\"><\/div>\n\n\n<div class=\"row\"><div class=\"col-12 paragraph\">\n<p>Pour toute question sur les risques et pr\u00e9cautions \u00e0 prendre, vous pouvez contacter notre expert en charge des affaires r\u00e9glementaires et bonnes pratiques d\u2019utilisation de nos produits : Ang\u00e9lique Renier.<\/p>\n<\/div><\/div>\n\n\n<div style=\"height:30px\" aria-hidden=\"true\" class=\"wp-block-spacer\"><\/div>\n\n\n\n<div class=\"wp-block-buttons is-layout-flex wp-block-buttons-is-layout-flex\">\n<div class=\"wp-block-button\"><a class=\"wp-block-button__link btn_long is-pdf is-target-blank wp-element-button\" href=\"https:\/\/www.ngk-alloys.com\/wp-content\/uploads\/Guide-Sante-Securite-Beryllium-FR.pdf\" target=\"_blank\" rel=\"noreferrer noopener\">Guide Sant\u00e9 et S\u00e9curit\u00e9 B\u00e9ryllium FR<\/a><\/div>\n<\/div>\n\n\n<div class=\"row\"><div class=\"col-12 heading\">\n<h3 class=\"wp-block-heading\">Fiche Information S\u00e9curit\u00e9 des alliages Berylco<\/h3>\n<\/div><\/div>\n\n<div class=\"row\"><div class=\"col-12 paragraph\">\n<p>Nous produisons des articles au sens du r\u00e8glement REACH, \u00e0 savoir : \u00ab objet auquel sont donn\u00e9s, au cours du processus de fabrication, une forme, une surface ou un dessin particulier qui sont plus d\u00e9terminants pour sa fonction que sa composition chimique \u00bb.<\/p>\n<\/div><\/div>\n\n<div class=\"row\"><div class=\"col-12 paragraph\">\n<p>Aussi, nous mettons \u00e0 disposition de nos client une Fiche d\u2019Information S\u00e9curit\u00e9 relative \u00e0 nos articles en alliages Berylco. Cette FIS vous fournira toutes les informations n\u00e9cessaires \u00e0 la manipulation de nos produits en toute s\u00e9curit\u00e9.<\/p>\n<\/div><\/div>\n\n<div class=\"row\"><div class=\"col-12 paragraph\">\n<p>Il est \u00e0 noter que les Fiches de Donn\u00e9es de S\u00e9curit\u00e9 sont obligatoires pour les substances et pr\u00e9parations (m\u00e9langes) uniquement, pas pour les articles. Pour toute question, veuillez nous contacter.<\/p>\n<\/div><\/div>\n\n\n<div style=\"height:30px\" aria-hidden=\"true\" class=\"wp-block-spacer\"><\/div>\n\n\n\n<div class=\"wp-block-buttons is-layout-flex wp-block-buttons-is-layout-flex\">\n<div class=\"wp-block-button\"><a class=\"wp-block-button__link btn_long wp-element-button\" href=\"https:\/\/www.ngk-alloys.com\/fr\/fiche-information-securite\/\">Fiche Information et S\u00e9curit\u00e9 Alliages Berylco FR<\/a><\/div>\n<\/div>\n","protected":false},"excerpt":{"rendered":"<p>Sant\u00e9 &amp; S\u00e9curit\u00e9 au Travail Culture S\u00e9curit\u00e9 et Pr\u00e9vention NGK Nous avons mis en place des syst\u00e8mes de management qui comprennent la certification ISO 45001, obtenue en mars 2021. Depuis plus d\u2019un si\u00e8cle, notre Groupe NGK, fond\u00e9 en 1919 au Japon, a d\u00e9velopp\u00e9 une culture tr\u00e8s forte de la s\u00e9curit\u00e9 et de la pr\u00e9vention. Nous [&hellip;]<\/p>\n","protected":false},"author":1,"featured_media":0,"parent":418,"menu_order":0,"comment_status":"closed","ping_status":"closed","template":"","meta":{"_acf_changed":false,"advgb_blocks_editor_width":"","advgb_blocks_columns_visual_guide":"","footnotes":""},"class_list":["post-811","page","type-page","status-publish","hentry"],"acf":[],"coauthors":[],"author_meta":{"author_link":"https:\/\/www.ngk-alloys.com\/fr\/author\/admin_ngk\/","display_name":"NGK BERYLCO"},"relative_dates":{"created":"Publi\u00e9 1 an il y a","modified":"Mis \u00e0 jour 5 mois il y a"},"absolute_dates":{"created":"Publi\u00e9 le 7 janvier 2025","modified":"Mise \u00e0 jour le 10 novembre 2025"},"absolute_dates_time":{"created":"Publi\u00e9 le 7 janvier 2025 12h39","modified":"Mise \u00e0 jour le 10 novembre 2025 15h21"},"featured_img_caption":"","featured_img":false,"series_order":"","_links":{"self":[{"href":"https:\/\/www.ngk-alloys.com\/fr\/wp-json\/wp\/v2\/pages\/811","targetHints":{"allow":["GET"]}}],"collection":[{"href":"https:\/\/www.ngk-alloys.com\/fr\/wp-json\/wp\/v2\/pages"}],"about":[{"href":"https:\/\/www.ngk-alloys.com\/fr\/wp-json\/wp\/v2\/types\/page"}],"author":[{"embeddable":true,"href":"https:\/\/www.ngk-alloys.com\/fr\/wp-json\/wp\/v2\/users\/1"}],"replies":[{"embeddable":true,"href":"https:\/\/www.ngk-alloys.com\/fr\/wp-json\/wp\/v2\/comments?post=811"}],"version-history":[{"count":31,"href":"https:\/\/www.ngk-alloys.com\/fr\/wp-json\/wp\/v2\/pages\/811\/revisions"}],"predecessor-version":[{"id":4247,"href":"https:\/\/www.ngk-alloys.com\/fr\/wp-json\/wp\/v2\/pages\/811\/revisions\/4247"}],"up":[{"embeddable":true,"href":"https:\/\/www.ngk-alloys.com\/fr\/wp-json\/wp\/v2\/pages\/418"}],"wp:attachment":[{"href":"https:\/\/www.ngk-alloys.com\/fr\/wp-json\/wp\/v2\/media?parent=811"}],"curies":[{"name":"wp","href":"https:\/\/api.w.org\/{rel}","templated":true}]}}