{"id":813,"date":"2025-01-07T12:40:48","date_gmt":"2025-01-07T11:40:48","guid":{"rendered":"https:\/\/www.ngk-alloys.com\/?page_id=813"},"modified":"2025-11-10T15:23:35","modified_gmt":"2025-11-10T14:23:35","slug":"metrologie-et-laboratoire-dessai","status":"publish","type":"page","link":"https:\/\/www.ngk-alloys.com\/fr\/qse-conformite\/metrologie-et-laboratoire-dessai\/","title":{"rendered":"Laboratoire de contr\u00f4le et d&rsquo;essais"},"content":{"rendered":"<div class=\"row\"><div class=\"col-12 heading\">\n<h2 class=\"wp-block-heading\">Laboratoire d&rsquo;essais<\/h2>\n<\/div><\/div>\n\n<div class=\"row\"><div class=\"col-12 paragraph\">\n<p>NGK BERYLCO France assure une assistance technique rapide et efficace pour tout probl\u00e8me ou d\u00e9veloppement. Nous disposons d\u2019un laboratoire de contr\u00f4le et d\u2019essais et sommes en mesure de r\u00e9aliser des analyses et des expertises afin de vous proposer des produits correspondant \u00e0 vos exigences.<\/p>\n<\/div><\/div>\n\n<div class=\"row\"><div class=\"col-12 heading\">\n<h3 class=\"wp-block-heading\">Nos Connaissances \u00e0 votre service<\/h3>\n<\/div><\/div>\n\n\n<blockquote class=\"wp-block-quote is-layout-flow wp-block-quote-is-layout-flow\"><div class=\"row\"><div class=\"col-12 paragraph\">\n<p><\/p>\n<\/div><\/div><\/blockquote>\n\n\n    <div id=\"block-hero-block_fe01a0cc77604aa080a88f05264c0076\" class=\"wrp-container block-hero\">\n        <div class=\"box-card-05\">\n            <div class=\"grid-row mb40 mb10-sp\">\n                <div class=\"grid-col--12\">\n                    <div class=\"box-card-05__inner\">\n                        \n<span class=\"box-card-06__image is-visiblePc\"><img decoding=\"async\" src=\"https:\/\/www.ngk-alloys.com\/wp-content\/uploads\/DSC_8866-709x439.jpg\" alt=\"\" class=\"fluid-image\"><\/span>\n<span class=\"box-card-06__image  is-visibleTablet js-fullbg\" style=\"background: url(https:\/\/www.ngk-alloys.com\/wp-content\/uploads\/DSC_8866-709x439.jpg) center center \/ cover; display: inline;\"><img decoding=\"async\" src=\"https:\/\/www.ngk-alloys.com\/wp-content\/uploads\/DSC_8866-660x660.jpg\" alt=\"\" class=\"fluid-image\" style=\"display: none;\"><\/span>\n<span class=\"box-card-06__image  is-visibleSp\"><img decoding=\"async\" src=\"https:\/\/www.ngk-alloys.com\/wp-content\/uploads\/DSC_8866-709x439.jpg\" alt=\"\" class=\"fluid-image\"><\/span>\n                        <div class=\"box-card-06__content right_content\">\n                            <p><!-- wp:list --><\/p>\n<ul class=\"wp-block-list\"><!-- wp:list-item --><\/p>\n<li>Analyses chimiques<\/li>\n<p><!-- \/wp:list-item --> <!-- wp:list-item --><\/p>\n<li>Essais de traction<\/li>\n<p><!-- \/wp:list-item --> <!-- wp:list-item --><\/p>\n<li>Essais de duret\u00e9<\/li>\n<p><!-- \/wp:list-item --> <!-- wp:list-item --><\/p>\n<li>Analyses m\u00e9tallographiques<\/li>\n<p><!-- \/wp:list-item --> <!-- wp:list-item --><\/p>\n<li>Microscopie<\/li>\n<p><!-- \/wp:list-item --> <!-- wp:list-item --><\/p>\n<li>Essais de Pliage<\/li>\n<p><!-- \/wp:list-item --><\/ul>\n<p><!-- \/wp:list --><\/p>\n                                                    <\/div>\n                        \n                    <\/div>\n                <\/div>\n            <\/div>\n        <\/div>\n    <\/div>\n\n\n\n\n\n<div class=\"js-fade fadeInUp box-specialcontents pt80 pt20-sp mb75-sp animated\" data-wow-delay=\".2s\">\n\n                <div class=\"box-slider bg-white\">\n            <div class=\"grid-row js-slider-col3 lst-slider lst-specialcontents pl20 pr20 pl0-sp pr0-sp\">\n\n                        \n\n                                        <div class=\"grid-col--4 \" style=\"width: 100%; display: inline-block;\">\n                                            <div class=\"box-slider__inner\" tabindex=\"-1\">\n                                                <span class=\"box-slider__image\">\n                                                    <img decoding=\"async\" src=\"https:\/\/www.ngk-alloys.com\/wp-content\/uploads\/DSC_8890-450x300.jpg\" alt=\"\" class=\"fluid-image\">\n                                                <\/span>\n                                                <span class=\"box-slider__content js-mh-item\">\n                                                  <span class=\"box-slider__text\"><\/span>\n                                                <\/span>\n                                            <\/div>\n                                        <\/div>\n\n\n\n\n                                \n\n                                        <div class=\"grid-col--4 \" style=\"width: 100%; display: inline-block;\">\n                                            <div class=\"box-slider__inner\" tabindex=\"-1\">\n                                                <span class=\"box-slider__image\">\n                                                    <img decoding=\"async\" src=\"https:\/\/www.ngk-alloys.com\/wp-content\/uploads\/DSC_8852-450x300.jpg\" alt=\"\" class=\"fluid-image\">\n                                                <\/span>\n                                                <span class=\"box-slider__content js-mh-item\">\n                                                  <span class=\"box-slider__text\"><\/span>\n                                                <\/span>\n                                            <\/div>\n                                        <\/div>\n\n\n\n\n                                \n\n                                        <div class=\"grid-col--4 \" style=\"width: 100%; display: inline-block;\">\n                                            <div class=\"box-slider__inner\" tabindex=\"-1\">\n                                                <span class=\"box-slider__image\">\n                                                    <img decoding=\"async\" src=\"https:\/\/www.ngk-alloys.com\/wp-content\/uploads\/DSC_8937-450x300.jpg\" alt=\"\" class=\"fluid-image\">\n                                                <\/span>\n                                                <span class=\"box-slider__content js-mh-item\">\n                                                  <span class=\"box-slider__text\"><\/span>\n                                                <\/span>\n                                            <\/div>\n                                        <\/div>\n\n\n\n\n                                \n\n                                        <div class=\"grid-col--4 \" style=\"width: 100%; display: inline-block;\">\n                                            <div class=\"box-slider__inner\" tabindex=\"-1\">\n                                                <span class=\"box-slider__image\">\n                                                    <img decoding=\"async\" src=\"https:\/\/www.ngk-alloys.com\/wp-content\/uploads\/IMG_8903-450x300.jpg\" alt=\"\" class=\"fluid-image\">\n                                                <\/span>\n                                                <span class=\"box-slider__content js-mh-item\">\n                                                  <span class=\"box-slider__text\"><\/span>\n                                                <\/span>\n                                            <\/div>\n                                        <\/div>\n\n\n\n\n                                            <\/div>\n        <\/div>\n\n<\/div>","protected":false},"excerpt":{"rendered":"<p>Laboratoire d&rsquo;essais NGK BERYLCO France assure une assistance technique rapide et efficace pour tout probl\u00e8me ou d\u00e9veloppement. Nous disposons d\u2019un laboratoire de contr\u00f4le et d\u2019essais et sommes en mesure de r\u00e9aliser des analyses et des expertises afin de vous proposer des produits correspondant \u00e0 vos exigences. Nos Connaissances \u00e0 votre service<\/p>\n","protected":false},"author":1,"featured_media":0,"parent":418,"menu_order":0,"comment_status":"closed","ping_status":"closed","template":"","meta":{"_acf_changed":false,"advgb_blocks_editor_width":"","advgb_blocks_columns_visual_guide":"","footnotes":""},"class_list":["post-813","page","type-page","status-publish","hentry"],"acf":[],"coauthors":[],"author_meta":{"author_link":"https:\/\/www.ngk-alloys.com\/fr\/author\/admin_ngk\/","display_name":"NGK BERYLCO"},"relative_dates":{"created":"Publi\u00e9 1 an il y a","modified":"Mis \u00e0 jour 6 mois il y a"},"absolute_dates":{"created":"Publi\u00e9 le 7 janvier 2025","modified":"Mise \u00e0 jour le 10 novembre 2025"},"absolute_dates_time":{"created":"Publi\u00e9 le 7 janvier 2025 12h40","modified":"Mise \u00e0 jour le 10 novembre 2025 15h23"},"featured_img_caption":"","featured_img":false,"series_order":"","_links":{"self":[{"href":"https:\/\/www.ngk-alloys.com\/fr\/wp-json\/wp\/v2\/pages\/813","targetHints":{"allow":["GET"]}}],"collection":[{"href":"https:\/\/www.ngk-alloys.com\/fr\/wp-json\/wp\/v2\/pages"}],"about":[{"href":"https:\/\/www.ngk-alloys.com\/fr\/wp-json\/wp\/v2\/types\/page"}],"author":[{"embeddable":true,"href":"https:\/\/www.ngk-alloys.com\/fr\/wp-json\/wp\/v2\/users\/1"}],"replies":[{"embeddable":true,"href":"https:\/\/www.ngk-alloys.com\/fr\/wp-json\/wp\/v2\/comments?post=813"}],"version-history":[{"count":7,"href":"https:\/\/www.ngk-alloys.com\/fr\/wp-json\/wp\/v2\/pages\/813\/revisions"}],"predecessor-version":[{"id":4250,"href":"https:\/\/www.ngk-alloys.com\/fr\/wp-json\/wp\/v2\/pages\/813\/revisions\/4250"}],"up":[{"embeddable":true,"href":"https:\/\/www.ngk-alloys.com\/fr\/wp-json\/wp\/v2\/pages\/418"}],"wp:attachment":[{"href":"https:\/\/www.ngk-alloys.com\/fr\/wp-json\/wp\/v2\/media?parent=813"}],"curies":[{"name":"wp","href":"https:\/\/api.w.org\/{rel}","templated":true}]}}